{"id":7859,"date":"2024-11-03T19:20:35","date_gmt":"2024-11-03T19:20:35","guid":{"rendered":"https:\/\/tros.md\/?post_type=product&#038;p=7859"},"modified":"2025-12-09T09:31:08","modified_gmt":"2025-12-09T09:31:08","slug":"cablu-de-otel-zincat-conform-gost-14954-80","status":"publish","type":"product","link":"https:\/\/tros.md\/ru\/product\/cablu-de-otel-zincat-conform-gost-14954-80\/","title":{"rendered":"Cablu de o\u021bel 7&#215;19 din INOX"},"content":{"rendered":"<p>Cablu de o\u021bel 7&#215;19 din INOX este format din \u0219apte toroane \u0219i un miez metalic. Acesta se remarc\u0103 printr-o for\u021b\u0103 mare de rupere, o rezisten\u021b\u0103 ridicat\u0103 \u0219i un coeficient redus de deformare sub sarcin\u0103. Este utilizat \u00een mecanisme de ridicare \u0219i ma\u0219ini de transport, pe utilaje rutiere, macarale metalurgice, precum \u0219i pentru ridicarea \u00eenclinat\u01ce a \u00eenc\u0103rc\u0103turii \u00een mine.<\/p>\n<p>&nbsp;<\/p>\n<table border=\"1\" cellspacing=\"0\" cellpadding=\"0\">\n<tbody>\n<tr>\n<td rowspan=\"4\" width=\"121\">\n<p align=\"center\"><strong>\u0414\u0438\u0430\u043c\u0435\u0442\u0440 \u043a\u0430\u043d\u0430\u0442\u0430, \u043c\u043c<\/strong><\/p>\n<\/td>\n<td rowspan=\"4\" width=\"123\">\n<p align=\"center\"><strong>\u041e\u0440\u0438\u0435\u043d\u0442\u0438\u0440\u043e\u0432\u043e\u0447\u043d\u0430\u044f \u043c\u0430\u0441\u0441\u0430 1\u043c \u0441\u043c\u0430\u0437\u0430\u043d\u043d\u043e\u0433\u043e \u043a\u0430\u043d\u0430\u0442\u0430, \u043a\u0433<\/strong><\/p>\n<\/td>\n<td colspan=\"6\" width=\"294\">\n<p align=\"center\"><strong>\u041c\u0430\u0440\u043a\u0438\u0440\u043e\u0432\u043e\u0447\u043d\u0430\u044f \u0433\u0440\u0443\u043f\u043f\u0430, \u041d\/\u043c\u043c2<\/strong><\/p>\n<\/td>\n<\/tr>\n<tr>\n<td width=\"294\">1570<\/td>\n<td width=\"294\">1770<\/td>\n<td width=\"294\">1960<\/td>\n<td width=\"294\">1570<\/td>\n<td width=\"294\">1770<\/td>\n<td width=\"294\">1960<\/td>\n<\/tr>\n<tr>\n<td colspan=\"6\" width=\"294\">\n<p align=\"center\"><strong>\u0420\u0430\u0437\u0440\u044b\u0432\u043d\u043e\u0435 \u0443\u0441\u0438\u043b\u0438\u0435, \u043a\u041d, \u043d\u0435 \u043c\u0435\u043d\u0435\u0435<\/strong><\/p>\n<\/td>\n<\/tr>\n<tr>\n<td colspan=\"3\" width=\"147\">\n<p align=\"center\"><strong>\u0441\u0443\u043c\u043c\u0430\u0440\u043d\u043e\u0435 \u0432\u0441\u0435\u0445 \u043f\u0440\u043e\u0432\u043e\u043b\u043e\u043a \u0432 \u043a\u0430\u043d\u0430\u0442\u0435<\/strong><\/p>\n<\/td>\n<td colspan=\"3\" width=\"147\">\n<p align=\"center\"><strong>\u043a\u0430\u043d\u0430\u0442\u0430 \u0432 \u0446\u0435\u043b\u043e\u043c<\/strong><\/p>\n<\/td>\n<\/tr>\n<tr>\n<td width=\"121\">\n<p align=\"center\">7,5<\/p>\n<\/td>\n<td width=\"123\">\n<p align=\"center\">0,225<\/p>\n<\/td>\n<td width=\"147\">\n<p align=\"center\">39,7<\/p>\n<\/td>\n<td width=\"147\">44,7<\/td>\n<td width=\"147\">49,5<\/td>\n<td width=\"147\">\n<p align=\"center\">31,4<\/p>\n<\/td>\n<td width=\"147\">35,4<\/td>\n<td width=\"147\">39,2<\/td>\n<\/tr>\n<tr>\n<td width=\"121\">\n<p align=\"center\">8,0<\/p>\n<\/td>\n<td width=\"123\">\n<p align=\"center\">0,256<\/p>\n<\/td>\n<td width=\"147\">45,1<\/td>\n<td width=\"147\">50,9<\/td>\n<td width=\"147\">56,3<\/td>\n<td width=\"147\">\n<p align=\"center\">35,8<\/p>\n<\/td>\n<td width=\"147\">40,3<\/td>\n<td width=\"147\">44,7<\/td>\n<\/tr>\n<tr>\n<td width=\"121\">\n<p align=\"center\">8,5<\/p>\n<\/td>\n<td width=\"123\">\n<p align=\"center\">0,289<\/p>\n<\/td>\n<td width=\"147\">\n<p align=\"center\">50,9<\/p>\n<\/td>\n<td width=\"147\">57,4<\/td>\n<td width=\"147\">63,6<\/td>\n<td width=\"147\">\n<p align=\"center\">40,4<\/p>\n<\/td>\n<td width=\"147\">45,5<\/td>\n<td width=\"147\">50,4<\/td>\n<\/tr>\n<tr>\n<td width=\"121\">\n<p align=\"center\">8,8<\/p>\n<\/td>\n<td width=\"123\">\n<p align=\"center\">0,310<\/p>\n<\/td>\n<td width=\"147\">\n<p align=\"center\">54,6<\/p>\n<\/td>\n<td width=\"147\">61,5<\/td>\n<td width=\"147\">68,2<\/td>\n<td width=\"147\">\n<p align=\"center\">43,3<\/p>\n<\/td>\n<td width=\"147\">48,8<\/td>\n<td width=\"147\">54,0<\/td>\n<\/tr>\n<tr>\n<td width=\"121\">\n<p align=\"center\">9,0<\/p>\n<\/td>\n<td width=\"123\">\n<p align=\"center\">0,324<\/p>\n<\/td>\n<td width=\"147\">\n<p align=\"center\">57,1<\/p>\n<\/td>\n<td width=\"147\">64,4<\/td>\n<td width=\"147\">71,3<\/td>\n<td width=\"147\">\n<p align=\"center\">45,3<\/p>\n<\/td>\n<td width=\"147\">51,0<\/td>\n<td width=\"147\">56,5<\/td>\n<\/tr>\n<tr>\n<td width=\"121\">\n<p align=\"center\">9,5<\/p>\n<\/td>\n<td width=\"123\">\n<p align=\"center\">0,361<\/p>\n<\/td>\n<td width=\"147\">\n<p align=\"center\">63,6<\/p>\n<\/td>\n<td width=\"147\">71,7<\/td>\n<td width=\"147\">79,4<\/td>\n<td width=\"147\">\n<p align=\"center\">50,4<\/p>\n<\/td>\n<td width=\"147\">56,9<\/td>\n<td width=\"147\">63,0<\/td>\n<\/tr>\n<tr>\n<td width=\"121\">\n<p align=\"center\">9,7<\/p>\n<\/td>\n<td width=\"123\">\n<p align=\"center\">0,376<\/p>\n<\/td>\n<td width=\"147\">\n<p align=\"center\">66,3<\/p>\n<\/td>\n<td width=\"147\">74,8<\/td>\n<td width=\"147\">82,8<\/td>\n<td width=\"147\">\n<p align=\"center\">52,6<\/p>\n<\/td>\n<td width=\"147\">59,3<\/td>\n<td width=\"147\">65,7<\/td>\n<\/tr>\n<tr>\n<td width=\"121\">\n<p align=\"center\">10,0<\/p>\n<\/td>\n<td width=\"123\">\n<p align=\"center\">0,400<\/p>\n<\/td>\n<td width=\"147\">\n<p align=\"center\">70,5<\/p>\n<\/td>\n<td width=\"147\">79,5<\/td>\n<td width=\"147\">88,0<\/td>\n<td width=\"147\">\n<p align=\"center\">55,9<\/p>\n<\/td>\n<td width=\"147\">63,0<\/td>\n<td width=\"147\">69,8<\/td>\n<\/tr>\n<tr>\n<td width=\"121\">\n<p align=\"center\">10,5<\/p>\n<\/td>\n<td width=\"123\">\n<p align=\"center\">0,441<\/p>\n<\/td>\n<td width=\"147\">\n<p align=\"center\">77,7<\/p>\n<\/td>\n<td width=\"147\">87,6<\/td>\n<td width=\"147\">97,0<\/td>\n<td width=\"147\">\n<p align=\"center\">61,6<\/p>\n<\/td>\n<td width=\"147\">69,5<\/td>\n<td width=\"147\">76,9<\/td>\n<\/tr>\n<tr>\n<td width=\"121\">\n<p align=\"center\">11,0<\/p>\n<\/td>\n<td width=\"123\">\n<p align=\"center\">0,484<\/p>\n<\/td>\n<td width=\"147\">\n<p align=\"center\">85,3<\/p>\n<\/td>\n<td width=\"147\">96,2<\/td>\n<td width=\"147\">106<\/td>\n<td width=\"147\">\n<p align=\"center\">67,6<\/p>\n<\/td>\n<td width=\"147\">76,2<\/td>\n<td width=\"147\">84,4<\/td>\n<\/tr>\n<tr>\n<td width=\"121\">\n<p align=\"center\">11,5<\/p>\n<\/td>\n<td width=\"123\">\n<p align=\"center\">0,529<\/p>\n<\/td>\n<td width=\"147\">\n<p align=\"center\">93,2<\/p>\n<\/td>\n<td width=\"147\">105<\/td>\n<td width=\"147\">116<\/td>\n<td width=\"147\">\n<p align=\"center\">73,9<\/p>\n<\/td>\n<td width=\"147\">83,3<\/td>\n<td width=\"147\">92,3<\/td>\n<\/tr>\n<tr>\n<td width=\"121\">\n<p align=\"center\">12,0<\/p>\n<\/td>\n<td width=\"123\">\n<p align=\"center\">0,576<\/p>\n<\/td>\n<td width=\"147\">\n<p align=\"center\">102<\/p>\n<\/td>\n<td width=\"147\">114<\/td>\n<td width=\"147\">127<\/td>\n<td width=\"147\">\n<p align=\"center\">80,5<\/p>\n<\/td>\n<td width=\"147\">90,7<\/td>\n<td width=\"147\">100<\/td>\n<\/tr>\n<tr>\n<td width=\"121\">\n<p align=\"center\">12,5<\/p>\n<\/td>\n<td width=\"123\">\n<p align=\"center\">0,625<\/p>\n<\/td>\n<td width=\"147\">\n<p align=\"center\">110<\/p>\n<\/td>\n<td width=\"147\">124<\/td>\n<td width=\"147\">138<\/td>\n<td width=\"147\">\n<p align=\"center\">87,3<\/p>\n<\/td>\n<td width=\"147\">98,5<\/td>\n<td width=\"147\">109<\/td>\n<\/tr>\n<tr>\n<td width=\"121\">\n<p align=\"center\">13,0<\/p>\n<\/td>\n<td width=\"123\">\n<p align=\"center\">0,676<\/p>\n<\/td>\n<td width=\"147\">\n<p align=\"center\">119<\/p>\n<\/td>\n<td width=\"147\">134<\/td>\n<td width=\"147\">149<\/td>\n<td width=\"147\">\n<p align=\"center\">94,5<\/p>\n<\/td>\n<td width=\"147\">106<\/td>\n<td width=\"147\">118<\/td>\n<\/tr>\n<tr>\n<td width=\"121\">\n<p align=\"center\">13,5<\/p>\n<\/td>\n<td width=\"123\">\n<p align=\"center\">0,729<\/p>\n<\/td>\n<td width=\"147\">\n<p align=\"center\">128<\/p>\n<\/td>\n<td width=\"147\">145<\/td>\n<td width=\"147\">160<\/td>\n<td width=\"147\">\n<p align=\"center\">102<\/p>\n<\/td>\n<td width=\"147\">115<\/td>\n<td width=\"147\">127<\/td>\n<\/tr>\n<tr>\n<td width=\"121\">\n<p align=\"center\">14,0<\/p>\n<\/td>\n<td width=\"123\">\n<p align=\"center\">0,784<\/p>\n<\/td>\n<td width=\"147\">\n<p align=\"center\">138<\/p>\n<\/td>\n<td width=\"147\">156<\/td>\n<td width=\"147\">172<\/td>\n<td width=\"147\">\n<p align=\"center\">110<\/p>\n<\/td>\n<td width=\"147\">124<\/td>\n<td width=\"147\">137<\/td>\n<\/tr>\n<tr>\n<td width=\"121\">\n<p align=\"center\">14,5<\/p>\n<\/td>\n<td width=\"123\">0,841<\/td>\n<td width=\"147\">148<\/td>\n<td width=\"147\">167<\/td>\n<td width=\"147\">185<\/td>\n<td width=\"147\">118<\/td>\n<td width=\"147\">132<\/td>\n<td width=\"147\">147<\/td>\n<\/tr>\n<tr>\n<td width=\"121\">\n<p align=\"center\">15,0<\/p>\n<\/td>\n<td width=\"123\">0,900<\/td>\n<td width=\"147\">159<\/td>\n<td width=\"147\">179<\/td>\n<td width=\"147\">198<\/td>\n<td width=\"147\">126<\/td>\n<td width=\"147\">142<\/td>\n<td width=\"147\">157<\/td>\n<\/tr>\n<tr>\n<td width=\"121\">\n<p align=\"center\">15,5<\/p>\n<\/td>\n<td width=\"123\">0,961<\/td>\n<td width=\"147\">169<\/td>\n<td width=\"147\">191<\/td>\n<td width=\"147\">211<\/td>\n<td width=\"147\">134<\/td>\n<td width=\"147\">151<\/td>\n<td width=\"147\">168<\/td>\n<\/tr>\n<tr>\n<td width=\"121\">\n<p align=\"center\">16,0<\/p>\n<\/td>\n<td width=\"123\">1,02<\/td>\n<td width=\"147\">180<\/td>\n<td width=\"147\">203<\/td>\n<td width=\"147\">225<\/td>\n<td width=\"147\">143<\/td>\n<td width=\"147\">161<\/td>\n<td width=\"147\">179<\/td>\n<\/tr>\n<tr>\n<td width=\"121\">\n<p align=\"center\">16,5<\/p>\n<\/td>\n<td width=\"123\">1,09<\/td>\n<td width=\"147\">192<\/td>\n<td width=\"147\">216<\/td>\n<td width=\"147\">240<\/td>\n<td width=\"147\">152<\/td>\n<td width=\"147\">172<\/td>\n<td width=\"147\">190<\/td>\n<\/tr>\n<\/tbody>\n<\/table>\n<p>&nbsp;<\/p>","protected":false},"excerpt":{"rendered":"<p>\u041a\u0430\u043d\u0430\u0442 \u0441\u0442\u0430\u043b\u044c\u043d\u043e\u0439 \u0434\u0432\u043e\u0439\u043d\u043e\u0439 \u0441\u0432\u0438\u0432\u043a\u0438 \u0442\u0438\u043f\u0430 \u041b\u041a-\u0420.<br \/>\n<strong>\u041a\u043e\u043d\u0441\u0442\u0440\u0443\u043a\u0446\u0438\u044f:<\/strong> 7&#215;19(1-6-6+6)-IWRC, (7x19W-IWRC).<br \/>\n<strong>\u041f\u043e\u043a\u0440\u044b\u0442\u0438\u0435:<\/strong> INOX.<br \/>\n<strong>\u0421\u0435\u0440\u0434\u0435\u0447\u043d\u0438\u043a:<\/strong> \u043c\u0435\u0442\u0430\u043b\u0438\u0447\u0435\u0441\u043a\u0438\u0439.<br \/>\n<strong>\u0421\u0435\u0440\u0442\u0438\u0444\u0438\u043a\u0430\u0446\u0438\u044f :<\/strong> \u0421\u043e\u043f\u0440\u043e\u0432\u043e\u0436\u0434\u0430\u0435\u0442\u0441\u044f \u0441\u0435\u0440\u0442\u0438\u0444\u0438\u043a\u0430\u0442\u043e\u043c \u043a\u0430\u0447\u0435\u0441\u0442\u0432\u0430.<\/p>","protected":false},"featured_media":7860,"comment_status":"open","ping_status":"closed","template":"","meta":[],"product_brand":[],"product_cat":[122],"product_tag":[],"class_list":{"0":"post-7859","1":"product","2":"type-product","3":"status-publish","4":"has-post-thumbnail","6":"product_cat-cablu-galvanizat-si-din-inox","8":"first","9":"instock","10":"shipping-taxable","11":"purchasable","12":"product-type-variable"},"_links":{"self":[{"href":"https:\/\/tros.md\/ru\/wp-json\/wp\/v2\/product\/7859","targetHints":{"allow":["GET"]}}],"collection":[{"href":"https:\/\/tros.md\/ru\/wp-json\/wp\/v2\/product"}],"about":[{"href":"https:\/\/tros.md\/ru\/wp-json\/wp\/v2\/types\/product"}],"replies":[{"embeddable":true,"href":"https:\/\/tros.md\/ru\/wp-json\/wp\/v2\/comments?post=7859"}],"wp:featuredmedia":[{"embeddable":true,"href":"https:\/\/tros.md\/ru\/wp-json\/wp\/v2\/media\/7860"}],"wp:attachment":[{"href":"https:\/\/tros.md\/ru\/wp-json\/wp\/v2\/media?parent=7859"}],"wp:term":[{"taxonomy":"product_brand","embeddable":true,"href":"https:\/\/tros.md\/ru\/wp-json\/wp\/v2\/product_brand?post=7859"},{"taxonomy":"product_cat","embeddable":true,"href":"https:\/\/tros.md\/ru\/wp-json\/wp\/v2\/product_cat?post=7859"},{"taxonomy":"product_tag","embeddable":true,"href":"https:\/\/tros.md\/ru\/wp-json\/wp\/v2\/product_tag?post=7859"}],"curies":[{"name":"wp","href":"https:\/\/api.w.org\/{rel}","templated":true}]}}