{"id":7233,"date":"2024-09-25T11:08:35","date_gmt":"2024-09-25T11:08:35","guid":{"rendered":"https:\/\/tros.md\/?post_type=product&#038;p=7233"},"modified":"2025-12-09T09:48:40","modified_gmt":"2025-12-09T09:48:40","slug":"cablu-de-otel-din-3060-in-manta-din-pvc","status":"publish","type":"product","link":"https:\/\/tros.md\/ru\/product\/cablu-de-otel-din-3060-in-manta-din-pvc\/","title":{"rendered":"Cablu de otel DIN 3060 cu invelis din PVC"},"content":{"rendered":"<p>\u0421\u0442\u0430\u043b\u044c\u043d\u043e\u0439 \u043e\u0446\u0438\u043d\u043a\u043e\u0432\u0430\u043d\u043d\u044b\u0439 \u043a\u0430\u043d\u0430\u0442 (\u0442\u0440\u043e\u0441) \u043f\u043e DIN 3060 \u0432 \u041f\u0412\u0425 \u043e\u043f\u043b\u0435\u0442\u043a\u0435 \u0441\u043e\u0441\u0442\u043e\u0438\u0442 \u0438\u0437 \u0448\u0435\u0441\u0442\u0438 \u043f\u0440\u044f\u0434\u0435\u0439 \u0438 \u043e\u0440\u0433\u0430\u043d\u0438\u0447\u0435\u0441\u043a\u043e\u0433\u043e \u0441\u0435\u0440\u0434\u0435\u0447\u043d\u0438\u043a\u0430, \u0441\u0432\u0435\u0440\u0445\u0443 \u043a\u0430\u043d\u0430\u0442 \u043f\u043e\u043a\u0440\u044b\u0442 \u0441\u043b\u043e\u0435\u043c \u043f\u043e\u043b\u0438\u0432\u0438\u043d\u0438\u043b\u0445\u043b\u043e\u0440\u0438\u0434\u0430 (\u041f\u0412\u0425). \u041f\u043e\u043b\u0438\u043c\u0435\u0440\u043d\u043e\u0435 \u043f\u043e\u043a\u0440\u044b\u0442\u0438\u0435 \u0437\u043d\u0430\u0447\u0438\u0442\u0435\u043b\u044c\u043d\u043e \u0443\u0432\u0435\u043b\u0438\u0447\u0438\u0432\u0430\u0435\u0442 \u0441\u0440\u043e\u043a \u0441\u043b\u0443\u0436\u0431\u044b \u043a\u0430\u043d\u0430\u0442\u0430, \u043f\u0440\u0435\u0434\u043e\u0442\u0432\u0440\u0430\u0449\u0430\u0435\u0442 \u0432\u0440\u0435\u0434\u043d\u043e\u0435 \u0432\u043e\u0437\u0434\u0435\u0439\u0441\u0442\u0432\u0438\u0435 \u043e\u043a\u0440\u0443\u0436\u0430\u044e\u0449\u0435\u0439 \u0441\u0440\u0435\u0434\u044b \u0438 \u0441\u043e\u043b\u043d\u0435\u0447\u043d\u043e\u0433\u043e \u0441\u0432\u0435\u0442\u0430.  \u041e\u0441\u043d\u043e\u0432\u043d\u0430\u044f \u0441\u0444\u0435\u0440\u0430 \u043f\u0440\u0438\u043c\u0435\u043d\u0435\u043d\u0438\u044f \u043a\u0430\u043d\u0430\u0442\u0430 \u0441 \u043f\u043e\u043b\u0438\u043c\u0435\u0440\u043d\u044b\u043c \u043f\u043e\u043a\u0440\u044b\u0442\u0438\u0435\u043c \u2013 \u044d\u0442\u043e \u043c\u043e\u043d\u0442\u0430\u0436\u043d\u044b\u0435 \u0440\u0430\u0431\u043e\u0442\u044b, \u043f\u043e\u0434\u0432\u0435\u0441\u043a\u0430 \u043a\u0430\u0431\u0435\u043b\u0435\u0439 \u0438 \u0434\u043e\u0440\u043e\u0436\u043d\u044b\u0445 \u0437\u043d\u0430\u043a\u043e\u0432, \u0440\u0430\u0441\u0442\u044f\u0436\u043a\u0438 \u043c\u0430\u0447\u0442, \u0437\u0430\u043a\u0440\u0435\u043f\u043b\u0435\u043d\u0438\u0435 \u0433\u0440\u0443\u0437\u0430 \u0438\u043b\u0438 \u043a\u043e\u043d\u0441\u0442\u0440\u0443\u043a\u0446\u0438\u0439, \u0442\u0430\u043a\u0435\u043b\u0430\u0436\u043d\u044b\u0435 \u0440\u0430\u0431\u043e\u0442\u044b, \u0432 \u043a\u0430\u0447\u0435\u0441\u0442\u0432\u0435 TIR \u0442\u0440\u043e\u0441\u0430. \u041a\u0430\u043d\u0430\u0442 \u043f\u043e DIN 3060 \u0432 \u041f\u0412\u0425 \u043e\u0431\u043e\u043b\u043e\u0447\u043a\u0435 \u043e\u0431\u043b\u0430\u0434\u0430\u0435\u0442 \u0432\u044b\u0441\u043e\u043a\u043e\u0439 \u043f\u0440\u043e\u0447\u043d\u043e\u0441\u0442\u044c\u044e \u043d\u0430 \u0440\u0430\u0437\u0440\u044b\u0432, \u0445\u043e\u0440\u043e\u0448\u0435\u0439 \u0433\u0438\u0431\u043a\u043e\u0441\u0442\u044c\u044e \u0438 \u043c\u0430\u043b\u044b\u043c \u043a\u043e\u044d\u0444\u0444\u0438\u0446\u0438\u0435\u043d\u0442\u043e\u043c \u0440\u0430\u0441\u0442\u044f\u0436\u0435\u043d\u0438\u044f. \u0421\u0440\u043e\u043a \u0441\u043b\u0443\u0436\u0431\u044b \u043a\u0430\u043d\u0430\u0442\u0430 \u043f\u0440\u0438 \u0443\u0441\u043b\u043e\u0432\u0438\u0438 \u043e\u0442\u0441\u0443\u0442\u0441\u0442\u0432\u0438\u044f \u043c\u0435\u0445\u0430\u043d\u0438\u0447\u0435\u0441\u043a\u0438\u0445 \u043f\u043e\u0432\u0440\u0435\u0436\u0434\u0435\u043d\u0438\u0439 \u2013 \u0434\u043e 20 \u043b\u0435\u0442.<\/p>\n<table border=\"1\" cellspacing=\"0\" cellpadding=\"0\">\n<tbody>\n<tr>\n<td width=\"177\">\n<p align=\"center\"><strong>\u0414\u0438\u0430\u043c\u0435\u0442\u0440 \u043a\u0430\u043d\u0430\u0442\u0430, \u043c\u043c<\/strong><\/p>\n<\/td>\n<td width=\"170\">\n<p align=\"center\"><strong>\u041c\u0430\u0441\u0441\u0430 1\u043c \u043a\u0430\u043d\u0430\u0442\u0430, \u043a\u0433<\/strong><\/p>\n<\/td>\n<td width=\"208\">\n<p align=\"center\"><strong>\u0420\u0430\u0437\u0440\u044b\u0432\u043d\u043e\u0435 \u0443\u0441\u0438\u043b\u0438\u0435, \u043d\u0435 \u043c\u0435\u043d\u0435\u0435, \u041d<\/strong><\/p>\n<\/td>\n<\/tr>\n<tr>\n<td width=\"177\">\n<p align=\"center\">10,0<\/p>\n<\/td>\n<td width=\"170\">\n<p align=\"center\">0,346<\/p>\n<\/td>\n<td width=\"208\">\n<p align=\"center\">37600<\/p>\n<\/td>\n<\/tr>\n<tr>\n<td width=\"177\">\n<p align=\"center\">12,0<\/p>\n<\/td>\n<td width=\"170\">\n<p align=\"center\">0,498<\/p>\n<\/td>\n<td width=\"208\">\n<p align=\"center\">&#8211;<\/p>\n<\/td>\n<\/tr>\n<\/tbody>\n<\/table>","protected":false},"excerpt":{"rendered":"<p>Cablu de otel DIN 3060 cu invelis din PVC<br \/>\nCablu din o\u021bel cu dubl\u0103 \u00eentindere tip TK \u00een manta din PVC.<br \/>\n\u041a\u043e\u043d\u0441\u0442\u0440\u0443\u043a\u0446\u0438\u044f: 6\u044519 (1+6+12)+1\u043e.\u0441., 6x19M-FC<br \/>\n\u041f\u043e\u043a\u0440\u044b\u0442\u0438\u0435: \u043e\u0446\u0438\u043d\u043a\u043e\u0432\u0430\u043d\u043d\u044b\u0439, \u041f\u0412\u0425.<br \/>\n\u0421\u0435\u0440\u0434\u0435\u0447\u043d\u0438\u043a: \u043e\u0440\u0433\u0430\u043d\u0438\u0447\u0435\u0441\u043a\u0438\u0439, \u043c\u044f\u0433\u043a\u0438\u0439.<br \/>\n\u0421\u0442\u0430\u043d\u0434\u0430\u0440\u0442: DIN 3060 (FE).<br \/>\n\u0421\u043e\u043f\u0440\u043e\u0432\u043e\u0436\u0434\u0430\u0435\u0442\u0441\u044f \u0441\u0435\u0440\u0442\u0438\u0444\u0438\u043a\u0430\u0442\u043e\u043c \u043a\u0430\u0447\u0435\u0441\u0442\u0432\u0430.<\/p>","protected":false},"featured_media":7234,"comment_status":"open","ping_status":"closed","template":"","meta":[],"product_brand":[],"product_cat":[123],"product_tag":[],"class_list":{"0":"post-7233","1":"product","2":"type-product","3":"status-publish","4":"has-post-thumbnail","6":"product_cat-cablu-cu-invelis-din-pvc","8":"first","9":"instock","10":"shipping-taxable","11":"product-type-simple"},"_links":{"self":[{"href":"https:\/\/tros.md\/ru\/wp-json\/wp\/v2\/product\/7233","targetHints":{"allow":["GET"]}}],"collection":[{"href":"https:\/\/tros.md\/ru\/wp-json\/wp\/v2\/product"}],"about":[{"href":"https:\/\/tros.md\/ru\/wp-json\/wp\/v2\/types\/product"}],"replies":[{"embeddable":true,"href":"https:\/\/tros.md\/ru\/wp-json\/wp\/v2\/comments?post=7233"}],"wp:featuredmedia":[{"embeddable":true,"href":"https:\/\/tros.md\/ru\/wp-json\/wp\/v2\/media\/7234"}],"wp:attachment":[{"href":"https:\/\/tros.md\/ru\/wp-json\/wp\/v2\/media?parent=7233"}],"wp:term":[{"taxonomy":"product_brand","embeddable":true,"href":"https:\/\/tros.md\/ru\/wp-json\/wp\/v2\/product_brand?post=7233"},{"taxonomy":"product_cat","embeddable":true,"href":"https:\/\/tros.md\/ru\/wp-json\/wp\/v2\/product_cat?post=7233"},{"taxonomy":"product_tag","embeddable":true,"href":"https:\/\/tros.md\/ru\/wp-json\/wp\/v2\/product_tag?post=7233"}],"curies":[{"name":"wp","href":"https:\/\/api.w.org\/{rel}","templated":true}]}}