{"id":6971,"date":"2024-09-25T11:05:18","date_gmt":"2024-09-25T11:05:18","guid":{"rendered":"https:\/\/tros.md\/?post_type=product&#038;p=6971"},"modified":"2025-12-09T15:15:02","modified_gmt":"2025-12-09T15:15:02","slug":"palan-manual-cu-lant-dintat-poltek","status":"publish","type":"product","link":"https:\/\/tros.md\/ru\/product\/palan-manual-cu-lant-dintat-poltek\/","title":{"rendered":"Palan manual cu lan\u021b din\u021bat"},"content":{"rendered":"<p>Palanul manual cu lan\u021b din\u021bat este un echipament de ridicare cu un nivel excep\u021bional de fiabilitate \u0219i performan\u021be excelente. Produc\u0103torul se preocup\u0103 de calitatea produselor sale, demonstrat\u0103 de-a lungul anilor de utilizare.<\/p>\n<h3>Universalitatea palanelor manuale cu lan\u021b din\u021bat<\/h3>\n<p>\u0420\u0443\u0447\u043d\u0430\u044f \u0448\u0435\u0441\u0442\u0435\u0440\u0435\u043d\u043d\u0430\u044f \u0442\u0430\u043b\u044c \u043f\u043e\u0434\u0445\u043e\u0434\u0438\u0442 \u0434\u043b\u044f \u043f\u043e\u0434\u044a\u0435\u043c\u0430 \u0438 \u0433\u043e\u0440\u0438\u0437\u043e\u043d\u0442\u0430\u043b\u044c\u043d\u043e\u0433\u043e \u043f\u0435\u0440\u0435\u043c\u0435\u0449\u0435\u043d\u0438\u044f (\u043f\u0440\u0438 \u043c\u043e\u0431\u0438\u043b\u044c\u043d\u043e\u043c \u043a\u0440\u0435\u043f\u043b\u0435\u043d\u0438\u0438 \u043d\u0430 \u0442\u0435\u043b\u0435\u0436\u043a\u0435) \u0440\u0430\u0437\u043d\u043e\u0433\u043e \u0442\u0438\u043f\u0430 \u0433\u0440\u0443\u0437\u043e\u0432. \u041e\u0431\u043e\u0440\u0443\u0434\u043e\u0432\u0430\u043d\u0438\u0435 \u0438\u0441\u043f\u0440\u0430\u0432\u043d\u043e \u0432\u044b\u043f\u043e\u043b\u043d\u044f\u0435\u0442 \u0441\u0432\u043e\u0438 \u0444\u0443\u043d\u043a\u0446\u0438\u0438 \u043d\u0430 \u0441\u0442\u0440\u043e\u0438\u0442\u0435\u043b\u044c\u043d\u044b\u0445 \u0438 \u043c\u043e\u043d\u0442\u0430\u0436\u043d\u044b\u0445 \u043f\u043b\u043e\u0449\u0430\u0434\u043a\u0430\u0445, \u0441\u043a\u043b\u0430\u0434\u0430\u0445, \u043c\u0430\u043b\u044b\u0445 \u0438 \u043a\u0440\u0443\u043f\u043d\u044b\u0445 \u043f\u0440\u0435\u0434\u043f\u0440\u0438\u044f\u0442\u0438\u044f\u0445, \u0432 \u043c\u0430\u0441\u0442\u0435\u0440\u0441\u043a\u0438\u0445 \u0421\u0422\u041e, \u0447\u0430\u0441\u0442\u043d\u044b\u0445 \u0434\u043e\u043c\u043e\u0432\u043b\u0430\u0434\u0435\u043d\u0438\u044f\u0445 \u0438 \u0442. \u0434.<\/p>\n<h3>Avantajele palanului manual cu lan\u021b<\/h3>\n<p>Palanul manual\u00a0 a fost testat \u00een condi\u021bii reale de utilizare de-a lungul anilor. Construc\u021bia sa fiabil\u0103 permite ridicarea \u00een siguran\u021b\u0103 a \u00eenc\u0103rc\u0103turilor grele. Ridicarea \u0219i cobor\u00e2rea sunt controlate de un lan\u021b de ac\u021bionare auxiliar.<\/p>\n<h4>\u041f\u0440\u0435\u0438\u043c\u0443\u0449\u0435\u0441\u0442\u0432\u0430:<\/h4>\n<ul>\n<li>\u043d\u0435\u0431\u043e\u043b\u044c\u0448\u0438\u0435 \u0440\u0430\u0437\u043c\u0435\u0440\u044b \u0438 \u0432\u0435\u0441;<\/li>\n<li>\u043d\u0430\u043b\u0438\u0447\u0438\u0435 \u043f\u0440\u0438\u0432\u043e\u0434\u043d\u043e\u0439 \u0446\u0435\u043f\u0438 \u0432 \u043a\u043e\u043c\u043f\u043b\u0435\u043a\u0442\u0435;<\/li>\n<li>\u0432\u043e\u0437\u043c\u043e\u0436\u043d\u043e\u0441\u0442\u044c \u043a\u0443\u043f\u0438\u0442\u044c \u043e\u0431\u043e\u0440\u0443\u0434\u043e\u0432\u0430\u043d\u0438\u0435 \u043f\u043e \u0434\u043e\u0441\u0442\u0443\u043f\u043d\u043e\u0439 \u0446\u0435\u043d\u0435;<\/li>\n<li>8-\u0439 \u043a\u043b\u0430\u0441\u0441 \u043f\u0440\u043e\u0447\u043d\u043e\u0441\u0442\u0438 \u0438 \u0437\u0430\u0449\u0438\u0442\u043d\u043e\u0435 \u043f\u043e\u043a\u0440\u044b\u0442\u0438\u0435 \u0433\u0440\u0443\u0437\u043e\u0432\u043e\u0439 \u0446\u0435\u043f\u0438;<\/li>\n<li>\u043d\u0430\u0434\u0435\u0436\u043d\u0430\u044f \u0442\u043e\u0440\u043c\u043e\u0437\u043d\u0430\u044f \u0441\u0438\u0441\u0442\u0435\u043c\u0430 \u0441 \u0444\u0443\u043d\u043a\u0446\u0438\u0435\u0439 \u0434\u0432\u043e\u0439\u043d\u043e\u0439 \u0431\u043b\u043e\u043a\u0438\u0440\u043e\u0432\u043a\u0438.<\/li>\n<\/ul>\n<h3>Specifica\u021biile tehnice ale palanului manual<\/h3>\n<p>Palanele au capacit\u0103\u021bi de ridicare variabile: 0,5 t, 1 t, 2 t, 3 t, 5 t, 10 t \u0219i 20 t. \u00cen\u0103l\u021bimea standard de ridicare este de 3 m, 6 m sau 12 m (cu posibilitatea extinderii la cerere). Construc\u021bia \u00eent\u0103rit\u0103 Heavy Duty ofer\u0103 o fiabilitate \u0219i o durabilitate superioare, datorit\u0103 materialelor de \u00eenalt\u0103 rezisten\u021b\u0103 utilizate.<\/p>\n<p>\u041d\u0430\u0448\u0430 \u043a\u043e\u043c\u043f\u0430\u043d\u0438\u044f \u043f\u0440\u0435\u0434\u043b\u0430\u0433\u0430\u0435\u0442 \u0442\u043e\u043b\u044c\u043a\u043e \u0432\u044b\u0441\u043e\u043a\u043e\u043a\u0430\u0447\u0435\u0441\u0442\u0432\u0435\u043d\u043d\u044b\u0435 \u0446\u0435\u043f\u043d\u044b\u0435 \u0442\u0430\u043b\u0438, \u043f\u0440\u043e\u0432\u0435\u0440\u0435\u043d\u043d\u044b\u0435 \u0432 \u0440\u0435\u0430\u043b\u044c\u043d\u044b\u0445 \u0443\u0441\u043b\u043e\u0432\u0438\u044f\u0445 \u0440\u0430\u0431\u043e\u0442\u044b. \u041a\u0430\u0436\u0434\u0430\u044f \u0442\u0430\u043b\u044c \u043f\u0440\u0438 \u043f\u0440\u043e\u0434\u0430\u0436\u0435 \u043f\u0440\u043e\u0445\u043e\u0434\u0438\u0442 \u043f\u0440\u043e\u0432\u0435\u0440\u043a\u0443, \u043a\u043e\u043c\u043f\u043b\u0435\u043a\u0442\u0443\u0435\u0442\u0441\u044f \u043f\u0430\u0441\u043f\u043e\u0440\u0442\u043e\u043c \u0438 \u0438\u043d\u0441\u0442\u0440\u0443\u043a\u0446\u0438\u0435\u0439 \u043f\u043e \u044d\u043a\u0441\u043f\u043b\u0443\u0430\u0442\u0430\u0446\u0438\u0438.<\/p>\n<p>\u0423 \u043d\u0430\u0441 \u0412\u044b \u0442\u0430\u043a\u0436\u0435 \u0438\u043c\u0435\u0435\u0442\u0435 \u0432\u043e\u0437\u043c\u043e\u0436\u043d\u043e\u0441\u0442\u044c \u043f\u0440\u0438\u043e\u0431\u0440\u0435\u0441\u0442\u0438 \u0437\u0430\u0445\u0432\u0430\u0442\u044b-\u0441\u0442\u0440\u0443\u0431\u0446\u0438\u043d\u044b \u0438 \u043f\u0435\u0440\u0435\u0434\u0432\u0438\u0436\u043d\u044b\u0435 \u0442\u0435\u043b\u0435\u0436\u043a\u0438 (\u043a\u043e\u0448\u043a\u0438) \u043a \u0442\u0430\u043b\u044f\u043c.<\/p>\n<p>&nbsp;<\/p>\n<table border=\"1\" cellspacing=\"0\" cellpadding=\"0\">\n<tbody>\n<tr>\n<td width=\"21%\">\n<p align=\"center\"><strong>\u0413\u0440\u0443\u0437\u043e\u043f\u043e\u0434\u044a\u0435\u043c\u043d\u043e\u0441\u0442\u044c,<\/strong><\/p>\n<p align=\"center\"><strong>\u0442\u043d<\/strong><\/p>\n<\/td>\n<td width=\"11%\">\n<p align=\"center\"><strong>\u0412\u044b\u0441\u043e\u0442\u0430 \u043f\u043e\u0434\u044a\u0435\u043c\u0430, \u0441\u0442\u0430\u043d\u0434\u0430\u0440\u0442<\/strong><\/p>\n<\/td>\n<td width=\"7%\">\n<p align=\"center\"><strong>\u00d8<\/strong><\/p>\n<p align=\"center\"><strong>\u0446\u0435\u043f\u0438, \u043c\u043c<\/strong><\/p>\n<\/td>\n<td width=\"7%\">\n<p align=\"center\"><strong>\u041a\u043e\u043b-\u0432\u043e \u0432\u0435\u0442\u0432\u0435\u0439, \u0448\u0442<\/strong><\/p>\n<\/td>\n<td width=\"5%\">\n<p align=\"center\"><strong>A, \u043c\u043c<\/strong><\/p>\n<\/td>\n<td width=\"5%\">\n<p align=\"center\"><strong>B, \u043c\u043c<\/strong><\/p>\n<\/td>\n<td width=\"5%\">\n<p align=\"center\"><strong>C, \u043c\u043c<\/strong><\/p>\n<\/td>\n<td width=\"10%\">\n<p align=\"center\"><strong>\u0422\u044f\u0433\u043e\u0432\u043e\u0435 \u0443\u0441\u0438\u043b\u0438\u0435, \u041d<\/strong><\/p>\n<\/td>\n<td width=\"15%\">\n<p align=\"center\"><strong>\u041c\u0430\u0441\u0441\u0430, \u043a\u0433<\/strong><\/p>\n<p align=\"center\"><strong>(\u043f\u0440\u0438 \u0432\u044b\u0441\u043e\u0442\u0435<\/strong><\/p>\n<p align=\"center\"><strong>\u043f\u043e\u0434\u044a\u0435\u043c\u0430 3\u043c)<\/strong><\/p>\n<\/td>\n<td width=\"5%\">\n<p align=\"center\"><strong>\u043c\u0430\u0441\u0441\u0430 \u0434\u043e\u043f.<\/strong><\/p>\n<p align=\"center\"><strong>\u043c\u0435\u0442\u0440\u0430,<\/strong><\/p>\n<p align=\"center\"><strong>\u043a\u0433<\/strong><\/p>\n<\/td>\n<\/tr>\n<tr>\n<td width=\"21%\">\n<p align=\"center\"><strong>0,5<\/strong><\/p>\n<\/td>\n<td rowspan=\"7\" width=\"11%\">\n<p align=\"center\"><strong>3\u043c, 6\u043c, 12\u043c<\/strong><\/p>\n<\/td>\n<td width=\"7%\">\n<p align=\"center\"><strong>5<\/strong><\/p>\n<\/td>\n<td width=\"7%\">\n<p align=\"center\"><strong>1<\/strong><\/p>\n<\/td>\n<td width=\"5%\">\n<p align=\"center\"><strong>131<\/strong><\/p>\n<\/td>\n<td width=\"5%\">\n<p align=\"center\"><strong>127<\/strong><\/p>\n<\/td>\n<td width=\"5%\">\n<p align=\"center\"><strong>270<\/strong><\/p>\n<\/td>\n<td width=\"10%\">\n<p align=\"center\"><strong>231<\/strong><\/p>\n<\/td>\n<td width=\"15%\">\n<p align=\"center\"><strong>10<\/strong><\/p>\n<\/td>\n<td width=\"5%\">\n<p align=\"center\"><strong>1,6<\/strong><\/p>\n<\/td>\n<\/tr>\n<tr>\n<td width=\"21%\">\n<p align=\"center\"><strong>1,0<\/strong><\/p>\n<\/td>\n<td width=\"7%\">\n<p align=\"center\"><strong>6<\/strong><\/p>\n<\/td>\n<td width=\"7%\">\n<p align=\"center\"><strong>1<\/strong><\/p>\n<\/td>\n<td width=\"5%\">\n<p align=\"center\"><strong>140<\/strong><\/p>\n<\/td>\n<td width=\"5%\">\n<p align=\"center\"><strong>158<\/strong><\/p>\n<\/td>\n<td width=\"5%\">\n<p align=\"center\"><strong>317<\/strong><\/p>\n<\/td>\n<td width=\"10%\">\n<p align=\"center\"><strong>309<\/strong><\/p>\n<\/td>\n<td width=\"15%\">\n<p align=\"center\"><strong>12<\/strong><\/p>\n<\/td>\n<td width=\"5%\">\n<p align=\"center\"><strong>1,7<\/strong><\/p>\n<\/td>\n<\/tr>\n<tr>\n<td width=\"21%\">\n<p align=\"center\"><strong>2,0<\/strong><\/p>\n<\/td>\n<td width=\"7%\">\n<p align=\"center\"><strong>8<\/strong><\/p>\n<\/td>\n<td width=\"7%\">\n<p align=\"center\"><strong>1<\/strong><\/p>\n<\/td>\n<td width=\"5%\">\n<p align=\"center\"><strong>161<\/strong><\/p>\n<\/td>\n<td width=\"5%\">\n<p align=\"center\"><strong>187<\/strong><\/p>\n<\/td>\n<td width=\"5%\">\n<p align=\"center\"><strong>414<\/strong><\/p>\n<\/td>\n<td width=\"10%\">\n<p align=\"center\"><strong>360<\/strong><\/p>\n<\/td>\n<td width=\"15%\">\n<p align=\"center\"><strong>20<\/strong><\/p>\n<\/td>\n<td width=\"5%\">\n<p align=\"center\"><strong>2,3<\/strong><\/p>\n<\/td>\n<\/tr>\n<tr>\n<td width=\"21%\">\n<p align=\"center\"><strong>3,0<\/strong><\/p>\n<\/td>\n<td width=\"7%\">\n<p align=\"center\"><strong>7<\/strong><\/p>\n<\/td>\n<td width=\"7%\">\n<p align=\"center\"><strong>2<\/strong><\/p>\n<\/td>\n<td width=\"5%\">\n<p align=\"center\"><strong>161<\/strong><\/p>\n<\/td>\n<td width=\"5%\">\n<p align=\"center\"><strong>199<\/strong><\/p>\n<\/td>\n<td width=\"5%\">\n<p align=\"center\"><strong>465<\/strong><\/p>\n<\/td>\n<td width=\"10%\">\n<p align=\"center\"><strong>340<\/strong><\/p>\n<\/td>\n<td width=\"15%\">\n<p align=\"center\"><strong>27<\/strong><\/p>\n<\/td>\n<td width=\"5%\">\n<p align=\"center\"><strong>3,1<\/strong><\/p>\n<\/td>\n<\/tr>\n<tr>\n<td width=\"21%\">\n<p align=\"center\"><strong>5,0<\/strong><\/p>\n<\/td>\n<td width=\"7%\">\n<p align=\"center\"><strong>10<\/strong><\/p>\n<\/td>\n<td width=\"7%\">\n<p align=\"center\"><strong>2<\/strong><\/p>\n<\/td>\n<td width=\"5%\">\n<p align=\"center\"><strong>186<\/strong><\/p>\n<\/td>\n<td width=\"5%\">\n<p align=\"center\"><strong>253<\/strong><\/p>\n<\/td>\n<td width=\"5%\">\n<p align=\"center\"><strong>636<\/strong><\/p>\n<\/td>\n<td width=\"10%\">\n<p align=\"center\"><strong>414<\/strong><\/p>\n<\/td>\n<td width=\"15%\">\n<p align=\"center\"><strong>45,5<\/strong><\/p>\n<\/td>\n<td width=\"5%\">\n<p align=\"center\"><strong>5,3<\/strong><\/p>\n<\/td>\n<\/tr>\n<tr>\n<td width=\"21%\">\n<p align=\"center\"><strong>10,0<\/strong><\/p>\n<\/td>\n<td width=\"7%\">\n<p align=\"center\"><strong>10<\/strong><\/p>\n<\/td>\n<td width=\"7%\">\n<p align=\"center\"><strong>4<\/strong><\/p>\n<\/td>\n<td width=\"5%\">\n<p align=\"center\"><strong>207<\/strong><\/p>\n<\/td>\n<td width=\"5%\">\n<p align=\"center\"><strong>398<\/strong><\/p>\n<\/td>\n<td width=\"5%\">\n<p align=\"center\"><strong>798<\/strong><\/p>\n<\/td>\n<td width=\"10%\">\n<p align=\"center\"><strong>414<\/strong><\/p>\n<\/td>\n<td width=\"15%\">\n<p align=\"center\"><strong>83<\/strong><\/p>\n<\/td>\n<td width=\"5%\">\n<p align=\"center\"><strong>9,7<\/strong><\/p>\n<\/td>\n<\/tr>\n<tr>\n<td width=\"21%\">\n<p align=\"center\"><strong>2<\/strong><strong>0,0<\/strong><\/p>\n<\/td>\n<td width=\"7%\">\n<p align=\"center\"><strong>10<\/strong><\/p>\n<\/td>\n<td width=\"7%\">\n<p align=\"center\"><strong>8<\/strong><\/p>\n<\/td>\n<td width=\"5%\">\n<p align=\"center\"><strong>215<\/strong><\/p>\n<\/td>\n<td width=\"5%\">\n<p align=\"center\"><strong>650<\/strong><\/p>\n<\/td>\n<td width=\"5%\">\n<p align=\"center\"><strong>890<\/strong><\/p>\n<\/td>\n<td width=\"10%\">\n<p align=\"center\"><strong>414<\/strong><strong>x2<\/strong><\/p>\n<\/td>\n<td width=\"15%\">\n<p align=\"center\"><strong>193<\/strong><\/p>\n<\/td>\n<td width=\"5%\">\n<p align=\"center\"><strong>19.4<\/strong><\/p>\n<\/td>\n<\/tr>\n<\/tbody>\n<\/table>","protected":false},"excerpt":{"rendered":"<p>\u0422\u0430\u043b\u044c \u0440\u0443\u0447\u043d\u0430\u044f \u0446\u0435\u043f\u043d\u0430\u044f \u0448\u0435\u0441\u0442\u0435\u0440\u0435\u043d\u043d\u0430\u044f \u043f\u0440\u043e\u0444\u0435\u0441\u0441\u0438\u043e\u043d\u0430\u043b\u044c\u043d\u043e\u0433\u043e \u043a\u043b\u0430\u0441\u0441\u0430!<\/p>\n<p><strong>\u0422\u0438\u043f \u0442\u0430\u043b\u0438:<\/strong> \u0443\u0441\u0438\u043b\u0435\u043d\u043d\u0430\u044f \u043a\u043e\u043d\u0441\u0442\u0440\u0443\u043a\u0446\u0438\u044f Heavy duty.<br \/>\n<strong>\u0421\u0442\u0430\u043d\u0434\u0430\u0440\u0442:<\/strong> \u0414\u0421\u0422\u0423 EN 13157:2014.<br \/>\n\u041f\u0440\u0438\u0432\u043e\u0434\u043d\u0430\u044f \u0446\u0435\u043f\u044c \u0432 \u043a\u043e\u043c\u043f\u043b\u0435\u043a\u0442\u0435.<br \/>\n\u0422\u043e\u0440\u043c\u043e\u0437\u043d\u0430\u044f \u0441\u0438\u0441\u0442\u0435\u043c\u0430 \u0441 \u0434\u0432\u043e\u0439\u043d\u043e\u0439 \u0431\u043b\u043e\u043a\u0438\u0440\u043e\u0432\u043a\u043e\u0439.<br \/>\n\u041c\u0430\u043b\u044b\u0439 \u0432\u0435\u0441, \u043d\u0430\u0434\u0435\u0436\u043d\u0430\u044f, \u043b\u0435\u0433\u043a\u0430\u044f \u0432 \u043e\u0431\u0441\u043b\u0443\u0436\u0438\u0432\u0430\u043d\u0438\u0438.<br \/>\n\u0413\u0440\u0443\u0437\u043e\u0432\u0430\u044f \u0446\u0435\u043f\u044c 8 \u043a\u043b\u0430\u0441\u0441\u0430 \u0441 \u0437\u0430\u0449\u0438\u0442\u043d\u044b\u043c \u043f\u043e\u043a\u0440\u044b\u0442\u0438\u0435\u043c.<br \/>\n\u0421\u043e\u043f\u0440\u043e\u0432\u043e\u0436\u0434\u0430\u0435\u0442\u0441\u044f \u0441\u0435\u0440\u0442\u0438\u0444\u0438\u043a\u0430\u0442\u043e\u043c \u043a\u0430\u0447\u0435\u0441\u0442\u0432\u0430.<br \/>\n<strong>\u0413\u0430\u0440\u0430\u043d\u0442\u0438\u044f:<\/strong> 12 \u043c\u0435\u0441\u044f\u0446\u0435\u0432.<\/p>","protected":false},"featured_media":6972,"comment_status":"open","ping_status":"closed","template":"","meta":[],"product_brand":[],"product_cat":[111],"product_tag":[],"class_list":{"0":"post-6971","1":"product","2":"type-product","3":"status-publish","4":"has-post-thumbnail","6":"product_cat-palane-manuale","8":"first","9":"instock","10":"featured","11":"shipping-taxable","12":"purchasable","13":"product-type-variable"},"_links":{"self":[{"href":"https:\/\/tros.md\/ru\/wp-json\/wp\/v2\/product\/6971","targetHints":{"allow":["GET"]}}],"collection":[{"href":"https:\/\/tros.md\/ru\/wp-json\/wp\/v2\/product"}],"about":[{"href":"https:\/\/tros.md\/ru\/wp-json\/wp\/v2\/types\/product"}],"replies":[{"embeddable":true,"href":"https:\/\/tros.md\/ru\/wp-json\/wp\/v2\/comments?post=6971"}],"wp:featuredmedia":[{"embeddable":true,"href":"https:\/\/tros.md\/ru\/wp-json\/wp\/v2\/media\/6972"}],"wp:attachment":[{"href":"https:\/\/tros.md\/ru\/wp-json\/wp\/v2\/media?parent=6971"}],"wp:term":[{"taxonomy":"product_brand","embeddable":true,"href":"https:\/\/tros.md\/ru\/wp-json\/wp\/v2\/product_brand?post=6971"},{"taxonomy":"product_cat","embeddable":true,"href":"https:\/\/tros.md\/ru\/wp-json\/wp\/v2\/product_cat?post=6971"},{"taxonomy":"product_tag","embeddable":true,"href":"https:\/\/tros.md\/ru\/wp-json\/wp\/v2\/product_tag?post=6971"}],"curies":[{"name":"wp","href":"https:\/\/api.w.org\/{rel}","templated":true}]}}