{"id":6948,"date":"2024-09-25T11:04:59","date_gmt":"2024-09-25T11:04:59","guid":{"rendered":"https:\/\/tros.md\/?post_type=product&#038;p=6948"},"modified":"2025-12-09T14:35:32","modified_gmt":"2025-12-09T14:35:32","slug":"curea-de-strangere-standard-1-5t","status":"publish","type":"product","link":"https:\/\/tros.md\/ru\/product\/curea-de-strangere-standard-1-5t\/","title":{"rendered":"\u0421\u0442\u044f\u0436\u043d\u043e\u0439 \u0440\u0435\u043c\u0435\u043d\u044c Standard"},"content":{"rendered":"<p>Chingile de ancorare sau clichetul este utilizat pentru fixarea sigur\u0103 \u0219i fiabil\u0103 a diferitelor tipuri de m\u0103rfuri \u00een timpul transportului. Acesta este format dintr-o band\u0103, c\u00e2rlige \u0219i un mecanism cu clichet, destinat tension\u0103rii benzii. Prin tensionarea benzii, curelele de str\u00e2ngere \u00eempiedic\u0103 deplasarea \u0219i alunecarea m\u0103rfii \u00een timpul transportului. Banda moale din poliester nu deterioreaz\u0103 \u0219i nu zg\u00e2rie marfa \u0219i ambalajul. Acestea sunt conforme cu standardul european \u0414\u0421\u0422\u0423 EN 12195-2:2018.<\/p>\n<p>\u00cen varianta standard, chingile de ancorare sunt echipate cu c\u00e2rlige sudate.<\/p>\n<p>Atunci c\u00e2nd achizi\u021biona\u021bi chingi de ancorare, este important s\u0103 acorda\u021bi aten\u021bie calit\u0103\u021bii benzii \u0219i mecanismului cu clichet. O chinga de ancorare de calitate inferioar\u0103 se poate \u00eentinde, sl\u0103bi sau rupe, ceea ce poate duce, de cele mai multe ori, la deteriorarea m\u0103rfii.<\/p>\n<p>Compania noastr\u0103 comercializeaz\u0103 doar chingi de ancorare verificate, de \u00eenalt\u0103 calitate, \u00eenso\u021bite de certificat \u0219i garan\u021bie.<\/p>\n<p>Banda chingii de ancorare cu mecanism cu clichet este fabricat\u0103 din poliester, ceea ce o face durabil\u0103 \u0219i rezistent\u0103 la rupere. La sarcina maxim\u0103, alungirea benzii nu dep\u0103\u0219e\u0219te 4%. Cu ajutorul acestei curele, se asigur\u0103 o for\u021b\u0103 de presiune ridicat\u0103 \u0219i se men\u021bine integritatea suprafe\u021bei \u0219i ambalajului m\u0103rfii transportate. Mecanismele cu clichet \u0219i componentele finale sunt supuse \u00een mod obligatoriu controlului de calitate, ceea ce garanteaz\u0103 fiabilitatea \u0219i durabilitatea \u00een utilizare.<\/p>\n<p>Domenii de aplicare a chingilor de ancorare pentru fixarea m\u0103rfii cu mecanism cu clichet:<\/p>\n<ul>\n<li>\u0444\u0438\u043a\u0441\u0430\u0446\u0438\u044f \u0433\u0440\u0443\u0437\u0430 \u043d\u0430 \u0430\u0432\u0442\u043e\u043c\u043e\u0431\u0438\u043b\u0435 \u0438 \u0441\u0443\u0434\u0430\u0445;<\/li>\n<li>\u043a\u0440\u0435\u043f\u043b\u0435\u043d\u0438\u0435 \u0433\u0440\u0443\u0437\u0430 \u043d\u0430 \u043f\u0440\u0438\u0446\u0435\u043f\u0430\u0445 \u0438 \u0436\/\u0434 \u043f\u043b\u0430\u0442\u0444\u043e\u0440\u043c\u0430\u0445.<\/li>\n<\/ul>\n<p>\u0424\u0438\u043a\u0441\u0438\u0440\u0443\u0435\u043c\u044b\u0439 \u0433\u0440\u0443\u0437 \u0434\u043e\u043b\u0436\u0435\u043d \u0443\u0441\u0442\u043e\u0439\u0447\u0438\u0432\u043e \u0440\u0430\u0441\u043f\u043e\u043b\u0430\u0433\u0430\u0442\u044c\u0441\u044f \u043d\u0430 \u043f\u043b\u0430\u0442\u0444\u043e\u0440\u043c\u0435. \u0414\u043b\u044f \u0438\u0441\u043a\u043b\u044e\u0447\u0435\u043d\u0438\u044f \u0434\u0435\u0444\u043e\u0440\u043c\u0430\u0446\u0438\u0438 \u0440\u0435\u043c\u043d\u044f, \u0437\u0430\u043f\u0440\u0435\u0449\u0430\u0435\u0442\u0441\u044f \u043f\u043e\u0434\u0432\u0435\u0440\u0433\u0430\u0442\u044c \u0435\u0433\u043e \u043d\u0430\u0433\u0440\u0443\u0437\u043a\u0435 \u0432\u044b\u0448\u0435 \u0434\u043e\u043f\u0443\u0441\u0442\u0438\u043c\u043e\u0439 \u043d\u043e\u0440\u043c\u044b, \u043a\u043e\u0442\u043e\u0440\u0430\u044f \u0443\u043a\u0430\u0437\u0430\u043d\u0430 \u043f\u0440\u043e\u0438\u0437\u0432\u043e\u0434\u0438\u0442\u0435\u043b\u0435\u043c.<\/p>\n<p>C\u00e2nd alege\u021bi chingi de ancorare, trebuie s\u0103 \u021bine\u021bi cont de:<\/p>\n<ul>\n<li>\u0432\u0435\u0441, \u0440\u0430\u0437\u043c\u0435\u0440, \u0432\u0438\u0434 \u0438 \u0444\u043e\u0440\u043c\u0443 \u0433\u0440\u0443\u0437\u0430, \u0442\u0438\u043f \u043a\u0440\u0435\u043f\u043b\u0435\u043d\u0438\u044f<\/li>\n<li>\u043a\u043e\u043d\u0441\u0442\u0440\u0443\u043a\u0446\u0438\u044e \u044d\u043b\u0435\u043c\u0435\u043d\u0442\u043e\u0432 \u043a\u0440\u0435\u043f\u043b\u0435\u043d\u0438\u044f;<\/li>\n<li>\u0438\u043d\u0444\u043e\u0440\u043c\u0430\u0446\u0438\u044e, \u0443\u043a\u0430\u0437\u0430\u043d\u043d\u0443\u044e \u043d\u0430 \u0431\u0438\u0440\u043a\u0435.<\/li>\n<\/ul>\n<p>\u041f\u0440\u0435\u0438\u043c\u0443\u0449\u0435\u0441\u0442\u0432\u0430 \u043f\u0440\u043e\u0434\u0443\u043a\u0446\u0438\u0438<\/p>\n<ul>\n<li>\u043c\u0438\u043d\u0438\u043c\u0430\u043b\u044c\u043d\u043e\u0435 \u0440\u0430\u0441\u0442\u044f\u0436\u0435\u043d\u0438\u0435 \u043f\u0440\u0438 \u043d\u0430\u0433\u0440\u0443\u0437\u043a\u0430\u0445;<\/li>\n<li>\u0440\u0435\u043c\u043e\u043d\u0442\u043e\u043f\u0440\u0438\u0433\u043e\u0434\u043d\u043e\u0441\u0442\u044c;<\/li>\n<li>\u043c\u0430\u043b\u044b\u0439 \u0441\u043e\u0431\u0441\u0442\u0432\u0435\u043d\u043d\u044b\u0439 \u0432\u0435\u0441;<\/li>\n<li>\u0443\u0434\u043e\u0431\u0441\u0442\u0432\u043e \u0438 \u0431\u0435\u0437\u043e\u043f\u0430\u0441\u043d\u043e\u0441\u0442\u044c \u0438\u0441\u043f\u043e\u043b\u044c\u0437\u043e\u0432\u0430\u043d\u0438\u044f;<\/li>\n<li>\u0443\u0441\u0442\u043e\u0439\u0447\u0438\u0432\u043e\u0441\u0442\u044c \u043a \u043c\u0435\u0445\u0430\u043d\u0438\u0447\u0435\u0441\u043a\u0438\u043c \u043f\u043e\u0432\u0440\u0435\u0436\u0434\u0435\u043d\u0438\u044f\u043c;<\/li>\n<li>\u043b\u0435\u0433\u043a\u043e\u0441\u0442\u044c \u0440\u0435\u0433\u0443\u043b\u0438\u0440\u043e\u0432\u043a\u0438 \u0434\u043b\u0438\u043d\u044b \u0440\u0435\u043c\u043d\u044f \u0437\u0430 \u0441\u0447\u0435\u0442 \u043d\u0430\u043b\u0438\u0447\u0438\u044f \u0445\u0440\u0430\u043f\u043e\u0432\u043e\u0433\u043e \u043c\u0435\u0445\u0430\u043d\u0438\u0437\u043c\u0430;<\/li>\n<li>\u043d\u0435\u0432\u043e\u0441\u043f\u0440\u0438\u0438\u043c\u0447\u0438\u0432\u043e\u0441\u0442\u044c \u043a \u0432\u043e\u0437\u0434\u0435\u0439\u0441\u0442\u0432\u0438\u044e \u0432\u044b\u0441\u043e\u043a\u043e\u0439\/\u043d\u0438\u0437\u043a\u043e\u0439 \u0442\u0435\u043c\u043f\u0435\u0440\u0430\u0442\u0443\u0440\u044b \u0438 \u043f\u043e\u0432\u044b\u0448\u0435\u043d\u043d\u043e\u0439 \u0432\u043b\u0430\u0436\u043d\u043e\u0441\u0442\u0438;<\/li>\n<li>\u0441\u0442\u043e\u0439\u043a\u043e\u0441\u0442\u044c \u043a \u0432\u044b\u0433\u043e\u0440\u0430\u043d\u0438\u044e \u043f\u0440\u0438 \u0432\u043e\u0437\u0434\u0435\u0439\u0441\u0442\u0432\u0438\u0438 \u0441\u043e\u043b\u043d\u0435\u0447\u043d\u044b\u0445 \u043b\u0443\u0447\u0435\u0439.<\/li>\n<\/ul>\n<p>&nbsp;<\/p>\n<table border=\"1\" cellspacing=\"0\" cellpadding=\"0\">\n<tbody>\n<tr>\n<td rowspan=\"3\">\n<p align=\"center\"><strong>\u0418\u0437\u043e\u0431\u0440\u0430\u0436\u0435\u043d\u0438\u0435<\/strong><\/p>\n<\/td>\n<td rowspan=\"2\">\n<p align=\"center\"><strong>\u0428\u0438\u0440\u0438\u043d\u0430 \u043b\u0435\u043d\u0442\u044b<\/strong><\/p>\n<\/td>\n<td colspan=\"2\" valign=\"top\" width=\"18%\">\n<p align=\"center\"><strong>\u041c\u0430\u043a\u0441\u0438\u043c\u0430\u043b\u044c\u043d\u0430\u044f \u0434\u043e\u043f\u0443\u0441\u0442\u0438\u043c\u0430\u044f \u0440\u0430\u0431\u043e\u0447\u0430\u044f \u043d\u0430\u0433\u0440\u0443\u0437\u043a\u0430 (LC)<\/strong><\/p>\n<\/td>\n<td colspan=\"2\" valign=\"middle\">\n<p align=\"center\" class=\"translation-block\"><strong>\u041d\u043e\u043c\u0438\u043d\u0430\u043b\u044c\u043d\u0430\u044f \u0441\u0438\u043b\u0430 \u043d\u0430\u0442\u044f\u0436\u0435\u043d\u0438\u044f (STF)<\/strong><\/p>\n<\/td>\n<\/tr>\n<tr>\n<td valign=\"top\"><img decoding=\"async\" title=\"\u041f\u0440\u044f\u043c\u043e\u0439 \u043c\u0435\u0442\u043e\u0434 \u043a\u0440\u0435\u043f\u043b\u0435\u043d\u0438\u044f\" src=\"https:\/\/load-tech.com.ua\/img\/cms\/%D0%9F%D1%80%D1%8F%D0%BC%D0%BE%D0%B9%20%D0%BC%D0%B5%D1%82%D0%BE%D0%B4%20%D0%BA%D1%80%D0%B5%D0%BF%D0%BB%D0%B5%D0%BD%D0%B8%D1%8F.gif\" alt=\"\u041f\u0440\u044f\u043c\u043e\u0439 \u043c\u0435\u0442\u043e\u0434 \u043a\u0440\u0435\u043f\u043b\u0435\u043d\u0438\u044f\" width=\"11\" height=\"44\" \/><\/td>\n<td valign=\"top\"><img decoding=\"async\" title=\"\u041c\u0435\u0442\u043e\u0434 \u043a\u0440\u0435\u043f\u043b\u0435\u043d\u0438\u044f &quot;\u0432 \u043e\u0431\u0445\u0432\u0430\u0442&quot;\" src=\"https:\/\/load-tech.com.ua\/img\/cms\/%D0%9C%D0%B5%D1%82%D0%BE%D0%B4%20%D0%BA%D1%80%D0%B5%D0%BF%D0%BB%D0%B5%D0%BD%D0%B8%D1%8F%20%D0%B2%20%D0%BE%D0%B1%D1%85%D0%B2%D0%B0%D1%82.gif\" alt=\"\u041c\u0435\u0442\u043e\u0434 \u043a\u0440\u0435\u043f\u043b\u0435\u043d\u0438\u044f &quot;\u0432 \u043e\u0431\u0445\u0432\u0430\u0442&quot;\" width=\"33\" height=\"47\" \/><\/td>\n<td valign=\"top\">\u00a0<img decoding=\"async\" title=\"\u041f\u0440\u044f\u043c\u043e\u0439 \u043c\u0435\u0442\u043e\u0434 \u043a\u0440\u0435\u043f\u043b\u0435\u043d\u0438\u044f\" src=\"https:\/\/load-tech.com.ua\/img\/cms\/%D0%9F%D1%80%D1%8F%D0%BC%D0%BE%D0%B9%20%D0%BC%D0%B5%D1%82%D0%BE%D0%B4%20%D0%BA%D1%80%D0%B5%D0%BF%D0%BB%D0%B5%D0%BD%D0%B8%D1%8F.gif\" alt=\"\u041f\u0440\u044f\u043c\u043e\u0439 \u043c\u0435\u0442\u043e\u0434 \u043a\u0440\u0435\u043f\u043b\u0435\u043d\u0438\u044f\" width=\"11\" height=\"44\" \/><\/td>\n<td valign=\"top\">\u00a0<img decoding=\"async\" title=\"\u041c\u0435\u0442\u043e\u0434 \u043a\u0440\u0435\u043f\u043b\u0435\u043d\u0438\u044f &quot;\u0432 \u043e\u0431\u0445\u0432\u0430\u0442&quot;\" src=\"https:\/\/load-tech.com.ua\/img\/cms\/%D0%9C%D0%B5%D1%82%D0%BE%D0%B4%20%D0%BA%D1%80%D0%B5%D0%BF%D0%BB%D0%B5%D0%BD%D0%B8%D1%8F%20%D0%B2%20%D0%BE%D0%B1%D1%85%D0%B2%D0%B0%D1%82.gif\" alt=\"\u041c\u0435\u0442\u043e\u0434 \u043a\u0440\u0435\u043f\u043b\u0435\u043d\u0438\u044f &quot;\u0432 \u043e\u0431\u0445\u0432\u0430\u0442&quot;\" width=\"33\" height=\"47\" \/><\/td>\n<\/tr>\n<tr>\n<td valign=\"top\">\n<p align=\"center\"><strong>\u043c\u043c<\/strong><\/p>\n<\/td>\n<td valign=\"top\">\n<p align=\"center\"><strong>\u043a\u0433<\/strong><\/p>\n<\/td>\n<td valign=\"top\">\n<p align=\"center\"><strong>\u043a\u0433<\/strong><\/p>\n<\/td>\n<td valign=\"top\">\n<p align=\"center\"><strong>\u043a\u0433<\/strong><\/p>\n<\/td>\n<td valign=\"top\">\n<p align=\"center\"><strong>\u043a\u0433<\/strong><\/p>\n<\/td>\n<\/tr>\n<tr>\n<td rowspan=\"5\" align=\"center\" valign=\"middle\">\u00a0<img decoding=\"async\" title=\"\u0421\u0442\u044f\u0436\u043d\u043e\u0439 \u0440\u0435\u043c\u0435\u043d\u044c \u0441 \u043a\u0440\u044e\u043a\u0430\u043c\u0438\" src=\"https:\/\/load-tech.com.ua\/img\/cms\/%D0%A1%D0%A0%D1%82%D0%B0%D0%B1%D0%BB%D0%B8%D1%86%D0%B0.jpg\" alt=\"\u0421\u0442\u044f\u0436\u043d\u043e\u0439 \u0440\u0435\u043c\u0435\u043d\u044c \u0441 \u043a\u0440\u044e\u043a\u0430\u043c\u0438\" width=\"300\" height=\"38\" \/><\/p>\n<p><img loading=\"lazy\" decoding=\"async\" title=\"\u0421\u0442\u044f\u0436\u043d\u043e\u0439 \u0440\u0435\u043c\u0435\u043d\u044c \u0441 \u0437\u0432\u0435\u043d\u044c\u044f\u043c\u0438\" src=\"https:\/\/load-tech.com.ua\/img\/cms\/%D0%A1%D0%A0%D0%9A%D1%82%D0%B0%D0%B1%D0%BB%D0%B8%D1%86%D0%B0.jpg\" alt=\"\u0421\u0442\u044f\u0436\u043d\u043e\u0439 \u0440\u0435\u043c\u0435\u043d\u044c \u0441 \u0437\u0432\u0435\u043d\u044c\u044f\u043c\u0438\" width=\"300\" height=\"40\" \/><\/td>\n<td valign=\"top\">\n<p align=\"center\">25<\/p>\n<\/td>\n<td valign=\"top\">\n<p align=\"center\">750<\/p>\n<\/td>\n<td valign=\"top\">\n<p align=\"center\">1500<\/p>\n<\/td>\n<td valign=\"top\">\n<p align=\"center\">75<\/p>\n<\/td>\n<td valign=\"top\">\n<p align=\"center\">150<\/p>\n<\/td>\n<\/tr>\n<tr>\n<td valign=\"top\">\n<p align=\"center\">38<\/p>\n<\/td>\n<td valign=\"top\">\n<p align=\"center\">1500<\/p>\n<\/td>\n<td valign=\"top\">\n<p align=\"center\">3000<\/p>\n<\/td>\n<td valign=\"top\">\n<p align=\"center\">150<\/p>\n<\/td>\n<td valign=\"top\">\n<p align=\"center\">300<\/p>\n<\/td>\n<\/tr>\n<tr>\n<td valign=\"top\">\n<p align=\"center\">50<\/p>\n<\/td>\n<td valign=\"top\">\n<p align=\"center\">2500<\/p>\n<\/td>\n<td valign=\"top\">\n<p align=\"center\">5000<\/p>\n<\/td>\n<td valign=\"top\">\n<p align=\"center\">300<\/p>\n<\/td>\n<td valign=\"top\">\n<p align=\"center\">600<\/p>\n<\/td>\n<\/tr>\n<tr>\n<td valign=\"top\">\n<p align=\"center\">75<\/p>\n<\/td>\n<td valign=\"top\">\n<p align=\"center\">3750<\/p>\n<\/td>\n<td valign=\"top\">\n<p align=\"center\">7500<\/p>\n<\/td>\n<td valign=\"top\">\n<p align=\"center\">500<\/p>\n<\/td>\n<td valign=\"top\">\n<p align=\"center\">1000<\/p>\n<\/td>\n<\/tr>\n<tr>\n<td valign=\"top\">\n<p align=\"center\">75\/100<\/p>\n<\/td>\n<td valign=\"top\">\n<p align=\"center\">5000<\/p>\n<\/td>\n<td valign=\"top\">\n<p align=\"center\">10000<\/p>\n<\/td>\n<td valign=\"top\">\n<p align=\"center\">500<\/p>\n<\/td>\n<td valign=\"top\">\n<p align=\"center\">1000<\/p>\n<\/td>\n<\/tr>\n<\/tbody>\n<\/table>","protected":false},"excerpt":{"rendered":"<p>Chinga de ancorare Standard 1.5t<br \/>\nChinga de ancorare standard cu c\u00e2rlige \u0219i mecanism cu clichet.<br \/>\n\u041c\u0430\u0442\u0435\u0440\u0438\u0430\u043b \u0438\u0437\u0433\u043e\u0442\u043e\u0432\u043b\u0435\u043d\u0438\u044f: 100% \u043f\u043e\u043b\u0438\u044d\u0441\u0442\u0435\u0440\u043e\u0432\u0430\u044f \u043b\u0435\u043d\u0442\u0430.<br \/>\n\u0428\u0438\u0440\u0438\u043d\u0430 \u043b\u0435\u043d\u0442\u044b: 25\u043c\u043c.<br \/>\n\u041a\u043e\u044d\u0444\u0444\u0438\u0446\u0438\u0435\u043d\u0442 \u0443\u0434\u043b\u0438\u043d\u0435\u043d\u0438\u044f: \u0434\u043e 4% \u043f\u0440\u0438 \u043c\u0430\u043a\u0441\u0438\u043c\u0430\u043b\u044c\u043d\u043e\u0439 \u043d\u0430\u0433\u0440\u0443\u0437\u043a\u0435.<br \/>\n\u0417\u0430\u043f\u0430\u0441 \u043f\u0440\u043e\u0447\u043d\u043e\u0441\u0442\u0438: 2:1.<br \/>\n\u0421\u0442\u0430\u043d\u0434\u0430\u0440\u0442: \u0414\u0421\u0422\u0423 EN 12195-2:2018.<br \/>\n100% \u043a\u0430\u0447\u0435\u0441\u0442\u0432\u043e, \u0433\u0430\u0440\u0430\u043d\u0442\u0438\u044f 2 \u043c\u0435\u0441\u044f\u0446\u0430.<br \/>\n\u0418\u0437\u0434\u0435\u043b\u0438\u0435 \u0441\u043e\u043f\u0440\u043e\u0432\u043e\u0436\u0434\u0430\u0435\u0442\u0441\u044f \u0441\u0435\u0440\u0442\u0438\u0444\u0438\u043a\u0430\u0442\u043e\u043c \u043a\u0430\u0447\u0435\u0441\u0442\u0432\u0430.<\/p>","protected":false},"featured_media":7430,"comment_status":"open","ping_status":"closed","template":"","meta":[],"product_brand":[],"product_cat":[115],"product_tag":[],"class_list":{"0":"post-6948","1":"product","2":"type-product","3":"status-publish","4":"has-post-thumbnail","6":"product_cat-chingi-de-ancorare","8":"first","9":"instock","10":"shipping-taxable","11":"purchasable","12":"product-type-variable"},"_links":{"self":[{"href":"https:\/\/tros.md\/ru\/wp-json\/wp\/v2\/product\/6948","targetHints":{"allow":["GET"]}}],"collection":[{"href":"https:\/\/tros.md\/ru\/wp-json\/wp\/v2\/product"}],"about":[{"href":"https:\/\/tros.md\/ru\/wp-json\/wp\/v2\/types\/product"}],"replies":[{"embeddable":true,"href":"https:\/\/tros.md\/ru\/wp-json\/wp\/v2\/comments?post=6948"}],"wp:featuredmedia":[{"embeddable":true,"href":"https:\/\/tros.md\/ru\/wp-json\/wp\/v2\/media\/7430"}],"wp:attachment":[{"href":"https:\/\/tros.md\/ru\/wp-json\/wp\/v2\/media?parent=6948"}],"wp:term":[{"taxonomy":"product_brand","embeddable":true,"href":"https:\/\/tros.md\/ru\/wp-json\/wp\/v2\/product_brand?post=6948"},{"taxonomy":"product_cat","embeddable":true,"href":"https:\/\/tros.md\/ru\/wp-json\/wp\/v2\/product_cat?post=6948"},{"taxonomy":"product_tag","embeddable":true,"href":"https:\/\/tros.md\/ru\/wp-json\/wp\/v2\/product_tag?post=6948"}],"curies":[{"name":"wp","href":"https:\/\/api.w.org\/{rel}","templated":true}]}}