{"id":6940,"date":"2024-09-25T11:04:53","date_gmt":"2024-09-25T11:04:53","guid":{"rendered":"https:\/\/tros.md\/?post_type=product&#038;p=6940"},"modified":"2025-12-09T14:21:17","modified_gmt":"2025-12-09T14:21:17","slug":"cablul-de-remorcare-15t","status":"publish","type":"product","link":"https:\/\/tros.md\/ru\/product\/cablul-de-remorcare-15t\/","title":{"rendered":"Dispozitiv de remorcare 15t"},"content":{"rendered":"<p>Dispozitiv de remorcare de clas\u0103 extra este destinat tract\u0103rii vehiculelor, camioanelor, echipamentelor rutiere \u0219i altor ma\u0219ini cu o mas\u0103 de p\u00e2n\u0103 la 15 tone.<\/p>\n<p>Garant\u0103m c\u0103 rezisten\u021ba la rupere a dispozitivului corespunde sarcinii indicate pe site \u0219i specificate \u00een certificat. Dispozitivul de remorcare respect\u0103 cerin\u021bele regulamentelor rutiere (art. 23.3; art. 30.5), cu un coeficient de rezerv\u0103 de rezisten\u021b\u0103 de 1,5:1. La comand\u0103, exist\u0103 posibilitatea de a alege \u00eentre diverse op\u021biuni de execu\u021bie \u0219i lungimi ale cablului.<\/p>\n<p><span style=\"font-size: 16px;\">.<\/span><\/p>\n<p>&nbsp;<\/p>\n<table border=\"1\" cellspacing=\"0\" cellpadding=\"0\">\n<tbody>\n<tr>\n<td valign=\"top\" width=\"214\">\n<p align=\"center\"><strong>\u0420\u0430\u0431\u043e\u0447\u0430\u044f \u043d\u0430\u0433\u0440\u0443\u0437\u043a\u0430, \u0442\u043d<\/strong><\/p>\n<\/td>\n<td valign=\"top\" width=\"214\">\n<p align=\"center\"><strong>\u0420\u0430\u0437\u0440\u044b\u0432\u043d\u0430\u044f \u043d\u0430\u0433\u0440\u0443\u0437\u043a\u0430, \u0442\u043d<\/strong><\/p>\n<\/td>\n<td valign=\"top\" width=\"214\">\n<p align=\"center\"><strong>\u0414\u0438\u0430\u043c\u0435\u0442\u0440 \u043a\u0430\u043d\u0430\u0442\u0430, \u043c\u043c<\/strong><\/p>\n<\/td>\n<\/tr>\n<tr>\n<td valign=\"top\" width=\"214\">\n<p align=\"center\">15,00<\/p>\n<\/td>\n<td valign=\"top\" width=\"214\">\n<p align=\"center\">22,50<\/p>\n<\/td>\n<td valign=\"top\" width=\"214\">\n<p align=\"center\">19,50<\/p>\n<\/td>\n<\/tr>\n<\/tbody>\n<\/table>","protected":false},"excerpt":{"rendered":"<p>Dispozitiv de remorcare 15t<\/p>\n<p>Dispozitiv de remorcare este proiectat pentru o sarcin\u0103 de lucru de 15t. Fabricat din cablu de o\u021bel f\u0103r\u0103 acoperire, conform standardelor GOST 7668-80 \u0219i 2688-80. Coeficientul de rezerv\u0103 de rezisten\u021b\u0103 este de 1,5:1. Disponibil cu accesorii precum inele de prindere sau c\u00e2rlige, \u00een func\u021bie de preferin\u021bele clientului.<\/p>","protected":false},"featured_media":7443,"comment_status":"open","ping_status":"closed","template":"","meta":[],"product_brand":[],"product_cat":[120],"product_tag":[],"class_list":{"0":"post-6940","1":"product","2":"type-product","3":"status-publish","4":"has-post-thumbnail","6":"product_cat-dispozitive-de-remorcare-din-cablu-de-otel","8":"first","9":"instock","10":"shipping-taxable","11":"product-type-simple"},"_links":{"self":[{"href":"https:\/\/tros.md\/ru\/wp-json\/wp\/v2\/product\/6940","targetHints":{"allow":["GET"]}}],"collection":[{"href":"https:\/\/tros.md\/ru\/wp-json\/wp\/v2\/product"}],"about":[{"href":"https:\/\/tros.md\/ru\/wp-json\/wp\/v2\/types\/product"}],"replies":[{"embeddable":true,"href":"https:\/\/tros.md\/ru\/wp-json\/wp\/v2\/comments?post=6940"}],"wp:featuredmedia":[{"embeddable":true,"href":"https:\/\/tros.md\/ru\/wp-json\/wp\/v2\/media\/7443"}],"wp:attachment":[{"href":"https:\/\/tros.md\/ru\/wp-json\/wp\/v2\/media?parent=6940"}],"wp:term":[{"taxonomy":"product_brand","embeddable":true,"href":"https:\/\/tros.md\/ru\/wp-json\/wp\/v2\/product_brand?post=6940"},{"taxonomy":"product_cat","embeddable":true,"href":"https:\/\/tros.md\/ru\/wp-json\/wp\/v2\/product_cat?post=6940"},{"taxonomy":"product_tag","embeddable":true,"href":"https:\/\/tros.md\/ru\/wp-json\/wp\/v2\/product_tag?post=6940"}],"curies":[{"name":"wp","href":"https:\/\/api.w.org\/{rel}","templated":true}]}}