{"id":6919,"date":"2024-09-25T11:04:34","date_gmt":"2024-09-25T11:04:34","guid":{"rendered":"https:\/\/tros.md\/?post_type=product&#038;p=6919"},"modified":"2025-12-09T15:18:09","modified_gmt":"2025-12-09T15:18:09","slug":"lant-de-prindere","status":"publish","type":"product","link":"https:\/\/tros.md\/ru\/product\/lant-de-prindere\/","title":{"rendered":"Lan\u021b de ancorare"},"content":{"rendered":"<p><strong>Lan\u021b de ancorare<\/strong><\/p>\n<p>Lan\u021bul de ancorare sau ramura de lan\u021b este o component\u0103 esen\u021bial\u0103 a sistemului de str\u00e2ngere cu lan\u021buri. Lan\u021bul este echipat cu dou\u0103 c\u00e2rlige la capete, care sunt destinate s\u0103 prind\u0103 lan\u021bul pe \u00eenc\u0103rc\u0103tur\u0103 sau pe platform\u0103. Dup\u0103 fixarea lan\u021bului, tensiunea acestuia se regleaz\u0103 folosind un ratchet de lan\u021b.<\/p>\n<p>\u0426\u0435\u043f\u044c \u0438 \u043a\u0440\u044e\u043a\u0438 8 \u043a\u043b\u0430\u0441\u0441\u0430 \u0438\u0437\u0433\u043e\u0442\u0430\u0432\u043b\u0438\u0432\u0430\u044e\u0442\u0441\u044f \u0438\u0437 \u0432\u044b\u0441\u043e\u043a\u043e\u043b\u0435\u0433\u0438\u0440\u043e\u0432\u0430\u043d\u043d\u043e\u0439 \u0441\u0442\u0430\u043b\u0438, \u0437\u0430 \u0441\u0447\u0435\u0442 \u0447\u0435\u0433\u043e \u043e\u043d\u0438 \u0438\u043c\u0435\u044e\u0442 \u0432\u044b\u0441\u043e\u043a\u0443\u044e \u043f\u0440\u043e\u0447\u043d\u043e\u0441\u0442\u044c \u043f\u0440\u0438 \u043d\u0435\u0431\u043e\u043b\u044c\u0448\u043e\u043c \u0432\u0435\u0441\u0435 \u0438 \u043a\u043e\u043c\u043f\u0430\u043a\u0442\u043d\u044b\u0445 \u0440\u0430\u0437\u043c\u0435\u0440\u0430\u0445. \u041a\u0440\u0435\u043f\u0435\u0436\u043d\u0430\u044f \u0446\u0435\u043f\u044c \u043c\u043e\u0436\u0435\u0442 \u0431\u044b\u0442\u044c \u0438\u0437\u0433\u043e\u0442\u043e\u0432\u043b\u0435\u043d\u0430 \u043b\u044e\u0431\u043e\u0439 \u043d\u0435\u043e\u0431\u0445\u043e\u0434\u0438\u043c\u043e\u0439 \u0412\u0430\u043c \u0434\u043b\u0438\u043d\u044b.<\/p>\n<p>\u041e\u0431\u0440\u0430\u0449\u0430\u0435\u043c \u0412\u0430\u0448\u0435 \u0432\u043d\u0438\u043c\u0430\u043d\u0438\u0435 \u0447\u0442\u043e \u043a\u0440\u0435\u043f\u0435\u0436\u043d\u044b\u0435 \u0446\u0435\u043f\u0438 \u0438 \u0446\u0435\u043f\u043d\u044b\u0435 \u0441\u0442\u044f\u0436\u043a\u0438 \u043f\u0440\u0435\u0434\u043d\u0430\u0437\u043d\u0430\u0447\u0435\u043d\u044b \u0434\u043b\u044f \u043a\u0440\u0435\u043f\u043b\u0435\u043d\u0438\u044f \u0433\u0440\u0443\u0437\u0430, \u0430 \u043d\u0435 \u0434\u043b\u044f \u0435\u0433\u043e \u043f\u043e\u0434\u044a\u0435\u043c\u0430!<\/p>\n<p>&nbsp;<\/p>\n<table border=\"1\" cellspacing=\"0\" cellpadding=\"0\">\n<tbody>\n<tr>\n<td valign=\"top\" width=\"109\">\n<p align=\"center\"><strong>\u041a\u0430\u043b\u0438\u0431\u0440 \u0446\u0435\u043f\u0438,  \u043c\u043c<\/strong><\/p>\n<\/td>\n<td valign=\"top\" width=\"109\">\n<p align=\"center\" class=\"translation-block\"><strong>\u0420\u0430\u0431\u043e\u0447\u0430\u044f \u043d\u0430\u0433\u0440\u0443\u0437\u043a\u0430, \u0442 (WLL)<\/strong><\/p>\n<\/td>\n<td valign=\"top\" width=\"109\">\n<p align=\"center\" class=\"translation-block\"><strong>\u0420\u0430\u0437\u0440\u0443\u0448\u0430\u044e\u0449\u0430\u044f \u043d\u0430\u0433\u0440\u0443\u0437\u043a\u0430, \u0442 (MBL)<\/strong><\/p>\n<\/td>\n<td valign=\"top\" width=\"204\">\n<p align=\"center\"><strong>\u0417\u0435\u0432 \u043a\u0440\u044e\u043a\u0430, \u043c\u043c<\/strong><\/p>\n<\/td>\n<\/tr>\n<tr>\n<td valign=\"top\" width=\"109\">\n<p align=\"center\">8\u044524<\/p>\n<\/td>\n<td valign=\"top\" width=\"109\">\n<p align=\"center\">4,0<\/p>\n<\/td>\n<td valign=\"top\" width=\"109\">\n<p align=\"center\">8,0<\/p>\n<\/td>\n<td valign=\"top\" width=\"204\">\n<p align=\"center\">25<\/p>\n<\/td>\n<\/tr>\n<tr>\n<td valign=\"top\" width=\"109\">\n<p align=\"center\">10\u044530<\/p>\n<\/td>\n<td valign=\"top\" width=\"109\">\n<p align=\"center\">6,3<\/p>\n<\/td>\n<td valign=\"top\" width=\"109\">\n<p align=\"center\">12,6<\/p>\n<\/td>\n<td valign=\"top\" width=\"204\">\n<p align=\"center\">34<\/p>\n<\/td>\n<\/tr>\n<tr>\n<td valign=\"top\" width=\"109\">\n<p align=\"center\">13\u044539<\/p>\n<\/td>\n<td valign=\"top\" width=\"109\">\n<p align=\"center\">10,0<\/p>\n<\/td>\n<td valign=\"top\" width=\"109\">\n<p align=\"center\">20,0<\/p>\n<\/td>\n<td valign=\"top\" width=\"204\">\n<p align=\"center\">40<\/p>\n<\/td>\n<\/tr>\n<tr>\n<td valign=\"top\" width=\"109\">\n<p align=\"center\">16\u044548<\/p>\n<\/td>\n<td valign=\"top\" width=\"109\">\n<p align=\"center\">16,0<\/p>\n<\/td>\n<td valign=\"top\" width=\"109\">\n<p align=\"center\">32,0<\/p>\n<\/td>\n<td valign=\"top\" width=\"204\">\n<p align=\"center\">45<\/p>\n<\/td>\n<\/tr>\n<\/tbody>\n<\/table>","protected":false},"excerpt":{"rendered":"<p><strong>Lan\u021b de ancorare<\/strong><\/p>\n<p>Lan\u021b de ancorare pentru sisteme de str\u00e2ngere cu lan\u021buri.<br \/>\n\u0412\u044b\u0441\u043e\u043a\u043e\u043f\u0440\u043e\u0447\u043d\u0430\u044f \u0446\u0435\u043f\u044c \u0438 \u043a\u0440\u044e\u043a\u0438 8 \u043a\u043b\u0430\u0441\u0441\u0430.<br \/>\n\u041c\u0430\u0442\u0435\u0440\u0438\u0430\u043b \u0438\u0437\u0433\u043e\u0442\u043e\u0432\u043b\u0435\u043d\u0438\u044f: \u0432\u044b\u0441\u043e\u043a\u043e\u043b\u0435\u0433\u0438\u0440\u043e\u0432\u0430\u043d\u043d\u0430\u044f \u0441\u0442\u0430\u043b\u044c.<br \/>\n\u0417\u0430\u043f\u0430\u0441 \u043f\u0440\u043e\u0447\u043d\u043e\u0441\u0442\u0438: 2:1.<br \/>\n\u0421\u0442\u0430\u043d\u0434\u0430\u0440\u0442: \u0414\u0421\u0422\u0423 EN 12195-3:2018.<br \/>\n\u0413\u0430\u0440\u0430\u043d\u0442\u0438\u044f: 6 \u043c\u0435\u0441\u044f\u0446\u0435\u0432.<br \/>\n\u041d\u0435 \u043f\u0440\u0435\u0434\u043d\u0430\u0437\u043d\u0430\u0447\u0435\u043d\u0430 \u0434\u043b\u044f \u043f\u043e\u0434\u044a\u0435\u043c\u0430 \u0433\u0440\u0443\u0437\u0430!<\/p>","protected":false},"featured_media":6920,"comment_status":"open","ping_status":"closed","template":"","meta":[],"product_brand":[],"product_cat":[103],"product_tag":[],"class_list":{"0":"post-6919","1":"product","2":"type-product","3":"status-publish","4":"has-post-thumbnail","6":"product_cat-dispozitive-de-ancorare","8":"first","9":"instock","10":"shipping-taxable","11":"product-type-simple"},"_links":{"self":[{"href":"https:\/\/tros.md\/ru\/wp-json\/wp\/v2\/product\/6919","targetHints":{"allow":["GET"]}}],"collection":[{"href":"https:\/\/tros.md\/ru\/wp-json\/wp\/v2\/product"}],"about":[{"href":"https:\/\/tros.md\/ru\/wp-json\/wp\/v2\/types\/product"}],"replies":[{"embeddable":true,"href":"https:\/\/tros.md\/ru\/wp-json\/wp\/v2\/comments?post=6919"}],"wp:featuredmedia":[{"embeddable":true,"href":"https:\/\/tros.md\/ru\/wp-json\/wp\/v2\/media\/6920"}],"wp:attachment":[{"href":"https:\/\/tros.md\/ru\/wp-json\/wp\/v2\/media?parent=6919"}],"wp:term":[{"taxonomy":"product_brand","embeddable":true,"href":"https:\/\/tros.md\/ru\/wp-json\/wp\/v2\/product_brand?post=6919"},{"taxonomy":"product_cat","embeddable":true,"href":"https:\/\/tros.md\/ru\/wp-json\/wp\/v2\/product_cat?post=6919"},{"taxonomy":"product_tag","embeddable":true,"href":"https:\/\/tros.md\/ru\/wp-json\/wp\/v2\/product_tag?post=6919"}],"curies":[{"name":"wp","href":"https:\/\/api.w.org\/{rel}","templated":true}]}}