{"id":6913,"date":"2024-09-25T11:04:30","date_gmt":"2024-09-25T11:04:30","guid":{"rendered":"https:\/\/tros.md\/?post_type=product&#038;p=6913"},"modified":"2025-12-09T15:16:49","modified_gmt":"2025-12-09T15:16:49","slug":"tensiune-cu-lant","status":"publish","type":"product","link":"https:\/\/tros.md\/ru\/product\/tensiune-cu-lant\/","title":{"rendered":"Dispozitiv de ancorare cu lant"},"content":{"rendered":"<p>Dispozitiv de ancorare cu lant \u2013 este un mecanism destinat tension\u0103rii lan\u021bului atunci c\u00e2nd se fixeaz\u0103 \u00eenc\u0103rc\u0103tura folosind o curea cu lan\u021b. Tensiunea cu lan\u021b, \u00eempreun\u0103 cu un segment de lan\u021b, formeaz\u0103 o curea complet\u0103 cu lan\u021b. Tensiunea este dotat\u0103 cu un m\u00e2ner confortabil \u0219i un comutator de rota\u021bie. Aplic\u00e2nd for\u021b\u0103 pe m\u00e2nerul mecanismului, provoca\u021bi aducerea \u00eempreun\u0103 sau separarea c\u00e2rligelor, ceea ce permite tensionarea sau sl\u0103birea lan\u021bului.<\/p>\n<p>\u041f\u043e\u0441\u043b\u0435 \u0432\u044b\u0431\u043e\u0440\u0430 \u0446\u0435\u043f\u043d\u043e\u0433\u043e \u0440\u044d\u0442\u0447\u0435\u0442\u0430 \u043d\u0435\u043e\u0431\u0445\u043e\u0434\u0438\u043c\u043e\u0439 \u0433\u0440\u0443\u0437\u043e\u043f\u043e\u0434\u044a\u0435\u043c\u043d\u043e\u0441\u0442\u0438, \u0434\u043b\u044f \u0437\u0430\u0432\u0435\u0440\u0448\u0435\u043d\u0438\u044f \u043a\u043e\u043c\u043f\u043b\u0435\u043a\u0442\u0430\u0446\u0438\u0438 \u0446\u0435\u043f\u043d\u043e\u0439 \u0441\u0442\u044f\u0436\u043a\u0438 \u043f\u043e\u0436\u0430\u043b\u0443\u0439\u0441\u0442\u0430 \u0432\u044b\u0431\u0435\u0440\u0438\u0442\u0435 \u043a\u0440\u0435\u043f\u0435\u0436\u043d\u0443\u044e \u0446\u0435\u043f\u044c \u043d\u0443\u0436\u043d\u043e\u0439 \u0412\u0430\u043c \u0434\u043b\u0438\u043d\u044b.<\/p>\n<p>&nbsp;<\/p>\n<table border=\"1\" cellspacing=\"0\" cellpadding=\"0\">\n<tbody>\n<tr>\n<td colspan=\"2\">\n<p align=\"center\" class=\"translation-block\"><strong>\u0420\u0430\u0431\u043e\u0447\u0430\u044f \u043d\u0430\u0433\u0440\u0443\u0437\u043a\u0430, \u0442 (WLL)<\/strong><\/p>\n<\/td>\n<td>\n<p align=\"center\"><strong>4,0<\/strong><\/p>\n<\/td>\n<td>\n<p align=\"center\"><strong>6<\/strong><strong>,<\/strong><strong>3<\/strong><\/p>\n<\/td>\n<td>\n<p align=\"center\"><strong>10<\/strong><strong>,<\/strong><strong>0<\/strong><\/p>\n<\/td>\n<td>\n<p align=\"center\"><strong>16,0<\/strong><\/p>\n<\/td>\n<\/tr>\n<tr>\n<td colspan=\"2\" valign=\"top\">\n<p align=\"center\"><strong>\u0420\u0430\u0431\u043e\u0447\u0438\u0439 \u043a\u0430\u043b\u0438\u0431\u0440 \u0446\u0435\u043f\u0438, \u043c\u043c (inch)<\/strong><\/p>\n<\/td>\n<td valign=\"top\">\n<p align=\"center\">6-8<\/p>\n<p align=\"center\">(1\/4&#8243;-5\/16&#8243;)<\/p>\n<\/td>\n<td valign=\"top\">\n<p align=\"center\">8-10<\/p>\n<p align=\"center\">(5\/16&#8243;-3\/8&#8243;)<\/p>\n<\/td>\n<td valign=\"top\">\n<p align=\"center\">10-13<\/p>\n<p align=\"center\">(3\/8&#8243;-1\/2&#8243;)<\/p>\n<\/td>\n<td valign=\"top\">\n<p align=\"center\">13-16<\/p>\n<p align=\"center\">(1\/2&#8243;-5\/8&#8243;)<\/p>\n<\/td>\n<\/tr>\n<tr>\n<td rowspan=\"6\" align=\"center\" valign=\"middle\">\u00a0<img fetchpriority=\"high\" decoding=\"async\" title=\"\u0426\u0435\u043f\u043d\u043e\u0439 \u0440\u044d\u0442\u0447\u0435\u0442\" src=\"https:\/\/load-tech.com.ua\/img\/cms\/%D0%A0%D1%8D%D1%82%D1%87%D0%B5%D1%82%20%D1%86%D0%B5%D0%BF%D0%BD%D0%BE%D0%B9.gif\" alt=\"\u0426\u0435\u043f\u043d\u043e\u0439 \u0440\u044d\u0442\u0447\u0435\u0442\" width=\"316\" height=\"216\" \/><\/td>\n<td valign=\"top\">\n<p align=\"center\"><strong>A<\/strong><\/p>\n<\/td>\n<td valign=\"top\">\n<p align=\"center\">180<\/p>\n<\/td>\n<td valign=\"top\">\n<p align=\"center\">360<\/p>\n<\/td>\n<td valign=\"top\">\n<p align=\"center\">360<\/p>\n<\/td>\n<td valign=\"top\">\n<p align=\"center\">360<\/p>\n<\/td>\n<\/tr>\n<tr>\n<td valign=\"top\">\n<p align=\"center\"><strong>B<\/strong><\/p>\n<\/td>\n<td valign=\"top\">\n<p align=\"center\">45<\/p>\n<\/td>\n<td valign=\"top\">\n<p align=\"center\">70<\/p>\n<\/td>\n<td valign=\"top\">\n<p align=\"center\">70<\/p>\n<\/td>\n<td valign=\"top\">\n<p align=\"center\">70<\/p>\n<\/td>\n<\/tr>\n<tr>\n<td valign=\"top\">\n<p align=\"center\"><strong>E min<\/strong><\/p>\n<\/td>\n<td valign=\"top\">\n<p align=\"center\">410<\/p>\n<\/td>\n<td valign=\"top\">\n<p align=\"center\">580<\/p>\n<\/td>\n<td valign=\"top\">\n<p align=\"center\">640<\/p>\n<\/td>\n<td valign=\"top\">\n<p align=\"center\">670<\/p>\n<\/td>\n<\/tr>\n<tr>\n<td valign=\"top\">\n<p align=\"center\"><strong>E max<\/strong><\/p>\n<\/td>\n<td valign=\"top\">\n<p align=\"center\">540<\/p>\n<\/td>\n<td valign=\"top\">\n<p align=\"center\">790<\/p>\n<\/td>\n<td valign=\"top\">\n<p align=\"center\">850<\/p>\n<\/td>\n<td valign=\"top\">\n<p align=\"center\">870<\/p>\n<\/td>\n<\/tr>\n<tr>\n<td valign=\"top\">\n<p align=\"center\"><strong>F min<\/strong><\/p>\n<\/td>\n<td valign=\"top\">\n<p align=\"center\">450<\/p>\n<\/td>\n<td valign=\"top\">\n<p align=\"center\">640<\/p>\n<\/td>\n<td valign=\"top\">\n<p align=\"center\">700<\/p>\n<\/td>\n<td valign=\"top\">\n<p align=\"center\">750<\/p>\n<\/td>\n<\/tr>\n<tr>\n<td valign=\"top\">\n<p align=\"center\"><strong>F max<\/strong><\/p>\n<\/td>\n<td valign=\"top\">\n<p align=\"center\">580<\/p>\n<\/td>\n<td valign=\"top\">\n<p align=\"center\">840<\/p>\n<\/td>\n<td valign=\"top\">\n<p align=\"center\">900<\/p>\n<\/td>\n<td valign=\"top\">\n<p align=\"center\">950<\/p>\n<\/td>\n<\/tr>\n<tr>\n<td colspan=\"2\" valign=\"top\">\n<p align=\"center\"><strong>\u041c\u0430\u0441\u0441\u0430, \u043a\u0433<\/strong><\/p>\n<\/td>\n<td valign=\"top\">\n<p align=\"center\">3,5<\/p>\n<\/td>\n<td valign=\"top\">\n<p align=\"center\">5,0<\/p>\n<\/td>\n<td valign=\"top\">\n<p align=\"center\">5,8<\/p>\n<\/td>\n<td valign=\"top\">\n<p align=\"center\">6,6<\/p>\n<\/td>\n<\/tr>\n<\/tbody>\n<\/table>","protected":false},"excerpt":{"rendered":"<p><strong>\u0426\u0435\u043f\u043d\u043e\u0439 \u0440\u044d\u0442\u0447\u0435\u0442<\/strong><br \/>\nDispozitiv de ancorare cu lan\u021b.<br \/>\n\u0415\u0441\u0442\u044c \u043f\u0435\u0440\u0435\u043a\u043b\u044e\u0447\u0430\u0442\u0435\u043b\u044c \u0432\u0440\u0430\u0449\u0435\u043d\u0438\u044f.<br \/>\n\u041c\u0430\u0442\u0435\u0440\u0438\u0430\u043b \u0438\u0437\u0433\u043e\u0442\u043e\u0432\u043b\u0435\u043d\u0438\u044f: \u0432\u044b\u0441\u043e\u043a\u043e\u043b\u0435\u0433\u0438\u0440\u043e\u0432\u0430\u043d\u043d\u0430\u044f \u0441\u0442\u0430\u043b\u044c.<br \/>\n\u041f\u0440\u0435\u0434\u0435\u043b \u043d\u0430\u0442\u044f\u0436\u0435\u043d\u0438\u044f: 150\u043c\u043c.<br \/>\n\u0417\u0430\u043f\u0430\u0441 \u043f\u0440\u043e\u0447\u043d\u043e\u0441\u0442\u0438: 2:1.<br \/>\n\u0421\u0442\u0430\u043d\u0434\u0430\u0440\u0442: \u0414\u0421\u0422\u0423 EN 12195-3:2018.<br \/>\n\u0413\u0430\u0440\u0430\u043d\u0442\u0438\u044f: 6 \u043c\u0435\u0441\u044f\u0446\u0435\u0432.<\/p>","protected":false},"featured_media":6914,"comment_status":"open","ping_status":"closed","template":"","meta":[],"product_brand":[],"product_cat":[103],"product_tag":[],"class_list":{"0":"post-6913","1":"product","2":"type-product","3":"status-publish","4":"has-post-thumbnail","6":"product_cat-dispozitive-de-ancorare","8":"first","9":"instock","10":"featured","11":"shipping-taxable","12":"purchasable","13":"product-type-variable"},"_links":{"self":[{"href":"https:\/\/tros.md\/ru\/wp-json\/wp\/v2\/product\/6913","targetHints":{"allow":["GET"]}}],"collection":[{"href":"https:\/\/tros.md\/ru\/wp-json\/wp\/v2\/product"}],"about":[{"href":"https:\/\/tros.md\/ru\/wp-json\/wp\/v2\/types\/product"}],"replies":[{"embeddable":true,"href":"https:\/\/tros.md\/ru\/wp-json\/wp\/v2\/comments?post=6913"}],"wp:featuredmedia":[{"embeddable":true,"href":"https:\/\/tros.md\/ru\/wp-json\/wp\/v2\/media\/6914"}],"wp:attachment":[{"href":"https:\/\/tros.md\/ru\/wp-json\/wp\/v2\/media?parent=6913"}],"wp:term":[{"taxonomy":"product_brand","embeddable":true,"href":"https:\/\/tros.md\/ru\/wp-json\/wp\/v2\/product_brand?post=6913"},{"taxonomy":"product_cat","embeddable":true,"href":"https:\/\/tros.md\/ru\/wp-json\/wp\/v2\/product_cat?post=6913"},{"taxonomy":"product_tag","embeddable":true,"href":"https:\/\/tros.md\/ru\/wp-json\/wp\/v2\/product_tag?post=6913"}],"curies":[{"name":"wp","href":"https:\/\/api.w.org\/{rel}","templated":true}]}}