{"id":6907,"date":"2024-09-25T11:04:26","date_gmt":"2024-09-25T11:04:26","guid":{"rendered":"https:\/\/tros.md\/?post_type=product&#038;p=6907"},"modified":"2025-12-09T10:37:58","modified_gmt":"2025-12-09T10:37:58","slug":"carlig-limitator-g100-sl-1009","status":"publish","type":"product","link":"https:\/\/tros.md\/ru\/product\/carlig-limitator-g100-sl-1009\/","title":{"rendered":"\u041a\u0440\u044e\u043a-\u043e\u0433\u0440\u0430\u043d\u0438\u0447\u0438\u0442\u0435\u043b\u044c"},"content":{"rendered":"<p><strong>C\u00e2rlig reduc\u0103tor lan\u021b forjat 8 clasa (Grade 80)<\/strong><\/p>\n<p>C\u00e2rlig reduc\u0103tor lan\u021b de clasa 8 (Grade 80) este utilizat \u00een stropurile cu lan\u021b pentru a regla lungimea ramurilor. Se prinde direct \u00een veriga lan\u021bului. Fabricat din o\u021bel aliat de \u00eenalt\u0103 rezisten\u021b\u0103, c\u00e2rligul are un coeficient de rezerv\u0103 de rezisten\u021b\u0103 de 4:1 \u0219i trece printr-o defectoscopie cu particule magnetice. Corespunde standardului DSTU EN 1677-1:2017.<\/p>\n<p>&nbsp;<\/p>\n<table border=\"1\" cellspacing=\"0\" cellpadding=\"0\">\n<tbody>\n<tr>\n<td rowspan=\"2\" width=\"16%\">\n<p align=\"center\"><strong>\u041d\u0430\u0438\u043c\u0435\u043d\u043e\u0432\u0430\u043d\u0438\u0435<\/strong><\/p>\n<\/td>\n<td rowspan=\"2\" width=\"19%\">\n<p align=\"center\"><strong>\u0420\u0430\u0431\u043e\u0447\u0430\u044f \u043d\u0430\u0433\u0440\u0443\u0437\u043a\u0430, \u0442\u043d<\/strong><\/p>\n<\/td>\n<td rowspan=\"2\" width=\"21%\">\n<p align=\"center\"><strong>\u0420\u0430\u0437\u0440\u044b\u0432\u043d\u0430\u044f \u043d\u0430\u0433\u0440\u0443\u0437\u043a\u0430, \u0442\u043d<\/strong><\/p>\n<\/td>\n<td width=\"5%\">\n<p align=\"center\"><strong>A<\/strong><\/p>\n<\/td>\n<td width=\"5%\">\n<p align=\"center\"><strong>B<\/strong><\/p>\n<\/td>\n<td width=\"5%\">\n<p align=\"center\"><strong>E<\/strong><\/p>\n<\/td>\n<td width=\"5%\">\n<p align=\"center\"><strong>M<\/strong><\/p>\n<\/td>\n<td width=\"5%\">\n<p align=\"center\"><strong>L<\/strong><\/p>\n<\/td>\n<td rowspan=\"2\" width=\"14%\">\n<p align=\"center\"><strong>\u041c\u0430\u0441\u0441\u0430 1 \u0448\u0442<\/strong><\/p>\n<p align=\"center\"><strong>\u043a\u0433<\/strong><\/p>\n<\/td>\n<\/tr>\n<tr>\n<td colspan=\"5\" width=\"28%\">\n<p align=\"center\"><strong>\u043c\u043c<\/strong><\/p>\n<\/td>\n<\/tr>\n<tr>\n<td width=\"16%\">\n<p align=\"center\">6-10<\/p>\n<\/td>\n<td width=\"19%\">\n<p align=\"center\">1.4<\/p>\n<\/td>\n<td width=\"21%\">\n<p align=\"center\">5.6<\/p>\n<\/td>\n<td width=\"5%\">\n<p align=\"center\">7.5<\/p>\n<\/td>\n<td width=\"5%\">\n<p align=\"center\">32<\/p>\n<\/td>\n<td width=\"5%\">\n<p align=\"center\">8<\/p>\n<\/td>\n<td width=\"5%\">\n<p align=\"center\">43.5<\/p>\n<\/td>\n<td width=\"5%\">\n<p align=\"center\">75<\/p>\n<\/td>\n<td width=\"14%\">\n<p align=\"center\">0.22<\/p>\n<\/td>\n<\/tr>\n<tr>\n<td width=\"16%\">\n<p align=\"center\">8-10<\/p>\n<\/td>\n<td width=\"19%\">\n<p align=\"center\">2.5<\/p>\n<\/td>\n<td width=\"21%\">\n<p align=\"center\">10<\/p>\n<\/td>\n<td width=\"5%\">\n<p align=\"center\">9.5<\/p>\n<\/td>\n<td width=\"5%\">\n<p align=\"center\">36<\/p>\n<\/td>\n<td width=\"5%\">\n<p align=\"center\">10.8<\/p>\n<\/td>\n<td width=\"5%\">\n<p align=\"center\">53<\/p>\n<\/td>\n<td width=\"5%\">\n<p align=\"center\">91.5<\/p>\n<\/td>\n<td width=\"14%\">\n<p align=\"center\">0.34<\/p>\n<\/td>\n<\/tr>\n<tr>\n<td width=\"16%\">\n<p align=\"center\">10-10<\/p>\n<\/td>\n<td width=\"19%\">\n<p align=\"center\">4<\/p>\n<\/td>\n<td width=\"21%\">\n<p align=\"center\">16<\/p>\n<\/td>\n<td width=\"5%\">\n<p align=\"center\">12<\/p>\n<\/td>\n<td width=\"5%\">\n<p align=\"center\">46<\/p>\n<\/td>\n<td width=\"5%\">\n<p align=\"center\">13.5<\/p>\n<\/td>\n<td width=\"5%\">\n<p align=\"center\">72<\/p>\n<\/td>\n<td width=\"5%\">\n<p align=\"center\">126<\/p>\n<\/td>\n<td width=\"14%\">\n<p align=\"center\">0.82<\/p>\n<\/td>\n<\/tr>\n<tr>\n<td width=\"16%\">\n<p align=\"center\">13-10<\/p>\n<\/td>\n<td width=\"19%\">\n<p align=\"center\">6.7<\/p>\n<\/td>\n<td width=\"21%\">\n<p align=\"center\">26.8<\/p>\n<\/td>\n<td width=\"5%\">\n<p align=\"center\">15<\/p>\n<\/td>\n<td width=\"5%\">\n<p align=\"center\">59<\/p>\n<\/td>\n<td width=\"5%\">\n<p align=\"center\">16.5<\/p>\n<\/td>\n<td width=\"5%\">\n<p align=\"center\">96<\/p>\n<\/td>\n<td width=\"5%\">\n<p align=\"center\">163.5<\/p>\n<\/td>\n<td width=\"14%\">\n<p align=\"center\">1.75<\/p>\n<\/td>\n<\/tr>\n<\/tbody>\n<\/table>","protected":false},"excerpt":{"rendered":"<p>\u041a\u0440\u044e\u043a-\u043e\u0433\u0440\u0430\u043d\u0438\u0447\u0438\u0442\u0435\u043b\u044c<\/p>\n<p>\u041a\u0440\u044e\u043a \u043e\u0433\u0440\u0430\u043d\u0438\u0447\u0438\u0442\u0435\u043b\u044c \u043a\u043e\u0432\u0430\u043d\u044b\u0439 10 \u043a\u043b\u0430\u0441\u0441\u0430 \u043f\u0440\u043e\u0447\u043d\u043e\u0441\u0442\u0438 (Grade 100) \u043d\u0430 25% \u043f\u0440\u043e\u0447\u043d\u0435\u0435 \u043f\u043e \u0441\u0440\u0430\u0432\u043d\u0435\u043d\u0438\u044e \u0441 G80. \u0418\u0437\u0433\u043e\u0442\u043e\u0432\u043b\u0435\u043d\u043d\u044b\u0439 \u0438\u0437 \u0432\u044b\u0441\u043e\u043a\u043e\u043f\u0440\u043e\u0447\u043d\u043e\u0439 \u043b\u0435\u0433\u0438\u0440\u043e\u0432\u0430\u043d\u043d\u043e\u0439 \u0441\u0442\u0430\u043b\u0438, \u043a\u0440\u044e\u043a \u0438\u043c\u0435\u0435\u0442 \u043a\u043e\u044d\u0444\u0444\u0438\u0446\u0438\u0435\u043d\u0442 \u0437\u0430\u043f\u0430\u0441\u0430 \u043f\u0440\u043e\u0447\u043d\u043e\u0441\u0442\u0438 4:1 \u0438 \u043f\u0440\u043e\u0445\u043e\u0434\u0438\u0442 \u043c\u0430\u0433\u043d\u0438\u0442\u043e\u043f\u043e\u0440\u043e\u0448\u043a\u043e\u0432\u0443\u044e \u0434\u0435\u0444\u0435\u043a\u0442\u043e\u0441\u043a\u043e\u043f\u0438\u044e. \u041f\u043e\u043a\u0440\u044b\u0442\u044b\u0439 \u044d\u043b\u0435\u043a\u0442\u0440\u043e\u0441\u0442\u0430\u0442\u0438\u0447\u0435\u0441\u043a\u043e\u0439 \u043a\u0440\u0430\u0441\u043a\u043e\u0439, \u043a\u0440\u044e\u043a \u0441\u043e\u043e\u0442\u0432\u0435\u0442\u0441\u0442\u0432\u0443\u0435\u0442 \u0414\u0421\u0422\u0423 EN 1677-1:2017. \u041e\u043d \u043f\u043e\u0441\u0442\u0430\u0432\u043b\u044f\u0435\u0442\u0441\u044f \u0441 \u0441\u0435\u0440\u0442\u0438\u0444\u0438\u043a\u0430\u0442\u043e\u043c \u043a\u0430\u0447\u0435\u0441\u0442\u0432\u0430 \u0438 \u0438\u043c\u0435\u0435\u0442 \u0433\u0430\u0440\u0430\u043d\u0442\u0438\u044e 6 \u043c\u0435\u0441\u044f\u0446\u0435\u0432.<\/p>","protected":false},"featured_media":6908,"comment_status":"open","ping_status":"closed","template":"","meta":[],"product_brand":[],"product_cat":[141],"product_tag":[],"class_list":{"0":"post-6907","1":"product","2":"type-product","3":"status-publish","4":"has-post-thumbnail","6":"product_cat-carlig","8":"first","9":"instock","10":"shipping-taxable","11":"purchasable","12":"product-type-variable"},"_links":{"self":[{"href":"https:\/\/tros.md\/ru\/wp-json\/wp\/v2\/product\/6907","targetHints":{"allow":["GET"]}}],"collection":[{"href":"https:\/\/tros.md\/ru\/wp-json\/wp\/v2\/product"}],"about":[{"href":"https:\/\/tros.md\/ru\/wp-json\/wp\/v2\/types\/product"}],"replies":[{"embeddable":true,"href":"https:\/\/tros.md\/ru\/wp-json\/wp\/v2\/comments?post=6907"}],"wp:featuredmedia":[{"embeddable":true,"href":"https:\/\/tros.md\/ru\/wp-json\/wp\/v2\/media\/6908"}],"wp:attachment":[{"href":"https:\/\/tros.md\/ru\/wp-json\/wp\/v2\/media?parent=6907"}],"wp:term":[{"taxonomy":"product_brand","embeddable":true,"href":"https:\/\/tros.md\/ru\/wp-json\/wp\/v2\/product_brand?post=6907"},{"taxonomy":"product_cat","embeddable":true,"href":"https:\/\/tros.md\/ru\/wp-json\/wp\/v2\/product_cat?post=6907"},{"taxonomy":"product_tag","embeddable":true,"href":"https:\/\/tros.md\/ru\/wp-json\/wp\/v2\/product_tag?post=6907"}],"curies":[{"name":"wp","href":"https:\/\/api.w.org\/{rel}","templated":true}]}}