{"id":6905,"date":"2024-09-25T11:04:24","date_gmt":"2024-09-25T11:04:24","guid":{"rendered":"https:\/\/tros.md\/?post_type=product&#038;p=6905"},"modified":"2025-12-09T10:39:28","modified_gmt":"2025-12-09T10:39:28","slug":"carlig-vilan-g100-sl-1004","status":"publish","type":"product","link":"https:\/\/tros.md\/ru\/product\/carlig-vilan-g100-sl-1004\/","title":{"rendered":"C\u00e2rlig lan\u021b G80 (SL-1004)"},"content":{"rendered":"<p><strong>C\u00e2rlig lan\u021b forjat de clasa 8 (Grade 80)<\/strong><\/p>\n<p>C\u00e2rligul lan\u021b de clasa 8 (Grade 80) este utilizat \u00een stropii cu lan\u021buri ca dispozitiv de prindere \u0219i ridicare a \u00eenc\u0103rc\u0103turilor. Se fixeaz\u0103 direct \u00een inelul lan\u021bului. Fabricat din o\u021bel aliat de \u00eenalt\u0103 rezisten\u021b\u0103, c\u00e2rligul are un coeficient de rezerv\u0103 de rezisten\u021b\u0103 de 4:1 \u0219i 100% dintre produse sunt verificate prin defectoscopie cu particule magnetice. C\u00e2rligul respect\u0103 standardul DSTU EN 1677-2:2014.<\/p>\n<p>&nbsp;<\/p>\n<table border=\"1\" cellspacing=\"0\" cellpadding=\"0\">\n<tbody>\n<tr>\n<td rowspan=\"2\" width=\"15%\">\n<p align=\"center\"><strong>\u041e\u0431\u043e\u0437\u043d\u0430\u0447\u0435\u043d\u0438\u0435<\/strong><\/p>\n<\/td>\n<td rowspan=\"2\" width=\"18%\">\n<p align=\"center\"><strong>\u0420\u0430\u0431\u043e\u0447\u0430\u044f \u043d\u0430\u0433\u0440\u0443\u0437\u043a\u0430, \u0442\u043d<\/strong><\/p>\n<\/td>\n<td rowspan=\"2\" width=\"20%\">\n<p align=\"center\"><strong>\u0420\u0430\u0437\u0440\u044b\u0432\u043d\u0430\u044f \u043d\u0430\u0433\u0440\u0443\u0437\u043a\u0430, \u0442\u043d<\/strong><\/p>\n<\/td>\n<td width=\"5%\">\n<p align=\"center\"><strong>A<\/strong><\/p>\n<\/td>\n<td width=\"5%\">\n<p align=\"center\"><strong>B<\/strong><\/p>\n<\/td>\n<td width=\"5%\">\n<p align=\"center\"><strong>E<\/strong><\/p>\n<\/td>\n<td width=\"5%\">\n<p align=\"center\"><strong>H<\/strong><\/p>\n<\/td>\n<td valign=\"top\" width=\"5%\">\n<p align=\"center\"><strong>M<\/strong><\/p>\n<\/td>\n<td valign=\"top\" width=\"5%\">\n<p align=\"center\"><strong>L<\/strong><\/p>\n<\/td>\n<td rowspan=\"2\" width=\"12%\">\n<p align=\"center\"><strong>\u041c\u0430\u0441\u0441\u0430 1 \u0448\u0442<\/strong><\/p>\n<p align=\"center\"><strong>\u043a\u0433<\/strong><\/p>\n<\/td>\n<\/tr>\n<tr>\n<td colspan=\"6\" width=\"32%\">\n<p align=\"center\"><strong>\u043c\u043c<\/strong><\/p>\n<\/td>\n<\/tr>\n<tr>\n<td width=\"15%\">\n<p align=\"center\">6-10<\/p>\n<\/td>\n<td width=\"18%\">\n<p align=\"center\">1.4<\/p>\n<\/td>\n<td width=\"20%\">\n<p align=\"center\">5.6<\/p>\n<\/td>\n<td width=\"5%\">\n<p align=\"center\">7.5<\/p>\n<\/td>\n<td width=\"5%\">\n<p align=\"center\">32<\/p>\n<\/td>\n<td width=\"5%\">\n<p align=\"center\">18.5<\/p>\n<\/td>\n<td width=\"5%\">\n<p align=\"center\">21<\/p>\n<\/td>\n<td width=\"5%\">\n<p align=\"center\">68.5<\/p>\n<\/td>\n<td width=\"5%\">\n<p align=\"center\">109<\/p>\n<\/td>\n<td width=\"12%\">\n<p align=\"center\">0.33<\/p>\n<\/td>\n<\/tr>\n<tr>\n<td width=\"15%\">\n<p align=\"center\">8-10<\/p>\n<\/td>\n<td width=\"18%\">\n<p align=\"center\">2.5<\/p>\n<\/td>\n<td width=\"20%\">\n<p align=\"center\">10<\/p>\n<\/td>\n<td width=\"5%\">\n<p align=\"center\">9.5<\/p>\n<\/td>\n<td width=\"5%\">\n<p align=\"center\">37<\/p>\n<\/td>\n<td width=\"5%\">\n<p align=\"center\">25<\/p>\n<\/td>\n<td width=\"5%\">\n<p align=\"center\">27.5<\/p>\n<\/td>\n<td width=\"5%\">\n<p align=\"center\">88<\/p>\n<\/td>\n<td width=\"5%\">\n<p align=\"center\">134<\/p>\n<\/td>\n<td width=\"12%\">\n<p align=\"center\">0.7<\/p>\n<\/td>\n<\/tr>\n<tr>\n<td width=\"15%\">\n<p align=\"center\">10-10<\/p>\n<\/td>\n<td width=\"18%\">\n<p align=\"center\">4<\/p>\n<\/td>\n<td width=\"20%\">\n<p align=\"center\">16<\/p>\n<\/td>\n<td width=\"5%\">\n<p align=\"center\">12<\/p>\n<\/td>\n<td width=\"5%\">\n<p align=\"center\">48<\/p>\n<\/td>\n<td width=\"5%\">\n<p align=\"center\">28<\/p>\n<\/td>\n<td width=\"5%\">\n<p align=\"center\">33.5<\/p>\n<\/td>\n<td width=\"5%\">\n<p align=\"center\">105.5<\/p>\n<\/td>\n<td width=\"5%\">\n<p align=\"center\">161.5<\/p>\n<\/td>\n<td width=\"12%\">\n<p align=\"center\">1.3<\/p>\n<\/td>\n<\/tr>\n<tr>\n<td width=\"15%\">\n<p align=\"center\">13-10<\/p>\n<\/td>\n<td width=\"18%\">\n<p align=\"center\">6.7<\/p>\n<\/td>\n<td width=\"20%\">\n<p align=\"center\">26.8<\/p>\n<\/td>\n<td width=\"5%\">\n<p align=\"center\">15<\/p>\n<\/td>\n<td width=\"5%\">\n<p align=\"center\">59<\/p>\n<\/td>\n<td width=\"5%\">\n<p align=\"center\">38<\/p>\n<\/td>\n<td width=\"5%\">\n<p align=\"center\">42<\/p>\n<\/td>\n<td width=\"5%\">\n<p align=\"center\">134<\/p>\n<\/td>\n<td width=\"5%\">\n<p align=\"center\">203<\/p>\n<\/td>\n<td width=\"12%\">\n<p align=\"center\">2.3<\/p>\n<\/td>\n<\/tr>\n<\/tbody>\n<\/table>","protected":false},"excerpt":{"rendered":"<p><strong>\u041a\u0440\u044e\u043a \u0432\u0438\u043b\u043e\u0447\u043d\u044b\u0439 G100 (SL-1004)<\/strong><\/p>\n<p>\u041a\u043e\u0432\u0430\u043d\u044b\u0439 \u0446\u0435\u043f\u043d\u043e\u0439 \u043a\u0440\u044e\u043a \u043a\u043b\u0430\u0441\u0441\u0430 10 (Grade 100) \u043d\u0430 25% \u043f\u0440\u043e\u0447\u043d\u0435\u0435, \u0447\u0435\u043c G80. \u041e\u043d \u0438\u0437\u0433\u043e\u0442\u043e\u0432\u043b\u0435\u043d \u0438\u0437 \u0432\u044b\u0441\u043e\u043a\u043e\u043f\u0440\u043e\u0447\u043d\u043e\u0439 \u043b\u0435\u0433\u0438\u0440\u043e\u0432\u0430\u043d\u043d\u043e\u0439 \u0441\u0442\u0430\u043b\u0438 \u0438 \u0438\u043c\u0435\u0435\u0442 \u043a\u043e\u044d\u0444\u0444\u0438\u0446\u0438\u0435\u043d\u0442 \u0437\u0430\u043f\u0430\u0441\u0430 \u043f\u0440\u043e\u0447\u043d\u043e\u0441\u0442\u0438 4:1. \u041d\u0430 \u043a\u0440\u044e\u043a \u043d\u0430\u043d\u0435\u0441\u0435\u043d\u043e \u044d\u043b\u0435\u043a\u0442\u0440\u043e\u0441\u0442\u0430\u0442\u0438\u0447\u0435\u0441\u043a\u043e\u0435 \u043b\u0430\u043a\u043e\u043a\u0440\u0430\u0441\u043e\u0447\u043d\u043e\u0435 \u043f\u043e\u043a\u0440\u044b\u0442\u0438\u0435, \u0430 \u0432\u0441\u0435 \u0438\u0437\u0434\u0435\u043b\u0438\u044f \u043f\u0440\u043e\u0445\u043e\u0434\u044f\u0442 \u0434\u0435\u0444\u0435\u043a\u0442\u043e\u0441\u043a\u043e\u043f\u0438\u044e \u043c\u0430\u0433\u043d\u0438\u0442\u043d\u044b\u043c\u0438 \u0447\u0430\u0441\u0442\u0438\u0446\u0430\u043c\u0438. \u041a\u0440\u044e\u043a \u0441\u043e\u043e\u0442\u0432\u0435\u0442\u0441\u0442\u0432\u0443\u0435\u0442 \u0414\u0421\u0422\u0423 EN 1677-4:2014 \u0438 \u043f\u043e\u0441\u0442\u0430\u0432\u043b\u044f\u0435\u0442\u0441\u044f \u0441 \u0441\u0435\u0440\u0442\u0438\u0444\u0438\u043a\u0430\u0442\u043e\u043c \u043a\u0430\u0447\u0435\u0441\u0442\u0432\u0430. \u0413\u0430\u0440\u0430\u043d\u0442\u0438\u044f \u043d\u0430 \u0434\u0430\u043d\u043d\u044b\u0439 \u043f\u0440\u043e\u0434\u0443\u043a\u0442 \u0441\u043e\u0441\u0442\u0430\u0432\u043b\u044f\u0435\u0442 6 \u043c\u0435\u0441\u044f\u0446\u0435\u0432<\/p>","protected":false},"featured_media":6906,"comment_status":"open","ping_status":"closed","template":"","meta":[],"product_brand":[],"product_cat":[141],"product_tag":[],"class_list":{"0":"post-6905","1":"product","2":"type-product","3":"status-publish","4":"has-post-thumbnail","6":"product_cat-carlig","8":"first","9":"instock","10":"shipping-taxable","11":"purchasable","12":"product-type-variable"},"_links":{"self":[{"href":"https:\/\/tros.md\/ru\/wp-json\/wp\/v2\/product\/6905","targetHints":{"allow":["GET"]}}],"collection":[{"href":"https:\/\/tros.md\/ru\/wp-json\/wp\/v2\/product"}],"about":[{"href":"https:\/\/tros.md\/ru\/wp-json\/wp\/v2\/types\/product"}],"replies":[{"embeddable":true,"href":"https:\/\/tros.md\/ru\/wp-json\/wp\/v2\/comments?post=6905"}],"wp:featuredmedia":[{"embeddable":true,"href":"https:\/\/tros.md\/ru\/wp-json\/wp\/v2\/media\/6906"}],"wp:attachment":[{"href":"https:\/\/tros.md\/ru\/wp-json\/wp\/v2\/media?parent=6905"}],"wp:term":[{"taxonomy":"product_brand","embeddable":true,"href":"https:\/\/tros.md\/ru\/wp-json\/wp\/v2\/product_brand?post=6905"},{"taxonomy":"product_cat","embeddable":true,"href":"https:\/\/tros.md\/ru\/wp-json\/wp\/v2\/product_cat?post=6905"},{"taxonomy":"product_tag","embeddable":true,"href":"https:\/\/tros.md\/ru\/wp-json\/wp\/v2\/product_tag?post=6905"}],"curies":[{"name":"wp","href":"https:\/\/api.w.org\/{rel}","templated":true}]}}