{"id":6891,"date":"2024-09-25T11:04:12","date_gmt":"2024-09-25T11:04:12","guid":{"rendered":"https:\/\/tros.md\/?post_type=product&#038;p=6891"},"modified":"2025-12-09T10:42:04","modified_gmt":"2025-12-09T10:42:04","slug":"carligul-choker-g80","status":"publish","type":"product","link":"https:\/\/tros.md\/ru\/product\/carligul-choker-g80\/","title":{"rendered":"C\u00e2rlig- ching\u0103 textil\u0103"},"content":{"rendered":"<p>C\u00e2rlig-choker SL-016 pentru chingile textile este utilizat pentru prinderea \u0219i ridicarea \u00eenc\u0103rc\u0103turilor prin metoda \u201ela \u0219trangulare\u201d. Fabricat din o\u021bel de \u00eenalt\u0103 rezisten\u021b\u0103, c\u00e2rligul are un coeficient de siguran\u021b\u0103 de 4:1 \u0219i respect\u0103 standardul DSTU EN 1677-1:2017.<\/p>\n<p>&nbsp;<\/p>\n<table border=\"1\" cellspacing=\"0\" cellpadding=\"0\">\n<tbody>\n<tr>\n<td rowspan=\"2\" width=\"227\">\n<p align=\"center\"><strong>\u0413\u0440\u0443\u0437\u043e\u043f\u043e\u0434\u044a\u0435\u043c\u043d\u043e\u0441\u0442\u044c, \u0442\u043d<\/strong><\/p>\n<\/td>\n<td width=\"62\">\n<p align=\"center\"><strong>A<\/strong><\/p>\n<\/td>\n<td width=\"62\">\n<p align=\"center\"><strong>B<\/strong><\/p>\n<\/td>\n<td width=\"62\">\n<p align=\"center\"><strong>E<\/strong><\/p>\n<\/td>\n<td width=\"62\">\n<p align=\"center\"><strong>L<\/strong><\/p>\n<\/td>\n<td rowspan=\"2\" width=\"141\">\n<p align=\"center\"><strong>\u041c\u0430\u0441\u0441\u0430 1 \u0448\u0442 \u043a\u0433<\/strong><\/p>\n<\/td>\n<\/tr>\n<tr>\n<td colspan=\"4\" width=\"247\">\n<p align=\"center\"><strong>\u043c\u043c<\/strong><\/p>\n<\/td>\n<\/tr>\n<tr>\n<td width=\"227\">\n<p align=\"center\">2.2<\/p>\n<\/td>\n<td width=\"62\">\n<p align=\"center\">61<\/p>\n<\/td>\n<td width=\"62\">\n<p align=\"center\">117<\/p>\n<\/td>\n<td width=\"62\">\n<p align=\"center\">37<\/p>\n<\/td>\n<td width=\"62\">\n<p align=\"center\">167<\/p>\n<\/td>\n<td width=\"141\">\n<p align=\"center\">1.37<\/p>\n<\/td>\n<\/tr>\n<\/tbody>\n<\/table>","protected":false},"excerpt":{"rendered":"<p>\u041a\u0440\u044e\u043a \u0434\u043b\u044f \u0442\u0435\u043a\u0441\u0442\u0438\u043b\u044c\u043d\u044b\u0445 \u0431\u0440\u044b\u0437\u0433 G80 \u0438\u0441\u043f\u043e\u043b\u044c\u0437\u0443\u0435\u0442\u0441\u044f \u0434\u043b\u044f \u0437\u0430\u0445\u0432\u0430\u0442\u0430 \u0438 \u043f\u043e\u0434\u044a\u0435\u043c\u0430 \u0431\u0440\u0435\u0432\u0435\u043d \u0438\u043b\u0438 \u0442\u0440\u0443\u0431 \u0438 \u0441\u043e\u0432\u043c\u0435\u0441\u0442\u0438\u043c \u0441 \u0442\u0435\u043a\u0441\u0442\u0438\u043b\u044c\u043d\u044b\u043c\u0438 \u0431\u0440\u044b\u0437\u0433\u0430\u043c\u0438. \u041e\u043d \u0438\u0437\u0433\u043e\u0442\u043e\u0432\u043b\u0435\u043d \u0438\u0437 \u0432\u044b\u0441\u043e\u043a\u043e\u043f\u0440\u043e\u0447\u043d\u043e\u0439 \u043b\u0435\u0433\u0438\u0440\u043e\u0432\u0430\u043d\u043d\u043e\u0439 \u0441\u0442\u0430\u043b\u0438 \u0441 \u043a\u043e\u044d\u0444\u0444\u0438\u0446\u0438\u0435\u043d\u0442\u043e\u043c \u0437\u0430\u043f\u0430\u0441\u0430 \u043f\u0440\u043e\u0447\u043d\u043e\u0441\u0442\u0438 4:1. \u0421\u043e\u043e\u0442\u0432\u0435\u0442\u0441\u0442\u0432\u0443\u0435\u0442 \u0414\u0421\u0422\u0423 EN 1677-1:2017 \u0438 \u043f\u043e\u0441\u0442\u0430\u0432\u043b\u044f\u0435\u0442\u0441\u044f \u0441 \u0441\u0435\u0440\u0442\u0438\u0444\u0438\u043a\u0430\u0442\u043e\u043c \u043a\u0430\u0447\u0435\u0441\u0442\u0432\u0430. \u0413\u0430\u0440\u0430\u043d\u0442\u0438\u044f \u0441\u043e\u0441\u0442\u0430\u0432\u043b\u044f\u0435\u0442 6 \u043c\u0435\u0441\u044f\u0446\u0435\u0432. \u041f\u0440\u043e\u0438\u0437\u0432\u043e\u0434\u0438\u0442\u0435\u043b\u044c: \u041a\u0438\u0442\u0430\u0439<\/p>","protected":false},"featured_media":6892,"comment_status":"open","ping_status":"closed","template":"","meta":[],"product_brand":[],"product_cat":[141],"product_tag":[],"class_list":{"0":"post-6891","1":"product","2":"type-product","3":"status-publish","4":"has-post-thumbnail","6":"product_cat-carlig","8":"first","9":"instock","10":"shipping-taxable","11":"purchasable","12":"product-type-variable"},"_links":{"self":[{"href":"https:\/\/tros.md\/ru\/wp-json\/wp\/v2\/product\/6891","targetHints":{"allow":["GET"]}}],"collection":[{"href":"https:\/\/tros.md\/ru\/wp-json\/wp\/v2\/product"}],"about":[{"href":"https:\/\/tros.md\/ru\/wp-json\/wp\/v2\/types\/product"}],"replies":[{"embeddable":true,"href":"https:\/\/tros.md\/ru\/wp-json\/wp\/v2\/comments?post=6891"}],"wp:featuredmedia":[{"embeddable":true,"href":"https:\/\/tros.md\/ru\/wp-json\/wp\/v2\/media\/6892"}],"wp:attachment":[{"href":"https:\/\/tros.md\/ru\/wp-json\/wp\/v2\/media?parent=6891"}],"wp:term":[{"taxonomy":"product_brand","embeddable":true,"href":"https:\/\/tros.md\/ru\/wp-json\/wp\/v2\/product_brand?post=6891"},{"taxonomy":"product_cat","embeddable":true,"href":"https:\/\/tros.md\/ru\/wp-json\/wp\/v2\/product_cat?post=6891"},{"taxonomy":"product_tag","embeddable":true,"href":"https:\/\/tros.md\/ru\/wp-json\/wp\/v2\/product_tag?post=6891"}],"curies":[{"name":"wp","href":"https:\/\/api.w.org\/{rel}","templated":true}]}}