{"id":6874,"date":"2024-09-25T11:04:01","date_gmt":"2024-09-25T11:04:01","guid":{"rendered":"https:\/\/tros.md\/?post_type=product&#038;p=6874"},"modified":"2025-12-09T10:44:17","modified_gmt":"2025-12-09T10:44:17","slug":"carlig-auto-blocant-g80-sl-81","status":"publish","type":"product","link":"https:\/\/tros.md\/ru\/product\/carlig-auto-blocant-g80-sl-81\/","title":{"rendered":"C\u00e2rlig cu siguran\u021b\u0103 Cablu"},"content":{"rendered":"<p><strong>C\u00e2rlig cu siguran\u021b\u0103 Cablu 320A (SL-130)<\/strong><\/p>\n<p><strong>\u041e\u043f\u0438\u0441\u0430\u043d\u0438\u0435:<\/strong> C\u00e2rlig cu siguran\u021b\u0103 Cablu 320A este un element de rigging robust, fabricat din o\u021bel de \u00eenalt\u0103 calitate, destinat s\u0103 asigure prinderea \u0219i manipularea eficient\u0103 a \u00eenc\u0103rc\u0103turilor. Acest c\u00e2rlig joac\u0103 un rol esen\u021bial \u00een ridicarea, cobor\u00e2rea \u0219i mutarea \u00eenc\u0103rc\u0103turilor.<\/p>\n<p><strong>\u041f\u0440\u0438\u043c\u0435\u043d\u0435\u043d\u0438\u0435:<\/strong> C\u00e2rlig cu siguran\u021b\u0103 Cablu cu ureche tip 320A este utilizat \u00een fabricarea stropilor de ridicare, inclusiv stropi de cablu, textil \u0219i lan\u021buri de tip G80 (clasa 8). Este ideal pentru func\u021bia principal\u0103 de prindere a \u00eenc\u0103rc\u0103turii \u00een toate tipurile de stropi ramifica\u021bi. De asemenea, c\u00e2rligul poate fi folosit \u00een realizarea lan\u021burilor de prindere cu sistem de fixare \u201ec\u00e2rlig-c\u00e2rlig\u201d. C\u00e2rligele 320A sunt componente esen\u021biale ale echipamentelor de ridicare (winch-uri, MTM) utilizate frecvent \u00een domeniul industrial \u0219i gospod\u0103resc.<\/p>\n<p><strong>\u0445\u0430\u0440\u0430\u043a\u0442\u0435\u0440\u0438\u0441\u0442\u0438\u043a\u0438 \u0438 \u043f\u0440\u0435\u0438\u043c\u0443\u0449\u0435\u0441\u0442\u0432\u0430<\/strong><\/p>\n<ul>\n<li class=\"translation-block\"><strong>\u041c\u0430\u0442\u0435\u0440\u0438\u0430\u043b:<\/strong> \u041b\u0438\u0442\u0430\u044f \u043b\u0435\u0433\u0438\u0440\u043e\u0432\u0430\u043d\u043d\u0430\u044f \u0441\u0442\u0430\u043b\u044c<\/li>\n<li class=\"translation-block\"><strong>\u0411\u0435\u0437\u043e\u043f\u0430\u0441\u043d\u043e\u0441\u0442\u044c:<\/strong> \u041e\u0441\u043d\u0430\u0449\u0435\u043d \u043f\u0440\u0435\u0434\u043e\u0445\u0440\u0430\u043d\u0438\u0442\u0435\u043b\u044c\u043d\u044b\u043c \u043c\u0435\u0445\u0430\u043d\u0438\u0437\u043c\u043e\u043c \u0434\u043b\u044f \u043f\u0440\u0435\u0434\u043e\u0442\u0432\u0440\u0430\u0449\u0435\u043d\u0438\u044f \u0441\u043b\u0443\u0447\u0430\u0439\u043d\u043e\u0433\u043e \u0441\u043e\u0441\u043a\u0430\u043b\u044c\u0437\u044b\u0432\u0430\u043d\u0438\u044f \u0433\u0440\u0443\u0437\u0430<\/li>\n<li><strong>\u041a\u043e\u044d\u0444\u0444\u0438\u0446\u0438\u0435\u043d\u0442 \u0431\u0435\u0437\u043e\u043f\u0430\u0441\u043d\u043e\u0441\u0442\u0438:<\/strong> 5:1<\/li>\n<li class=\"translation-block\">&lt;\u0414\u0438\u0430\u043f\u0430\u0437\u043e\u043d \u0440\u0430\u0431\u043e\u0447\u0438\u0445 \u043d\u0430\u0433\u0440\u0443\u0437\u043e\u043a:<\/strong> \u043e\u0442 750 \u043a\u0433 \u0434\u043e 22 \u0442\u043e\u043d\u043d<\/li>\n<li class=\"translation-block\"><strong>\u0421\u0442\u0430\u043d\u0434\u0430\u0440\u0442:<\/strong> DCTU EN 1677-2:2014<\/li>\n<li class=\"translation-block\"><strong>\u0414\u043e\u0441\u0442\u0443\u043f\u043d\u0430\u044f \u0446\u0435\u043d\u0430:<\/strong> \u042d\u043a\u043e\u043d\u043e\u043c\u0438\u0447\u043d\u044b\u0439 \u0432\u0430\u0440\u0438\u0430\u043d\u0442 \u0434\u043b\u044f \u043f\u043e\u043a\u0443\u043f\u043a\u0438 \u043a\u0430\u0447\u0435\u0441\u0442\u0432\u0435\u043d\u043d\u043e\u0433\u043e \u043a\u0440\u044e\u0447\u043a\u0430<\/li>\n<li class=\"translation-block\"><strong>\u041e\u0442\u0434\u0435\u043b\u043a\u0430:<\/strong> \u0417\u0430\u0432\u043e\u0434\u0441\u043a\u0430\u044f \u043e\u043a\u0440\u0430\u0441\u043a\u0430 \u043e\u0431\u0435\u0441\u043f\u0435\u0447\u0438\u0432\u0430\u0435\u0442 \u044d\u0441\u0442\u0435\u0442\u0438\u0447\u043d\u044b\u0439 \u0432\u043d\u0435\u0448\u043d\u0438\u0439 \u0432\u0438\u0434 \u0438 \u0443\u0441\u0442\u043e\u0439\u0447\u0438\u0432\u043e\u0441\u0442\u044c \u043a \u0432\u043e\u0437\u0434\u0435\u0439\u0441\u0442\u0432\u0438\u044e \u0444\u0430\u043a\u0442\u043e\u0440\u043e\u0432 \u043e\u043a\u0440\u0443\u0436\u0430\u044e\u0449\u0435\u0439 \u0441\u0440\u0435\u0434\u044b (\u0443\u043b\u044c\u0442\u0440\u0430\u0444\u0438\u043e\u043b\u0435\u0442, \u0432\u043b\u0430\u0436\u043d\u043e\u0441\u0442\u044c, \u0430\u0442\u043c\u043e\u0441\u0444\u0435\u0440\u043d\u044b\u0435 \u043e\u0441\u0430\u0434\u043a\u0438 \u0438 \u0442.\u0434.).<\/li>\n<\/ul>\n<p>\u041f\u0440\u0438\u043e\u0431\u0440\u0435\u0442\u0435\u043d\u0438\u0435 \u0433\u0440\u0435\u0439\u0444\u0435\u0440\u043d\u043e\u0433\u043e \u043a\u0440\u044e\u043a\u0430 SL-130 - \u044d\u0442\u043e \u043d\u0430\u0434\u0435\u0436\u043d\u043e\u0435 \u0438 \u044d\u0444\u0444\u0435\u043a\u0442\u0438\u0432\u043d\u043e\u0435 \u0440\u0435\u0448\u0435\u043d\u0438\u0435 \u0434\u043b\u044f \u0431\u0435\u0437\u043e\u043f\u0430\u0441\u043d\u043e\u0433\u043e \u043f\u0435\u0440\u0435\u043c\u0435\u0449\u0435\u043d\u0438\u044f \u0433\u0440\u0443\u0437\u043e\u0432.<\/p>\n<p>&nbsp;<\/p>\n<table border=\"1\" cellspacing=\"0\" cellpadding=\"0\">\n<tbody>\n<tr>\n<td rowspan=\"2\" valign=\"top\" width=\"136\">\n<p align=\"center\"><strong>\u0413\u0440\u0443\u0437\u043e\u043f\u043e\u0434\u044a\u0435\u043c\u043d\u043e\u0441\u0442\u044c,<\/strong><\/p>\n<p align=\"center\"><strong>\u0442\u043d<\/strong><\/p>\n<\/td>\n<td valign=\"top\" width=\"48\">\n<p align=\"center\"><strong>A<\/strong><\/p>\n<\/td>\n<td valign=\"top\" width=\"48\">\n<p align=\"center\"><strong>B<\/strong><\/p>\n<\/td>\n<td valign=\"top\" width=\"48\">\n<p align=\"center\"><strong>C<\/strong><\/p>\n<\/td>\n<td valign=\"top\" width=\"48\">\n<p align=\"center\"><strong>D<\/strong><\/p>\n<\/td>\n<td valign=\"top\" width=\"48\">\n<p align=\"center\"><strong>S<\/strong><\/p>\n<\/td>\n<td valign=\"top\" width=\"48\">\n<p align=\"center\"><strong>F<\/strong><\/p>\n<\/td>\n<td valign=\"top\" width=\"48\">\n<p align=\"center\"><strong>G<\/strong><\/p>\n<\/td>\n<td valign=\"top\" width=\"48\">\n<p align=\"center\"><strong>H<\/strong><\/p>\n<\/td>\n<td valign=\"top\" width=\"48\">\n<p align=\"center\"><strong>L<\/strong><\/p>\n<\/td>\n<td rowspan=\"2\" valign=\"top\" width=\"60\">\n<p align=\"center\"><strong>\u041c\u0430\u0441\u0441\u0430 1 \u0448\u0442<\/strong><\/p>\n<p align=\"center\"><strong>\u043a\u0433<\/strong><\/p>\n<\/td>\n<\/tr>\n<tr>\n<td valign=\"top\" width=\"48\">\n<p align=\"center\"><strong>\u043c\u043c<\/strong><\/p>\n<\/td>\n<td valign=\"top\" width=\"48\">\n<p align=\"center\"><strong>\u043c\u043c<\/strong><\/p>\n<\/td>\n<td valign=\"top\" width=\"48\">\n<p align=\"center\"><strong>\u043c\u043c<\/strong><\/p>\n<\/td>\n<td valign=\"top\" width=\"48\">\n<p align=\"center\"><strong>\u043c\u043c<\/strong><\/p>\n<\/td>\n<td valign=\"top\" width=\"48\">\n<p align=\"center\"><strong>\u043c\u043c<\/strong><\/p>\n<\/td>\n<td valign=\"top\" width=\"48\">\n<p align=\"center\"><strong>\u043c\u043c<\/strong><\/p>\n<\/td>\n<td valign=\"top\" width=\"48\">\n<p align=\"center\"><strong>\u043c\u043c<\/strong><\/p>\n<\/td>\n<td valign=\"top\" width=\"48\">\n<p align=\"center\"><strong>\u043c\u043c<\/strong><\/p>\n<\/td>\n<td valign=\"top\" width=\"48\">\n<p align=\"center\"><strong>\u043c\u043c<\/strong><\/p>\n<\/td>\n<\/tr>\n<tr>\n<td valign=\"top\" width=\"136\">\n<p align=\"center\">0.75<\/p>\n<\/td>\n<td valign=\"top\" width=\"48\">\n<p align=\"center\">97<\/p>\n<\/td>\n<td valign=\"top\" width=\"48\">\n<p align=\"center\">61<\/p>\n<\/td>\n<td valign=\"top\" width=\"48\">\n<p align=\"center\">16<\/p>\n<\/td>\n<td valign=\"top\" width=\"48\">\n<p align=\"center\">16<\/p>\n<\/td>\n<td valign=\"top\" width=\"48\">\n<p align=\"center\">19<\/p>\n<\/td>\n<td valign=\"top\" width=\"48\">\n<p align=\"center\">33<\/p>\n<\/td>\n<td valign=\"top\" width=\"48\">\n<p align=\"center\">8<\/p>\n<\/td>\n<td valign=\"top\" width=\"48\">\n<p align=\"center\">17<\/p>\n<\/td>\n<td valign=\"top\" width=\"48\">\n<p align=\"center\">78<\/p>\n<\/td>\n<td valign=\"top\" width=\"53\">\n<p align=\"center\">0.21<\/p>\n<\/td>\n<\/tr>\n<tr>\n<td valign=\"top\" width=\"136\">\n<p align=\"center\">1.0<\/p>\n<\/td>\n<td valign=\"top\" width=\"48\">\n<p align=\"center\">\u00a0110<\/p>\n<\/td>\n<td valign=\"top\" width=\"48\">\n<p align=\"center\">\u00a075<\/p>\n<\/td>\n<td valign=\"top\" width=\"48\">\n<p align=\"center\">\u00a016<\/p>\n<\/td>\n<td valign=\"top\" width=\"48\">\n<p align=\"center\">19<\/p>\n<\/td>\n<td valign=\"top\" width=\"48\">\n<p align=\"center\">22<\/p>\n<\/td>\n<td valign=\"top\" width=\"48\">\n<p align=\"center\">\u00a035<\/p>\n<\/td>\n<td valign=\"top\" width=\"48\">\n<p align=\"center\">9<\/p>\n<\/td>\n<td valign=\"top\" width=\"48\">\n<p align=\"center\">\u00a019<\/p>\n<\/td>\n<td valign=\"top\" width=\"48\">\n<p align=\"center\">82<\/p>\n<\/td>\n<td valign=\"top\" width=\"53\">\n<p align=\"center\">0.28<\/p>\n<\/td>\n<\/tr>\n<tr>\n<td valign=\"top\" width=\"136\">\n<p align=\"center\">1.5<\/p>\n<\/td>\n<td valign=\"top\" width=\"48\">\n<p align=\"center\">125<\/p>\n<\/td>\n<td valign=\"top\" width=\"48\">\n<p align=\"center\">76<\/p>\n<\/td>\n<td valign=\"top\" width=\"48\">\n<p align=\"center\">17<\/p>\n<\/td>\n<td valign=\"top\" width=\"48\">\n<p align=\"center\">23<\/p>\n<\/td>\n<td valign=\"top\" width=\"48\">\n<p align=\"center\">24<\/p>\n<\/td>\n<td valign=\"top\" width=\"48\">\n<p align=\"center\">45<\/p>\n<\/td>\n<td valign=\"top\" width=\"48\">\n<p align=\"center\">12<\/p>\n<\/td>\n<td valign=\"top\" width=\"48\">\n<p align=\"center\">21<\/p>\n<\/td>\n<td valign=\"top\" width=\"48\">\n<p align=\"center\">92<\/p>\n<\/td>\n<td valign=\"top\" width=\"53\">\n<p align=\"center\">0.35<\/p>\n<\/td>\n<\/tr>\n<tr>\n<td valign=\"top\" width=\"136\">\n<p align=\"center\">2.0<\/p>\n<\/td>\n<td valign=\"top\" width=\"48\">\n<p align=\"center\">142<\/p>\n<\/td>\n<td valign=\"top\" width=\"48\">\n<p align=\"center\">94<\/p>\n<\/td>\n<td valign=\"top\" width=\"48\">\n<p align=\"center\">21<\/p>\n<\/td>\n<td valign=\"top\" width=\"48\">\n<p align=\"center\">28<\/p>\n<\/td>\n<td valign=\"top\" width=\"48\">\n<p align=\"center\">25<\/p>\n<\/td>\n<td valign=\"top\" width=\"48\">\n<p align=\"center\">51<\/p>\n<\/td>\n<td valign=\"top\" width=\"48\">\n<p align=\"center\">13<\/p>\n<\/td>\n<td valign=\"top\" width=\"48\">\n<p align=\"center\">26<\/p>\n<\/td>\n<td valign=\"top\" width=\"48\">\n<p align=\"center\">103<\/p>\n<\/td>\n<td valign=\"top\" width=\"53\">\n<p align=\"center\">0.50<\/p>\n<\/td>\n<\/tr>\n<tr>\n<td valign=\"top\" width=\"136\">\n<p align=\"center\">3.0<\/p>\n<\/td>\n<td valign=\"top\" width=\"48\">\n<p align=\"center\">162<\/p>\n<\/td>\n<td valign=\"top\" width=\"48\">\n<p align=\"center\">98<\/p>\n<\/td>\n<td valign=\"top\" width=\"48\">\n<p align=\"center\">24<\/p>\n<\/td>\n<td valign=\"top\" width=\"48\">\n<p align=\"center\">31<\/p>\n<\/td>\n<td valign=\"top\" width=\"48\">\n<p align=\"center\">27<\/p>\n<\/td>\n<td valign=\"top\" width=\"48\">\n<p align=\"center\">61<\/p>\n<\/td>\n<td valign=\"top\" width=\"48\">\n<p align=\"center\">16<\/p>\n<\/td>\n<td valign=\"top\" width=\"48\">\n<p align=\"center\">28<\/p>\n<\/td>\n<td valign=\"top\" width=\"48\">\n<p align=\"center\">118<\/p>\n<\/td>\n<td valign=\"top\" width=\"53\">\n<p align=\"center\">0.77<\/p>\n<\/td>\n<\/tr>\n<tr>\n<td valign=\"top\" width=\"136\">\n<p align=\"center\">5.0<\/p>\n<\/td>\n<td valign=\"top\" width=\"48\">\n<p align=\"center\">200<\/p>\n<\/td>\n<td valign=\"top\" width=\"48\">\n<p align=\"center\">121<\/p>\n<\/td>\n<td valign=\"top\" width=\"48\">\n<p align=\"center\">31<\/p>\n<\/td>\n<td valign=\"top\" width=\"48\">\n<p align=\"center\">39<\/p>\n<\/td>\n<td valign=\"top\" width=\"48\">\n<p align=\"center\">33<\/p>\n<\/td>\n<td valign=\"top\" width=\"48\">\n<p align=\"center\">76<\/p>\n<\/td>\n<td valign=\"top\" width=\"48\">\n<p align=\"center\">20<\/p>\n<\/td>\n<td valign=\"top\" width=\"48\">\n<p align=\"center\">37<\/p>\n<\/td>\n<td valign=\"top\" width=\"48\">\n<p align=\"center\">145<\/p>\n<\/td>\n<td valign=\"top\" width=\"53\">\n<p align=\"center\">1.52<\/p>\n<\/td>\n<\/tr>\n<tr>\n<td valign=\"top\" width=\"136\">\n<p align=\"center\">7.0<\/p>\n<\/td>\n<td valign=\"top\" width=\"48\">\n<p align=\"center\">255<\/p>\n<\/td>\n<td valign=\"top\" width=\"48\">\n<p align=\"center\">149<\/p>\n<\/td>\n<td valign=\"top\" width=\"48\">\n<p align=\"center\">40<\/p>\n<\/td>\n<td valign=\"top\" width=\"48\">\n<p align=\"center\">51<\/p>\n<\/td>\n<td valign=\"top\" width=\"48\">\n<p align=\"center\">40<\/p>\n<\/td>\n<td valign=\"top\" width=\"48\">\n<p align=\"center\">97<\/p>\n<\/td>\n<td valign=\"top\" width=\"48\">\n<p align=\"center\">25<\/p>\n<\/td>\n<td valign=\"top\" width=\"48\">\n<p align=\"center\">46<\/p>\n<\/td>\n<td valign=\"top\" width=\"48\">\n<p align=\"center\">180<\/p>\n<\/td>\n<td valign=\"top\" width=\"53\">\n<p align=\"center\">3.27<\/p>\n<\/td>\n<\/tr>\n<tr>\n<td valign=\"top\" width=\"136\">\n<p align=\"center\">11.0<\/p>\n<\/td>\n<td valign=\"top\" width=\"48\">\n<p align=\"center\">315<\/p>\n<\/td>\n<td valign=\"top\" width=\"48\">\n<p align=\"center\">177<\/p>\n<\/td>\n<td valign=\"top\" width=\"48\">\n<p align=\"center\">47<\/p>\n<\/td>\n<td valign=\"top\" width=\"48\">\n<p align=\"center\">62<\/p>\n<\/td>\n<td valign=\"top\" width=\"48\">\n<p align=\"center\">51<\/p>\n<\/td>\n<td valign=\"top\" width=\"48\">\n<p align=\"center\">117<\/p>\n<\/td>\n<td valign=\"top\" width=\"48\">\n<p align=\"center\">31<\/p>\n<\/td>\n<td valign=\"top\" width=\"48\">\n<p align=\"center\">57<\/p>\n<\/td>\n<td valign=\"top\" width=\"48\">\n<p align=\"center\">230<\/p>\n<\/td>\n<td valign=\"top\" width=\"53\">\n<p align=\"center\">6.80<\/p>\n<\/td>\n<\/tr>\n<tr>\n<td valign=\"top\" width=\"136\">\n<p align=\"center\">15.0<\/p>\n<\/td>\n<td valign=\"top\" width=\"48\">\n<p align=\"center\">355<\/p>\n<\/td>\n<td valign=\"top\" width=\"48\">\n<p align=\"center\">210<\/p>\n<\/td>\n<td valign=\"top\" width=\"48\">\n<p align=\"center\">57<\/p>\n<\/td>\n<td valign=\"top\" width=\"48\">\n<p align=\"center\">73<\/p>\n<\/td>\n<td valign=\"top\" width=\"48\">\n<p align=\"center\">57<\/p>\n<\/td>\n<td valign=\"top\" width=\"48\">\n<p align=\"center\">135<\/p>\n<\/td>\n<td valign=\"top\" width=\"48\">\n<p align=\"center\">34<\/p>\n<\/td>\n<td valign=\"top\" width=\"48\">\n<p align=\"center\">70<\/p>\n<\/td>\n<td valign=\"top\" width=\"48\">\n<p align=\"center\">260<\/p>\n<\/td>\n<td valign=\"top\" width=\"53\">\n<p align=\"center\">9.96<\/p>\n<\/td>\n<\/tr>\n<tr>\n<td valign=\"top\" width=\"136\">\n<p align=\"center\">22.0<\/p>\n<\/td>\n<td valign=\"top\" width=\"48\">\n<p align=\"center\">435<\/p>\n<\/td>\n<td valign=\"top\" width=\"48\">\n<p align=\"center\">255<\/p>\n<\/td>\n<td valign=\"top\" width=\"48\">\n<p align=\"center\">68<\/p>\n<\/td>\n<td valign=\"top\" width=\"48\">\n<p align=\"center\">89<\/p>\n<\/td>\n<td valign=\"top\" width=\"48\">\n<p align=\"center\">75<\/p>\n<\/td>\n<td valign=\"top\" width=\"48\">\n<p align=\"center\">170<\/p>\n<\/td>\n<td valign=\"top\" width=\"48\">\n<p align=\"center\">42<\/p>\n<\/td>\n<td valign=\"top\" width=\"48\">\n<p align=\"center\">76<\/p>\n<\/td>\n<td valign=\"top\" width=\"48\">\n<p align=\"center\">318<\/p>\n<\/td>\n<td valign=\"top\" width=\"53\">\n<p align=\"center\">15.33<\/p>\n<\/td>\n<\/tr>\n<\/tbody>\n<\/table>","protected":false},"excerpt":{"rendered":"<p><strong>\u041a\u0440\u044e\u043a \u0447\u0430\u043b\u043e\u0447\u043d\u044b\u0439 320\u0410 (SL-130)<\/strong><\/p>\n<ul>\n<li>\u041a\u0440\u044e\u043a \u0447\u0430\u043b\u043e\u0447\u043d\u044b\u0439 \u0442\u0438\u043f\u0430 320\u0410.<\/li>\n<li>\u041a\u043e\u044d\u0444\u0444\u0438\u0446\u0438\u0435\u043d\u0442 \u0437\u0430\u043f\u0430\u0441\u0430 \u043f\u0440\u043e\u0447\u043d\u043e\u0441\u0442\u0438: 5:1.<\/li>\n<li>\u041c\u0430\u0442\u0435\u0440\u0438\u0430\u043b \u0438\u0437\u0433\u043e\u0442\u043e\u0432\u043b\u0435\u043d\u0438\u044f: \u0432\u044b\u0441\u043e\u043a\u043e\u043f\u0440\u043e\u0447\u043d\u0430\u044f \u0441\u0442\u0430\u043b\u044c.<\/li>\n<li class=\"translation-block\"><strong>\u0421\u0442\u0430\u043d\u0434\u0430\u0440\u0442:<\/strong> DCTU EN 1677-2:2014<\/li>\n<li>\u0421\u043e\u043f\u0440\u043e\u0432\u043e\u0436\u0434\u0430\u0435\u0442\u0441\u044f \u0441\u0435\u0440\u0442\u0438\u0444\u0438\u043a\u0430\u0442\u043e\u043c \u043a\u0430\u0447\u0435\u0441\u0442\u0432\u0430.<\/li>\n<li class=\"translation-block\">\u0413\u0430\u0440\u0430\u043d\u0442\u0438\u044f: 6 \u043c\u0435\u0441\u044f\u0446\u0435\u0432.<\/li>\n<li>\u041f\u0440\u043e\u0438\u0437\u0432\u043e\u0434\u0438\u0442\u0435\u043b\u044c: \u041a\u0438\u0442\u0430\u0439<\/li>\n<\/ul>","protected":false},"featured_media":6848,"comment_status":"open","ping_status":"closed","template":"","meta":[],"product_brand":[],"product_cat":[141],"product_tag":[],"class_list":{"0":"post-6874","1":"product","2":"type-product","3":"status-publish","4":"has-post-thumbnail","6":"product_cat-carlig","8":"first","9":"instock","10":"shipping-taxable","11":"purchasable","12":"product-type-variable"},"_links":{"self":[{"href":"https:\/\/tros.md\/ru\/wp-json\/wp\/v2\/product\/6874","targetHints":{"allow":["GET"]}}],"collection":[{"href":"https:\/\/tros.md\/ru\/wp-json\/wp\/v2\/product"}],"about":[{"href":"https:\/\/tros.md\/ru\/wp-json\/wp\/v2\/types\/product"}],"replies":[{"embeddable":true,"href":"https:\/\/tros.md\/ru\/wp-json\/wp\/v2\/comments?post=6874"}],"wp:featuredmedia":[{"embeddable":true,"href":"https:\/\/tros.md\/ru\/wp-json\/wp\/v2\/media\/6848"}],"wp:attachment":[{"href":"https:\/\/tros.md\/ru\/wp-json\/wp\/v2\/media?parent=6874"}],"wp:term":[{"taxonomy":"product_brand","embeddable":true,"href":"https:\/\/tros.md\/ru\/wp-json\/wp\/v2\/product_brand?post=6874"},{"taxonomy":"product_cat","embeddable":true,"href":"https:\/\/tros.md\/ru\/wp-json\/wp\/v2\/product_cat?post=6874"},{"taxonomy":"product_tag","embeddable":true,"href":"https:\/\/tros.md\/ru\/wp-json\/wp\/v2\/product_tag?post=6874"}],"curies":[{"name":"wp","href":"https:\/\/api.w.org\/{rel}","templated":true}]}}