{"id":6826,"date":"2024-09-25T11:03:24","date_gmt":"2024-09-25T11:03:24","guid":{"rendered":"https:\/\/tros.md\/?post_type=product&#038;p=6826"},"modified":"2025-12-09T13:47:41","modified_gmt":"2025-12-09T13:47:41","slug":"zala-de-legatura-fluture-pentru-st-sl-001","status":"publish","type":"product","link":"https:\/\/tros.md\/ru\/product\/zala-de-legatura-fluture-pentru-st-sl-001\/","title":{"rendered":"\u0417\u0432\u0435\u043d\u043e \u0441\u043e\u0435\u0434\u0438\u043d\u0438\u0442\u0435\u043b\u044c\u043d\u043e\u0435 \"\u0431\u0430\u0431\u043e\u0447\u043a\u0430\" \u0434\u043b\u044f \u0421\u0422 (SL-001)"},"content":{"rendered":"<p>Inel conectare ching\u0103 textil\u0103 de clasa 8 (Grade80) este utilizat\u0103 ca element de leg\u0103tur\u0103 \u00een chingile textile, datorit\u0103 suprafe\u021bei plate a uneia dintre urechi. Datorit\u0103 prezen\u021bei unei buc\u0219e de distan\u021bare \u00een construc\u021bie, este u\u0219or de asamblat \u0219i dezasamblat dup\u0103 necesitate. Inelul este fabricat din o\u021bel de \u00eenalt\u0103 rezisten\u021b\u0103. Coeficientul de siguran\u021b\u0103 este de 4:1. Conform\u0103 cu standardul DSTU EN 1677-4:2017.<\/p>\n<p>&nbsp;<\/p>\n<table border=\"1\" cellspacing=\"0\" cellpadding=\"0\">\n<tbody>\n<tr>\n<td rowspan=\"2\" width=\"142\">\n<p align=\"center\"><strong>\u041e\u0431\u043e\u0437\u043d\u0430\u0447\u0435\u043d\u0438\u0435<\/strong><\/p>\n<\/td>\n<td rowspan=\"2\" width=\"163\">\n<p align=\"center\"><strong>\u0420\u0430\u0431\u043e\u0447\u0430\u044f \u043d\u0430\u0433\u0440\u0443\u0437\u043a\u0430, \u0442\u043d<\/strong><\/p>\n<\/td>\n<td width=\"52\">\n<p align=\"center\"><strong>A<\/strong><\/p>\n<\/td>\n<td width=\"52\">\n<p align=\"center\"><strong>B<\/strong><\/p>\n<\/td>\n<td width=\"52\">\n<p align=\"center\"><strong>K<\/strong><\/p>\n<\/td>\n<td width=\"52\">\n<p align=\"center\"><strong>W<\/strong><\/p>\n<\/td>\n<td width=\"52\">\n<p align=\"center\"><strong>G<\/strong><\/p>\n<\/td>\n<td width=\"52\">\n<p align=\"center\"><strong>E<\/strong><\/p>\n<\/td>\n<td rowspan=\"2\" width=\"92\">\n<p align=\"center\"><strong>\u041c\u0430\u0441\u0441\u0430 1 \u0448\u0442<\/strong><\/p>\n<p align=\"center\"><strong>\u043a\u0433<\/strong><\/p>\n<\/td>\n<\/tr>\n<tr>\n<td valign=\"top\" width=\"52\">\n<p align=\"center\"><strong>\u043c\u043c<\/strong><\/p>\n<\/td>\n<td valign=\"top\" width=\"52\">\n<p align=\"center\"><strong>\u043c\u043c<\/strong><\/p>\n<\/td>\n<td valign=\"top\" width=\"52\">\n<p align=\"center\"><strong>\u043c\u043c<\/strong><\/p>\n<\/td>\n<td valign=\"top\" width=\"52\">\n<p align=\"center\"><strong>\u043c\u043c<\/strong><\/p>\n<\/td>\n<td valign=\"top\" width=\"52\">\n<p align=\"center\"><strong>\u043c\u043c<\/strong><\/p>\n<\/td>\n<td valign=\"top\" width=\"52\">\n<p align=\"center\"><strong>\u043c\u043c<\/strong><\/p>\n<\/td>\n<\/tr>\n<tr>\n<td valign=\"top\" width=\"142\">\n<p align=\"center\">6-8<\/p>\n<\/td>\n<td valign=\"top\" width=\"163\">\n<p align=\"center\">1.12<\/p>\n<\/td>\n<td width=\"52\">\n<p align=\"center\">15<\/p>\n<\/td>\n<td width=\"52\">\n<p align=\"center\">60<\/p>\n<\/td>\n<td width=\"52\">\n<p align=\"center\">56<\/p>\n<\/td>\n<td width=\"52\">\n<p align=\"center\">40<\/p>\n<\/td>\n<td width=\"52\">\n<p align=\"center\">18<\/p>\n<\/td>\n<td width=\"52\">\n<p align=\"center\">7<\/p>\n<\/td>\n<td width=\"92\">\n<p align=\"center\">0.2<\/p>\n<\/td>\n<\/tr>\n<tr>\n<td valign=\"top\" width=\"142\">\n<p align=\"center\">7\/8-8<\/p>\n<\/td>\n<td valign=\"top\" width=\"163\">\n<p align=\"center\">2.0<\/p>\n<\/td>\n<td width=\"52\">\n<p align=\"center\">20<\/p>\n<\/td>\n<td width=\"52\">\n<p align=\"center\">61.5<\/p>\n<\/td>\n<td width=\"52\">\n<p align=\"center\">63.7<\/p>\n<\/td>\n<td width=\"52\">\n<p align=\"center\">40<\/p>\n<\/td>\n<td width=\"52\">\n<p align=\"center\">24<\/p>\n<\/td>\n<td width=\"52\">\n<p align=\"center\">9.5<\/p>\n<\/td>\n<td width=\"92\">\n<p align=\"center\">0.3<\/p>\n<\/td>\n<\/tr>\n<tr>\n<td valign=\"top\" width=\"142\">\n<p align=\"center\">10-8<\/p>\n<\/td>\n<td valign=\"top\" width=\"163\">\n<p align=\"center\">3.15<\/p>\n<\/td>\n<td width=\"52\">\n<p align=\"center\">24<\/p>\n<\/td>\n<td width=\"52\">\n<p align=\"center\">66<\/p>\n<\/td>\n<td width=\"52\">\n<p align=\"center\">83<\/p>\n<\/td>\n<td width=\"52\">\n<p align=\"center\">39<\/p>\n<\/td>\n<td width=\"52\">\n<p align=\"center\">30.5<\/p>\n<\/td>\n<td width=\"52\">\n<p align=\"center\">11<\/p>\n<\/td>\n<td width=\"92\">\n<p align=\"center\">0.68<\/p>\n<\/td>\n<\/tr>\n<tr>\n<td valign=\"top\" width=\"142\">\n<p align=\"center\">13-8<\/p>\n<\/td>\n<td valign=\"top\" width=\"163\">\n<p align=\"center\">5.3<\/p>\n<\/td>\n<td width=\"52\">\n<p align=\"center\">28<\/p>\n<\/td>\n<td width=\"52\">\n<p align=\"center\">88<\/p>\n<\/td>\n<td width=\"52\">\n<p align=\"center\">93.7<\/p>\n<\/td>\n<td width=\"52\">\n<p align=\"center\">55<\/p>\n<\/td>\n<td width=\"52\">\n<p align=\"center\">36.8<\/p>\n<\/td>\n<td width=\"52\">\n<p align=\"center\">16.5<\/p>\n<\/td>\n<td width=\"92\">\n<p align=\"center\">1.47<\/p>\n<\/td>\n<\/tr>\n<tr>\n<td valign=\"top\" width=\"142\">\n<p align=\"center\">16-8<\/p>\n<\/td>\n<td valign=\"top\" width=\"163\">\n<p align=\"center\">8.0<\/p>\n<\/td>\n<td width=\"52\">\n<p align=\"center\">34.5<\/p>\n<\/td>\n<td width=\"52\">\n<p align=\"center\">108<\/p>\n<\/td>\n<td width=\"52\">\n<p align=\"center\">120<\/p>\n<\/td>\n<td width=\"52\">\n<p align=\"center\">65.5<\/p>\n<\/td>\n<td width=\"52\">\n<p align=\"center\">45.2<\/p>\n<\/td>\n<td width=\"52\">\n<p align=\"center\">19.8<\/p>\n<\/td>\n<td width=\"92\">\n<p align=\"center\">2.3<\/p>\n<\/td>\n<\/tr>\n<tr>\n<td valign=\"top\" width=\"142\">\n<p align=\"center\">20-8<\/p>\n<\/td>\n<td valign=\"top\" width=\"163\">\n<p align=\"center\">12.5<\/p>\n<\/td>\n<td width=\"52\">\n<p align=\"center\">41<\/p>\n<\/td>\n<td width=\"52\">\n<p align=\"center\">129<\/p>\n<\/td>\n<td width=\"52\">\n<p align=\"center\">138<\/p>\n<\/td>\n<td width=\"52\">\n<p align=\"center\">80<\/p>\n<\/td>\n<td width=\"52\">\n<p align=\"center\">51.8<\/p>\n<\/td>\n<td width=\"52\">\n<p align=\"center\">23<\/p>\n<\/td>\n<td width=\"92\">\n<p align=\"center\">3.3<\/p>\n<\/td>\n<\/tr>\n<tr>\n<td valign=\"top\" width=\"142\">\n<p align=\"center\">22-8<\/p>\n<\/td>\n<td valign=\"top\" width=\"163\">\n<p align=\"center\">15.0<\/p>\n<\/td>\n<td width=\"52\">\n<p align=\"center\">50<\/p>\n<\/td>\n<td width=\"52\">\n<p align=\"center\">191<\/p>\n<\/td>\n<td width=\"52\">\n<p align=\"center\">180<\/p>\n<\/td>\n<td width=\"52\">\n<p align=\"center\">126<\/p>\n<\/td>\n<td width=\"52\">\n<p align=\"center\">70<\/p>\n<\/td>\n<td width=\"52\">\n<p align=\"center\">26<\/p>\n<\/td>\n<td width=\"92\">\n<p align=\"center\">6.89<\/p>\n<\/td>\n<\/tr>\n<\/tbody>\n<\/table>","protected":false},"excerpt":{"rendered":"<p>\u0421\u043e\u0435\u0434\u0438\u043d\u0438\u0442\u0435\u043b\u044c\u043d\u043e\u0435 \u0437\u0432\u0435\u043d\u043e \u0434\u043b\u044f \u0442\u0435\u043a\u0441\u0442\u0438\u043b\u044c\u043d\u044b\u0445 \u0441\u0442\u0440\u043e\u043f\u043e\u0432 8 \u043a\u043b\u0430\u0441\u0441\u0430;<br \/>\n\u041a\u043e\u044d\u0444\u0444\u0438\u0446\u0438\u0435\u043d\u0442 \u0431\u0435\u0437\u043e\u043f\u0430\u0441\u043d\u043e\u0441\u0442\u0438: 4:1;<br \/>\n\u041c\u0430\u0442\u0435\u0440\u0438\u0430\u043b \u0438\u0437\u0433\u043e\u0442\u043e\u0432\u043b\u0435\u043d\u0438\u044f: \u0432\u044b\u0441\u043e\u043a\u043e\u043f\u0440\u043e\u0447\u043d\u0430\u044f \u0441\u0442\u0430\u043b\u044c;<br \/>\n\u0421\u0442\u0430\u043d\u0434\u0430\u0440\u0442: \u0414\u0421\u0422\u0423 EN 1677-4:2017;<br \/>\n\u0421\u043e\u043f\u0440\u043e\u0432\u043e\u0436\u0434\u0430\u0435\u0442\u0441\u044f \u0441\u0435\u0440\u0442\u0438\u0444\u0438\u043a\u0430\u0442\u043e\u043c \u043a\u0430\u0447\u0435\u0441\u0442\u0432\u0430;<br \/>\n\u0413\u0430\u0440\u0430\u043d\u0442\u0438\u044f: 6 \u043c\u0435\u0441\u044f\u0446\u0435\u0432.<\/p>","protected":false},"featured_media":6827,"comment_status":"open","ping_status":"closed","template":"","meta":[],"product_brand":[],"product_cat":[84],"product_tag":[],"class_list":{"0":"post-6826","1":"product","2":"type-product","3":"status-publish","4":"has-post-thumbnail","6":"product_cat-inele","8":"first","9":"instock","10":"shipping-taxable","11":"purchasable","12":"product-type-variable"},"_links":{"self":[{"href":"https:\/\/tros.md\/ru\/wp-json\/wp\/v2\/product\/6826","targetHints":{"allow":["GET"]}}],"collection":[{"href":"https:\/\/tros.md\/ru\/wp-json\/wp\/v2\/product"}],"about":[{"href":"https:\/\/tros.md\/ru\/wp-json\/wp\/v2\/types\/product"}],"replies":[{"embeddable":true,"href":"https:\/\/tros.md\/ru\/wp-json\/wp\/v2\/comments?post=6826"}],"wp:featuredmedia":[{"embeddable":true,"href":"https:\/\/tros.md\/ru\/wp-json\/wp\/v2\/media\/6827"}],"wp:attachment":[{"href":"https:\/\/tros.md\/ru\/wp-json\/wp\/v2\/media?parent=6826"}],"wp:term":[{"taxonomy":"product_brand","embeddable":true,"href":"https:\/\/tros.md\/ru\/wp-json\/wp\/v2\/product_brand?post=6826"},{"taxonomy":"product_cat","embeddable":true,"href":"https:\/\/tros.md\/ru\/wp-json\/wp\/v2\/product_cat?post=6826"},{"taxonomy":"product_tag","embeddable":true,"href":"https:\/\/tros.md\/ru\/wp-json\/wp\/v2\/product_tag?post=6826"}],"curies":[{"name":"wp","href":"https:\/\/api.w.org\/{rel}","templated":true}]}}