{"id":6822,"date":"2024-09-25T11:03:21","date_gmt":"2024-09-25T11:03:21","guid":{"rendered":"https:\/\/tros.md\/?post_type=product&#038;p=6822"},"modified":"2025-12-09T13:49:45","modified_gmt":"2025-12-09T13:49:45","slug":"zala-de-legatura-fluture-sl-74","status":"publish","type":"product","link":"https:\/\/tros.md\/ru\/product\/zala-de-legatura-fluture-sl-74\/","title":{"rendered":"Inel de conectare &#8222;fluture&#8221; (SL-74)"},"content":{"rendered":"<p>Inel de conectare este utilizat ca element de leg\u0103tur\u0103 \u00een dispozitivele de ridicare din lan\u021b de clasa 8 (Grade80). Datorit\u0103 prezen\u021bei unui manson distan\u021bier \u00een construc\u021bie, poate fi u\u0219or asamblat\u0103 \u0219i demontat\u0103 atunci c\u00e2nd este necesar. Inelul de leg\u0103tur\u0103 este fabricat din o\u021bel de \u00eenalt\u0103 rezisten\u021b\u0103. Coeficientul de siguran\u021b\u0103 este de 4:1. Respect\u0103 standardul DSTU EN 1677-4:2017.<\/p>\n<p>&nbsp;<\/p>\n<table border=\"1\" cellspacing=\"0\" cellpadding=\"0\">\n<tbody>\n<tr>\n<td rowspan=\"2\" valign=\"middle\">\n<p align=\"center\"><strong>\u041e\u0431\u043e\u0437\u043d\u0430\u0447\u0435\u043d\u0438\u0435<\/strong><\/p>\n<\/td>\n<td rowspan=\"2\" valign=\"middle\">\n<p align=\"center\"><strong>\u0420\u0430\u0431\u043e\u0447\u0430\u044f \u043d\u0430\u0433\u0440\u0443\u0437\u043a\u0430, \u0442\u043d<\/strong><\/p>\n<\/td>\n<td valign=\"top\">\n<p align=\"center\"><strong>A<\/strong><\/p>\n<\/td>\n<td valign=\"top\">\n<p align=\"center\"><strong>B<\/strong><\/p>\n<\/td>\n<td valign=\"top\">\n<p align=\"center\"><strong>K<\/strong><\/p>\n<\/td>\n<td valign=\"top\">\n<p align=\"center\"><strong>D<\/strong><\/p>\n<\/td>\n<td rowspan=\"2\" valign=\"top\">\n<p align=\"center\"><strong>\u041c\u0430\u0441\u0441\u0430 1 \u0448\u0442<\/strong><\/p>\n<p align=\"center\"><strong>\u043a\u0433<\/strong><\/p>\n<\/td>\n<\/tr>\n<tr>\n<td valign=\"top\">\n<p align=\"center\"><strong>\u043c\u043c<\/strong><\/p>\n<\/td>\n<td valign=\"top\">\n<p align=\"center\"><strong>\u043c\u043c<\/strong><\/p>\n<\/td>\n<td valign=\"top\">\n<p align=\"center\"><strong>\u043c\u043c<\/strong><\/p>\n<\/td>\n<td valign=\"top\">\n<p align=\"center\"><strong>\u043c\u043c<\/strong><\/p>\n<\/td>\n<\/tr>\n<tr>\n<td valign=\"top\">\n<p align=\"center\">6-8<\/p>\n<\/td>\n<td valign=\"top\">\n<p align=\"center\">1.12<\/p>\n<\/td>\n<td valign=\"top\">\n<p align=\"center\">16.2<\/p>\n<\/td>\n<td valign=\"top\">\n<p align=\"center\">18.5<\/p>\n<\/td>\n<td valign=\"top\">\n<p align=\"center\">42.5<\/p>\n<\/td>\n<td valign=\"top\">\n<p align=\"center\">7.5<\/p>\n<\/td>\n<td valign=\"top\">\n<p align=\"center\">0.14<\/p>\n<\/td>\n<\/tr>\n<tr>\n<td valign=\"top\">\n<p align=\"center\">7\/8-8<\/p>\n<\/td>\n<td valign=\"top\">\n<p align=\"center\">2.0<\/p>\n<\/td>\n<td valign=\"top\">\n<p align=\"center\">20.5<\/p>\n<\/td>\n<td valign=\"top\">\n<p align=\"center\">24.0<\/p>\n<\/td>\n<td valign=\"top\">\n<p align=\"center\">58.0<\/p>\n<\/td>\n<td valign=\"top\">\n<p align=\"center\">8.5<\/p>\n<\/td>\n<td valign=\"top\">\n<p align=\"center\">0.20<\/p>\n<\/td>\n<\/tr>\n<tr>\n<td valign=\"top\">\n<p align=\"center\">10-8<\/p>\n<\/td>\n<td valign=\"top\">\n<p align=\"center\">3.15<\/p>\n<\/td>\n<td valign=\"top\">\n<p align=\"center\">28.0<\/p>\n<\/td>\n<td valign=\"top\">\n<p align=\"center\">30.0<\/p>\n<\/td>\n<td valign=\"top\">\n<p align=\"center\">68.0<\/p>\n<\/td>\n<td valign=\"top\">\n<p align=\"center\">10.8<\/p>\n<\/td>\n<td valign=\"top\">\n<p align=\"center\">0.38<\/p>\n<\/td>\n<\/tr>\n<tr>\n<td valign=\"top\">\n<p align=\"center\">13-8<\/p>\n<\/td>\n<td valign=\"top\">\n<p align=\"center\">5.3<\/p>\n<\/td>\n<td valign=\"top\">\n<p align=\"center\">30.0<\/p>\n<\/td>\n<td valign=\"top\">\n<p align=\"center\">38.0<\/p>\n<\/td>\n<td valign=\"top\">\n<p align=\"center\">90.0<\/p>\n<\/td>\n<td valign=\"top\">\n<p align=\"center\">15.0<\/p>\n<\/td>\n<td valign=\"top\">\n<p align=\"center\">0.76<\/p>\n<\/td>\n<\/tr>\n<tr>\n<td valign=\"top\">\n<p align=\"center\">16-8<\/p>\n<\/td>\n<td valign=\"top\">\n<p align=\"center\">8.0<\/p>\n<\/td>\n<td valign=\"top\">\n<p align=\"center\">36.3<\/p>\n<\/td>\n<td valign=\"top\">\n<p align=\"center\">45.5<\/p>\n<\/td>\n<td valign=\"top\">\n<p align=\"center\">101.9<\/p>\n<\/td>\n<td valign=\"top\">\n<p align=\"center\">19.8<\/p>\n<\/td>\n<td valign=\"top\">\n<p align=\"center\">1.10<\/p>\n<\/td>\n<\/tr>\n<tr>\n<td valign=\"top\">\n<p align=\"center\">18\/20-8<\/p>\n<\/td>\n<td valign=\"top\">\n<p align=\"center\">12.5<\/p>\n<\/td>\n<td valign=\"top\">\n<p align=\"center\">44.3<\/p>\n<\/td>\n<td valign=\"top\">\n<p align=\"center\">54.5<\/p>\n<\/td>\n<td valign=\"top\">\n<p align=\"center\">121.0<\/p>\n<\/td>\n<td valign=\"top\">\n<p align=\"center\">24.0<\/p>\n<\/td>\n<td valign=\"top\">\n<p align=\"center\">1.80<\/p>\n<\/td>\n<\/tr>\n<tr>\n<td valign=\"top\">\n<p align=\"center\">22-8<\/p>\n<\/td>\n<td valign=\"top\">\n<p align=\"center\">15.0<\/p>\n<\/td>\n<td valign=\"top\">\n<p align=\"center\">51.0<\/p>\n<\/td>\n<td valign=\"top\">\n<p align=\"center\">56.0<\/p>\n<\/td>\n<td valign=\"top\">\n<p align=\"center\">148.0<\/p>\n<\/td>\n<td valign=\"top\">\n<p align=\"center\">26.0<\/p>\n<\/td>\n<td valign=\"top\">\n<p align=\"center\">3.20<\/p>\n<\/td>\n<\/tr>\n<tr>\n<td valign=\"top\">\n<p align=\"center\">26-8<\/p>\n<\/td>\n<td valign=\"top\">\n<p align=\"center\">21.2<\/p>\n<\/td>\n<td valign=\"top\">\n<p align=\"center\">58.0<\/p>\n<\/td>\n<td valign=\"top\">\n<p align=\"center\">76.0<\/p>\n<\/td>\n<td valign=\"top\">\n<p align=\"center\">161.0<\/p>\n<\/td>\n<td valign=\"top\">\n<p align=\"center\">30.0<\/p>\n<\/td>\n<td valign=\"top\">\n<p align=\"center\">4.50<\/p>\n<\/td>\n<\/tr>\n<tr>\n<td valign=\"top\">\n<p align=\"center\">32-8<\/p>\n<\/td>\n<td valign=\"top\">\n<p align=\"center\">31.5<\/p>\n<\/td>\n<td valign=\"top\">\n<p align=\"center\">67.0<\/p>\n<\/td>\n<td valign=\"top\">\n<p align=\"center\">126.0<\/p>\n<\/td>\n<td valign=\"top\">\n<p align=\"center\">205.0<\/p>\n<\/td>\n<td valign=\"top\">\n<p align=\"center\">37.0<\/p>\n<\/td>\n<td valign=\"top\">\n<p align=\"center\">9.00<\/p>\n<\/td>\n<\/tr>\n<\/tbody>\n<\/table>","protected":false},"excerpt":{"rendered":"<p>Inel de conectare pentru dispozitivele de ridiacre din lan\u021b clasa 8;<\/p>\n<ul>\n<li>\u041a\u043e\u044d\u0444\u0444\u0438\u0446\u0438\u0435\u043d\u0442 \u0431\u0435\u0437\u043e\u043f\u0430\u0441\u043d\u043e\u0441\u0442\u0438: 4:1;<\/li>\n<li>\u041c\u0430\u0442\u0435\u0440\u0438\u0430\u043b \u0438\u0437\u0433\u043e\u0442\u043e\u0432\u043b\u0435\u043d\u0438\u044f: \u0432\u044b\u0441\u043e\u043a\u043e\u043f\u0440\u043e\u0447\u043d\u0430\u044f \u0441\u0442\u0430\u043b\u044c;<\/li>\n<li>\u0421\u0442\u0430\u043d\u0434\u0430\u0440\u0442: \u0414\u0421\u0422\u0423 EN 1677-4:2017;<\/li>\n<li>\u0421\u043e\u043f\u0440\u043e\u0432\u043e\u0436\u0434\u0430\u0435\u0442\u0441\u044f \u0441\u0435\u0440\u0442\u0438\u0444\u0438\u043a\u0430\u0442\u043e\u043c \u043a\u0430\u0447\u0435\u0441\u0442\u0432\u0430;<\/li>\n<li>\u0413\u0430\u0440\u0430\u043d\u0442\u0438\u044f: 6 \u043c\u0435\u0441\u044f\u0446\u0435\u0432.<\/li>\n<\/ul>","protected":false},"featured_media":6823,"comment_status":"open","ping_status":"closed","template":"","meta":[],"product_brand":[],"product_cat":[84],"product_tag":[],"class_list":{"0":"post-6822","1":"product","2":"type-product","3":"status-publish","4":"has-post-thumbnail","6":"product_cat-inele","8":"first","9":"instock","10":"shipping-taxable","11":"purchasable","12":"product-type-variable"},"_links":{"self":[{"href":"https:\/\/tros.md\/ru\/wp-json\/wp\/v2\/product\/6822","targetHints":{"allow":["GET"]}}],"collection":[{"href":"https:\/\/tros.md\/ru\/wp-json\/wp\/v2\/product"}],"about":[{"href":"https:\/\/tros.md\/ru\/wp-json\/wp\/v2\/types\/product"}],"replies":[{"embeddable":true,"href":"https:\/\/tros.md\/ru\/wp-json\/wp\/v2\/comments?post=6822"}],"wp:featuredmedia":[{"embeddable":true,"href":"https:\/\/tros.md\/ru\/wp-json\/wp\/v2\/media\/6823"}],"wp:attachment":[{"href":"https:\/\/tros.md\/ru\/wp-json\/wp\/v2\/media?parent=6822"}],"wp:term":[{"taxonomy":"product_brand","embeddable":true,"href":"https:\/\/tros.md\/ru\/wp-json\/wp\/v2\/product_brand?post=6822"},{"taxonomy":"product_cat","embeddable":true,"href":"https:\/\/tros.md\/ru\/wp-json\/wp\/v2\/product_cat?post=6822"},{"taxonomy":"product_tag","embeddable":true,"href":"https:\/\/tros.md\/ru\/wp-json\/wp\/v2\/product_tag?post=6822"}],"curies":[{"name":"wp","href":"https:\/\/api.w.org\/{rel}","templated":true}]}}