{"id":6792,"date":"2024-09-25T11:03:00","date_gmt":"2024-09-25T11:03:00","guid":{"rendered":"https:\/\/tros.md\/?post_type=product&#038;p=6792"},"modified":"2025-12-09T14:08:03","modified_gmt":"2025-12-09T14:08:03","slug":"rasucitoare-din-aluminiu-din-3093","status":"publish","type":"product","link":"https:\/\/tros.md\/ru\/product\/rasucitoare-din-aluminiu-din-3093\/","title":{"rendered":"\u0412\u0442\u0443\u043b\u043a\u0430 \u0430\u043b\u044e\u043c\u0438\u043d\u0438\u0435\u0432\u0430\u044f DIN 3093"},"content":{"rendered":"<p><strong>\u0412\u0442\u0443\u043b\u043a\u0430 \u0430\u043b\u044e\u043c\u0438\u043d\u0438\u0435\u0432\u0430\u044f - \u043f\u0440\u0438\u043c\u0435\u043d\u0435\u043d\u0438\u0435 \u0438 \u043f\u0440\u0435\u0438\u043c\u0443\u0449\u0435\u0441\u0442\u0432\u0430<\/strong><\/p>\n<p><strong>Man\u0219oane din aluminiu<\/strong> sunt dispozitive utilizate pentru str\u00e2ngerea capetelor cablurilor \u00een procesul de fabricare a dispozitivelor de ridicare din cablu. Dup\u0103 presare, acestea formeaz\u0103 o structur\u0103 omogen\u0103 cu firele cablului unite, oferind astfel eficien\u021b\u0103 \u0219i siguran\u021b\u0103 sporit\u0103 pentru echipamentele de ridicare a \u00eenc\u0103rc\u0103turilor.<\/p>\n<p><strong>\u042d\u0444\u0444\u0435\u043a\u0442\u0438\u0432\u043d\u043e\u0435 \u043f\u0440\u0438\u043c\u0435\u043d\u0435\u043d\u0438\u0435 \u0430\u043b\u044e\u043c\u0438\u043d\u0438\u0435\u0432\u043e\u0439 \u0432\u0442\u0443\u043b\u043a\u0438 \u0434\u043b\u044f \u0442\u0440\u043e\u0441\u0430<\/strong> \u0410\u043b\u044e\u043c\u0438\u043d\u0438\u0435\u0432\u0430\u044f \u0432\u0442\u0443\u043b\u043a\u0430 DIN 3093 \u0438\u043c\u0435\u0435\u0442 \u0432\u0438\u0434 \u0441\u043f\u043b\u044e\u0449\u0435\u043d\u043d\u043e\u0433\u043e \u0431\u0435\u0441\u0448\u043e\u0432\u043d\u043e\u0433\u043e \u043f\u043e\u043b\u043e\u0433\u043e \u0446\u0438\u043b\u0438\u043d\u0434\u0440\u0430. \u042d\u0442\u0438 \u0440\u0430\u0441\u0445\u043e\u0434\u043d\u0438\u043a\u0438 \u043f\u0440\u0438\u043c\u0435\u043d\u044f\u044e\u0442\u0441\u044f \u0434\u043b\u044f \u0441\u0440\u0430\u0449\u0438\u0432\u0430\u043d\u0438\u044f \u043a\u0430\u043d\u0430\u0442\u043e\u0432 \u0438 \u0438\u0437\u0433\u043e\u0442\u043e\u0432\u043b\u0435\u043d\u0438\u044f \u043f\u0435\u0442\u0435\u043b\u044c \u043d\u0430 \u043a\u043e\u043d\u0446\u0430\u0445 \u0442\u0440\u043e\u0441\u043e\u0432. \u041e\u043d\u0438 \u0432\u043e\u0441\u0442\u0440\u0435\u0431\u043e\u0432\u0430\u043d\u044b \u0432 \u043e\u0442\u0440\u0430\u0441\u043b\u044f\u0445, \u0441\u0432\u044f\u0437\u0430\u043d\u043d\u044b\u0445 \u0441 \u043f\u043e\u0433\u0440\u0443\u0437\u043e\u0447\u043d\u043e-\u0440\u0430\u0437\u0433\u0440\u0443\u0437\u043e\u0447\u043d\u044b\u043c\u0438 \u0440\u0430\u0431\u043e\u0442\u0430\u043c\u0438: \u0441\u0442\u0440\u043e\u0438\u0442\u0435\u043b\u044c\u043d\u043e\u0439, \u0441\u043a\u043b\u0430\u0434\u0441\u043a\u043e\u0439, \u043c\u0435\u0442\u0430\u043b\u043b\u0443\u0440\u0433\u0438\u0447\u0435\u0441\u043a\u043e\u0439, \u043d\u0435\u0444\u0442\u0435\u0433\u0430\u0437\u043e\u0432\u043e\u0439, \u0430 \u0442\u0430\u043a\u0436\u0435 \u043f\u0440\u0438 \u0433\u0440\u0443\u0437\u043e\u043f\u0435\u0440\u0435\u0432\u043e\u0437\u043a\u0430\u0445 \u043c\u043e\u0440\u0441\u043a\u0438\u043c, \u0432\u043e\u0437\u0434\u0443\u0448\u043d\u044b\u043c \u0438 \u0430\u0432\u0442\u043e\u0442\u0440\u0430\u043d\u0441\u043f\u043e\u0440\u0442\u043e\u043c.<\/p>\n<p><strong>\u041f\u0440\u0435\u0438\u043c\u0443\u0449\u0435\u0441\u0442\u0432\u0430 \u0430\u043b\u044e\u043c\u0438\u043d\u0438\u0435\u0432\u044b\u0445 \u0432\u0442\u0443\u043b\u043e\u043a DIN 3093<\/strong><\/p>\n<p>\u0410\u043b\u044e\u043c\u0438\u043d\u0438\u0435\u0432\u044b\u0435 \u0432\u0442\u0443\u043b\u043a\u0438 \u0434\u043b\u044f \u043e\u0431\u0436\u0430\u0442\u0438\u044f \u0441\u0442\u0430\u043b\u044c\u043d\u044b\u0445 \u043a\u0430\u043d\u0430\u0442\u043e\u0432 \u0434\u0438\u0430\u043c\u0435\u0442\u0440\u043e\u043c \u043e\u0442 1,5 \u0434\u043e 42 \u043c\u043c \u043f\u043e\u0434\u0445\u043e\u0434\u044f\u0442 \u0434\u043b\u044f \u0440\u0430\u0437\u043d\u044b\u0445 \u0433\u0440\u0443\u0437\u043e\u043f\u043e\u0434\u044a\u0435\u043c\u043d\u044b\u0445 \u0441\u0438\u0441\u0442\u0435\u043c. \u041f\u043b\u0430\u0441\u0442\u0438\u0447\u043d\u043e\u0441\u0442\u044c \u0430\u043b\u044e\u043c\u0438\u043d\u0438\u0435\u0432\u043e\u0433\u043e \u0441\u043f\u043b\u0430\u0432\u0430 \u043f\u0440\u0438 \u0432\u044b\u0441\u043e\u043a\u043e\u0439 \u043f\u0440\u043e\u0447\u043d\u043e\u0441\u0442\u0438 \u043f\u043e\u0437\u0432\u043e\u043b\u044f\u0435\u0442 \u0441\u043e\u0437\u0434\u0430\u0432\u0430\u0442\u044c \u043d\u0430\u0434\u0435\u0436\u043d\u044b\u0435 \u0441\u043e\u0435\u0434\u0438\u043d\u0435\u043d\u0438\u044f. \u0412\u0442\u0443\u043b\u043a\u0430 \u043d\u0435 \u043f\u0440\u043e\u0441\u0442\u043e \u043e\u0431\u0436\u0438\u043c\u0430\u0435\u0442 \u043a\u043e\u043d\u0446\u044b \u0442\u0440\u043e\u0441\u043e\u0432, \u0430 \u0441\u043f\u0430\u0438\u0432\u0430\u0435\u0442\u0441\u044f \u0441 \u043d\u0438\u0442\u044f\u043c\u0438, \u0444\u043e\u0440\u043c\u0438\u0440\u0443\u044f \u043e\u0434\u043d\u043e\u0440\u043e\u0434\u043d\u044b\u0439 \u0443\u0437\u0435\u043b.<\/p>\n<p><strong>\u041f\u0440\u0435\u0438\u043c\u0443\u0449\u0435\u0441\u0442\u0432\u0430:<\/strong><\/p>\n<ul>\n<li>\u044d\u0444\u0444\u0435\u043a\u0442\u0438\u0432\u043d\u043e\u0441\u0442\u044c \u043f\u0440\u0438\u043c\u0435\u043d\u0435\u043d\u0438\u044f;<\/li>\n<li>\u0431\u043e\u043b\u044c\u0448\u043e\u0439 \u0437\u0430\u043f\u0430\u0441 \u043f\u0440\u043e\u0447\u043d\u043e\u0441\u0442\u0438 \u043f\u0440\u0438 \u043f\u0440\u0430\u0432\u0438\u043b\u044c\u043d\u043e \u0432\u044b\u043f\u043e\u043b\u043d\u0435\u043d\u043d\u043e\u0439 \u043e\u043f\u0440\u0435\u0441\u0441\u043e\u0432\u043a\u0435;<\/li>\n<li>\u044d\u043a\u0441\u043f\u043b\u0443\u0430\u0442\u0430\u0446\u0438\u044f \u043a\u0430\u043a \u043f\u0440\u0438 \u043c\u0438\u043d\u0443\u0441\u043e\u0432\u044b\u0445 \u0442\u0435\u043c\u043f\u0435\u0440\u0430\u0442\u0443\u0440\u0430\u0445, \u0442\u0430\u043a \u0438 \u0432 \u0442\u0440\u043e\u043f\u0438\u0447\u0435\u0441\u043a\u043e\u043c \u043a\u043b\u0438\u043c\u0430\u0442\u0435;<\/li>\n<li>\u0443\u0441\u0442\u043e\u0439\u0447\u0438\u0432\u043e\u0441\u0442\u044c \u043a \u043a\u043e\u0440\u0440\u043e\u0437\u0438\u0438 (\u0432\u044b\u0448\u0435, \u0447\u0435\u043c \u0443 \u0441\u0442\u0430\u043b\u0438);<\/li>\n<li>\u0434\u043e\u043b\u0433\u043e\u0432\u0435\u0447\u043d\u043e\u0441\u0442\u044c \u0444\u043e\u0440\u043c\u0438\u0440\u0443\u0435\u043c\u044b\u0445 \u0441\u043e\u0435\u0434\u0438\u043d\u0435\u043d\u0438\u0439.<\/li>\n<\/ul>\n<p>&nbsp;<\/p>\n<table border=\"1\" cellspacing=\"0\" cellpadding=\"0\">\n<tbody>\n<tr>\n<td rowspan=\"2\" valign=\"top\" width=\"141\">\n<p align=\"center\"><strong>\u041e\u0431\u043e\u0437\u043d\u0430\u0447\u0435\u043d\u0438\u0435<\/strong><\/p>\n<\/td>\n<td valign=\"top\">\n<p align=\"center\"><strong>A<\/strong><\/p>\n<\/td>\n<td valign=\"top\">\n<p align=\"center\"><strong>B<\/strong><\/p>\n<\/td>\n<td valign=\"top\">\n<p align=\"center\"><strong>C<\/strong><\/p>\n<\/td>\n<td valign=\"top\">\n<p align=\"center\"><strong>D<\/strong><\/p>\n<\/td>\n<td rowspan=\"2\" valign=\"top\">\n<p align=\"center\"><strong>\u041c\u0430\u0441\u0441\u0430 1000 \u0448\u0442,<\/strong><\/p>\n<p align=\"center\"><strong>\u043a\u0433<\/strong><\/p>\n<\/td>\n<\/tr>\n<tr>\n<td valign=\"top\">\n<p align=\"center\"><strong>\u043c\u043c<\/strong><\/p>\n<\/td>\n<td valign=\"top\">\n<p align=\"center\"><strong>\u043c\u043c<\/strong><\/p>\n<\/td>\n<td valign=\"top\">\n<p align=\"center\"><strong>\u043c\u043c<\/strong><\/p>\n<\/td>\n<td valign=\"top\">\n<p align=\"center\"><strong>\u043c\u043c<\/strong><\/p>\n<\/td>\n<\/tr>\n<tr>\n<td width=\"141\">\n<p align=\"center\">1,5<\/p>\n<\/td>\n<td>\n<p align=\"center\">1,9<\/p>\n<\/td>\n<td>\n<p align=\"center\">3<\/p>\n<\/td>\n<td>\n<p align=\"center\">0,9<\/p>\n<\/td>\n<td>\n<p align=\"center\">6<\/p>\n<\/td>\n<td>\n<p align=\"center\">0,14<\/p>\n<\/td>\n<\/tr>\n<tr>\n<td width=\"141\">\n<p align=\"center\">2<\/p>\n<\/td>\n<td>\n<p align=\"center\">2,1<\/p>\n<\/td>\n<td>\n<p align=\"center\">4<\/p>\n<\/td>\n<td>\n<p align=\"center\">1<\/p>\n<\/td>\n<td>\n<p align=\"center\">7<\/p>\n<\/td>\n<td>\n<p align=\"center\">0,23<\/p>\n<\/td>\n<\/tr>\n<tr>\n<td width=\"141\">\n<p align=\"center\">3<\/p>\n<\/td>\n<td>\n<p align=\"center\">3,5<\/p>\n<\/td>\n<td>\n<p align=\"center\">6,5<\/p>\n<\/td>\n<td>\n<p align=\"center\">1,1<\/p>\n<\/td>\n<td>\n<p align=\"center\">11<\/p>\n<\/td>\n<td>\n<p align=\"center\">0,78<\/p>\n<\/td>\n<\/tr>\n<tr>\n<td width=\"141\">\n<p align=\"center\">4<\/p>\n<\/td>\n<td>\n<p align=\"center\">4,5<\/p>\n<\/td>\n<td>\n<p align=\"center\">8,5<\/p>\n<\/td>\n<td>\n<p align=\"center\">2<\/p>\n<\/td>\n<td>\n<p align=\"center\">14<\/p>\n<\/td>\n<td>\n<p align=\"center\">1,84<\/p>\n<\/td>\n<\/tr>\n<tr>\n<td width=\"141\">\n<p align=\"center\">5<\/p>\n<\/td>\n<td>\n<p align=\"center\">5,5<\/p>\n<\/td>\n<td>\n<p align=\"center\">11<\/p>\n<\/td>\n<td>\n<p align=\"center\">2<\/p>\n<\/td>\n<td>\n<p align=\"center\">18<\/p>\n<\/td>\n<td>\n<p align=\"center\">3,5<\/p>\n<\/td>\n<\/tr>\n<tr>\n<td width=\"141\">\n<p align=\"center\">6<\/p>\n<\/td>\n<td>\n<p align=\"center\">6,6<\/p>\n<\/td>\n<td>\n<p align=\"center\">13,2<\/p>\n<\/td>\n<td>\n<p align=\"center\">2,5<\/p>\n<\/td>\n<td>\n<p align=\"center\">21<\/p>\n<\/td>\n<td>\n<p align=\"center\">5,86<\/p>\n<\/td>\n<\/tr>\n<tr>\n<td width=\"141\">\n<p align=\"center\">8<\/p>\n<\/td>\n<td>\n<p align=\"center\">8,8<\/p>\n<\/td>\n<td>\n<p align=\"center\">17,6<\/p>\n<\/td>\n<td>\n<p align=\"center\">3,3<\/p>\n<\/td>\n<td>\n<p align=\"center\">28<\/p>\n<\/td>\n<td>\n<p align=\"center\">13,7<\/p>\n<\/td>\n<\/tr>\n<tr>\n<td width=\"141\">\n<p align=\"center\">9<\/p>\n<\/td>\n<td>\n<p align=\"center\">10<\/p>\n<\/td>\n<td>\n<p align=\"center\">20<\/p>\n<\/td>\n<td>\n<p align=\"center\">4<\/p>\n<\/td>\n<td>\n<p align=\"center\">31,5<\/p>\n<\/td>\n<td>\n<p align=\"center\">20<\/p>\n<\/td>\n<\/tr>\n<tr>\n<td width=\"141\">\n<p align=\"center\">10<\/p>\n<\/td>\n<td>\n<p align=\"center\">10,9<\/p>\n<\/td>\n<td>\n<p align=\"center\">21,8<\/p>\n<\/td>\n<td>\n<p align=\"center\">4,1<\/p>\n<\/td>\n<td>\n<p align=\"center\">35<\/p>\n<\/td>\n<td>\n<p align=\"center\">26,4<\/p>\n<\/td>\n<\/tr>\n<tr>\n<td width=\"141\">\n<p align=\"center\">12<\/p>\n<\/td>\n<td>\n<p align=\"center\">13,2<\/p>\n<\/td>\n<td>\n<p align=\"center\">26,4<\/p>\n<\/td>\n<td>\n<p align=\"center\">4,9<\/p>\n<\/td>\n<td>\n<p align=\"center\">42<\/p>\n<\/td>\n<td>\n<p align=\"center\">45,8<\/p>\n<\/td>\n<\/tr>\n<tr>\n<td width=\"141\">\n<p align=\"center\">13<\/p>\n<\/td>\n<td>\n<p align=\"center\">14<\/p>\n<\/td>\n<td>\n<p align=\"center\">28<\/p>\n<\/td>\n<td>\n<p align=\"center\">5<\/p>\n<\/td>\n<td>\n<p align=\"center\">46<\/p>\n<\/td>\n<td>\n<p align=\"center\">59<\/p>\n<\/td>\n<\/tr>\n<tr>\n<td width=\"141\">\n<p align=\"center\">14<\/p>\n<\/td>\n<td>\n<p align=\"center\">15,3<\/p>\n<\/td>\n<td>\n<p align=\"center\">30,6<\/p>\n<\/td>\n<td>\n<p align=\"center\">5,8<\/p>\n<\/td>\n<td>\n<p align=\"center\">49<\/p>\n<\/td>\n<td>\n<p align=\"center\">73,5<\/p>\n<\/td>\n<\/tr>\n<tr>\n<td width=\"141\">\n<p align=\"center\">16<\/p>\n<\/td>\n<td>\n<p align=\"center\">17,5<\/p>\n<\/td>\n<td>\n<p align=\"center\">35<\/p>\n<\/td>\n<td>\n<p align=\"center\">6,7<\/p>\n<\/td>\n<td>\n<p align=\"center\">56<\/p>\n<\/td>\n<td>\n<p align=\"center\">111<\/p>\n<\/td>\n<\/tr>\n<tr>\n<td width=\"141\">\n<p align=\"center\">18<\/p>\n<\/td>\n<td>\n<p align=\"center\">19,8<\/p>\n<\/td>\n<td>\n<p align=\"center\">39,6<\/p>\n<\/td>\n<td>\n<p align=\"center\">7,4<\/p>\n<\/td>\n<td>\n<p align=\"center\">63<\/p>\n<\/td>\n<td>\n<p align=\"center\">159<\/p>\n<\/td>\n<\/tr>\n<tr>\n<td width=\"141\">\n<p align=\"center\">20<\/p>\n<\/td>\n<td>\n<p align=\"center\">21,7<\/p>\n<\/td>\n<td>\n<p align=\"center\">43,4<\/p>\n<\/td>\n<td>\n<p align=\"center\">8,4<\/p>\n<\/td>\n<td>\n<p align=\"center\">70<\/p>\n<\/td>\n<td>\n<p align=\"center\">217<\/p>\n<\/td>\n<\/tr>\n<tr>\n<td width=\"141\">\n<p align=\"center\">22<\/p>\n<\/td>\n<td>\n<p align=\"center\">24,3<\/p>\n<\/td>\n<td>\n<p align=\"center\">48,6<\/p>\n<\/td>\n<td>\n<p align=\"center\">9,2<\/p>\n<\/td>\n<td>\n<p align=\"center\">77<\/p>\n<\/td>\n<td>\n<p align=\"center\">292<\/p>\n<\/td>\n<\/tr>\n<tr>\n<td width=\"141\">\n<p align=\"center\">24<\/p>\n<\/td>\n<td>\n<p align=\"center\">26,4<\/p>\n<\/td>\n<td>\n<p align=\"center\">52,8<\/p>\n<\/td>\n<td>\n<p align=\"center\">10<\/p>\n<\/td>\n<td>\n<p align=\"center\">84<\/p>\n<\/td>\n<td>\n<p align=\"center\">376<\/p>\n<\/td>\n<\/tr>\n<tr>\n<td width=\"141\">\n<p align=\"center\">28<\/p>\n<\/td>\n<td>\n<p align=\"center\">31<\/p>\n<\/td>\n<td>\n<p align=\"center\">62<\/p>\n<\/td>\n<td>\n<p align=\"center\">11,7<\/p>\n<\/td>\n<td>\n<p align=\"center\">98<\/p>\n<\/td>\n<td>\n<p align=\"center\">603<\/p>\n<\/td>\n<\/tr>\n<tr>\n<td width=\"141\">\n<p align=\"center\">30<\/p>\n<\/td>\n<td>\n<p align=\"center\">33,1<\/p>\n<\/td>\n<td>\n<p align=\"center\">66,2<\/p>\n<\/td>\n<td>\n<p align=\"center\">12,5<\/p>\n<\/td>\n<td>\n<p align=\"center\">105<\/p>\n<\/td>\n<td>\n<p align=\"center\">739<\/p>\n<\/td>\n<\/tr>\n<tr>\n<td width=\"141\">\n<p align=\"center\">32<\/p>\n<\/td>\n<td>\n<p align=\"center\">35,2<\/p>\n<\/td>\n<td>\n<p align=\"center\">70,4<\/p>\n<\/td>\n<td>\n<p align=\"center\">13,4<\/p>\n<\/td>\n<td>\n<p align=\"center\">112<\/p>\n<\/td>\n<td>\n<p align=\"center\">897<\/p>\n<\/td>\n<\/tr>\n<tr>\n<td width=\"141\">\n<p align=\"center\">34<\/p>\n<\/td>\n<td>\n<p align=\"center\">37,8<\/p>\n<\/td>\n<td>\n<p align=\"center\">75,6<\/p>\n<\/td>\n<td>\n<p align=\"center\">14,2<\/p>\n<\/td>\n<td>\n<p align=\"center\">119<\/p>\n<\/td>\n<td>\n<p align=\"center\">1080<\/p>\n<\/td>\n<\/tr>\n<tr>\n<td width=\"141\">\n<p align=\"center\">36<\/p>\n<\/td>\n<td>\n<p align=\"center\">39,4<\/p>\n<\/td>\n<td>\n<p align=\"center\">79,6<\/p>\n<\/td>\n<td>\n<p align=\"center\">15,0<\/p>\n<\/td>\n<td>\n<p align=\"center\">126<\/p>\n<\/td>\n<td>\n<p align=\"center\">1275<\/p>\n<\/td>\n<\/tr>\n<tr>\n<td width=\"141\">\n<p align=\"center\">38<\/p>\n<\/td>\n<td>\n<p align=\"center\">41,9<\/p>\n<\/td>\n<td>\n<p align=\"center\">83,8<\/p>\n<\/td>\n<td>\n<p align=\"center\">15,8<\/p>\n<\/td>\n<td>\n<p align=\"center\">133<\/p>\n<\/td>\n<td>\n<p align=\"center\">1503<\/p>\n<\/td>\n<\/tr>\n<tr>\n<td width=\"141\">\n<p align=\"center\">40<\/p>\n<\/td>\n<td>\n<p align=\"center\">44<\/p>\n<\/td>\n<td>\n<p align=\"center\">88,0<\/p>\n<\/td>\n<td>\n<p align=\"center\">16,6<\/p>\n<\/td>\n<td>\n<p align=\"center\">140<\/p>\n<\/td>\n<td>\n<p align=\"center\">1734<\/p>\n<\/td>\n<\/tr>\n<tr>\n<td width=\"141\">\n<p align=\"center\">42<\/p>\n<\/td>\n<td>\n<p align=\"center\">46,2<\/p>\n<\/td>\n<td>\n<p align=\"center\">92,4<\/p>\n<\/td>\n<td>\n<p align=\"center\">17,5<\/p>\n<\/td>\n<td>\n<p align=\"center\">147<\/p>\n<\/td>\n<td>\n<p align=\"center\">2050<\/p>\n<\/td>\n<\/tr>\n<tr>\n<td width=\"141\">\n<p align=\"center\">44<\/p>\n<\/td>\n<td>\n<p align=\"center\">48,4<\/p>\n<\/td>\n<td>\n<p align=\"center\">96,8<\/p>\n<\/td>\n<td>\n<p align=\"center\">18,3<\/p>\n<\/td>\n<td>\n<p align=\"center\">154<\/p>\n<\/td>\n<td>\n<p align=\"center\">2350<\/p>\n<\/td>\n<\/tr>\n<\/tbody>\n<\/table>","protected":false},"excerpt":{"rendered":"<p>Man\u0219oane din aluminiu este destinat\u0103 pentru str\u00e2ngerea cablului de otel.<\/p>\n<p><strong>\u041c\u0430\u0442\u0435\u0440\u0438\u0430\u043b \u0438\u0437\u0433\u043e\u0442\u043e\u0432\u043b\u0435\u043d\u0438\u044f :<\/strong> \u0430\u043b\u044e\u043c\u0438\u043d\u0438\u0435\u0432\u044b\u0439 \u0441\u043f\u043b\u0430\u0432.<br \/>\n<strong>\u0421\u0442\u0430\u043d\u0434\u0430\u0440\u0442:<\/strong> DIN 3093, \u0414\u0421\u0422\u0423 EN 13411-3:2014.<br \/>\n<strong>\u0421\u0435\u0440\u0442\u0438\u0444\u0438\u043a\u0430\u0442 \u043a\u0430\u0447\u0435\u0441\u0442\u0432\u0430:<\/strong> \u0421\u043e\u043f\u0440\u043e\u0432\u043e\u0436\u0434\u0430\u0435\u0442\u0441\u044f \u0441\u0435\u0440\u0442\u0438\u0444\u0438\u043a\u0430\u0442\u043e\u043c \u043a\u0430\u0447\u0435\u0441\u0442\u0432\u0430.<br \/>\n<strong>\u0413\u0430\u0440\u0430\u043d\u0442\u0438\u044f:<\/strong> 6 \u043c\u0435\u0441\u044f\u0446\u0435\u0432.<\/p>","protected":false},"featured_media":6793,"comment_status":"open","ping_status":"closed","template":"","meta":[],"product_brand":[],"product_cat":[110],"product_tag":[],"class_list":{"0":"post-6792","1":"product","2":"type-product","3":"status-publish","4":"has-post-thumbnail","6":"product_cat-mansoane","8":"first","9":"instock","10":"shipping-taxable","11":"purchasable","12":"product-type-variable"},"_links":{"self":[{"href":"https:\/\/tros.md\/ru\/wp-json\/wp\/v2\/product\/6792","targetHints":{"allow":["GET"]}}],"collection":[{"href":"https:\/\/tros.md\/ru\/wp-json\/wp\/v2\/product"}],"about":[{"href":"https:\/\/tros.md\/ru\/wp-json\/wp\/v2\/types\/product"}],"replies":[{"embeddable":true,"href":"https:\/\/tros.md\/ru\/wp-json\/wp\/v2\/comments?post=6792"}],"wp:featuredmedia":[{"embeddable":true,"href":"https:\/\/tros.md\/ru\/wp-json\/wp\/v2\/media\/6793"}],"wp:attachment":[{"href":"https:\/\/tros.md\/ru\/wp-json\/wp\/v2\/media?parent=6792"}],"wp:term":[{"taxonomy":"product_brand","embeddable":true,"href":"https:\/\/tros.md\/ru\/wp-json\/wp\/v2\/product_brand?post=6792"},{"taxonomy":"product_cat","embeddable":true,"href":"https:\/\/tros.md\/ru\/wp-json\/wp\/v2\/product_cat?post=6792"},{"taxonomy":"product_tag","embeddable":true,"href":"https:\/\/tros.md\/ru\/wp-json\/wp\/v2\/product_tag?post=6792"}],"curies":[{"name":"wp","href":"https:\/\/api.w.org\/{rel}","templated":true}]}}