{"id":6775,"date":"2024-09-25T11:02:48","date_gmt":"2024-09-25T11:02:48","guid":{"rendered":"https:\/\/tros.md\/?post_type=product&#038;p=6775"},"modified":"2025-12-09T10:50:17","modified_gmt":"2025-12-09T10:50:17","slug":"intindere-de-cablu-cu-manson-din-aluminiu","status":"publish","type":"product","link":"https:\/\/tros.md\/ru\/product\/intindere-de-cablu-cu-manson-din-aluminiu\/","title":{"rendered":"Dispozitiv de ridicare din cablu de otel cu man\u0219on din aluminiu"},"content":{"rendered":"<p><strong>Fixarea capetelor cablului de otel cu man\u0219on din aluminiu<\/strong> este un tip simplu \u0219i cel mai frecvent utilizat pentru confectionare dispozitivelor de ridicare.<br \/>\n\u041a\u043e\u044d\u0444\u0444\u0438\u0446\u0438\u0435\u043d\u0442 \u044d\u0444\u0444\u0435\u043a\u0442\u0438\u0432\u043d\u043e\u0441\u0442\u0438 \u0434\u0430\u043d\u043d\u043e\u0433\u043e \u043c\u0435\u0442\u043e\u0434\u0430 \u0441\u043e\u0441\u0442\u0430\u0432\u043b\u044f\u0435\u0442 90%.<br \/>\nExist\u0103 o mare varietate de tipuri de accesorii, care difer\u0103 \u00een form\u0103, dimensiuni \u0219i configura\u021bie. Compania CPC<strong>\u00a0&#8222;Parbriz Service&#8221;<\/strong> ofer\u0103 servicii de fabricare personalizat\u0103 a dispozitivelor de ridicare din cablu de otel cu man\u0219oane din aluminiu, conform mostrelor sau desenelor dumneavoastr\u0103.<br \/>\n<img decoding=\"async\" src=\"https:\/\/www.gpst-novoros.ru\/images\/%D0%B2%D0%B0%D0%BD%D1%82%D0%BE%D0%B2%D1%8B%D0%B5_%D0%BE%D1%82%D1%82%D1%8F%D0%B6%D0%BA%D0%B8.png\" alt=\"\u042e\u0433\u0421\u043f\u0435\u0446\u041e\u0431\u043e\u0440\u0443\u0434\u043e\u0432\u0430\u043d\u0438\u0435 - \u041a\u0430\u043d\u0430\u0442\u043d\u044b\u0435 \u0441\u0442\u0440\u043e\u043f\u044b\" \/><\/p>","protected":false},"excerpt":{"rendered":"<div class=\"flex max-w-full flex-col flex-grow\">\n<div class=\"min-h-[20px] text-message flex w-full flex-col items-end gap-2 whitespace-normal break-words [.text-message+&amp;]:mt-5\" dir=\"auto\" data-message-author-role=\"assistant\" data-message-id=\"5352ebaa-2134-487d-a28c-b383457fdd66\">\n<div class=\"flex w-full flex-col gap-1 empty:hidden first:pt-[3px]\">\n<div class=\"markdown prose w-full break-words dark:prose-invert dark\">\n<p>\u041c\u0430\u0442\u0435\u0440\u0438\u0430\u043b: \u0441\u0442\u0430\u043b\u044c\u043d\u044b\u0435 \u043a\u0430\u043d\u0430\u0442\u044b, \u0430\u043b\u044e\u043c\u0438\u043d\u0438\u0435\u0432\u044b\u0435 \u0432\u0442\u0443\u043b\u043a\u0438;<br \/>\n\u041a\u043e\u044d\u0444\u0444\u0438\u0446\u0438\u0435\u043d\u0442 \u0431\u0435\u0437\u043e\u043f\u0430\u0441\u043d\u043e\u0441\u0442\u0438: 6:1;<br \/>\n\u0422\u0435\u043c\u043f\u0435\u0440\u0430\u0442\u0443\u0440\u043d\u044b\u0439 \u0434\u0438\u0430\u043f\u0430\u0437\u043e\u043d \u043f\u0440\u0438\u043c\u0435\u043d\u0435\u043d\u0438\u044f: \u043e\u0442 -40 \u0434\u043e +100 \u00b0\u0421;<br \/>\n\u0417\u0430\u0434\u0435\u043b\u043a\u0430 \u043a\u043e\u043d\u0446\u043e\u0432 \u043a\u0430\u043d\u0430\u0442\u0430 \u043f\u0440\u043e\u0438\u0437\u0432\u043e\u0434\u0438\u0442\u0441\u044f \u043c\u0435\u0442\u043e\u0434\u043e\u043c \u043e\u043f\u0440\u0435\u0441\u0441\u043e\u0432\u043a\u0438 \u0430\u043b\u044e\u043c\u0438\u043d\u0438\u0435\u0432\u043e\u0439 \u0432\u0442\u0443\u043b\u043a\u043e\u0439;<br \/>\n\u0413\u0430\u0440\u0430\u043d\u0442\u0438\u044f: 3 \u043c\u0435\u0441\u044f\u0446\u0430.<\/p>\n<\/div>\n<\/div>\n<\/div>\n<\/div>\n<div class=\"mt-1 flex gap-3 empty:hidden -ml-2\">\n<div class=\"items-center justify-start rounded-xl p-1 flex\">\n<div class=\"flex items-center\">\n<div class=\"flex\"><\/div>\n<div class=\"flex items-center pb-0\"><\/div>\n<\/div>\n<\/div>\n<\/div>","protected":false},"featured_media":6776,"comment_status":"open","ping_status":"closed","template":"","meta":[],"product_brand":[],"product_cat":[35],"product_tag":[],"class_list":{"0":"post-6775","1":"product","2":"type-product","3":"status-publish","4":"has-post-thumbnail","6":"product_cat-dispozitive-de-ridicare-din-cablu-cu-masoane-metalice","8":"first","9":"instock","10":"shipping-taxable","11":"product-type-simple"},"_links":{"self":[{"href":"https:\/\/tros.md\/ru\/wp-json\/wp\/v2\/product\/6775","targetHints":{"allow":["GET"]}}],"collection":[{"href":"https:\/\/tros.md\/ru\/wp-json\/wp\/v2\/product"}],"about":[{"href":"https:\/\/tros.md\/ru\/wp-json\/wp\/v2\/types\/product"}],"replies":[{"embeddable":true,"href":"https:\/\/tros.md\/ru\/wp-json\/wp\/v2\/comments?post=6775"}],"wp:featuredmedia":[{"embeddable":true,"href":"https:\/\/tros.md\/ru\/wp-json\/wp\/v2\/media\/6776"}],"wp:attachment":[{"href":"https:\/\/tros.md\/ru\/wp-json\/wp\/v2\/media?parent=6775"}],"wp:term":[{"taxonomy":"product_brand","embeddable":true,"href":"https:\/\/tros.md\/ru\/wp-json\/wp\/v2\/product_brand?post=6775"},{"taxonomy":"product_cat","embeddable":true,"href":"https:\/\/tros.md\/ru\/wp-json\/wp\/v2\/product_cat?post=6775"},{"taxonomy":"product_tag","embeddable":true,"href":"https:\/\/tros.md\/ru\/wp-json\/wp\/v2\/product_tag?post=6775"}],"curies":[{"name":"wp","href":"https:\/\/api.w.org\/{rel}","templated":true}]}}