{"id":6771,"date":"2024-09-25T11:02:45","date_gmt":"2024-09-25T11:02:45","guid":{"rendered":"https:\/\/tros.md\/?post_type=product&#038;p=6771"},"modified":"2025-12-09T10:55:17","modified_gmt":"2025-12-09T10:55:17","slug":"strop-de-sfoara-de-otel-cu-manson-conic","status":"publish","type":"product","link":"https:\/\/tros.md\/ru\/product\/strop-de-sfoara-de-otel-cu-manson-conic\/","title":{"rendered":"Dispozitiv de ridicare din cablu de otel cu man\u0219on conic"},"content":{"rendered":"<p>Metoda de fixare a cablului de otel cu man\u0219oane conice prin turnare de zinc a c\u00e2\u0219tigat o r\u0103sp\u00e2ndire larg\u0103 \u0219i \u0219i-a demonstrat eficien\u021ba.<br \/>\n\u041a\u043e\u044d\u0444\u0444\u0438\u0446\u0438\u0435\u043d\u0442 \u044d\u0444\u0444\u0435\u043a\u0442\u0438\u0432\u043d\u043e\u0441\u0442\u0438 \u0434\u0430\u043d\u043d\u043e\u0433\u043e \u043c\u0435\u0442\u043e\u0434\u0430 \u0440\u0430\u0432\u0435\u043d 100%, \u0442.\u0435. \u043f\u0440\u043e\u0447\u043d\u043e\u0441\u0442\u044c \u043a\u0440\u0435\u043f\u043b\u0435\u043d\u0438\u044f \u0440\u0430\u0432\u043d\u0430 \u043f\u0440\u043e\u0447\u043d\u043e\u0441\u0442\u0438 \u043a\u0430\u043d\u0430\u0442\u0430.<br \/>\nAceste dispozitive din cablu de otel sunt frecvent utilizate pe nave maritime \u0219i \u00een echipamente de ridicare, cum ar fi macarale pentru fixarea cablurilor de contragreutate \u0219i a bra\u021belor.<br \/>\n\u0421\u0443\u0449\u0435\u0441\u0442\u0432\u0443\u0435\u0442 \u043e\u0433\u0440\u043e\u043c\u043d\u043e\u0435 \u043a\u043e\u043b\u0438\u0447\u0435\u0441\u0442\u0432\u043e \u0440\u0430\u0437\u043b\u0438\u0447\u043d\u044b\u0445 \u0432\u0438\u0434\u043e\u0432 \u0444\u0438\u0442\u0438\u043d\u0433\u043e\u0432. \u0412\u0441\u0435 \u043e\u043d\u0438 \u043e\u0442\u043b\u0438\u0447\u0430\u044e\u0442\u0441\u044f \u043f\u043e \u0444\u043e\u0440\u043c\u0435, \u0440\u0430\u0437\u043c\u0435\u0440\u0430\u043c \u0438 \u043a\u043e\u043d\u0444\u0438\u0433\u0443\u0440\u0430\u0446\u0438\u0438.<br \/>\nCompania CPC &#8222;PARBRIZ SERVICE&#8221; ofer\u0103 servicii personalizate pentru fabricarea dispozitivelor din cablu de otel cu man\u0219oane conice de orice configura\u021bie, conform probelor sau desenelor dumneavoastr\u0103.<br \/>\n<img decoding=\"async\" src=\"https:\/\/load-tech.com.ua\/img\/cms\/spelter-sockets-600.jpg\" \/><\/p>","protected":false},"excerpt":{"rendered":"<p>Dispozitivul de ridicare din cablu de otel o\u021bel cu man\u0219on conic este un cablu de o\u021bel al c\u0103rui capete sunt fixate rigid \u00een man\u0219oane conice prin turnarea de zinc \u00een man\u0219on.<br \/>\n\u0414\u0430\u043d\u043d\u044b\u0435 \u0438\u0437\u0434\u0435\u043b\u0438\u044f \u0448\u0438\u0440\u043e\u043a\u043e \u0438\u0441\u043f\u043e\u043b\u044c\u0437\u0443\u044e\u0442\u0441\u044f \u0432 \u0433\u0440\u0443\u0437\u043e\u043f\u043e\u0434\u044a\u0451\u043c\u043d\u043e\u043c, \u0441\u0442\u0440\u043e\u0438\u0442\u0435\u043b\u044c\u043d\u043e\u043c, \u0441\u0435\u043b\u044c\u0445\u043e\u0437 \u043e\u0431\u043e\u0440\u0443\u0434\u043e\u0432\u0430\u043d\u0438\u0438 \u0438 \u043c\u043e\u0440\u0441\u043a\u043e\u043c \u0434\u0435\u043b\u0435 \u0434\u043b\u044f \u0444\u0438\u043a\u0441\u0430\u0446\u0438\u0438, \u0440\u0430\u0441\u0442\u044f\u0436\u0435\u043a \u0438\u043b\u0438 \u043a\u0440\u0435\u043f\u043b\u0435\u043d\u0438\u044f \u0433\u0440\u0443\u0437\u0430.<br \/>\nCoeficientul de rezerv\u0103 al acestui tip de man\u0219on este de 6:1.<br \/>\nTemperatura de utilizare variaz\u0103 de la -40\u00b0C la +100\u00b0C.<br \/>\nGaran\u021bia pentru aceste produse este de 3 luni.<\/p>","protected":false},"featured_media":6772,"comment_status":"open","ping_status":"closed","template":"","meta":[],"product_brand":[],"product_cat":[35],"product_tag":[],"class_list":{"0":"post-6771","1":"product","2":"type-product","3":"status-publish","4":"has-post-thumbnail","6":"product_cat-dispozitive-de-ridicare-din-cablu-cu-masoane-metalice","8":"first","9":"instock","10":"shipping-taxable","11":"product-type-simple"},"_links":{"self":[{"href":"https:\/\/tros.md\/ru\/wp-json\/wp\/v2\/product\/6771","targetHints":{"allow":["GET"]}}],"collection":[{"href":"https:\/\/tros.md\/ru\/wp-json\/wp\/v2\/product"}],"about":[{"href":"https:\/\/tros.md\/ru\/wp-json\/wp\/v2\/types\/product"}],"replies":[{"embeddable":true,"href":"https:\/\/tros.md\/ru\/wp-json\/wp\/v2\/comments?post=6771"}],"wp:featuredmedia":[{"embeddable":true,"href":"https:\/\/tros.md\/ru\/wp-json\/wp\/v2\/media\/6772"}],"wp:attachment":[{"href":"https:\/\/tros.md\/ru\/wp-json\/wp\/v2\/media?parent=6771"}],"wp:term":[{"taxonomy":"product_brand","embeddable":true,"href":"https:\/\/tros.md\/ru\/wp-json\/wp\/v2\/product_brand?post=6771"},{"taxonomy":"product_cat","embeddable":true,"href":"https:\/\/tros.md\/ru\/wp-json\/wp\/v2\/product_cat?post=6771"},{"taxonomy":"product_tag","embeddable":true,"href":"https:\/\/tros.md\/ru\/wp-json\/wp\/v2\/product_tag?post=6771"}],"curies":[{"name":"wp","href":"https:\/\/api.w.org\/{rel}","templated":true}]}}