{"id":6767,"date":"2024-09-25T11:02:43","date_gmt":"2024-09-25T11:02:43","guid":{"rendered":"https:\/\/tros.md\/?post_type=product&#038;p=6767"},"modified":"2025-12-09T10:58:42","modified_gmt":"2025-12-09T10:58:42","slug":"strop-de-sfoara-de-otel-cu-manson-de-otel","status":"publish","type":"product","link":"https:\/\/tros.md\/ru\/product\/strop-de-sfoara-de-otel-cu-manson-de-otel\/","title":{"rendered":"Dispozitiv de ridicare din cablu de o\u021bel cu man\u0219on de o\u021bel"},"content":{"rendered":"<p>Dispozitiv de ridicare din cablu de o\u021bel (sau de vant) cu man\u0219on de o\u021bel este un cablu de o\u021bel al c\u0103rui capete, sau un cap\u0103t, sunt fixate rigid \u00een elementele terminale (fitinguri) prin presare.<br \/>\n\u0414\u0430\u043d\u043d\u044b\u0435 \u0438\u0437\u0434\u0435\u043b\u0438\u044f \u0448\u0438\u0440\u043e\u043a\u043e \u0438\u0441\u043f\u043e\u043b\u044c\u0437\u0443\u044e\u0442\u0441\u044f \u0432 \u0433\u0440\u0443\u0437\u043e\u043f\u043e\u0434\u044a\u0451\u043c\u043d\u043e\u043c, \u0441\u0442\u0440\u043e\u0438\u0442\u0435\u043b\u044c\u043d\u043e\u043c, \u0441\u0435\u043b\u044c\u0445\u043e\u0437 \u043e\u0431\u043e\u0440\u0443\u0434\u043e\u0432\u0430\u043d\u0438\u0438 \u0438 \u043c\u043e\u0440\u0441\u043a\u043e\u043c \u0434\u0435\u043b\u0435 \u0434\u043b\u044f \u0444\u0438\u043a\u0441\u0430\u0446\u0438\u0438, \u0440\u0430\u0441\u0442\u044f\u0436\u0435\u043a \u0438\u043b\u0438 \u043a\u0440\u0435\u043f\u043b\u0435\u043d\u0438\u044f \u0433\u0440\u0443\u0437\u0430.<br \/>\n\u041a\u043e\u044d\u0444\u0444\u0438\u0446\u0438\u0435\u043d\u0442 \u044d\u0444\u0444\u0435\u043a\u0442\u0438\u0432\u043d\u043e\u0441\u0442\u0438 \u0434\u0430\u043d\u043d\u043e\u0433\u043e \u043c\u0435\u0442\u043e\u0434\u0430 \u043e\u043f\u0440\u0435\u0441\u0441\u043e\u0432\u043a\u0438 \u0440\u0430\u0432\u0435\u043d 90%.<br \/>\nExist\u0103 o gam\u0103 vast\u0103 de fitinguri de diferite forme, dimensiuni \u0219i configura\u021bii. Compania CPC &#8222;PARBRIZ SERVICE&#8221; ofer\u0103 servicii de fabricare personalizat\u0103 a dispozitivelor de ridicare din cablu de o\u021bel cu elemente terminale din o\u021bel de orice configura\u021bie conform desenelor dumneavoastr\u0103.<\/p>\n<p><img fetchpriority=\"high\" decoding=\"async\" src=\"https:\/\/load-tech.com.ua\/img\/cms\/9999.png\" alt=\"\" width=\"315\" height=\"206\" \/><\/p>","protected":false},"excerpt":{"rendered":"<p><strong>\u041c\u0430\u0442\u0435\u0440\u0438\u0430\u043b \u0438\u0437\u0433\u043e\u0442\u043e\u0432\u043b\u0435\u043d\u0438\u044f:<\/strong> cablu de otel de o\u021bel, man\u0219oane din o\u021bel<br \/>\n<strong>\u041a\u043e\u044d\u0444\u0444\u0438\u0446\u0438\u0435\u043d\u0442 \u0437\u0430\u043f\u0430\u0441\u0430 \u043f\u0440\u043e\u0447\u043d\u043e\u0441\u0442\u0438:<\/strong> 6:1<br \/>\n<strong>\u0422\u0435\u043c\u043f\u0435\u0440\u0430\u0442\u0443\u0440\u043d\u044b\u0439 \u0434\u0438\u0430\u043f\u0430\u0437\u043e\u043d \u043f\u0440\u0438\u043c\u0435\u043d\u0435\u043d\u0438\u044f:<\/strong> \u043e\u0442 -40 \u0434\u043e +100 \u00b0\u0421;<br \/>\n<strong>Capetele dispozitivului sunt fixate prin presare cu man\u0219on de o\u021bel<\/strong><br \/>\n<strong>\u0413\u0430\u0440\u0430\u043d\u0442\u0438\u044f:<\/strong> 3 \u043c\u0435\u0441\u044f\u0446\u0430.<\/p>\n<p>&nbsp;<\/p>","protected":false},"featured_media":6768,"comment_status":"open","ping_status":"closed","template":"","meta":[],"product_brand":[],"product_cat":[35,39],"product_tag":[],"class_list":{"0":"post-6767","1":"product","2":"type-product","3":"status-publish","4":"has-post-thumbnail","6":"product_cat-dispozitive-de-ridicare-din-cablu-cu-masoane-metalice","7":"product_cat-dispozitive-de-ridicare-din-cablu-de-otel","9":"first","10":"instock","11":"shipping-taxable","12":"product-type-simple"},"_links":{"self":[{"href":"https:\/\/tros.md\/ru\/wp-json\/wp\/v2\/product\/6767","targetHints":{"allow":["GET"]}}],"collection":[{"href":"https:\/\/tros.md\/ru\/wp-json\/wp\/v2\/product"}],"about":[{"href":"https:\/\/tros.md\/ru\/wp-json\/wp\/v2\/types\/product"}],"replies":[{"embeddable":true,"href":"https:\/\/tros.md\/ru\/wp-json\/wp\/v2\/comments?post=6767"}],"wp:featuredmedia":[{"embeddable":true,"href":"https:\/\/tros.md\/ru\/wp-json\/wp\/v2\/media\/6768"}],"wp:attachment":[{"href":"https:\/\/tros.md\/ru\/wp-json\/wp\/v2\/media?parent=6767"}],"wp:term":[{"taxonomy":"product_brand","embeddable":true,"href":"https:\/\/tros.md\/ru\/wp-json\/wp\/v2\/product_brand?post=6767"},{"taxonomy":"product_cat","embeddable":true,"href":"https:\/\/tros.md\/ru\/wp-json\/wp\/v2\/product_cat?post=6767"},{"taxonomy":"product_tag","embeddable":true,"href":"https:\/\/tros.md\/ru\/wp-json\/wp\/v2\/product_tag?post=6767"}],"curies":[{"name":"wp","href":"https:\/\/api.w.org\/{rel}","templated":true}]}}