{"id":6752,"date":"2024-09-25T11:02:31","date_gmt":"2024-09-25T11:02:31","guid":{"rendered":"https:\/\/tros.md\/?post_type=product&#038;p=6752"},"modified":"2025-12-09T11:45:04","modified_gmt":"2025-12-09T11:45:04","slug":"strop-din-polipropilena-cu-ochi","status":"publish","type":"product","link":"https:\/\/tros.md\/ru\/product\/strop-din-polipropilena-cu-ochi\/","title":{"rendered":"Dispozitiv de ridicare textil 4\u0421\u0422"},"content":{"rendered":"<p>Dispozitivele textile din band\u0103 cu patru ramuri (4ST), cunoscute \u0219i sub denumirea de &#8222;strop-p\u0103ianjen&#8221;, sunt echipamente de ridicare care permit manipularea m\u0103rfurilor fragile. Banda moale, lat\u0103 \u0219i elastic\u0103 exercit\u0103 o presiune uniform\u0103 asupra suprafe\u021bei obiectului mutat, astfel c\u0103 nu las\u0103 zg\u00e2rieturi, \u00eendoituri, ciobiri de vopsea sau cr\u0103p\u0103turi. C\u00e2rligele sunt utilizate ca accesorii de prindere, dar la cererea clientului, dispozitivul poate fi echipat cu cleme sau linkuri.<\/p>\n<p><strong>\u0412\u043e\u0441\u0442\u0440\u0435\u0431\u043e\u0432\u0430\u043d\u043d\u043e\u0441\u0442\u044c \u043f\u0440\u0438\u043c\u0435\u043d\u0435\u043d\u0438\u044f \u0442\u0435\u043a\u0441\u0442\u0438\u043b\u044c\u043d\u044b\u0445 \u0447\u0435\u0442\u044b\u0440\u0435\u0445\u0432\u0435\u0442\u0432\u0435\u0432\u044b\u0445 \u0441\u0442\u0440\u043e\u043f 4\u0421\u0422 \u0432 \u043f\u0440\u043e\u043c\u044b\u0448\u043b\u0435\u043d\u043d\u043e\u0439 \u0438 \u0431\u044b\u0442\u043e\u0432\u043e\u0439 \u0441\u0444\u0435\u0440\u0435<\/strong><\/p>\n<p>\u0418\u0441\u043f\u043e\u043b\u044c\u0437\u043e\u0432\u0430\u043d\u0438\u0435 \u043b\u0435\u043d\u0442\u043e\u0447\u043d\u044b\u0445 \u0441\u0442\u0440\u043e\u043f 4\u0421\u0422 \u0430\u043a\u0442\u0443\u0430\u043b\u044c\u043d\u043e \u0432\u043e \u043c\u043d\u043e\u0436\u0435\u0441\u0442\u0432\u0435 \u0441\u0438\u0442\u0443\u0430\u0446\u0438\u0439. \u041e\u043d\u0438 \u043f\u043e\u043c\u043e\u0433\u0430\u044e\u0442 \u0431\u044b\u0441\u0442\u0440\u043e \u0438 \u0430\u043a\u043a\u0443\u0440\u0430\u0442\u043d\u043e \u043f\u0435\u0440\u0435\u043c\u0435\u0441\u0442\u0438\u0442\u044c \u043f\u0440\u0430\u043a\u0442\u0438\u0447\u0435\u0441\u043a\u0438 \u043b\u044e\u0431\u043e\u0439 \u0433\u0440\u0443\u0437, \u0441\u043e\u0445\u0440\u0430\u043d\u0438\u0432 \u0435\u0433\u043e \u0446\u0435\u043b\u043e\u0441\u0442\u043d\u043e\u0441\u0442\u044c. \u0418\u0441\u043a\u043b\u044e\u0447\u0435\u043d\u0438\u0435 \u2013 \u043f\u0440\u0435\u0434\u043c\u0435\u0442\u044b \u0441 \u043e\u0441\u0442\u0440\u044b\u043c\u0438 \u043a\u0440\u043e\u043c\u043a\u0430\u043c\u0438, \u0441\u043f\u043e\u0441\u043e\u0431\u043d\u044b\u043c\u0438 \u043f\u0435\u0440\u0435\u0440\u0435\u0437\u0430\u0442\u044c \u043f\u043e\u043b\u0438\u044d\u0441\u0442\u0435\u0440\u043e\u0432\u0443\u044e \u043b\u0435\u043d\u0442\u0443. \u0427\u0435\u0442\u044b\u0440\u0435\u0445\u0432\u0435\u0442\u0432\u0435\u0432\u044b\u0435 \u0442\u0435\u043a\u0441\u0442\u0438\u043b\u044c\u043d\u044b\u0435 \u0441\u0442\u0440\u043e\u043f\u044b \u044d\u0444\u0444\u0435\u043a\u0442\u0438\u0432\u043d\u043e \u044d\u043a\u0441\u043f\u043b\u0443\u0430\u0442\u0438\u0440\u0443\u044e\u0442\u0441\u044f \u043d\u0430 \u0443\u043b\u0438\u0446\u0435 \u0438 \u0432 \u043f\u043e\u043c\u0435\u0449\u0435\u043d\u0438\u0438 \u0431\u043b\u0430\u0433\u043e\u0434\u0430\u0440\u044f \u0440\u0430\u0431\u043e\u0447\u0435\u043c\u0443 \u0442\u0435\u043c\u043f\u0435\u0440\u0430\u0442\u0443\u0440\u043d\u043e\u043c\u0443 \u0434\u0438\u0430\u043f\u0430\u0437\u043e\u043d\u0443 \u043e\u0442 -40 \u00b0\u0421 \u0434\u043e +100 \u00b0\u0421.<\/p>\n<p><strong>\u0412\u043e\u0437\u043c\u043e\u0436\u043d\u043e\u0441\u0442\u0438 \u043f\u0440\u0438\u043c\u0435\u043d\u0435\u043d\u0438\u044f 4\u0421\u0422:<\/strong><\/p>\n<ul>\n<li>\u043f\u043e\u0433\u0440\u0443\u0437\u043e\u0447\u043d\u043e-\u0440\u0430\u0437\u0433\u0440\u0443\u0437\u043e\u0447\u043d\u044b\u0435 \u0440\u0430\u0431\u043e\u0442\u044b;<\/li>\n<li>\u043a\u043e\u043c\u043f\u043b\u0435\u043a\u0442\u0430\u0446\u0438\u044f \u0441\u043f\u0435\u0446\u0442\u0435\u0445\u043d\u0438\u043a\u0438 \u0441 \u043a\u0440\u0430\u043d\u043e\u043c-\u043c\u0430\u043d\u0438\u043f\u0443\u043b\u044f\u0442\u043e\u0440\u043e\u043c, \u044d\u0432\u0430\u043a\u0443\u0430\u0442\u043e\u0440\u043e\u043c;<\/li>\n<li>\u043f\u0435\u0440\u0435\u043c\u0435\u0449\u0435\u043d\u0438\u0435 \u0433\u0440\u0443\u0437\u043e\u0432 \u0432 \u0445\u043e\u0434\u0435 \u043f\u0440\u043e\u0438\u0437\u0432\u043e\u0434\u0441\u0442\u0432\u0435\u043d\u043d\u043e\u0433\u043e \u043f\u0440\u043e\u0446\u0435\u0441\u0441\u0430;<\/li>\n<li>\u0441\u043f\u0443\u0441\u043a \u0432\u043e\u0434\u043e\u043f\u043b\u0430\u0432\u0430\u044e\u0449\u0435\u0433\u043e \u0442\u0440\u0430\u043d\u0441\u043f\u043e\u0440\u0442\u0430 (\u043b\u043e\u0434\u043e\u043a, \u043a\u0430\u0442\u0435\u0440\u043e\u0432, \u0431\u0430\u0440\u043a\u0430\u0441\u043e\u0432, \u044f\u0445\u0442) \u043d\u0430 \u0432\u043e\u0434\u0443, \u0441\u043d\u044f\u0442\u0438\u0435 \u0441 \u0432\u043e\u0434\u043e\u0435\u043c\u0430 \u043f\u043e \u043e\u043a\u043e\u043d\u0447\u0430\u043d\u0438\u0438 \u0441\u0435\u0437\u043e\u043d\u0430.<\/li>\n<\/ul>\n<p>\u041d\u0430\u043b\u0438\u0447\u0438\u0435 \u0440\u0430\u0437\u043d\u044b\u0445 \u043f\u043e \u0433\u0440\u0443\u0437\u043e\u043f\u043e\u0434\u044a\u0435\u043c\u043d\u043e\u0441\u0442\u0438 \u043c\u043e\u0434\u0435\u043b\u0435\u0439 \u043e\u0431\u0435\u0441\u043f\u0435\u0447\u0438\u0432\u0430\u0435\u0442 \u043f\u0440\u043e\u0441\u0442\u043e\u0439 \u043f\u043e\u0434\u0431\u043e\u0440 \u0441\u0442\u0440\u043e\u043f, \u0432 \u0442\u043e\u043c \u0447\u0438\u0441\u043b\u0435 \u0434\u043b\u044f \u043f\u0435\u0440\u0435\u043c\u0435\u0449\u0435\u043d\u0438\u044f \u0442\u044f\u0436\u0435\u043b\u044b\u0445, \u043e\u0431\u044a\u0435\u043c\u043d\u044b\u0445 \u0433\u0440\u0443\u0437\u043e\u0432.<\/p>\n<p>&nbsp;<\/p>\n<table border=\"1\" cellspacing=\"0\" cellpadding=\"0\">\n<tbody>\n<tr>\n<td rowspan=\"2\" valign=\"top\" width=\"102\">\n<p align=\"center\">\u0428\u0438\u0440\u0438\u043d\u0430 \u043b\u0435\u043d\u0442\u044b b, \u043c\u043c<\/p>\n<\/td>\n<td colspan=\"2\" valign=\"top\" width=\"227\">\n<p align=\"center\">\u041c\u0430\u043a\u0441\u0438\u043c\u0430\u043b\u044c\u043d\u0430\u044f \u0433\u0440\u0443\u0437\u043e\u043f\u043e\u0434\u044a\u0451\u043c\u043d\u043e\u0441\u0442\u044c, \u0442<\/p>\n<\/td>\n<\/tr>\n<tr>\n<td width=\"116\">\n<p align=\"center\">0\u00b0&lt; \u03b2 \u2264 45\u00b0<\/p>\n<\/td>\n<td width=\"111\">\n<p align=\"center\">45\u00b0&lt; \u03b2 \u2264 60\u00b0<\/p>\n<\/td>\n<\/tr>\n<tr>\n<td valign=\"top\" width=\"102\">\n<p align=\"center\"><strong>50<\/strong><\/p>\n<\/td>\n<td width=\"116\">\n<p align=\"center\">1,0<\/p>\n<\/td>\n<td width=\"111\">\n<p align=\"center\">0,7<\/p>\n<\/td>\n<\/tr>\n<tr>\n<td valign=\"top\" width=\"102\">\n<p align=\"center\"><strong>5<\/strong><strong>0<\/strong><\/p>\n<\/td>\n<td width=\"116\">\n<p align=\"center\">1,6<\/p>\n<\/td>\n<td width=\"111\">\n<p align=\"center\">1,1<\/p>\n<\/td>\n<\/tr>\n<tr>\n<td valign=\"top\" width=\"102\">\n<p align=\"center\"><strong>5<\/strong><strong>0<\/strong><\/p>\n<\/td>\n<td width=\"116\">\n<p align=\"center\">2,0<\/p>\n<\/td>\n<td width=\"111\">\n<p align=\"center\">1,4<\/p>\n<\/td>\n<\/tr>\n<tr>\n<td valign=\"top\" width=\"102\">\n<p align=\"center\"><strong>60<\/strong><\/p>\n<\/td>\n<td valign=\"top\" width=\"116\">\n<p align=\"center\">3,2<\/p>\n<\/td>\n<td valign=\"top\" width=\"111\">\n<p align=\"center\">2,3<\/p>\n<\/td>\n<\/tr>\n<tr>\n<td valign=\"top\" width=\"102\">\n<p align=\"center\"><strong>6<\/strong><strong>0<\/strong><\/p>\n<\/td>\n<td valign=\"top\" width=\"116\">\n<p align=\"center\">4,0<\/p>\n<\/td>\n<td valign=\"top\" width=\"111\">\n<p align=\"center\">2,9<\/p>\n<\/td>\n<\/tr>\n<tr>\n<td valign=\"top\" width=\"102\">\n<p align=\"center\"><strong>6<\/strong><strong>0<\/strong><\/p>\n<\/td>\n<td valign=\"top\" width=\"116\">\n<p align=\"center\">5,0<\/p>\n<\/td>\n<td valign=\"top\" width=\"111\">\n<p align=\"center\">3,6<\/p>\n<\/td>\n<\/tr>\n<tr>\n<td valign=\"top\" width=\"102\">\n<p align=\"center\"><strong>9<\/strong><strong>0<\/strong><\/p>\n<\/td>\n<td valign=\"top\" width=\"116\">\n<p align=\"center\">6,3<\/p>\n<\/td>\n<td valign=\"top\" width=\"111\">\n<p align=\"center\">4,5<\/p>\n<\/td>\n<\/tr>\n<tr>\n<td valign=\"top\" width=\"102\">\n<p align=\"center\"><strong>9<\/strong><strong>0<\/strong><\/p>\n<\/td>\n<td valign=\"top\" width=\"116\">\n<p align=\"center\">8,0<\/p>\n<\/td>\n<td valign=\"top\" width=\"111\">\n<p align=\"center\">5,7<\/p>\n<\/td>\n<\/tr>\n<tr>\n<td valign=\"top\" width=\"102\">\n<p align=\"center\"><strong>120<\/strong><\/p>\n<\/td>\n<td valign=\"top\" width=\"116\">\n<p align=\"center\">10,0<\/p>\n<\/td>\n<td valign=\"top\" width=\"111\">\n<p align=\"center\">7,1<\/p>\n<\/td>\n<\/tr>\n<tr>\n<td valign=\"top\" width=\"102\">\n<p align=\"center\"><strong>150<\/strong><\/p>\n<\/td>\n<td valign=\"top\" width=\"116\">\n<p align=\"center\">12,0<\/p>\n<\/td>\n<td valign=\"top\" width=\"111\">\n<p align=\"center\">10,4<\/p>\n<\/td>\n<\/tr>\n<tr>\n<td valign=\"top\" width=\"102\">\n<p align=\"center\"><strong>180<\/strong><\/p>\n<\/td>\n<td valign=\"top\" width=\"116\">\n<p align=\"center\">16,0<\/p>\n<\/td>\n<td valign=\"top\" width=\"111\">\n<p align=\"center\">11,4<\/p>\n<\/td>\n<\/tr>\n<tr>\n<td valign=\"top\" width=\"102\">\n<p align=\"center\"><strong>240<\/strong><\/p>\n<\/td>\n<td valign=\"top\" width=\"116\">\n<p align=\"center\">20,0<\/p>\n<\/td>\n<td valign=\"top\" width=\"111\">\n<p align=\"center\">14,3<\/p>\n<\/td>\n<\/tr>\n<tr>\n<td valign=\"top\" width=\"102\">\n<p align=\"center\"><strong>300<\/strong><\/p>\n<\/td>\n<td valign=\"top\" width=\"116\">\n<p align=\"center\">25,0<\/p>\n<\/td>\n<td valign=\"top\" width=\"111\">\n<p align=\"center\">17,9<\/p>\n<\/td>\n<\/tr>\n<\/tbody>\n<\/table>","protected":false},"excerpt":{"rendered":"<p>\u0421\u0442\u0440\u043e\u043f \u0442\u0435\u043a\u0441\u0442\u0438\u043b\u044c\u043d\u044b\u0439 \u043b\u0435\u043d\u0442\u043e\u0447\u043d\u044b\u0439 \u0447\u0435\u0442\u044b\u0440\u0435\u0445\u0432\u0435\u0442\u0432\u0435\u0432\u043e\u0439;<br \/>\n\u041c\u0430\u0442\u0435\u0440\u0438\u0430\u043b: 100% \u043f\u043e\u043b\u0438\u044d\u0441\u0442\u0435\u0440, \u043a\u0440\u044e\u043a\u0438 \u0438 \u0437\u0432\u0435\u043d\u044c\u044f G80;<br \/>\n\u041a\u043e\u044d\u0444\u0444\u0438\u0446\u0438\u0435\u043d\u0442 \u0437\u0430\u043f\u0430\u0441\u0430 \u043f\u0440\u043e\u0447\u043d\u043e\u0441\u0442\u0438: 7:1;<br \/>\n\u041c\u0430\u0440\u043a\u0438\u0440\u043e\u0432\u043a\u0430 \u0446\u0432\u0435\u0442\u043e\u043c \u0432 \u0437\u0430\u0432\u0438\u0441\u0438\u043c\u043e\u0441\u0442\u0438 \u043e\u0442 \u0433\u0440\u0443\u0437\u043e\u043f\u043e\u0434\u044a\u0451\u043c\u043d\u043e\u0441\u0442\u0438 \u0441\u0442\u0440\u043e\u043f\u0430;<br \/>\n\u0422\u0435\u043c\u043f\u0435\u0440\u0430\u0442\u0443\u0440\u043d\u044b\u0439 \u0434\u0438\u0430\u043f\u0430\u0437\u043e\u043d \u043f\u0440\u0438\u043c\u0435\u043d\u0435\u043d\u0438\u044f: \u043e\u0442 -40 \u0434\u043e +100 \u00b0\u0421;<br \/>\n\u0421\u0442\u0430\u043d\u0434\u0430\u0440\u0442: \u0414\u0421\u0422\u0423 EN 1492-1:2016;<br \/>\n\u0413\u0430\u0440\u0430\u043d\u0442\u0438\u044f: 3 \u043c\u0435\u0441\u044f\u0446\u0430;<\/p>","protected":false},"featured_media":7845,"comment_status":"open","ping_status":"closed","template":"","meta":[],"product_brand":[],"product_cat":[34],"product_tag":[],"class_list":{"0":"post-6752","1":"product","2":"type-product","3":"status-publish","4":"has-post-thumbnail","6":"product_cat-dispozitive-de-ridicare-din-chingi-textile","8":"first","9":"instock","10":"shipping-taxable","11":"product-type-simple"},"_links":{"self":[{"href":"https:\/\/tros.md\/ru\/wp-json\/wp\/v2\/product\/6752","targetHints":{"allow":["GET"]}}],"collection":[{"href":"https:\/\/tros.md\/ru\/wp-json\/wp\/v2\/product"}],"about":[{"href":"https:\/\/tros.md\/ru\/wp-json\/wp\/v2\/types\/product"}],"replies":[{"embeddable":true,"href":"https:\/\/tros.md\/ru\/wp-json\/wp\/v2\/comments?post=6752"}],"wp:featuredmedia":[{"embeddable":true,"href":"https:\/\/tros.md\/ru\/wp-json\/wp\/v2\/media\/7845"}],"wp:attachment":[{"href":"https:\/\/tros.md\/ru\/wp-json\/wp\/v2\/media?parent=6752"}],"wp:term":[{"taxonomy":"product_brand","embeddable":true,"href":"https:\/\/tros.md\/ru\/wp-json\/wp\/v2\/product_brand?post=6752"},{"taxonomy":"product_cat","embeddable":true,"href":"https:\/\/tros.md\/ru\/wp-json\/wp\/v2\/product_cat?post=6752"},{"taxonomy":"product_tag","embeddable":true,"href":"https:\/\/tros.md\/ru\/wp-json\/wp\/v2\/product_tag?post=6752"}],"curies":[{"name":"wp","href":"https:\/\/api.w.org\/{rel}","templated":true}]}}