{"id":6725,"date":"2024-09-25T11:02:12","date_gmt":"2024-09-25T11:02:12","guid":{"rendered":"https:\/\/tros.md\/?post_type=product&#038;p=6725"},"modified":"2025-12-09T11:50:40","modified_gmt":"2025-12-09T11:50:40","slug":"strop-skc","status":"publish","type":"product","link":"https:\/\/tros.md\/ru\/product\/strop-skc\/","title":{"rendered":"Dispozitiv de ridicare din lant tip SKC"},"content":{"rendered":"<p>Dispozitiv de ridicare tip\u00a0combinat SKC are o parte central\u0103 de lan\u021b pentru sus\u021binere \u0219i elemente din cablu de o\u021bel pe marginile produsului. Datorit\u0103 acestei construc\u021bii, stropul combinat cu lan\u021b este mai u\u0219or dec\u00e2t unul similar din lan\u021b \u0219i, de asemenea, mai rezistent, durabil \u0219i flexibil \u00een compara\u021bie cu stropurile din cablu de o\u021bel. Simbioza \u00eentre flexibilitate \u0219i rezisten\u021b\u0103 permite utilizarea extrem de eficient\u0103 a stropurilor combinate pentru \u00eenc\u0103rcarea \u0219i mutarea metalelor laminate sau a \u00eenc\u0103rc\u0103turilor cu margini ascu\u021bite. \u00cen cazul lucrului cu aceste \u00eenc\u0103rc\u0103turi, durata de via\u021b\u0103 a stropurilor combinate este de mai multe ori mai mare dec\u00e2t cea a stropurilor standard din cablu de o\u021bel.<\/p>\n<p><strong>\u041f\u0440\u0435\u0438\u043c\u0443\u0449\u0435\u0441\u0442\u0432\u0430 \u0441\u0442\u0440\u043e\u043f\u0430 \u043a\u043e\u043c\u0431\u0438\u043d\u0438\u0440\u043e\u0432\u0430\u043d\u043d\u043e\u0433\u043e \u0446\u0435\u043f\u043d\u043e\u0433\u043e:<\/strong><\/p>\n<ul>\n<li>\u0412\u044b\u0441\u043e\u043a\u0430\u044f \u0441\u0442\u0435\u043f\u0435\u043d\u044c \u0433\u0438\u0431\u043a\u043e\u0441\u0442\u0438.<\/li>\n<li>\u0418\u0437\u043d\u043e\u0441\u043e\u0443\u0441\u0442\u043e\u0439\u0447\u0438\u0432\u043e\u0441\u0442\u044c. \u0426\u0435\u043f\u043d\u0430\u044f \u0447\u0430\u0441\u0442\u044c \u043d\u0435 \u0431\u043e\u0438\u0442\u0441\u044f \u043e\u0441\u0442\u0440\u044b\u0445 \u043a\u0440\u0430\u0435\u0432 \u043f\u0435\u0440\u0435\u043c\u0435\u0449\u0430\u0435\u043c\u043e\u0433\u043e \u0433\u0440\u0443\u0437\u0430.<\/li>\n<li>Componentele utilizate la fabricarea dispozitivelor sunt rezistente la coroziune, varia\u021bii de temperatur\u0103, condi\u021bii agresive \u0219i chimice.<\/li>\n<li>Dispozitivele de ridicare sunt fabricate din lan\u021b cu leg\u0103turi rotunde de \u00eenalt\u0103 rezisten\u021b\u0103 de clasa 8 \u0219i cablu de o\u021bel cu capacitate de rupere crescut\u0103. Utilizarea materialelor de calitate exclude riscul de rupere a stropului chiar \u0219i \u00een caz de cre\u0219tere brusc\u0103 a sarcinii.<\/li>\n<li>Partea din lan\u021b asigur\u0103 durabilitatea dispozitivului, iar partea din cablu de o\u021bel ajut\u0103 la u\u0219urarea stropului \u0219i reducerea costurilor de produc\u021bie. De asemenea, partea din cablu de o\u021bel ofer\u0103 propriet\u0103\u021bi de amortizare \u00een cazul sarcinilor dinamice, prevenind \u00eentinderea sau ruperea lan\u021bului.<\/li>\n<\/ul>\n<p><strong>\u041d\u0435\u0434\u043e\u0441\u0442\u0430\u0442\u043a\u0438:<\/strong><\/p>\n<ul>\n<li>Mai grele dec\u00e2t dispozitivele din cablu de o\u021bel cu construc\u021bie similar\u0103.<\/li>\n<li>\u041f\u043e\u0432\u0440\u0435\u0436\u0434\u0430\u044e\u0442 \u0445\u0440\u0443\u043f\u043a\u0438\u0435 \u0433\u0440\u0443\u0437\u044b, \u0430 \u0442\u0430\u043a\u0436\u0435 \u0442\u0449\u0430\u0442\u0435\u043b\u044c\u043d\u043e \u043f\u043e\u0434\u0433\u043e\u0442\u043e\u0432\u043b\u0435\u043d\u043d\u044b\u0435 \u043f\u043e\u0432\u0435\u0440\u0445\u043d\u043e\u0441\u0442\u0438.<\/li>\n<\/ul>\n<p><strong>Notarea dispozitivului:<\/strong> \u0421\u0442\u0440\u043e\u043f \u0421\u041a\u0426 \u0410\/\u0412\/\u0421<\/p>\n<p>\u0413\u0434\u0435 \u0410- \u0433\u0440\u0443\u0437\u043e\u043f\u043e\u0434\u044a\u0451\u043c\u043d\u043e\u0441\u0442\u044c \u0441\u0442\u0440\u043e\u043f\u0430 \u0432 \u0442\u043e\u043d\u043d\u0430\u0445; \u0412 \u2013 \u0434\u043b\u0438\u043d\u0430 \u0446\u0435\u043f\u043d\u043e\u0439 \u0447\u0430\u0441\u0442\u0438 \u0432 \u043c\u0438\u043b\u043b\u0438\u043c\u0435\u0442\u0440\u0430\u0445; \u0421 \u2013 \u043e\u0431\u0449\u0430\u044f \u0434\u043b\u0438\u043d\u0430 \u0441\u0442\u0440\u043e\u043f\u0430 \u0432 \u043c\u0438\u043b\u043b\u0438\u043c\u0435\u0442\u0440\u0430\u0445.<\/p>\n<p>\u041f\u0440\u0438\u043c\u0435\u0440: \u0421\u0442\u0440\u043e\u043f \u0421\u041a\u0426 2,0\/2000\/4000 -2 \u0448\u0442. (\u0441\u0442\u0440\u043e\u043f \u043a\u043e\u043c\u0431\u0438\u043d\u0438\u0440\u043e\u0432\u0430\u043d\u043d\u044b\u0439 \u0446\u0435\u043f\u043d\u043e\u0439 \u0433\u0440\u0443\u0437\u043e\u043f\u043e\u0434\u044a\u0451\u043c\u043d\u043e\u0441\u0442\u044c\u044e 2 \u0442\u043e\u043d\u043d\u044b, \u0434\u043b\u0438\u043d\u0430 \u0446\u0435\u043f\u043d\u043e\u0439 \u0447\u0430\u0441\u0442\u0438 2 \u043c\u0435\u0442\u0440\u0430, \u043e\u0431\u0449\u0430\u044f \u0434\u043b\u0438\u043d\u0430 4 \u043c\u0435\u0442\u0440\u0430, \u0432 \u043a\u043e\u043b\u0438\u0447\u0435\u0441\u0442\u0432\u0435 2\u0448\u0442.)<\/p>\n<p><img fetchpriority=\"high\" decoding=\"async\" title=\"\u041a\u043e\u043c\u0431\u0438\u043d\u0438\u0440\u043e\u0432\u0430\u043d\u043d\u044b\u0435 \u0441\u0442\u0440\u043e\u043f\u044b \u0442\u0438\u043f\u0430 \u0421\u041a\u0426\" src=\"https:\/\/load-tech.com.ua\/img\/cms\/picturemessage_m3jv5y0i.3xc.png\" alt=\"\u041a\u043e\u043c\u0431\u0438\u043d\u0438\u0440\u043e\u0432\u0430\u043d\u043d\u044b\u0435 \u0441\u0442\u0440\u043e\u043f\u044b \u0442\u0438\u043f\u0430 \u0421\u041a\u0426\" width=\"300\" height=\"203\" \/><\/p>\n<p>&nbsp;<\/p>\n<table border=\"1\" cellspacing=\"0\" cellpadding=\"0\">\n<tbody>\n<tr>\n<td nowrap=\"nowrap\" width=\"145\">\u0413\u0440\u0443\u0437\u043e\u043f\u043e\u0434\u044a\u0435\u043c\u043d\u043e\u0441\u0442\u044c, \u0442\u043d<\/td>\n<td nowrap=\"nowrap\" width=\"62\">\n<p align=\"center\">1,1<\/p>\n<\/td>\n<td nowrap=\"nowrap\" width=\"62\">\n<p align=\"center\">2,0<\/p>\n<\/td>\n<td nowrap=\"nowrap\" width=\"62\">\n<p align=\"center\">3,2<\/p>\n<\/td>\n<td nowrap=\"nowrap\" width=\"62\">\n<p align=\"center\">5,3<\/p>\n<\/td>\n<td nowrap=\"nowrap\" width=\"62\">\n<p align=\"center\">8,0<\/p>\n<\/td>\n<td nowrap=\"nowrap\" width=\"62\">\n<p align=\"center\">12,5<\/p>\n<\/td>\n<td nowrap=\"nowrap\" width=\"62\">\n<p align=\"center\">15,0<\/p>\n<\/td>\n<td nowrap=\"nowrap\" width=\"62\">\n<p align=\"center\">21,2<\/p>\n<\/td>\n<\/tr>\n<tr>\n<td nowrap=\"nowrap\" width=\"145\">\u041a\u0430\u043b\u0438\u0431\u0440 \u0446\u0435\u043f\u0438<\/td>\n<td nowrap=\"nowrap\" width=\"62\">\n<p align=\"center\">6\u044518<\/p>\n<\/td>\n<td nowrap=\"nowrap\" width=\"62\">\n<p align=\"center\">8\u044524<\/p>\n<\/td>\n<td nowrap=\"nowrap\" width=\"62\">\n<p align=\"center\">10\u044530<\/p>\n<\/td>\n<td nowrap=\"nowrap\" width=\"62\">\n<p align=\"center\">13\u044539<\/p>\n<\/td>\n<td nowrap=\"nowrap\" width=\"62\">\n<p align=\"center\">16\u044548<\/p>\n<\/td>\n<td nowrap=\"nowrap\" width=\"62\">\n<p align=\"center\">20\u044560<\/p>\n<\/td>\n<td nowrap=\"nowrap\" width=\"62\">\n<p align=\"center\">22\u044566<\/p>\n<\/td>\n<td nowrap=\"nowrap\" width=\"62\">\n<p align=\"center\">26\u044596<\/p>\n<\/td>\n<\/tr>\n<tr>\n<td nowrap=\"nowrap\" width=\"145\">\u0414\u0438\u0430\u043c\u0435\u0442\u0440<\/td>\n<td nowrap=\"nowrap\" width=\"62\">\n<p align=\"center\">11,0<\/p>\n<\/td>\n<td nowrap=\"nowrap\" width=\"62\">\n<p align=\"center\">13,0<\/p>\n<\/td>\n<td nowrap=\"nowrap\" width=\"62\">\n<p align=\"center\">16,5<\/p>\n<\/td>\n<td nowrap=\"nowrap\" width=\"62\">\n<p align=\"center\">24,0<\/p>\n<\/td>\n<td nowrap=\"nowrap\" width=\"62\">\n<p align=\"center\">27,0<\/p>\n<\/td>\n<td nowrap=\"nowrap\" width=\"62\">\n<p align=\"center\">33,0<\/p>\n<\/td>\n<td nowrap=\"nowrap\" width=\"62\">\n<p align=\"center\">39,5<\/p>\n<\/td>\n<td nowrap=\"nowrap\" width=\"62\">\n<p align=\"center\">44,5<\/p>\n<\/td>\n<\/tr>\n<\/tbody>\n<\/table>\n<p>&nbsp;<\/p>\n<table border=\"1\" cellspacing=\"0\" cellpadding=\"0\">\n<tbody>\n<tr>\n<td valign=\"top\" width=\"85\">\n<p align=\"center\"><strong>\u0417\u0430\u0434\u0435\u043b\u043a\u0430 \u043a\u043e\u043d\u0446\u043e\u0432<\/strong><\/p>\n<\/td>\n<td valign=\"top\" width=\"95\">\n<p align=\"center\"><b>\u041c\u0430\u0442\u0435\u0440\u0438\u0430\u043b \u0432\u0442\u0443\u043b\u043a\u0438<\/b><\/p>\n<\/td>\n<td valign=\"top\" width=\"104\">\n<p align=\"center\"><strong>\u0421\u0435\u0440\u0434\u0435\u0447\u043d\u0438\u043a <\/strong><\/p>\n<\/td>\n<td colspan=\"6\" valign=\"top\" width=\"595\">\n<p align=\"center\"><strong>\u041a\u043e\u044d\u0444\u0444\u0438\u0446\u0438\u0435\u043d\u0442 \u0433\u0440\u0443\u0437\u043e\u043f\u043e\u0434\u044a\u0435\u043c\u043d\u043e\u0441\u0442\u0438 \u0432\u044b\u0440\u0430\u0436\u0435\u043d<\/strong><\/p>\n<p align=\"center\"><strong> \u0432 %\n\u0432 \u0437\u0430\u0432\u0438\u0441\u0438\u043c\u043e\u0441\u0442\u0438 \u043e\u0442 \u0442\u0435\u043c\u043f\u0435\u0440\u0430\u0442\u0443\u0440\u044b<\/strong><\/p>\n<\/td>\n<\/tr>\n<tr>\n<td colspan=\"3\" valign=\"top\" width=\"283\">\n<p align=\"center\"><b>\u0422\u0435\u043c\u043f\u0435\u0440\u0430\u0442\u0443\u0440\u0430, \u0421<\/b><\/p>\n<\/td>\n<td valign=\"top\" width=\"76\">\n<p align=\"center\"><strong>-40\u00a0 +100<\/strong><\/p>\n<\/td>\n<td valign=\"top\" width=\"104\">\n<p align=\"center\"><strong>101-150<\/strong><\/p>\n<\/td>\n<td valign=\"top\" width=\"104\">\n<p align=\"center\"><strong>151-200<\/strong><\/p>\n<\/td>\n<td valign=\"top\" width=\"104\">\n<p align=\"center\"><strong>201-300<\/strong><\/p>\n<\/td>\n<td valign=\"top\" width=\"104\">\n<p align=\"center\"><strong>301-400<\/strong><\/p>\n<\/td>\n<td valign=\"top\" width=\"104\">\n<p align=\"center\"><strong>400&lt;t<\/strong><\/p>\n<\/td>\n<\/tr>\n<tr>\n<td valign=\"top\" width=\"85\">\n<p align=\"center\">\u0412\u0442\u0443\u043b\u043a\u0430<\/p>\n<\/td>\n<td valign=\"top\" width=\"95\">\n<p align=\"center\">\u0410\u043b\u044e\u043c\u0438\u043d\u0438\u0435\u0432\u0430\u044f<\/p>\n<\/td>\n<td valign=\"top\" width=\"104\">\n<p align=\"center\">\u041e\u0440\u0433\u0430\u043d\u0438\u0447\u0435\u0441\u043a\u0438\u0439<\/p>\n<\/td>\n<td valign=\"top\" width=\"76\">\n<p align=\"center\">100<\/p>\n<\/td>\n<td valign=\"top\" width=\"104\">\n<p align=\"center\">\u041d\u0435 \u0438\u0441\u043f\u043e\u043b\u044c\u0437\u043e\u0432\u0430\u0442\u044c<\/p>\n<\/td>\n<td valign=\"top\" width=\"104\">\n<p align=\"center\">\u041d\u0435 \u0438\u0441\u043f\u043e\u043b\u044c\u0437\u043e\u0432\u0430\u0442\u044c<\/p>\n<\/td>\n<td valign=\"top\" width=\"104\">\n<p align=\"center\">\u041d\u0435 \u0438\u0441\u043f\u043e\u043b\u044c\u0437\u043e\u0432\u0430\u0442\u044c<\/p>\n<\/td>\n<td valign=\"top\" width=\"104\">\n<p align=\"center\">\u041d\u0435 \u0438\u0441\u043f\u043e\u043b\u044c\u0437\u043e\u0432\u0430\u0442\u044c<\/p>\n<\/td>\n<td valign=\"top\" width=\"104\">\n<p align=\"center\">\u041d\u0435 \u0438\u0441\u043f\u043e\u043b\u044c\u0437\u043e\u0432\u0430\u0442\u044c<\/p>\n<\/td>\n<\/tr>\n<tr>\n<td valign=\"top\" width=\"85\">\n<p align=\"center\">\u0412\u0442\u0443\u043b\u043a\u0430<\/p>\n<\/td>\n<td valign=\"top\" width=\"95\">\n<p align=\"center\">\u0410\u043b\u044e\u043c\u0438\u043d\u0438\u0435\u0432\u0430\u044f<\/p>\n<\/td>\n<td valign=\"top\" width=\"104\">\n<p align=\"center\">\u0441\u0442\u0430\u043b\u044c.<\/p>\n<\/td>\n<td valign=\"top\" width=\"76\">\n<p align=\"center\">100<\/p>\n<\/td>\n<td valign=\"top\" width=\"104\">\n<p align=\"center\">100<\/p>\n<\/td>\n<td valign=\"top\" width=\"104\">\n<p align=\"center\">\u041d\u0435 \u0438\u0441\u043f\u043e\u043b\u044c\u0437\u043e\u0432\u0430\u0442\u044c<\/p>\n<\/td>\n<td valign=\"top\" width=\"104\">\n<p align=\"center\">\u041d\u0435 \u0438\u0441\u043f\u043e\u043b\u044c\u0437\u043e\u0432\u0430\u0442\u044c<\/p>\n<\/td>\n<td valign=\"top\" width=\"104\">\n<p align=\"center\">\u041d\u0435 \u0438\u0441\u043f\u043e\u043b\u044c\u0437\u043e\u0432\u0430\u0442\u044c<\/p>\n<\/td>\n<td valign=\"top\" width=\"104\">\n<p align=\"center\">\u041d\u0435 \u0438\u0441\u043f\u043e\u043b\u044c\u0437\u043e\u0432\u0430\u0442\u044c<\/p>\n<\/td>\n<\/tr>\n<tr>\n<td valign=\"top\" width=\"85\">\n<p align=\"center\">\u0412\u0442\u0443\u043b\u043a\u0430<\/p>\n<\/td>\n<td valign=\"top\" width=\"95\">\n<p align=\"center\">\u0441\u0442\u0430\u043b\u044c.<\/p>\n<\/td>\n<td valign=\"top\" width=\"104\">\n<p align=\"center\">\u041e\u0440\u0433\u0430\u043d\u0438\u0447\u0435\u0441\u043a\u0438\u0439<\/p>\n<\/td>\n<td valign=\"top\" width=\"76\">\n<p align=\"center\">100<\/p>\n<\/td>\n<td valign=\"top\" width=\"104\">\n<p align=\"center\">\u041d\u0435 \u0438\u0441\u043f\u043e\u043b\u044c\u0437\u043e\u0432\u0430\u0442\u044c<\/p>\n<\/td>\n<td valign=\"top\" width=\"104\">\n<p align=\"center\">\u041d\u0435 \u0438\u0441\u043f\u043e\u043b\u044c\u0437\u043e\u0432\u0430\u0442\u044c<\/p>\n<\/td>\n<td valign=\"top\" width=\"104\">\n<p align=\"center\">\u041d\u0435 \u0438\u0441\u043f\u043e\u043b\u044c\u0437\u043e\u0432\u0430\u0442\u044c<\/p>\n<\/td>\n<td valign=\"top\" width=\"104\">\n<p align=\"center\">\u041d\u0435 \u0438\u0441\u043f\u043e\u043b\u044c\u0437\u043e\u0432\u0430\u0442\u044c<\/p>\n<\/td>\n<td valign=\"top\" width=\"104\">\n<p align=\"center\">\u041d\u0435 \u0438\u0441\u043f\u043e\u043b\u044c\u0437\u043e\u0432\u0430\u0442\u044c<\/p>\n<\/td>\n<\/tr>\n<tr>\n<td valign=\"top\" width=\"85\">\n<p align=\"center\">\u0412\u0442\u0443\u043b\u043a\u0430<\/p>\n<\/td>\n<td valign=\"top\" width=\"95\">\n<p align=\"center\">\u0441\u0442\u0430\u043b\u044c.<\/p>\n<\/td>\n<td valign=\"top\" width=\"104\">\n<p align=\"center\">\u0441\u0442\u0430\u043b\u044c.<\/p>\n<\/td>\n<td valign=\"top\" width=\"76\">\n<p align=\"center\">100<\/p>\n<\/td>\n<td valign=\"top\" width=\"104\">\n<p align=\"center\">100<\/p>\n<\/td>\n<td valign=\"top\" width=\"104\">\n<p align=\"center\">90<\/p>\n<\/td>\n<td valign=\"top\" width=\"104\">\n<p align=\"center\">75<\/p>\n<\/td>\n<td valign=\"top\" width=\"104\">\n<p align=\"center\">65<\/p>\n<\/td>\n<td valign=\"top\" width=\"104\">\n<p align=\"center\">\u041d\u0435 \u0438\u0441\u043f\u043e\u043b\u044c\u0437\u043e\u0432\u0430\u0442\u044c<\/p>\n<\/td>\n<\/tr>\n<tr>\n<td valign=\"top\" width=\"85\">\n<p align=\"center\">\u0417\u0430\u043f\u043b\u0435\u0442\u043a\u0430<\/p>\n<\/td>\n<td valign=\"top\" width=\"95\">\n<p align=\"center\">&#8211;<\/p>\n<\/td>\n<td valign=\"top\" width=\"104\">\n<p align=\"center\">\u041e\u0440\u0433\u0430\u043d\u0438\u0447\u0435\u0441\u043a\u0438\u0439<\/p>\n<\/td>\n<td valign=\"top\" width=\"76\">\n<p align=\"center\">100<\/p>\n<\/td>\n<td valign=\"top\" width=\"104\">\n<p align=\"center\">\u041d\u0435 \u0438\u0441\u043f\u043e\u043b\u044c\u0437\u043e\u0432\u0430\u0442\u044c<\/p>\n<\/td>\n<td valign=\"top\" width=\"104\">\n<p align=\"center\">\u041d\u0435 \u0438\u0441\u043f\u043e\u043b\u044c\u0437\u043e\u0432\u0430\u0442\u044c<\/p>\n<\/td>\n<td valign=\"top\" width=\"104\">\n<p align=\"center\">\u041d\u0435 \u0438\u0441\u043f\u043e\u043b\u044c\u0437\u043e\u0432\u0430\u0442\u044c<\/p>\n<\/td>\n<td valign=\"top\" width=\"104\">\n<p align=\"center\">\u041d\u0435 \u0438\u0441\u043f\u043e\u043b\u044c\u0437\u043e\u0432\u0430\u0442\u044c<\/p>\n<\/td>\n<td valign=\"top\" width=\"104\">\n<p align=\"center\">\u041d\u0435 \u0438\u0441\u043f\u043e\u043b\u044c\u0437\u043e\u0432\u0430\u0442\u044c<\/p>\n<\/td>\n<\/tr>\n<tr>\n<td valign=\"top\" width=\"85\">\n<p align=\"center\">\u0417\u0430\u043f\u043b\u0435\u0442\u043a\u0430<\/p>\n<\/td>\n<td valign=\"top\" width=\"95\">\n<p align=\"center\">&#8211;<\/p>\n<\/td>\n<td valign=\"top\" width=\"104\">\n<p align=\"center\">\u0441\u0442\u0430\u043b\u044c.<\/p>\n<\/td>\n<td valign=\"top\" width=\"76\">\n<p align=\"center\">100<\/p>\n<\/td>\n<td valign=\"top\" width=\"104\">\n<p align=\"center\">100<\/p>\n<\/td>\n<td valign=\"top\" width=\"104\">\n<p align=\"center\">90<\/p>\n<\/td>\n<td valign=\"top\" width=\"104\">\n<p align=\"center\">75<\/p>\n<\/td>\n<td valign=\"top\" width=\"104\">\n<p align=\"center\">65<\/p>\n<\/td>\n<td valign=\"top\" width=\"104\">\n<p align=\"center\">\u041d\u0435 \u0438\u0441\u043f\u043e\u043b\u044c\u0437\u043e\u0432\u0430\u0442\u044c<\/p>\n<\/td>\n<\/tr>\n<\/tbody>\n<\/table>","protected":false},"excerpt":{"rendered":"<p>Dispozitiv de ridicare din Lant;<\/p>\n<p>\u041c\u0430\u0442\u0435\u0440\u0438\u0430\u043b: \u0441\u0442\u0430\u043b\u044c\u043d\u044b\u0435 \u043a\u0430\u043d\u0430\u0442\u044b, \u0446\u0435\u043f\u0438 \u0433\u0440\u0443\u0437\u043e\u043f\u043e\u0434\u044a\u0451\u043c\u043d\u044b\u0435 G80;<\/p>\n<p>\u041a\u043e\u044d\u0444\u0444\u0438\u0446\u0438\u0435\u043d\u0442 \u0437\u0430\u043f\u0430\u0441\u0430 \u043f\u0440\u043e\u0447\u043d\u043e\u0441\u0442\u0438: 4:1;<\/p>\n<p>\u0422\u0435\u043c\u043f\u0435\u0440\u0430\u0442\u0443\u0440\u043d\u044b\u0439 \u0434\u0438\u0430\u043f\u0430\u0437\u043e\u043d \u043f\u0440\u0438\u043c\u0435\u043d\u0435\u043d\u0438\u044f: \u043e\u0442 -40 \u0434\u043e +100 \u00b0\u0421;<\/p>\n<p>\u0421\u0442\u0430\u043d\u0434\u0430\u0440\u0442: \u0414\u0421\u0422\u0423 EN 13414-1:2018, \u0414\u0421\u0422\u0423 EN 818-4:2017;<\/p>\n<p>\u0413\u0430\u0440\u0430\u043d\u0442\u0438\u044f: 3 \u043c\u0435\u0441\u044f\u0446\u0430.<\/p>","protected":false},"featured_media":6726,"comment_status":"open","ping_status":"closed","template":"","meta":[],"product_brand":[],"product_cat":[33],"product_tag":[],"class_list":{"0":"post-6725","1":"product","2":"type-product","3":"status-publish","4":"has-post-thumbnail","6":"product_cat-dispozitive-de-ridicare-din-lant","8":"first","9":"instock","10":"featured","11":"shipping-taxable","12":"product-type-simple"},"_links":{"self":[{"href":"https:\/\/tros.md\/ru\/wp-json\/wp\/v2\/product\/6725","targetHints":{"allow":["GET"]}}],"collection":[{"href":"https:\/\/tros.md\/ru\/wp-json\/wp\/v2\/product"}],"about":[{"href":"https:\/\/tros.md\/ru\/wp-json\/wp\/v2\/types\/product"}],"replies":[{"embeddable":true,"href":"https:\/\/tros.md\/ru\/wp-json\/wp\/v2\/comments?post=6725"}],"wp:featuredmedia":[{"embeddable":true,"href":"https:\/\/tros.md\/ru\/wp-json\/wp\/v2\/media\/6726"}],"wp:attachment":[{"href":"https:\/\/tros.md\/ru\/wp-json\/wp\/v2\/media?parent=6725"}],"wp:term":[{"taxonomy":"product_brand","embeddable":true,"href":"https:\/\/tros.md\/ru\/wp-json\/wp\/v2\/product_brand?post=6725"},{"taxonomy":"product_cat","embeddable":true,"href":"https:\/\/tros.md\/ru\/wp-json\/wp\/v2\/product_cat?post=6725"},{"taxonomy":"product_tag","embeddable":true,"href":"https:\/\/tros.md\/ru\/wp-json\/wp\/v2\/product_tag?post=6725"}],"curies":[{"name":"wp","href":"https:\/\/api.w.org\/{rel}","templated":true}]}}