{"id":6721,"date":"2024-09-25T11:02:09","date_gmt":"2024-09-25T11:02:09","guid":{"rendered":"https:\/\/tros.md\/?post_type=product&#038;p=6721"},"modified":"2025-12-09T11:53:00","modified_gmt":"2025-12-09T11:53:00","slug":"strop-bc","status":"publish","type":"product","link":"https:\/\/tros.md\/ru\/product\/strop-bc\/","title":{"rendered":"Dispozitiv de ridicare din lant tip BC"},"content":{"rendered":"<p>Dispozitiv de ridicare din lant tip\u00a0BC este un bra\u021b singular de lan\u021b de o anumit\u0103 lungime, la capetele c\u0103ruia sunt amplasate link-uri ovale, c\u00e2rlige de \u00eenc\u0103rcare sau c\u00e2rlige-reglatori. Acest tip de echipament de ridicat poate fi utilizat fie ca un instrument de sine st\u0103t\u0103tor pentru prinderea \u00eenc\u0103rc\u0103turilor, fie \u00eempreun\u0103 cu alte tipuri de echipamente. \u00cen func\u021bie de construc\u021bie \u0219i de opera\u021biunile specifice, exist\u0103 diferite tipuri de bra\u021be de lan\u021b BC cu inele sau c\u00e2rlige la capete. Alegerea modului necesar ar trebui s\u0103 fie f\u0103cut\u0103 \u021bin\u00e2nd cont de specificul opera\u021biunilor efectuate \u0219i de caracteristicile \u00eenc\u0103rc\u0103turilor.<\/p>\n<p><strong>Caracteristicile tehnice ale Dispozitivului de ridicare din lant tip BC:<\/strong><\/p>\n<ul>\n<li>\u0413\u0440\u0443\u0437\u043e\u043f\u043e\u0434\u044a\u0435\u043c\u043d\u043e\u0435 \u043e\u0431\u043e\u0440\u0443\u0434\u043e\u0432\u0430\u043d\u0438\u0435 \u0434\u043b\u0438\u043d\u043e\u0439 \u043e\u0442 1 \u0434\u043e 12 \u043c, \u043a\u043e\u0442\u043e\u0440\u043e\u0435 \u043f\u0440\u043e\u0438\u0437\u0432\u043e\u0434\u0438\u0442\u0441\u044f \u0438\u0437 \u0442\u0435\u0440\u043c\u0438\u0447\u0435\u0441\u043a\u0438 \u043e\u0431\u0440\u0430\u0431\u043e\u0442\u0430\u043d\u043d\u043e\u0439 \u043b\u0435\u0433\u0438\u0440\u043e\u0432\u0430\u043d\u043d\u043e\u0439 \u0441\u0442\u0430\u043b\u0438 \u043a\u0440\u0435\u043f\u043e\u0441\u0442\u044c\u044e 8 \u043a\u043b\u0430\u0441\u0441\u0430. \u0413\u0440\u0443\u0437\u043e\u043f\u043e\u0434\u044a\u0435\u043c\u043d\u043e\u0441\u0442\u044c \u0446\u0435\u043f\u043d\u044b\u0445 \u0441\u0442\u0440\u043e\u043f\u043e\u0432 \u0412\u0426 \u0441\u043e\u0441\u0442\u0430\u0432\u043b\u044f\u0435\u0442 \u043e\u0442 1.12 \u0434\u043e 21.2 \u0442.<\/li>\n<\/ul>\n<p><strong>Unde se utilizeaz\u0103 Dispozitivele de ridicare din lant tip BC:<\/strong><\/p>\n<ul>\n<li>\u041e\u0431\u0432\u044f\u0437\u043a\u0430 \u043a\u0440\u0443\u043f\u043d\u043e\u0433\u0430\u0431\u0430\u0440\u0438\u0442\u043d\u043e\u0439 \u0442\u0430\u0440\u044b \u043f\u0440\u0438 \u0442\u0440\u0430\u043d\u0441\u043f\u043e\u0440\u0442\u0438\u0440\u043e\u0432\u043a\u0435 \u0440\u0430\u0437\u043b\u0438\u0447\u043d\u044b\u0445 \u0433\u0440\u0443\u0437\u043e\u0432.<\/li>\n<li>\u0421\u0442\u0440\u043e\u043f\u043e\u0432\u043a\u0430 \u0441\u0442\u0430\u043d\u043a\u043e\u0432, \u043c\u0430\u0448\u0438\u043d, \u043e\u0431\u043e\u0440\u0443\u0434\u043e\u0432\u0430\u043d\u0438\u044f \u0438\u043b\u0438 \u0434\u0440\u0443\u0433\u0438\u0445 \u043f\u0440\u0435\u0434\u043c\u0435\u0442\u043e\u0432 \u0434\u043b\u044f \u0431\u0435\u0437\u043e\u043f\u0430\u0441\u043d\u043e\u0439 \u043f\u0435\u0440\u0435\u0432\u043e\u0437\u043a\u0438 \u043d\u0430 \u043f\u043b\u0430\u0442\u0444\u043e\u0440\u043c\u0435, \u0432\u043d\u0443\u0442\u0440\u0438 \u043a\u043e\u043d\u0442\u0435\u0439\u043d\u0435\u0440\u0430, \u0432\u0430\u0433\u043e\u043d\u0430.<\/li>\n<li>\u041f\u043e\u0434\u044a\u0435\u043c \u0438\u043b\u0438 \u043e\u043f\u0443\u0441\u043a\u0430\u043d\u0438\u0435 \u043f\u0440\u0438 \u0441\u043a\u043b\u0430\u0434\u0438\u0440\u043e\u0432\u0430\u043d\u0438\u0438, \u043f\u043e\u0433\u0440\u0443\u0437\u043a\u0435 \u0438\u043b\u0438 \u0440\u0430\u0437\u0433\u0440\u0443\u0437\u043a\u0435 \u0440\u0430\u0437\u043b\u0438\u0447\u043d\u044b\u0445 \u0433\u0440\u0443\u0437\u043e\u0432.<\/li>\n<li>\u041f\u043e\u0432\u044b\u0448\u0435\u043d\u0438\u0435 \u044d\u043a\u0441\u043f\u043b\u0443\u0430\u0442\u0430\u0446\u0438\u043e\u043d\u043d\u044b\u0445 \u0441\u0432\u043e\u0439\u0441\u0442\u0432 \u0438\u043c\u0435\u044e\u0449\u0435\u0433\u043e\u0441\u044f \u0433\u0440\u0443\u0437\u043e\u043f\u043e\u0434\u044a\u0435\u043c\u043d\u043e\u0433\u043e \u0441\u043d\u0430\u0440\u044f\u0436\u0435\u043d\u0438\u044f \u043f\u0443\u0442\u0435\u043c \u043d\u0430\u0440\u0430\u0449\u0438\u0432\u0430\u043d\u0438\u044f \u0435\u0433\u043e \u0434\u043b\u0438\u043d\u044b.<\/li>\n<li>\u041d\u0430\u0432\u0435\u0441\u043a\u0430 \u043d\u0430 \u043a\u0440\u044e\u043a \u043a\u0440\u0430\u043d\u0430 \u0438\u043b\u0438 \u0434\u0440\u0443\u0433\u043e\u0433\u043e \u0433\u0440\u0443\u0437\u043e\u043f\u043e\u0434\u044a\u0435\u043c\u043d\u043e\u0433\u043e \u0443\u0441\u0442\u0440\u043e\u0439\u0441\u0442\u0432\u0430 \u0440\u0430\u0437\u043d\u043e\u0433\u043e \u043e\u0431\u043e\u0440\u0443\u0434\u043e\u0432\u0430\u043d\u0438\u044f.<\/li>\n<li>\u0424\u0438\u043a\u0441\u0430\u0446\u0438\u044f \u043e\u043f\u043e\u0440, \u043e\u0431\u043e\u0440\u0443\u0434\u043e\u0432\u0430\u043d\u0438\u044f, \u043c\u0430\u0448\u0438\u043d, \u0440\u0430\u0437\u043b\u0438\u0447\u043d\u044b\u0445 \u0442\u0435\u0445\u043d\u0438\u043a \u043d\u0430 \u043c\u0435\u0441\u0442\u0430\u0445 \u0434\u043b\u0438\u0442\u0435\u043b\u044c\u043d\u043e\u0433\u043e \u0445\u0440\u0430\u043d\u0435\u043d\u0438\u044f \u0438 \u0441\u0442\u043e\u044f\u043d\u043a\u0438.<\/li>\n<\/ul>\n<p>\u0411\u043b\u0430\u0433\u043e\u0434\u0430\u0440\u044f \u0441\u0432\u043e\u0435\u0439 \u0443\u043d\u0438\u0432\u0435\u0440\u0441\u0430\u043b\u044c\u043d\u043e\u0441\u0442\u0438 \u0446\u0435\u043f\u043d\u044b\u0435 \u0441\u0442\u0440\u043e\u043f\u044b \u0412\u0426 \u043f\u0440\u0438\u043c\u0435\u043d\u044f\u044e\u0442\u0441\u044f \u043d\u0430 \u043f\u0440\u043e\u043c\u044b\u0448\u043b\u0435\u043d\u043d\u044b\u0445 \u043f\u0440\u0435\u0434\u043f\u0440\u0438\u044f\u0442\u0438\u044f\u0445, \u0441\u0442\u0440\u043e\u0438\u0442\u0435\u043b\u044c\u043d\u044b\u0445 \u043f\u043b\u043e\u0449\u0430\u0434\u043a\u0430\u0445, \u0441\u043a\u043b\u0430\u0434\u0441\u043a\u0438\u0445 \u043e\u0431\u044a\u0435\u043a\u0442\u0430\u0445, \u0440\u0435\u0447\u043d\u044b\u0445 \u0438 \u043c\u043e\u0440\u0441\u043a\u0438\u0445 \u043f\u043e\u0440\u0442\u0430\u0445, \u0432 \u043a\u043e\u0440\u0430\u0431\u043b\u0435\u0441\u0442\u0440\u043e\u0435\u043d\u0438\u0438 \u0438 \u0430\u0442\u043e\u043c\u043d\u043e\u0439 \u043f\u0440\u043e\u043c\u044b\u0448\u043b\u0435\u043d\u043d\u043e\u0441\u0442\u0438, \u0436\u0435\u043b\u0435\u0437\u043d\u043e\u0434\u043e\u0440\u043e\u0436\u043d\u043e\u043c \u0442\u0440\u0430\u043d\u0441\u043f\u043e\u0440\u0442\u0435.<\/p>\n<p><strong>Avantajele utiliz\u0103rii Dispozitivului de ridicare din lant tip BC:<\/strong><\/p>\n<ul>\n<li>Dispozitivul de ridicare din lant tip BC se caracterizeaz\u0103 prin fiabilitate \u00een timpul exploat\u0103rii. Datorit\u0103 lan\u021bului de clasa 8, este capabil s\u0103 manevreze structuri de greutate semnificativ\u0103.<\/li>\n<li>Dispozitivul de ridicare din lant tip BC sunt echipamente universale care pot fi utilizate pentru toate tipurile de lucr\u0103ri de prindere cu diferite metode de prindere. Printre avantajele stropurilor BC se num\u0103r\u0103:\n<ul>\n<li>\u0428\u0438\u0440\u043e\u043a\u0438\u0439 \u0434\u0438\u0430\u043f\u0430\u0437\u043e\u043d \u0440\u0430\u0431\u043e\u0447\u0438\u0445 \u0442\u0435\u043c\u043f\u0435\u0440\u0430\u0442\u0443\u0440 (\u043e\u0442 -40 \u0434\u043e +400\u00b0\u0421 \u043f\u0440\u0438 \u043b\u044e\u0431\u043e\u0439 \u0432\u043b\u0430\u0436\u043d\u043e\u0441\u0442\u0438).<\/li>\n<li>\u0412\u044b\u0441\u043e\u043a\u0430\u044f \u0441\u0442\u043e\u0439\u043a\u043e\u0441\u0442\u044c \u043a \u043a\u043e\u0440\u0440\u043e\u0437\u0438\u0438, \u0443\u043b\u044c\u0442\u0440\u0430\u0444\u0438\u043e\u043b\u0435\u0442\u0443 \u0438 \u0434\u0440\u0443\u0433\u0438\u043c \u0430\u0433\u0440\u0435\u0441\u0441\u0438\u0432\u043d\u044b\u043c \u0444\u0430\u043a\u0442\u043e\u0440\u0430\u043c.<br \/>\n<table border=\"1\" cellspacing=\"0\" cellpadding=\"0\">\n<tbody>\n<tr>\n<td valign=\"top\" width=\"159\">\n<p align=\"center\"><strong>\u041e\u0431\u043e\u0437\u043d\u0430\u0447\u0435\u043d\u0438\u0435 \u0441\u0442\u0440\u043e\u043f\u0430<\/strong><\/p>\n<\/td>\n<td valign=\"top\" width=\"141\">\n<p align=\"center\"><strong>\u0413\u0440\u0443\u0437\u043e\u043f\u043e\u0434\u044a\u0435\u043c\u043d\u043e\u0441\u0442\u044c, \u0442\u043d<\/strong><\/p>\n<\/td>\n<td valign=\"top\" width=\"178\">\n<p align=\"center\"><strong>\u041e\u0431\u043e\u0437\u043d\u0430\u0447\u0435\u043d\u0438\u0435 \u0446\u0435\u043f\u0438<\/strong><\/p>\n<\/td>\n<\/tr>\n<tr>\n<td valign=\"top\" width=\"159\">\n<p align=\"center\">\u0412\u0426 1,12<\/p>\n<\/td>\n<td valign=\"top\" width=\"141\">\n<p align=\"center\">1,12<\/p>\n<\/td>\n<td valign=\"top\" width=\"178\">\n<p align=\"center\">6\u044518<\/p>\n<\/td>\n<\/tr>\n<tr>\n<td valign=\"top\" width=\"159\">\n<p align=\"center\">\u0412\u0426 2,0<\/p>\n<\/td>\n<td valign=\"top\" width=\"141\">\n<p align=\"center\">2,0<\/p>\n<\/td>\n<td valign=\"top\" width=\"178\">\n<p align=\"center\">8\u044524<\/p>\n<\/td>\n<\/tr>\n<tr>\n<td valign=\"top\" width=\"159\">\n<p align=\"center\">\u0412\u0426 3,15<\/p>\n<\/td>\n<td valign=\"top\" width=\"141\">\n<p align=\"center\">3,15<\/p>\n<\/td>\n<td valign=\"top\" width=\"178\">\n<p align=\"center\">10\u044530<\/p>\n<\/td>\n<\/tr>\n<tr>\n<td valign=\"top\" width=\"159\">\n<p align=\"center\">\u0412\u0426 5,3<\/p>\n<\/td>\n<td valign=\"top\" width=\"141\">\n<p align=\"center\">5,3<\/p>\n<\/td>\n<td valign=\"top\" width=\"178\">\n<p align=\"center\">13\u044539<\/p>\n<\/td>\n<\/tr>\n<tr>\n<td valign=\"top\" width=\"159\">\n<p align=\"center\">\u0412\u0426 8,0<\/p>\n<\/td>\n<td valign=\"top\" width=\"141\">\n<p align=\"center\">8,0<\/p>\n<\/td>\n<td valign=\"top\" width=\"178\">\n<p align=\"center\">16\u044548<\/p>\n<\/td>\n<\/tr>\n<tr>\n<td valign=\"top\" width=\"159\">\n<p align=\"center\">\u0412\u0426 12,5<\/p>\n<\/td>\n<td valign=\"top\" width=\"141\">\n<p align=\"center\">12,5<\/p>\n<\/td>\n<td valign=\"top\" width=\"178\">\n<p align=\"center\">20\u044560<\/p>\n<\/td>\n<\/tr>\n<tr>\n<td valign=\"top\" width=\"159\">\n<p align=\"center\">\u0412\u0426 15,0<\/p>\n<\/td>\n<td valign=\"top\" width=\"141\">\n<p align=\"center\">15,0<\/p>\n<\/td>\n<td valign=\"top\" width=\"178\">\n<p align=\"center\">22\u044566<\/p>\n<\/td>\n<\/tr>\n<tr>\n<td valign=\"top\" width=\"159\">\n<p align=\"center\">\u0412\u0426 21,2<\/p>\n<\/td>\n<td valign=\"top\" width=\"141\">\n<p align=\"center\">21,2<\/p>\n<\/td>\n<td valign=\"top\" width=\"178\">\n<p align=\"center\">26\u044596<\/p>\n<\/td>\n<\/tr>\n<tr>\n<td valign=\"top\" width=\"159\">\n<p align=\"center\">\u0412\u0426 31,5<\/p>\n<\/td>\n<td valign=\"top\" width=\"141\">\n<p align=\"center\">31,5<\/p>\n<\/td>\n<td valign=\"top\" width=\"178\">\n<p align=\"center\">32\u0445116<\/p>\n<\/td>\n<\/tr>\n<\/tbody>\n<\/table>\n<\/li>\n<\/ul>\n<\/li>\n<\/ul>","protected":false},"excerpt":{"rendered":"<div class=\"flex max-w-full flex-col flex-grow\">\n<div class=\"min-h-[20px] text-message flex w-full flex-col items-end gap-2 whitespace-normal break-words [.text-message+&amp;]:mt-5\" dir=\"auto\" data-message-author-role=\"assistant\" data-message-id=\"50156e4c-0b70-48e3-a437-c9528f7d6bda\">\n<div class=\"flex w-full flex-col gap-1 empty:hidden first:pt-[3px]\">\n<div class=\"markdown prose w-full break-words dark:prose-invert dark\">\n<ul>\n<li><strong>\u041c\u0430\u0442\u0435\u0440\u0438\u0430\u043b :<\/strong>: \u0446\u0435\u043f\u0438 \u0433\u0440\u0443\u0437\u043e\u043f\u043e\u0434\u044a\u0451\u043c\u043d\u044b\u0435 G80, \u043a\u043e\u043c\u043f\u043b\u0435\u043a\u0442\u0443\u044e\u0449\u0438\u0435 G80;<\/li>\n<li><strong>\u041a\u043e\u044d\u0444\u0444\u0438\u0446\u0438\u0435\u043d\u0442 \u0431\u0435\u0437\u043e\u043f\u0430\u0441\u043d\u043e\u0441\u0442\u0438<\/strong>: 4:1;<\/li>\n<li><strong>\u0422\u0435\u043c\u043f\u0435\u0440\u0430\u0442\u0443\u0440\u043d\u044b\u0439 \u0434\u0438\u0430\u043f\u0430\u0437\u043e\u043d \u043f\u0440\u0438\u043c\u0435\u043d\u0435\u043d\u0438\u044f<\/strong>\u043e\u0442 -40 \u0434\u043e +400 \u00b0\u0421;<\/li>\n<li><strong>\u0421\u0442\u0430\u043d\u0434\u0430\u0440\u0442:<\/strong>: \u0414\u0421\u0422\u0423 EN 818-4:2017;<\/li>\n<li><strong>\u0413\u0430\u0440\u0430\u043d\u0442\u0438\u044f<\/strong>: 6 \u043c\u0435\u0441\u044f\u0446\u0435\u0432.<\/li>\n<\/ul>\n<\/div>\n<\/div>\n<\/div>\n<\/div>\n<div class=\"mt-1 flex gap-3 empty:hidden -ml-2\">\n<div class=\"items-center justify-start rounded-xl p-1 flex\"><\/div>\n<\/div>","protected":false},"featured_media":6722,"comment_status":"open","ping_status":"closed","template":"","meta":[],"product_brand":[],"product_cat":[33],"product_tag":[],"class_list":{"0":"post-6721","1":"product","2":"type-product","3":"status-publish","4":"has-post-thumbnail","6":"product_cat-dispozitive-de-ridicare-din-lant","8":"first","9":"instock","10":"shipping-taxable","11":"product-type-simple"},"_links":{"self":[{"href":"https:\/\/tros.md\/ru\/wp-json\/wp\/v2\/product\/6721","targetHints":{"allow":["GET"]}}],"collection":[{"href":"https:\/\/tros.md\/ru\/wp-json\/wp\/v2\/product"}],"about":[{"href":"https:\/\/tros.md\/ru\/wp-json\/wp\/v2\/types\/product"}],"replies":[{"embeddable":true,"href":"https:\/\/tros.md\/ru\/wp-json\/wp\/v2\/comments?post=6721"}],"wp:featuredmedia":[{"embeddable":true,"href":"https:\/\/tros.md\/ru\/wp-json\/wp\/v2\/media\/6722"}],"wp:attachment":[{"href":"https:\/\/tros.md\/ru\/wp-json\/wp\/v2\/media?parent=6721"}],"wp:term":[{"taxonomy":"product_brand","embeddable":true,"href":"https:\/\/tros.md\/ru\/wp-json\/wp\/v2\/product_brand?post=6721"},{"taxonomy":"product_cat","embeddable":true,"href":"https:\/\/tros.md\/ru\/wp-json\/wp\/v2\/product_cat?post=6721"},{"taxonomy":"product_tag","embeddable":true,"href":"https:\/\/tros.md\/ru\/wp-json\/wp\/v2\/product_tag?post=6721"}],"curies":[{"name":"wp","href":"https:\/\/api.w.org\/{rel}","templated":true}]}}