{"id":6717,"date":"2024-09-25T11:02:06","date_gmt":"2024-09-25T11:02:06","guid":{"rendered":"https:\/\/tros.md\/?post_type=product&#038;p=6717"},"modified":"2025-12-09T11:57:25","modified_gmt":"2025-12-09T11:57:25","slug":"strop-1scvp","status":"publish","type":"product","link":"https:\/\/tros.md\/ru\/product\/strop-1scvp\/","title":{"rendered":"Dispozitiv de ridicare din lant tip 1SCVP"},"content":{"rendered":"<p>Dispozitivele cu lan\u021b de tip Grade80 (G80) sunt realizate din componente moderne de clasa 8 de rezisten\u021b\u0103, ceea ce permite reducerea semnificativ\u0103 a greut\u0103\u021bii, p\u0103str\u00e2nd \u00een acela\u0219i timp indicatori ridica\u021bi de \u00eenc\u0103rcare. Aceste stropuri au o gam\u0103 larg\u0103 de aplica\u021bii \u0219i sunt deosebit de c\u0103utate \u00een medii agresive, la temperaturi ridicate \u0219i pentru manipularea \u00eenc\u0103rc\u0103turilor cu centre de gravitate deplasate sau margini ascu\u021bite.<\/p>\n<p><strong>\u041f\u0440\u0435\u0438\u043c\u0443\u0449\u0435\u0441\u0442\u0432\u0430:<\/strong><\/p>\n<ul>\n<li>\u043a\u043e\u043c\u043f\u0430\u043a\u0442\u043d\u043e\u0441\u0442\u044c;<\/li>\n<li>\u0440\u0435\u043c\u043e\u043d\u0442\u043e\u043f\u0440\u0438\u0433\u043e\u0434\u043d\u043e\u0441\u0442\u044c;<\/li>\n<li>\u0434\u043e\u043b\u0433\u043e\u0432\u0435\u0447\u043d\u043e\u0441\u0442\u044c;<\/li>\n<li>\u0443\u0441\u0442\u043e\u0439\u0447\u0438\u0432\u043e\u0441\u0442\u044c \u043a \u0432\u044b\u0441\u043e\u043a\u0438\u043c \u0442\u0435\u043c\u043f\u0435\u0440\u0430\u0442\u0443\u0440\u0430\u043c*;<\/li>\n<li>\u0443\u0441\u0442\u043e\u0439\u0447\u0438\u0432\u043e\u0441\u0442\u044c \u043a \u043c\u0435\u0445\u0430\u043d\u0438\u0447\u0435\u0441\u043a\u0438\u043c \u043f\u043e\u0432\u0440\u0435\u0436\u0434\u0435\u043d\u0438\u044f\u043c;<\/li>\n<li>\u0432\u043e\u0437\u043c\u043e\u0436\u043d\u043e\u0441\u0442\u044c \u0440\u0435\u0433\u0443\u043b\u0438\u0440\u043e\u0432\u043a\u0438 \u0434\u043b\u0438\u043d\u044b \u0432\u0435\u0442\u0432\u0435\u0439<\/li>\n<\/ul>\n<p><strong>\u041d\u0435\u0434\u043e\u0441\u0442\u0430\u0442\u043a\u0438:<\/strong><\/p>\n<ul>\n<li>\u0431\u043e\u043b\u044c\u0448\u0430\u044f \u0441\u043e\u0431\u0441\u0442\u0432\u0435\u043d\u043d\u0430\u044f \u043c\u0430\u0441\u0441\u0430;<\/li>\n<li>\u043d\u0435 \u043f\u0440\u0435\u0434\u043d\u0430\u0437\u043d\u0430\u0447\u0435\u043d\u044b \u0434\u043b\u044f \u0440\u0435\u0437\u043a\u0438\u0445 \u0434\u0438\u043d\u0430\u043c\u0438\u0447\u0435\u0441\u043a\u0438\u0445 \u043d\u0430\u0433\u0440\u0443\u0437\u043e\u043a;<\/li>\n<li>\u0434\u0435\u0444\u0435\u043a\u0442\u044b \u0438 \u0438\u0437\u043d\u043e\u0441 \u0446\u0435\u043f\u0435\u0439 \u0442\u0440\u0443\u0434\u043d\u043e \u043e\u0431\u043d\u0430\u0440\u0443\u0436\u0438\u0442\u044c;<\/li>\n<li>\u043f\u043e\u0432\u0440\u0435\u0436\u0434\u0430\u044e\u0442 \u0445\u0440\u0443\u043f\u043a\u0438\u0435 \u0433\u0440\u0443\u0437\u044b, \u0430 \u0442\u0430\u043a\u0436\u0435 \u0442\u0449\u0430\u0442\u0435\u043b\u044c\u043d\u043e \u043f\u043e\u0434\u0433\u043e\u0442\u043e\u0432\u043b\u0435\u043d\u043d\u044b\u0435 \u043f\u043e\u0432\u0435\u0440\u0445\u043d\u043e\u0441\u0442\u0438;<\/li>\n<\/ul>\n<p><strong>Desemnarea dispozitivului<\/strong>: Dispozitiv 1SCVP A\/B<\/p>\n<p>\u0413\u0434\u0435 :<\/p>\n<ul>\n<li>\u0410- \u0433\u0440\u0443\u0437\u043e\u043f\u043e\u0434\u044a\u0451\u043c\u043d\u043e\u0441\u0442\u044c \u0441\u0442\u0440\u043e\u043f\u0430 \u0432 \u0442\u043e\u043d\u043d\u0430\u0445;<\/li>\n<li>\u0412- \u0434\u043b\u0438\u043d\u0430 \u0441\u0442\u0440\u043e\u043f\u0430 \u0432 \u043c\u0438\u043b\u043b\u0438\u043c\u0435\u0442\u0440\u0430\u0445.<\/li>\n<\/ul>\n<p><strong>\u041f\u0440\u0438\u043c\u0435\u0440<\/strong>: Dispozitiv 1SCVP 2,5\/1000 &#8211; 1 buc. (dispozitiv cu lan\u021b cu un singur bra\u021b, capacitate de \u00eenc\u0103rcare de 2,5 tone, lungime de 1 metru, \u00een cantitate de 1 bucat\u0103)<\/p>\n<p><img decoding=\"async\" title=\"\u042d\u0441\u043a\u0438\u0437 1\u0421\u0426\" src=\"https:\/\/load-tech.com.ua\/img\/cms\/1%D0%A1%D0%A6_1.gif\" alt=\"\u042d\u0441\u043a\u0438\u0437 1\u0421\u0426\" width=\"300\" height=\"88\" \/><\/p>\n<table border=\"1\" cellspacing=\"0\" cellpadding=\"0\">\n<tbody>\n<tr>\n<td valign=\"bottom\" width=\"208\">\n<p align=\"center\"><b>Dispozitivul<\/b><\/p>\n<\/td>\n<td valign=\"bottom\" width=\"208\">\n<p align=\"center\"><strong>\u0413\u0440\u0443\u0437\u043e\u043f\u043e\u0434\u044a\u0435\u043c\u043d\u043e\u0441\u0442\u044c, \u0442\u043d<\/strong><\/p>\n<\/td>\n<td valign=\"bottom\" width=\"208\">\n<p align=\"center\"><strong>Specifica\u021biile dispozitivului<\/strong><\/p>\n<\/td>\n<\/tr>\n<tr>\n<td valign=\"bottom\" width=\"208\">\n<p align=\"center\">1\u0421\u0426\u0412\u041f\u00a00,89<\/p>\n<\/td>\n<td valign=\"bottom\" width=\"208\">\n<p align=\"center\">0,89<\/p>\n<\/td>\n<td valign=\"bottom\" width=\"208\">\n<p align=\"center\">6\u044518<\/p>\n<\/td>\n<\/tr>\n<tr>\n<td valign=\"bottom\" width=\"208\">\n<p align=\"center\">1\u0421\u0426\u0412\u041f\u00a01,6<\/p>\n<\/td>\n<td valign=\"bottom\" width=\"208\">\n<p align=\"center\">1,6<\/p>\n<\/td>\n<td valign=\"bottom\" width=\"208\">\n<p align=\"center\">8\u044524<\/p>\n<\/td>\n<\/tr>\n<tr>\n<td valign=\"bottom\" width=\"208\">\n<p align=\"center\">1\u0421\u0426\u0412\u041f\u00a02,5<\/p>\n<\/td>\n<td valign=\"bottom\" width=\"208\">\n<p align=\"center\">2,5<\/p>\n<\/td>\n<td valign=\"bottom\" width=\"208\">\n<p align=\"center\">10\u044530<\/p>\n<\/td>\n<\/tr>\n<tr>\n<td valign=\"bottom\" width=\"208\">\n<p align=\"center\">1\u0421\u0426\u0412\u041f\u00a04,2<\/p>\n<\/td>\n<td valign=\"bottom\" width=\"208\">\n<p align=\"center\">4,2<\/p>\n<\/td>\n<td valign=\"bottom\" width=\"208\">\n<p align=\"center\">13\u044539<\/p>\n<\/td>\n<\/tr>\n<tr>\n<td valign=\"bottom\" width=\"208\">\n<p align=\"center\">1\u0421\u0426\u0412\u041f\u00a06,3<\/p>\n<\/td>\n<td valign=\"bottom\" width=\"208\">\n<p align=\"center\">6,3<\/p>\n<\/td>\n<td valign=\"bottom\" width=\"208\">\n<p align=\"center\">16\u044548<\/p>\n<\/td>\n<\/tr>\n<tr>\n<td valign=\"bottom\" width=\"208\">\n<p align=\"center\">1\u0421\u0426\u0412\u041f\u00a010,0<\/p>\n<\/td>\n<td valign=\"bottom\" width=\"208\">\n<p align=\"center\">10,0<\/p>\n<\/td>\n<td valign=\"bottom\" width=\"208\">\n<p align=\"center\">20\u044560<\/p>\n<\/td>\n<\/tr>\n<\/tbody>\n<\/table>","protected":false},"excerpt":{"rendered":"<p>Dispozitivul cu lan\u021b 1SCVP este un strop cu un singur bra\u021b \u0219i c\u00e2rlig glisant.<\/p>\n<ul>\n<li><strong>\u041c\u0430\u0442\u0435\u0440\u0438\u0430\u043b :<\/strong>\u0446\u0435\u043f\u0438 \u0433\u0440\u0443\u0437\u043e\u043f\u043e\u0434\u044a\u0451\u043c\u043d\u044b\u0435 G80, \u043a\u043e\u043c\u043f\u043b\u0435\u043a\u0442\u0443\u044e\u0449\u0438\u0435 G80;<\/li>\n<li><strong>\u041a\u043e\u044d\u0444\u0444\u0438\u0446\u0438\u0435\u043d\u0442 \u0437\u0430\u043f\u0430\u0441\u0430 \u043f\u0440\u043e\u0447\u043d\u043e\u0441\u0442\u0438<\/strong>: 4:1<\/li>\n<li><strong>\u0422\u0435\u043c\u043f\u0435\u0440\u0430\u0442\u0443\u0440\u043d\u044b\u0439 \u0434\u0438\u0430\u043f\u0430\u0437\u043e\u043d \u043f\u0440\u0438\u043c\u0435\u043d\u0435\u043d\u0438\u044f<\/strong>\u043e\u0442 -40\u00b0 \u0434\u043e +400 \u00b0\u0421<\/li>\n<li><strong>\u0421\u0442\u0430\u043d\u0434\u0430\u0440\u0442:<\/strong>\u0414\u0421\u0422\u0423 EN 818-4:2017;<\/li>\n<li class=\"translation-block\">\u0413\u0430\u0440\u0430\u043d\u0442\u0438\u044f: 6 \u043c\u0435\u0441\u044f\u0446\u0435\u0432.<\/li>\n<\/ul>","protected":false},"featured_media":6718,"comment_status":"open","ping_status":"closed","template":"","meta":[],"product_brand":[],"product_cat":[33],"product_tag":[],"class_list":{"0":"post-6717","1":"product","2":"type-product","3":"status-publish","4":"has-post-thumbnail","6":"product_cat-dispozitive-de-ridicare-din-lant","8":"first","9":"instock","10":"shipping-taxable","11":"product-type-simple"},"_links":{"self":[{"href":"https:\/\/tros.md\/ru\/wp-json\/wp\/v2\/product\/6717","targetHints":{"allow":["GET"]}}],"collection":[{"href":"https:\/\/tros.md\/ru\/wp-json\/wp\/v2\/product"}],"about":[{"href":"https:\/\/tros.md\/ru\/wp-json\/wp\/v2\/types\/product"}],"replies":[{"embeddable":true,"href":"https:\/\/tros.md\/ru\/wp-json\/wp\/v2\/comments?post=6717"}],"wp:featuredmedia":[{"embeddable":true,"href":"https:\/\/tros.md\/ru\/wp-json\/wp\/v2\/media\/6718"}],"wp:attachment":[{"href":"https:\/\/tros.md\/ru\/wp-json\/wp\/v2\/media?parent=6717"}],"wp:term":[{"taxonomy":"product_brand","embeddable":true,"href":"https:\/\/tros.md\/ru\/wp-json\/wp\/v2\/product_brand?post=6717"},{"taxonomy":"product_cat","embeddable":true,"href":"https:\/\/tros.md\/ru\/wp-json\/wp\/v2\/product_cat?post=6717"},{"taxonomy":"product_tag","embeddable":true,"href":"https:\/\/tros.md\/ru\/wp-json\/wp\/v2\/product_tag?post=6717"}],"curies":[{"name":"wp","href":"https:\/\/api.w.org\/{rel}","templated":true}]}}