{"id":6712,"date":"2024-09-25T11:02:02","date_gmt":"2024-09-25T11:02:02","guid":{"rendered":"https:\/\/tros.md\/?post_type=product&#038;p=6712"},"modified":"2025-12-09T11:59:27","modified_gmt":"2025-12-09T11:59:27","slug":"strop-sc2vz","status":"publish","type":"product","link":"https:\/\/tros.md\/ru\/product\/strop-sc2vz\/","title":{"rendered":"Dispozitiv de ridicare din lant tip SC2VZ"},"content":{"rendered":"<p>Dispozitiv de ridicare din lant tip\u00a0SC2VZ este un echipament de ridicare cu dou\u0103 ramuri \u00eenchise, construit din componente moderne de clasa de rezisten\u021b\u0103 8, cunoscute \u0219i sub denumirea de G80. Aceste componente permit reducerea semnificativ\u0103 a greut\u0103\u021bii, men\u021bin\u00e2nd \u00een acela\u0219i timp o capacitate de ridicare ridicat\u0103. Aceste stropuri sunt extrem de versatile, fiind foarte solicitate \u00een medii agresive, la temperaturi ridicate \u0219i pentru manipularea \u00eenc\u0103rc\u0103turilor cu centre de greutate deplasate sau margini ascu\u021bite.<\/p>\n<p><strong>\u041f\u0440\u0435\u0438\u043c\u0443\u0449\u0435\u0441\u0442\u0432\u0430 \u0441\u0442\u0440\u043e\u043f\u044b \u0421\u04262\u0412\u0417:<\/strong><\/p>\n<ul>\n<li><strong>\u043a\u043e\u043c\u043f\u0430\u043a\u0442\u043d\u043e\u0441\u0442\u044c;<\/strong> \u0415\u0433\u043e \u043a\u043e\u043d\u0441\u0442\u0440\u0443\u043a\u0446\u0438\u044f \u043e\u0431\u0435\u0441\u043f\u0435\u0447\u0438\u0432\u0430\u0435\u0442 \u044d\u0444\u0444\u0435\u043a\u0442\u0438\u0432\u043d\u0443\u044e \u0442\u0440\u0430\u043d\u0441\u043f\u043e\u0440\u0442\u0438\u0440\u043e\u0432\u043a\u0443 \u0438 \u0445\u0440\u0430\u043d\u0435\u043d\u0438\u0435.<\/li>\n<li><strong>\u0440\u0435\u043c\u043e\u043d\u0442\u043e\u043f\u0440\u0438\u0433\u043e\u0434\u043d\u043e\u0441\u0442\u044c;<\/strong> \u0412\u043e\u0437\u043c\u043e\u0436\u043d\u043e\u0441\u0442\u044c \u0440\u0435\u043c\u043e\u043d\u0442\u0430 \u043a\u043e\u043c\u043f\u043e\u043d\u0435\u043d\u0442\u043e\u0432 \u0432 \u0441\u043b\u0443\u0447\u0430\u0435 \u0438\u0437\u043d\u043e\u0441\u0430.<\/li>\n<li><strong>\u0414\u043e\u043b\u0433\u043e\u0432\u0435\u0447\u043d\u043e\u0441\u0442\u044c:<\/strong> \u0418\u0437\u0433\u043e\u0442\u043e\u0432\u043b\u0435\u043d \u0438\u0437 \u043f\u0440\u043e\u0447\u043d\u044b\u0445 \u043c\u0430\u0442\u0435\u0440\u0438\u0430\u043b\u043e\u0432 \u0434\u043b\u044f \u0434\u043e\u043b\u0433\u043e\u0432\u0435\u0447\u043d\u043e\u0441\u0442\u0438.<\/li>\n<li><strong>\u0443\u0441\u0442\u043e\u0439\u0447\u0438\u0432\u043e\u0441\u0442\u044c \u043a \u0432\u044b\u0441\u043e\u043a\u0438\u043c \u0442\u0435\u043c\u043f\u0435\u0440\u0430\u0442\u0443\u0440\u0430\u043c*;<\/strong> \u042d\u0444\u0444\u0435\u043a\u0442\u0438\u0432\u043d\u043e \u0440\u0430\u0431\u043e\u0442\u0430\u0435\u0442 \u043f\u0440\u0438 \u0442\u0435\u043c\u043f\u0435\u0440\u0430\u0442\u0443\u0440\u0435 \u0434\u043e +400\u00b0C.<\/li>\n<li><strong>\u0443\u0441\u0442\u043e\u0439\u0447\u0438\u0432\u043e\u0441\u0442\u044c \u043a \u043c\u0435\u0445\u0430\u043d\u0438\u0447\u0435\u0441\u043a\u0438\u043c \u043f\u043e\u0432\u0440\u0435\u0436\u0434\u0435\u043d\u0438\u044f\u043c;<\/strong> \u0423\u0441\u0442\u043e\u0439\u0447\u0438\u0432\u043e\u0441\u0442\u044c \u043a \u0438\u0437\u043d\u043e\u0441\u0443 \u0438 \u0444\u0438\u0437\u0438\u0447\u0435\u0441\u043a\u0438\u043c \u043f\u043e\u0432\u0440\u0435\u0436\u0434\u0435\u043d\u0438\u044f\u043c.<\/li>\n<li><strong>\u0432\u043e\u0437\u043c\u043e\u0436\u043d\u043e\u0441\u0442\u044c \u0440\u0435\u0433\u0443\u043b\u0438\u0440\u043e\u0432\u043a\u0438 \u0434\u043b\u0438\u043d\u044b \u0432\u0435\u0442\u0432\u0435\u0439<\/strong> \u0414\u043e\u043f\u043e\u043b\u043d\u0438\u0442\u0435\u043b\u044c\u043d\u0430\u044f \u0432\u043e\u0437\u043c\u043e\u0436\u043d\u043e\u0441\u0442\u044c \u0430\u0434\u0430\u043f\u0442\u0430\u0446\u0438\u0438 \u043a \u0440\u0430\u0437\u043b\u0438\u0447\u043d\u044b\u043c \u0437\u0430\u0434\u0430\u0447\u0430\u043c.<\/li>\n<\/ul>\n<p><strong>\u041d\u0435\u0434\u043e\u0441\u0442\u0430\u0442\u043a\u0438:<\/strong><\/p>\n<ul>\n<li><strong>\u0411\u043e\u043b\u044c\u0448\u0430\u044f \u043c\u0430\u0441\u0441\u0430;<\/strong> \u0431\u043e\u043b\u044c\u0448\u0430\u044f \u0441\u043e\u0431\u0441\u0442\u0432\u0435\u043d\u043d\u0430\u044f \u043c\u0430\u0441\u0441\u0430<\/li>\n<li><strong>\u041d\u0435 \u043f\u043e\u0434\u0445\u043e\u0434\u0438\u0442 \u0434\u043b\u044f \u0434\u0438\u043d\u0430\u043c\u0438\u0447\u043d\u044b\u0445 \u0437\u0430\u0434\u0430\u0447:<\/strong> \u043d\u0435 \u043f\u0440\u0435\u0434\u043d\u0430\u0437\u043d\u0430\u0447\u0435\u043d\u044b \u0434\u043b\u044f \u0440\u0435\u0437\u043a\u0438\u0445 \u0434\u0438\u043d\u0430\u043c\u0438\u0447\u0435\u0441\u043a\u0438\u0445 \u043d\u0430\u0433\u0440\u0443\u0437\u043e\u043a;<\/li>\n<li><strong>\u0421\u043b\u043e\u0436\u043d\u043e\u0441\u0442\u044c \u043e\u0431\u043d\u0430\u0440\u0443\u0436\u0435\u043d\u0438\u044f \u043d\u0435\u0438\u0441\u043f\u0440\u0430\u0432\u043d\u043e\u0441\u0442\u0435\u0439:<\/strong> \u0434\u0435\u0444\u0435\u043a\u0442\u044b \u0438 \u0438\u0437\u043d\u043e\u0441 \u0446\u0435\u043f\u0435\u0439 \u0442\u0440\u0443\u0434\u043d\u043e \u043e\u0431\u043d\u0430\u0440\u0443\u0436\u0438\u0442\u044c;<\/li>\n<li><strong>\u041f\u043e\u0432\u0440\u0435\u0436\u0434\u0435\u043d\u0438\u0435 \u0445\u0440\u0443\u043f\u043a\u0438\u0445 \u0433\u0440\u0443\u0437\u043e\u0432:<\/strong> \u041f\u043e\u0432\u0440\u0435\u0436\u0434\u0430\u044e\u0442 \u0445\u0440\u0443\u043f\u043a\u0438\u0435 \u0433\u0440\u0443\u0437\u044b, \u0430 \u0442\u0430\u043a\u0436\u0435 \u0442\u0449\u0430\u0442\u0435\u043b\u044c\u043d\u043e \u043f\u043e\u0434\u0433\u043e\u0442\u043e\u0432\u043b\u0435\u043d\u043d\u044b\u0435 \u043f\u043e\u0432\u0435\u0440\u0445\u043d\u043e\u0441\u0442\u0438.<\/li>\n<\/ul>\n<p><strong>\u0423\u0441\u043b\u043e\u0432\u043d\u043e\u0435 \u043e\u0431\u043e\u0437\u043d\u0430\u0447\u0435\u043d\u0438\u0435 \u0441\u0442\u0440\u043e\u043f\u0430:<\/strong> \u0421\u0442\u0440\u043e\u043f \u0421\u04262\u0412\u0417 \u0410\/\u0412<\/p>\n<p>\u0413\u0434\u0435 :<\/p>\n<ul>\n<li><strong>A<\/strong> - \u0433\u0440\u0443\u0437\u043e\u043f\u043e\u0434\u044a\u0451\u043c\u043d\u043e\u0441\u0442\u044c \u0441\u0442\u0440\u043e\u043f\u0430 \u0432 \u0442\u043e\u043d\u043d\u0430\u0445;<\/li>\n<li><strong>B<\/strong> - \u0434\u043b\u0438\u043d\u0430 \u0441\u0442\u0440\u043e\u043f\u0430 \u0432 \u043c\u0438\u043b\u043b\u0438\u043c\u0435\u0442\u0440\u0430\u0445.<\/li>\n<\/ul>\n<p><strong>\u041f\u0440\u0438\u043c\u0435\u0440<\/strong> \u0421\u0442\u0440\u043e\u043f \u0421\u04262\u0412\u0417 11,2\/2000 -1 \u0448\u0442. (\u0441\u0442\u0440\u043e\u043f \u0446\u0435\u043f\u043d\u043e\u0439 \u0441 \u0434\u0432\u0443\u043c\u044f \u0437\u0430\u043c\u043a\u043d\u0443\u0442\u044b\u043c\u0438 \u0432\u0435\u0442\u0432\u044f\u043c\u0438 \u0433\u0440\u0443\u0437\u043e\u043f\u043e\u0434\u044a\u0451\u043c\u043d\u043e\u0441\u0442\u044c\u044e 11,2 \u0442\u043e\u043d\u043d\u044b, \u0434\u043b\u0438\u043d\u043e\u0439 2 \u043c\u0435\u0442\u0440\u0430 \u0432 \u043a\u043e\u043b\u0438\u0447\u0435\u0441\u0442\u0432\u0435 1\u0448\u0442.)<\/p>\n<p><img fetchpriority=\"high\" decoding=\"async\" title=\"\u042d\u0441\u043a\u0438\u0437 \u0421\u04262\u0412\u0417\" src=\"https:\/\/load-tech.com.ua\/img\/cms\/%D0%A1%D0%A62%D0%92%D0%97_1.gif\" alt=\"\u042d\u0441\u043a\u0438\u0437 \u0421\u04262\u0412\u0417\" width=\"300\" height=\"264\" \/><\/p>\n<table border=\"1\" cellspacing=\"0\" cellpadding=\"0\">\n<tbody>\n<tr>\n<td rowspan=\"2\" valign=\"top\" width=\"140\">\n<p align=\"center\"><b>\u041e\u0431\u043e\u0437\u043d\u0430\u0447\u0435\u043d\u0438\u0435 \u0441\u0442\u0440\u043e\u043f\u0430<\/b><\/p>\n<\/td>\n<td colspan=\"2\" valign=\"top\" width=\"274\">\n<p align=\"center\"><strong>\u0413\u0440\u0443\u0437\u043e\u043f\u043e\u0434\u044a\u0435\u043c\u043d\u043e\u0441\u0442\u044c, \u0442\u043d<\/strong><\/p>\n<p align=\"center\"><strong>\u00a0<img decoding=\"async\" title=\"\u042d\u0441\u043a\u0438\u0437 2\" src=\"https:\/\/load-tech.com.ua\/img\/cms\/%D0%AD%D1%81%D0%BA%D0%B8%D0%B7%202_1.gif\" alt=\"\u042d\u0441\u043a\u0438\u0437 2\" width=\"160\" height=\"56\" \/><\/strong><\/p>\n<\/td>\n<td rowspan=\"2\" valign=\"top\" width=\"132\">\n<p align=\"center\"><strong>\u041e\u0431\u043e\u0437\u043d\u0430\u0447\u0435\u043d\u0438\u0435 \u0446\u0435\u043f\u0438<\/strong><\/p>\n<\/td>\n<\/tr>\n<tr>\n<td valign=\"top\" width=\"132\">\n<p align=\"center\">0\u00b0&lt; \u03b2&lt;45\u00b0<\/p>\n<\/td>\n<td valign=\"top\" width=\"142\">\n<p align=\"center\">45\u00b0&lt; \u03b2&lt;60\u00b0<\/p>\n<\/td>\n<\/tr>\n<tr>\n<td valign=\"top\" width=\"140\">\n<p align=\"center\">\u0421\u04262\u0412\u0417 2,36<\/p>\n<\/td>\n<td valign=\"top\" width=\"132\">\n<p align=\"center\">2,36<\/p>\n<\/td>\n<td valign=\"top\" width=\"142\">\n<p align=\"center\">1,7<\/p>\n<\/td>\n<td valign=\"top\" width=\"132\">\n<p align=\"center\">6\u044518<\/p>\n<\/td>\n<\/tr>\n<tr>\n<td valign=\"top\" width=\"140\">\n<p align=\"center\">\u0421\u04262\u0412\u0417 4,25<\/p>\n<\/td>\n<td valign=\"top\" width=\"132\">\n<p align=\"center\">4,25<\/p>\n<\/td>\n<td valign=\"top\" width=\"142\">\n<p align=\"center\">3,0<\/p>\n<\/td>\n<td valign=\"top\" width=\"132\">\n<p align=\"center\">8\u044524<\/p>\n<\/td>\n<\/tr>\n<tr>\n<td valign=\"top\" width=\"140\">\n<p align=\"center\">\u0421\u04262\u0412\u0417 6,7<\/p>\n<\/td>\n<td valign=\"top\" width=\"132\">\n<p align=\"center\">6,7<\/p>\n<\/td>\n<td valign=\"top\" width=\"142\">\n<p align=\"center\">4,75<\/p>\n<\/td>\n<td valign=\"top\" width=\"132\">\n<p align=\"center\">10\u044530<\/p>\n<\/td>\n<\/tr>\n<tr>\n<td valign=\"top\" width=\"140\">\n<p align=\"center\">\u0421\u04262\u0412\u0417 11,2<\/p>\n<\/td>\n<td valign=\"top\" width=\"132\">\n<p align=\"center\">11,2<\/p>\n<\/td>\n<td valign=\"top\" width=\"142\">\n<p align=\"center\">8,0<\/p>\n<\/td>\n<td valign=\"top\" width=\"132\">\n<p align=\"center\">13\u044539<\/p>\n<\/td>\n<\/tr>\n<tr>\n<td valign=\"top\" width=\"140\">\n<p align=\"center\">\u0421\u04262\u0412\u0417 17,0<\/p>\n<\/td>\n<td valign=\"top\" width=\"132\">\n<p align=\"center\">17,0<\/p>\n<\/td>\n<td valign=\"top\" width=\"142\">\n<p align=\"center\">11,8<\/p>\n<\/td>\n<td valign=\"top\" width=\"132\">\n<p align=\"center\">16\u044548<\/p>\n<\/td>\n<\/tr>\n<tr>\n<td valign=\"top\" width=\"140\">\n<p align=\"center\">\u0421\u04262\u0412\u0417 26,5<\/p>\n<\/td>\n<td valign=\"top\" width=\"132\">\n<p align=\"center\">26,5<\/p>\n<\/td>\n<td valign=\"top\" width=\"142\">\n<p align=\"center\">19,0<\/p>\n<\/td>\n<td valign=\"top\" width=\"132\">\n<p align=\"center\">20\u044560<\/p>\n<\/td>\n<\/tr>\n<tr>\n<td valign=\"top\" width=\"140\">\n<p align=\"center\">\u0421\u04262\u0412\u0417 31,5<\/p>\n<\/td>\n<td valign=\"top\" width=\"132\">\n<p align=\"center\">31,5<\/p>\n<\/td>\n<td valign=\"top\" width=\"142\">\n<p align=\"center\">22,4<\/p>\n<\/td>\n<td valign=\"top\" width=\"132\">\n<p align=\"center\">22\u044566<\/p>\n<\/td>\n<\/tr>\n<tr>\n<td valign=\"top\" width=\"140\">\n<p align=\"center\">\u0421\u04262\u0412\u0417 45,0<\/p>\n<\/td>\n<td valign=\"top\" width=\"132\">\n<p align=\"center\">45,0<\/p>\n<\/td>\n<td valign=\"top\" width=\"142\">\n<p align=\"center\">31,5<\/p>\n<\/td>\n<td valign=\"top\" width=\"132\">\n<p align=\"center\">26\u044596<\/p>\n<\/td>\n<\/tr>\n<tr>\n<td valign=\"top\" width=\"140\">\n<p align=\"center\">\u0421\u04262\u0412\u0417 67,0<\/p>\n<\/td>\n<td valign=\"top\" width=\"132\">\n<p align=\"center\">67,0<\/p>\n<\/td>\n<td valign=\"top\" width=\"142\">\n<p align=\"center\">47,5<\/p>\n<\/td>\n<td valign=\"top\" width=\"132\">\n<p align=\"center\">32\u0445116<\/p>\n<\/td>\n<\/tr>\n<\/tbody>\n<\/table>","protected":false},"excerpt":{"rendered":"<p>Dispozitivul cu lan\u021b SC2VZ este un echipament de ridicare dotat cu dou\u0103 ramuri \u00eenchise. Este fabricat din lan\u021buri de ridicare G80 \u0219i componente G80, respect\u00e2nd standardul DSTU EN 818-4:2017.<\/p>\n<p><strong>\u0422\u0435\u0445\u043d\u0438\u0447\u0435\u0441\u043a\u0438\u0435 \u0445\u0430\u0440\u0430\u043a\u0442\u0435\u0440\u0438\u0441\u0442\u0438\u043a\u0438:<\/strong><\/p>\n<ul>\n<li><strong>\u041c\u0430\u0442\u0435\u0440\u0438\u0430\u043b \u0438\u0437\u0433\u043e\u0442\u043e\u0432\u043b\u0435\u043d\u0438\u044f:<\/strong> \u0446\u0435\u043f\u0438 \u0433\u0440\u0443\u0437\u043e\u043f\u043e\u0434\u044a\u0451\u043c\u043d\u044b\u0435 G80, \u043a\u043e\u043c\u043f\u043b\u0435\u043a\u0442\u0443\u044e\u0449\u0438\u0435 G80;<\/li>\n<li><strong>\u041a\u043e\u044d\u0444\u0444\u0438\u0446\u0438\u0435\u043d\u0442 \u0431\u0435\u0437\u043e\u043f\u0430\u0441\u043d\u043e\u0441\u0442\u0438:<\/strong> 4:1<\/li>\n<li><strong>\u0422\u0435\u043c\u043f\u0435\u0440\u0430\u0442\u0443\u0440\u043d\u044b\u0439 \u0434\u0438\u0430\u043f\u0430\u0437\u043e\u043d \u043f\u0440\u0438\u043c\u0435\u043d\u0435\u043d\u0438\u044f:<\/strong> \u043e\u0442 -40\u00b0 \u0434\u043e +400 \u00b0\u0421<\/li>\n<li><strong>\u0421\u0442\u0430\u043d\u0434\u0430\u0440\u0442:<\/strong> \u0414\u0421\u0422\u0423 EN 818-4:2017;<\/li>\n<li class=\"translation-block\">\u0413\u0430\u0440\u0430\u043d\u0442\u0438\u044f: 6 \u043c\u0435\u0441\u044f\u0446\u0435\u0432.<\/li>\n<\/ul>","protected":false},"featured_media":6713,"comment_status":"open","ping_status":"closed","template":"","meta":[],"product_brand":[],"product_cat":[33],"product_tag":[],"class_list":{"0":"post-6712","1":"product","2":"type-product","3":"status-publish","4":"has-post-thumbnail","6":"product_cat-dispozitive-de-ridicare-din-lant","8":"first","9":"instock","10":"shipping-taxable","11":"product-type-simple"},"_links":{"self":[{"href":"https:\/\/tros.md\/ru\/wp-json\/wp\/v2\/product\/6712","targetHints":{"allow":["GET"]}}],"collection":[{"href":"https:\/\/tros.md\/ru\/wp-json\/wp\/v2\/product"}],"about":[{"href":"https:\/\/tros.md\/ru\/wp-json\/wp\/v2\/types\/product"}],"replies":[{"embeddable":true,"href":"https:\/\/tros.md\/ru\/wp-json\/wp\/v2\/comments?post=6712"}],"wp:featuredmedia":[{"embeddable":true,"href":"https:\/\/tros.md\/ru\/wp-json\/wp\/v2\/media\/6713"}],"wp:attachment":[{"href":"https:\/\/tros.md\/ru\/wp-json\/wp\/v2\/media?parent=6712"}],"wp:term":[{"taxonomy":"product_brand","embeddable":true,"href":"https:\/\/tros.md\/ru\/wp-json\/wp\/v2\/product_brand?post=6712"},{"taxonomy":"product_cat","embeddable":true,"href":"https:\/\/tros.md\/ru\/wp-json\/wp\/v2\/product_cat?post=6712"},{"taxonomy":"product_tag","embeddable":true,"href":"https:\/\/tros.md\/ru\/wp-json\/wp\/v2\/product_tag?post=6712"}],"curies":[{"name":"wp","href":"https:\/\/api.w.org\/{rel}","templated":true}]}}