{"id":6710,"date":"2024-09-25T11:02:00","date_gmt":"2024-09-25T11:02:00","guid":{"rendered":"https:\/\/tros.md\/?post_type=product&#038;p=6710"},"modified":"2025-12-09T12:01:36","modified_gmt":"2025-12-09T12:01:36","slug":"strop-4sc","status":"publish","type":"product","link":"https:\/\/tros.md\/ru\/product\/strop-4sc\/","title":{"rendered":"Dispozitiv de ridicare din lant tip 4SC"},"content":{"rendered":"<p>Dispozitiv de ridicare din lant cu patru ramuri (4SC) este un echipament de ridicare care dispune de patru ramuri de lan\u021b cu c\u00e2rlige de tipul necesar, fixate pe un element de conexiune. Scopul principal al acestuia este de a prinde, ridica \u0219i muta diferite tipuri de \u00eenc\u0103rc\u0103turi cu o greutate cuprins\u0103 \u00eentre 2 \u0219i 45 tone.<\/p>\n<p><strong>\u0414\u043e\u0441\u0442\u0443\u043f\u043d\u044b \u043c\u043e\u0434\u0438\u0444\u0438\u043a\u0430\u0446\u0438\u0438 :<\/strong><\/p>\n<ul>\n<li><strong>\u041c\u0430\u0442\u0435\u0440\u0438\u0430\u043b \u0438\u0437\u0433\u043e\u0442\u043e\u0432\u043b\u0435\u043d\u0438\u044f:<\/strong> \u0446\u0435\u043f\u0438 \u0433\u0440\u0443\u0437\u043e\u043f\u043e\u0434\u044a\u0451\u043c\u043d\u044b\u0435 G80, \u043a\u043e\u043c\u043f\u043b\u0435\u043a\u0442\u0443\u044e\u0449\u0438\u0435 G80;<\/li>\n<li><strong>\u041a\u043e\u044d\u0444\u0444\u0438\u0446\u0438\u0435\u043d\u0442 \u0431\u0435\u0437\u043e\u043f\u0430\u0441\u043d\u043e\u0441\u0442\u0438:<\/strong> 4:1<\/li>\n<li><strong>\u0422\u0435\u043c\u043f\u0435\u0440\u0430\u0442\u0443\u0440\u043d\u044b\u0439 \u0434\u0438\u0430\u043f\u0430\u0437\u043e\u043d \u043f\u0440\u0438\u043c\u0435\u043d\u0435\u043d\u0438\u044f:<\/strong> \u043e\u0442 -40\u00b0 \u0434\u043e +400 \u00b0\u0421<\/li>\n<li><strong>\u0421\u0442\u0430\u043d\u0434\u0430\u0440\u0442:<\/strong> \u0414\u0421\u0422\u0423 EN 818-4:2017;<\/li>\n<li class=\"translation-block\">\u0413\u0430\u0440\u0430\u043d\u0442\u0438\u044f: 6 \u043c\u0435\u0441\u044f\u0446\u0435\u0432.<\/li>\n<\/ul>\n<p><strong>\u0414\u043e\u0441\u0442\u0443\u043f\u043d\u044b \u043c\u043e\u0434\u0438\u0444\u0438\u043a\u0430\u0446\u0438\u0438 :<\/strong><\/p>\n<ul>\n<li>\u043a\u0440\u044e\u043a \u0441\u0430\u043c\u043e\u0437\u0430\u043f\u0438\u0440\u0430\u044e\u0449\u0438\u0439\u0441\u044f G80.<\/li>\n<li>\u0437\u0432\u0435\u043d\u043e \u0441\u043e\u0435\u0434\u0438\u043d\u0438\u0442\u0435\u043b\u044c\u043d\u043e\u0435 G80 \"\u043e\u043c\u0435\u0433\u0430\" (SL-002).<\/li>\n<li>\u0437\u0432\u0435\u043d\u043e \u0433\u0440\u0443\u0448\u0435\u043f\u043e\u0434\u043e\u0431\u043d\u043e\u0435 G80 (SL-270).<\/li>\n<li>\u0437\u0432\u0435\u043d\u043e \u043f\u0435\u0440\u0435\u0445\u043e\u0434\u043d\u043e\u0435 (SL-356).<\/li>\n<\/ul>\n<p><strong>\u0422\u0435\u0445\u043d\u0438\u0447\u0435\u0441\u043a\u0438\u0435 \u0445\u0430\u0440\u0430\u043a\u0442\u0435\u0440\u0438\u0441\u0442\u0438\u043a\u0438 :<\/strong><\/p>\n<p>\u0427\u0435\u0442\u044b\u0440\u0435\u0445\u0432\u0435\u0442\u0432\u0435\u0432\u043e\u0439 \u0446\u0435\u043f\u043d\u043e\u0439 \u0441\u0442\u0440\u043e\u043f 4\u0421\u0426 \u0442\u0430\u043a\u0436\u0435 \u043d\u0430\u0437\u044b\u0432\u0430\u044e\u0442 \u00ab\u0446\u0435\u043f\u043d\u043e\u0439 \u043f\u0430\u0443\u043a\u00bb. \u0422\u0430\u043a\u043e\u0435 \u043d\u0430\u0437\u0432\u0430\u043d\u0438\u0435 \u043e\u043d \u043f\u043e\u043b\u0443\u0447\u0438\u043b \u0431\u043b\u0430\u0433\u043e\u0434\u0430\u0440\u044f \u0441\u0432\u043e\u0435\u0439 \u0444\u043e\u0440\u043c\u0435, \u043d\u0430\u043f\u043e\u043c\u0438\u043d\u0430\u044e\u0449\u0435\u0439 \u043f\u0430\u0443\u043a\u0430. \u041d\u0430 \u0441\u0430\u043c\u043e\u043c \u0434\u0435\u043b\u0435, \u044d\u0442\u043e \u043d\u0430\u0438\u0431\u043e\u043b\u0435\u0435 \u0443\u043d\u0438\u0432\u0435\u0440\u0441\u0430\u043b\u044c\u043d\u044b\u0439 \u0438 \u043d\u0430\u0434\u0435\u0436\u043d\u044b\u0439 \u0442\u0438\u043f \u0433\u0440\u0443\u0437\u043e\u043f\u043e\u0434\u044a\u0435\u043c\u043d\u044b\u0445 \u0441\u0440\u0435\u0434\u0441\u0442\u0432, \u043a\u043e\u0442\u043e\u0440\u044b\u0435 \u0438\u0441\u043f\u043e\u043b\u044c\u0437\u0443\u044e\u0442\u0441\u044f \u0434\u043b\u044f \u0440\u0430\u0431\u043e\u0442\u044b \u0441 \u0431\u043e\u043b\u044c\u0448\u0438\u043c\u0438 \u0433\u0440\u0443\u0437\u0430\u043c\u0438.<\/p>\n<ul>\n<li><strong>\u0412\u0435\u0442\u0432\u0438:<\/strong> \u0438\u043c\u0435\u0435\u0442 4 \u0432\u0435\u0442\u0432\u0438 \u043e\u0434\u0438\u043d\u0430\u043a\u043e\u0432\u043e\u0433\u043e \u0440\u0430\u0437\u043c\u0435\u0440\u0430. \u041d\u0430 \u043a\u043e\u043d\u0446\u0435 \u043a\u0430\u0436\u0434\u043e\u0439 \u0438\u0437 \u043d\u0438\u0445 \u0435\u0441\u0442\u044c \u043a\u0440\u044e\u043a, \u043a\u043e\u0442\u043e\u0440\u044b\u043c \u0437\u0430\u0446\u0435\u043f\u043b\u044f\u0435\u0442\u0441\u044f \u0433\u0440\u0443\u0437.<\/li>\n<li><strong>\u0413\u0440\u0443\u0437\u043e\u043f\u043e\u0434\u044a\u0435\u043c\u043d\u043e\u0441\u0442\u044c<\/strong> \u0413\u0440\u0443\u0437\u043e\u043f\u043e\u0434\u044a\u0435\u043c\u043d\u043e\u0441\u0442\u044c \u0440\u0430\u0441\u0441\u0447\u0438\u0442\u044b\u0432\u0430\u0435\u0442\u0441\u044f \u0441 \u0443\u0447\u0435\u0442\u043e\u043c \u043c\u0430\u043a\u0441\u0438\u043c\u0430\u043b\u044c\u043d\u043e \u0432\u043e\u0437\u043c\u043e\u0436\u043d\u044b\u0445 \u0440\u0430\u0431\u043e\u0447\u0438\u0445 \u043d\u0430\u0433\u0440\u0443\u0437\u043e\u043a \u043d\u0430 \u043a\u0430\u0436\u0434\u0443\u044e \u0432\u0435\u0442\u0432\u044c \u0438 \u043c\u043e\u0436\u0435\u0442 \u0434\u043e\u0441\u0442\u0438\u0433\u0430\u0442\u044c 60 \u0438 \u0431\u043e\u043b\u0435\u0435 \u0442\u043e\u043d\u043d. \u041d\u0435\u043a\u043e\u0442\u043e\u0440\u044b\u0435 \u043c\u043e\u0434\u0435\u043b\u0438 \u043e\u0441\u043d\u0430\u0449\u0435\u043d\u044b \u043e\u0433\u0440\u0430\u043d\u0438\u0447\u0438\u0442\u0435\u043b\u044f\u043c\u0438 \u0432\u0435\u0442\u0432\u0438, \u0447\u0442\u043e \u043f\u043e\u0437\u0432\u043e\u043b\u044f\u0435\u0442 \u043f\u043e\u0434\u043d\u0438\u043c\u0430\u0442\u044c \u043d\u0435\u0440\u043e\u0432\u043d\u044b\u0435 \u0433\u0440\u0443\u0437\u044b \u0441\u043e \u0441\u043c\u0435\u0449\u0435\u043d\u043d\u044b\u043c \u0446\u0435\u043d\u0442\u0440\u043e\u043c \u0442\u044f\u0436\u0435\u0441\u0442\u0438.<\/li>\n<li><strong>\u041c\u0430\u0442\u0435\u0440\u0438\u0430\u043b \u0438\u0437\u0433\u043e\u0442\u043e\u0432\u043b\u0435\u043d\u0438\u044f:<\/strong> \u043e\u0431\u043b\u0435\u0433\u0447\u0435\u043d\u043d\u0430\u044f \u043b\u0435\u0433\u0438\u0440\u043e\u0432\u0430\u043d\u043d\u0430\u044f \u0441\u0442\u0430\u043b\u044c<\/li>\n<\/ul>\n<p><strong>\u0418\u0441\u043f\u043e\u043b\u044c\u0437\u043e\u0432\u0430\u043d\u0438\u0435 :<\/strong><\/p>\n<p>\u0412 \u043e\u0441\u043d\u043e\u0432\u043d\u043e\u043c \u0446\u0435\u043f\u043d\u043e\u0439 \u043f\u0430\u0443\u043a \u043f\u0440\u0438\u043c\u0435\u043d\u044f\u0435\u0442\u0441\u044f \u0432 \u0442\u044f\u0436\u0435\u043b\u043e\u0439 \u043f\u0440\u043e\u043c\u044b\u0448\u043b\u0435\u043d\u043d\u043e\u0441\u0442\u0438 \u0438 \u0441\u0442\u0440\u043e\u0438\u0442\u0435\u043b\u044c\u0441\u0442\u0432\u0435, \u0433\u0434\u0435 \u0442\u0440\u0435\u0431\u0443\u0435\u0442\u0441\u044f \u0432\u044b\u0441\u043e\u043a\u0430\u044f \u043f\u0440\u043e\u0447\u043d\u043e\u0441\u0442\u044c \u0438 \u043a\u0430\u0447\u0435\u0441\u0442\u0432\u043e \u0433\u0440\u0443\u0437\u043e\u043f\u043e\u0434\u044a\u0435\u043c\u043d\u043e\u0433\u043e \u043e\u0431\u043e\u0440\u0443\u0434\u043e\u0432\u0430\u043d\u0438\u044f, \u0432 \u0447\u0430\u0441\u0442\u043d\u043e\u0441\u0442\u0438:<\/p>\n<ul>\n<li>\u0412 \u0442\u043e\u0440\u0433\u043e\u0432\u043b\u0435.<\/li>\n<li>\u041d\u0430 \u043c\u0435\u0442\u0430\u043b\u043b\u0443\u0440\u0433\u0438\u0447\u0435\u0441\u043a\u0438\u0445 \u043f\u0440\u0435\u0434\u043f\u0440\u0438\u044f\u0442\u0438\u044f\u0445.<\/li>\n<li>\u041d\u0430 \u0441\u0435\u043b\u044c\u0441\u043a\u043e\u0445\u043e\u0437\u044f\u0439\u0441\u0442\u0432\u0435\u043d\u043d\u044b\u0445 \u043f\u0440\u043e\u0438\u0437\u0432\u043e\u0434\u0441\u0442\u0432\u0430\u0445.<\/li>\n<li>\u0412 \u0440\u0435\u0447\u043d\u044b\u0445, \u043c\u043e\u0440\u0441\u043a\u0438\u0445 \u0438 \u043f\u043e\u0440\u0442\u043e\u0432\u044b\u0445 \u0445\u043e\u0437\u044f\u0439\u0441\u0442\u0432\u0430\u0445.<\/li>\n<li>\u0412 \u044d\u043d\u0435\u0440\u0433\u0435\u0442\u0438\u0447\u0435\u0441\u043a\u043e\u0439 \u043e\u0442\u0440\u0430\u0441\u043b\u0438.<\/li>\n<li>\u0412 \u043f\u043e\u0440\u0442\u043e\u0432\u044b\u0445 \u0432\u0435\u0440\u0444\u044f\u0445.<\/li>\n<li>\u0413\u0440\u0443\u0437\u043e\u0432\u043e\u0439 \u0442\u0440\u0430\u043d\u0441\u043f\u043e\u0440\u0442: \u0430\u0432\u0438\u0430\u0446\u0438\u043e\u043d\u043d\u044b\u0439, \u0436\u0435\u043b\u0435\u0437\u043d\u043e\u0434\u043e\u0440\u043e\u0436\u043d\u044b\u0439, \u0430\u0432\u0442\u043e\u043c\u043e\u0431\u0438\u043b\u044c\u043d\u044b\u0439, \u043c\u043e\u0440\u0441\u043a\u043e\u0439 (\u0432\u043d\u0443\u0442\u0440\u0435\u043d\u043d\u0438\u0435 \u0432\u043e\u0434\u043d\u044b\u0435 \u043f\u0443\u0442\u0438)<\/li>\n<\/ul>\n<p><strong>\u041f\u0440\u0435\u0438\u043c\u0443\u0449\u0435\u0441\u0442\u0432\u0430:<\/strong><\/p>\n<ul>\n<li>\u0411\u043b\u0430\u0433\u043e\u0434\u0430\u0440\u044f \u0441\u043f\u0435\u0446\u0438\u0430\u043b\u044c\u043d\u043e\u0439 \u043e\u0431\u0440\u0430\u0431\u043e\u0442\u043a\u0435 \u043e\u043d\u0438 \u043c\u0430\u043a\u0441\u0438\u043c\u0430\u043b\u044c\u043d\u043e \u0443\u0441\u0442\u043e\u0439\u0447\u0438\u0432\u044b \u043a \u043a\u043e\u0440\u0440\u043e\u0437\u0438\u0438.<\/li>\n<li>\u0414\u043b\u0438\u043d\u0430 \u0441\u0442\u0440\u043e\u043f\u0430 \u0441\u043f\u043e\u0441\u043e\u0431\u043d\u0430 \u0440\u0435\u0433\u0443\u043b\u0438\u0440\u043e\u0432\u0430\u0442\u044c\u0441\u044f \u0441 \u043f\u043e\u043c\u043e\u0449\u044c\u044e \u043a\u0440\u044e\u043a\u043e\u0432-\u043e\u0433\u0440\u0430\u043d\u0438\u0447\u0438\u0442\u0435\u043b\u0435\u0439.<\/li>\n<li>\u0426\u0435\u043f\u043d\u043e\u0439 \u043f\u0430\u0443\u043a \u0434\u043e\u0441\u0442\u0430\u0442\u043e\u0447\u043d\u043e \u0433\u0438\u0431\u043a\u0438\u0439, \u0447\u0442\u043e \u0441\u043f\u043e\u0441\u043e\u0431\u0441\u0442\u0432\u0443\u0435\u0442 \u0441\u0442\u0440\u043e\u043f\u043e\u0432\u043a\u0435 \u0433\u0440\u0443\u0437\u043e\u0432 \u0440\u0430\u0437\u043d\u044b\u0445 \u0444\u043e\u0440\u043c.<\/li>\n<li>\u0426\u0435\u043f\u043d\u043e\u0439 \u043f\u0430\u0443\u043a \u0434\u043b\u044f \u043a\u0440\u0430\u043d\u0430 \u0441\u043f\u043e\u0441\u043e\u0431\u0435\u043d \u0440\u0430\u0431\u043e\u0442\u0430\u0442\u044c \u0434\u0430\u0436\u0435 \u043f\u0440\u0438 \u044d\u043a\u0441\u0442\u0440\u0435\u043c\u0430\u043b\u044c\u043d\u044b\u0445 \u0442\u0435\u043c\u043f\u0435\u0440\u0430\u0442\u0443\u0440\u0430\u0445 \u2013 \u0434\u043e +400\u00b0\u0421. \u041e\u0434\u043d\u0430\u043a\u043e \u043f\u0440\u0438 \u043f\u0440\u0438\u0431\u043b\u0438\u0436\u0435\u043d\u0438\u0438 \u0442\u0435\u043c\u043f\u0435\u0440\u0430\u0442\u0443\u0440\u044b \u043a \u043c\u0430\u043a\u0441\u0438\u043c\u0430\u043b\u044c\u043d\u043e\u0439 \u043d\u0435\u043e\u0431\u0445\u043e\u0434\u0438\u043c\u043e \u0441\u043d\u0438\u0437\u0438\u0442\u044c \u043d\u0430\u0433\u0440\u0443\u0437\u043a\u0443 \u043d\u0430 \u0441\u0442\u0440\u043e\u043f.<\/li>\n<\/ul>\n<p>\u0411\u043b\u0430\u0433\u043e\u0434\u0430\u0440\u044f \u044d\u0442\u0438\u043c \u0445\u0430\u0440\u0430\u043a\u0442\u0435\u0440\u0438\u0441\u0442\u0438\u043a\u0430\u043c \u0448\u0442\u0440\u043e\u0431\u043e\u0440\u0435\u0437 4SC \u043f\u043e\u0434\u0445\u043e\u0434\u0438\u0442 \u0434\u043b\u044f \u0440\u0430\u0431\u043e\u0442\u044b \u0441 \u0433\u0440\u0443\u0437\u0430\u043c\u0438 \u0441 \u043e\u0441\u0442\u0440\u044b\u043c\u0438 \u043a\u0440\u0430\u044f\u043c\u0438 \u0438 \u0432 \u0443\u0441\u043b\u043e\u0432\u0438\u044f\u0445 \u0432\u044b\u0441\u043e\u043a\u0438\u0445 \u0442\u0435\u043c\u043f\u0435\u0440\u0430\u0442\u0443\u0440. \u041e\u043d \u043e\u0441\u043e\u0431\u0435\u043d\u043d\u043e \u043f\u043e\u043b\u0435\u0437\u0435\u043d \u043f\u0440\u0438 \u0440\u0430\u0431\u043e\u0442\u0435 \u0441 \u0433\u0440\u0443\u0437\u0430\u043c\u0438 \u0441\u043e \u0441\u043c\u0435\u0449\u0435\u043d\u043d\u044b\u043c \u0446\u0435\u043d\u0442\u0440\u043e\u043c \u0442\u044f\u0436\u0435\u0441\u0442\u0438.<\/p>\n<p><img fetchpriority=\"high\" decoding=\"async\" title=\"\u042d\u0441\u043a\u0438\u0437 4\u0421\u0426\" src=\"https:\/\/load-tech.com.ua\/img\/cms\/4%D0%A1%D0%A6_1.gif\" alt=\"\u042d\u0441\u043a\u0438\u0437 4\u0421\u0426\" width=\"276\" height=\"257\" \/><\/p>\n<table border=\"1\" cellspacing=\"0\" cellpadding=\"0\">\n<tbody>\n<tr>\n<td rowspan=\"2\" valign=\"top\" width=\"140\">\n<p align=\"center\"><strong>\u041e\u0431\u043e\u0437\u043d\u0430\u0447\u0435\u043d\u0438\u0435 \u0441\u0442\u0440\u043e\u043f\u0430<\/strong><\/p>\n<\/td>\n<td colspan=\"2\" valign=\"top\" width=\"274\">\n<p align=\"center\"><b>\u0413\u0440\u0443\u0437\u043e\u043f\u043e\u0434\u044a\u0435\u043c\u043d\u043e\u0441\u0442\u044c, \u0442\u043d<\/b><\/p>\n<p align=\"center\"><strong><img decoding=\"async\" title=\"\u044d\u0441\u043a\u0438\u0437 2\" src=\"https:\/\/load-tech.com.ua\/img\/cms\/%D0%AD%D1%81%D0%BA%D0%B8%D0%B7%202_1.gif\" alt=\"\u044d\u0441\u043a\u0438\u0437 2\" width=\"160\" height=\"56\" \/>\u00a0<\/strong><\/p>\n<\/td>\n<td rowspan=\"2\" valign=\"top\" width=\"132\">\n<p align=\"center\"><strong>\u041e\u0431\u043e\u0437\u043d\u0430\u0447\u0435\u043d\u0438\u0435 \u0446\u0435\u043f\u0438<\/strong><\/p>\n<\/td>\n<\/tr>\n<tr>\n<td valign=\"top\" width=\"132\">\n<p align=\"center\">0\u00b0&lt; \u03b2&lt;45\u00b0<\/p>\n<\/td>\n<td valign=\"top\" width=\"142\">\n<p align=\"center\">45\u00b0&lt; \u03b2&lt;60\u00b0<\/p>\n<\/td>\n<\/tr>\n<tr>\n<td valign=\"top\" width=\"140\">\n<p align=\"center\">4\u0421\u0426 2,36<\/p>\n<\/td>\n<td valign=\"top\" width=\"132\">\n<p align=\"center\">2,36<\/p>\n<\/td>\n<td valign=\"top\" width=\"142\">\n<p align=\"center\">1,7<\/p>\n<\/td>\n<td valign=\"top\" width=\"132\">\n<p align=\"center\">6\u044518<\/p>\n<\/td>\n<\/tr>\n<tr>\n<td valign=\"top\" width=\"140\">\n<p align=\"center\">4\u0421\u0426 4,25<\/p>\n<\/td>\n<td valign=\"top\" width=\"132\">\n<p align=\"center\">4,25<\/p>\n<\/td>\n<td valign=\"top\" width=\"142\">\n<p align=\"center\">3,0<\/p>\n<\/td>\n<td valign=\"top\" width=\"132\">\n<p align=\"center\">8\u044524<\/p>\n<\/td>\n<\/tr>\n<tr>\n<td valign=\"top\" width=\"140\">\n<p align=\"center\">4\u0421\u0426 6,7<\/p>\n<\/td>\n<td valign=\"top\" width=\"132\">\n<p align=\"center\">6,7<\/p>\n<\/td>\n<td valign=\"top\" width=\"142\">\n<p align=\"center\">4,75<\/p>\n<\/td>\n<td valign=\"top\" width=\"132\">\n<p align=\"center\">10\u044530<\/p>\n<\/td>\n<\/tr>\n<tr>\n<td valign=\"top\" width=\"140\">\n<p align=\"center\">4\u0421\u0426 11,2<\/p>\n<\/td>\n<td valign=\"top\" width=\"132\">\n<p align=\"center\">11,2<\/p>\n<\/td>\n<td valign=\"top\" width=\"142\">\n<p align=\"center\">8,0<\/p>\n<\/td>\n<td valign=\"top\" width=\"132\">\n<p align=\"center\">13\u044539<\/p>\n<\/td>\n<\/tr>\n<tr>\n<td valign=\"top\" width=\"140\">\n<p align=\"center\">4\u0421\u0426 17,0<\/p>\n<\/td>\n<td valign=\"top\" width=\"132\">\n<p align=\"center\">17,0<\/p>\n<\/td>\n<td valign=\"top\" width=\"142\">\n<p align=\"center\">11,8<\/p>\n<\/td>\n<td valign=\"top\" width=\"132\">\n<p align=\"center\">16\u044548<\/p>\n<\/td>\n<\/tr>\n<tr>\n<td valign=\"top\" width=\"140\">\n<p align=\"center\">4\u0421\u0426 26,5<\/p>\n<\/td>\n<td valign=\"top\" width=\"132\">\n<p align=\"center\">26,5<\/p>\n<\/td>\n<td valign=\"top\" width=\"142\">\n<p align=\"center\">19,0<\/p>\n<\/td>\n<td valign=\"top\" width=\"132\">\n<p align=\"center\">20\u044560<\/p>\n<\/td>\n<\/tr>\n<tr>\n<td valign=\"top\" width=\"140\">\n<p align=\"center\">4\u0421\u0426 31,5<\/p>\n<\/td>\n<td valign=\"top\" width=\"132\">\n<p align=\"center\">31,5<\/p>\n<\/td>\n<td valign=\"top\" width=\"142\">\n<p align=\"center\">22,4<\/p>\n<\/td>\n<td valign=\"top\" width=\"132\">\n<p align=\"center\">22\u044566<\/p>\n<\/td>\n<\/tr>\n<tr>\n<td valign=\"top\" width=\"140\">\n<p align=\"center\">4\u0421\u0426 45,0<\/p>\n<\/td>\n<td valign=\"top\" width=\"132\">\n<p align=\"center\">45,0<\/p>\n<\/td>\n<td valign=\"top\" width=\"142\">\n<p align=\"center\">31,5<\/p>\n<\/td>\n<td valign=\"top\" width=\"132\">\n<p align=\"center\">26\u044596<\/p>\n<\/td>\n<\/tr>\n<tr>\n<td valign=\"top\" width=\"140\">\n<p align=\"center\">4\u0421\u0426 67,0<\/p>\n<\/td>\n<td valign=\"top\" width=\"132\">\n<p align=\"center\">67,0<\/p>\n<\/td>\n<td valign=\"top\" width=\"142\">\n<p align=\"center\">47,5<\/p>\n<\/td>\n<td valign=\"top\" width=\"132\">\n<p align=\"center\">32\u0445116<\/p>\n<\/td>\n<\/tr>\n<\/tbody>\n<\/table>","protected":false},"excerpt":{"rendered":"<p>\u0427\u0435\u0442\u044b\u0440\u0435\u0445\u0441\u0435\u043a\u0446\u0438\u043e\u043d\u043d\u0430\u044f \u0446\u0435\u043f\u043d\u0430\u044f \u0442\u0430\u043b\u044c (4SC) - \u044d\u0442\u043e \u0433\u0440\u0443\u0437\u043e\u043f\u043e\u0434\u044a\u0435\u043c\u043d\u043e\u0435 \u043e\u0431\u043e\u0440\u0443\u0434\u043e\u0432\u0430\u043d\u0438\u0435, \u0441\u043e\u0441\u0442\u043e\u044f\u0449\u0435\u0435 \u0438\u0437 4 \u0437\u0432\u0435\u043d\u044c\u0435\u0432 \u0446\u0435\u043f\u0438 \u0441 \u043a\u0440\u044e\u043a\u0430\u043c\u0438, \u043e\u0441\u043d\u043e\u0432\u043d\u043e\u0439 \u043e\u0432\u0430\u043b\u044c\u043d\u043e\u0439 \u043f\u0440\u043e\u0443\u0448\u0438\u043d\u044b \u0438 \u0434\u043e\u043f\u043e\u043b\u043d\u0438\u0442\u0435\u043b\u044c\u043d\u044b\u0445 \u043f\u0440\u043e\u0443\u0448\u0438\u043d. \u0418\u0441\u043f\u043e\u043b\u044c\u0437\u0443\u0435\u043c\u044b\u0435 \u043a\u043e\u043c\u043f\u043e\u043d\u0435\u043d\u0442\u044b \u043e\u0442\u043d\u043e\u0441\u044f\u0442\u0441\u044f \u043a \u0442\u0438\u043f\u0443 G80 \u0432 \u0441\u043e\u043e\u0442\u0432\u0435\u0442\u0441\u0442\u0432\u0438\u0438 \u0441 \u0435\u0432\u0440\u043e\u043f\u0435\u0439\u0441\u043a\u0438\u043c \u0441\u0442\u0430\u043d\u0434\u0430\u0440\u0442\u043e\u043c.<\/p>\n<p><strong>\u0422\u0435\u0445\u043d\u0438\u0447\u0435\u0441\u043a\u0438\u0435 \u0445\u0430\u0440\u0430\u043a\u0442\u0435\u0440\u0438\u0441\u0442\u0438\u043a\u0438:<\/strong><\/p>\n<ul>\n<li><strong>\u041c\u0430\u0442\u0435\u0440\u0438\u0430\u043b \u0438\u0437\u0433\u043e\u0442\u043e\u0432\u043b\u0435\u043d\u0438\u044f:<\/strong> \u0446\u0435\u043f\u0438 \u0433\u0440\u0443\u0437\u043e\u043f\u043e\u0434\u044a\u0451\u043c\u043d\u044b\u0435 G80, \u043a\u043e\u043c\u043f\u043b\u0435\u043a\u0442\u0443\u044e\u0449\u0438\u0435 G80;<\/li>\n<li><strong>\u041a\u043e\u044d\u0444\u0444\u0438\u0446\u0438\u0435\u043d\u0442 \u0431\u0435\u0437\u043e\u043f\u0430\u0441\u043d\u043e\u0441\u0442\u0438:<\/strong> 4:1<\/li>\n<li><strong>\u0422\u0435\u043c\u043f\u0435\u0440\u0430\u0442\u0443\u0440\u043d\u044b\u0439 \u0434\u0438\u0430\u043f\u0430\u0437\u043e\u043d \u043f\u0440\u0438\u043c\u0435\u043d\u0435\u043d\u0438\u044f:<\/strong> \u043e\u0442 -40\u00b0 \u0434\u043e +400 \u00b0\u0421<\/li>\n<li><strong>\u0421\u0442\u0430\u043d\u0434\u0430\u0440\u0442:<\/strong> \u0414\u0421\u0422\u0423 EN 818-4:2017;<\/li>\n<li class=\"translation-block\">\u0413\u0430\u0440\u0430\u043d\u0442\u0438\u044f: 6 \u043c\u0435\u0441\u044f\u0446\u0435\u0432.<\/li>\n<\/ul>","protected":false},"featured_media":6711,"comment_status":"open","ping_status":"closed","template":"","meta":[],"product_brand":[],"product_cat":[33],"product_tag":[],"class_list":{"0":"post-6710","1":"product","2":"type-product","3":"status-publish","4":"has-post-thumbnail","6":"product_cat-dispozitive-de-ridicare-din-lant","8":"first","9":"instock","10":"featured","11":"shipping-taxable","12":"product-type-simple"},"_links":{"self":[{"href":"https:\/\/tros.md\/ru\/wp-json\/wp\/v2\/product\/6710","targetHints":{"allow":["GET"]}}],"collection":[{"href":"https:\/\/tros.md\/ru\/wp-json\/wp\/v2\/product"}],"about":[{"href":"https:\/\/tros.md\/ru\/wp-json\/wp\/v2\/types\/product"}],"replies":[{"embeddable":true,"href":"https:\/\/tros.md\/ru\/wp-json\/wp\/v2\/comments?post=6710"}],"wp:featuredmedia":[{"embeddable":true,"href":"https:\/\/tros.md\/ru\/wp-json\/wp\/v2\/media\/6711"}],"wp:attachment":[{"href":"https:\/\/tros.md\/ru\/wp-json\/wp\/v2\/media?parent=6710"}],"wp:term":[{"taxonomy":"product_brand","embeddable":true,"href":"https:\/\/tros.md\/ru\/wp-json\/wp\/v2\/product_brand?post=6710"},{"taxonomy":"product_cat","embeddable":true,"href":"https:\/\/tros.md\/ru\/wp-json\/wp\/v2\/product_cat?post=6710"},{"taxonomy":"product_tag","embeddable":true,"href":"https:\/\/tros.md\/ru\/wp-json\/wp\/v2\/product_tag?post=6710"}],"curies":[{"name":"wp","href":"https:\/\/api.w.org\/{rel}","templated":true}]}}