{"id":6708,"date":"2024-09-25T11:01:58","date_gmt":"2024-09-25T11:01:58","guid":{"rendered":"https:\/\/tros.md\/?post_type=product&#038;p=6708"},"modified":"2025-12-09T12:03:09","modified_gmt":"2025-12-09T12:03:09","slug":"strop-3sc","status":"publish","type":"product","link":"https:\/\/tros.md\/ru\/product\/strop-3sc\/","title":{"rendered":"Dispozitiv de ridicare din lant tip 3SC"},"content":{"rendered":"<p>Dispozitivul cu lan\u021b cu trei ramuri (3SC) este un echipament de ridicare format din 3 ramuri cu c\u00e2rlige, un ochi oval principal \u0219i ochiuri suplimentare. La cererea clientului, c\u00e2rligele standard pot fi \u00eenlocuite cu c\u00e2rlige auto-blocante, combina\u021bii de accesorii sau echipate cu limitatoare de ramur\u0103. Componentele utilizate sunt de tip G80.<\/p>\n<p><strong>\u0414\u043e\u0441\u0442\u0443\u043f\u043d\u044b \u043c\u043e\u0434\u0438\u0444\u0438\u043a\u0430\u0446\u0438\u0438<\/strong><\/p>\n<ul>\n<li>\u043a\u0440\u044e\u043a \u0441\u0430\u043c\u043e\u0437\u0430\u043f\u0438\u0440\u0430\u044e\u0449\u0438\u0439\u0441\u044f G80.<\/li>\n<li>Ochi de conectare G80 &#8222;omega&#8221; (SL-002).<\/li>\n<li>\u0437\u0432\u0435\u043d\u043e \u0433\u0440\u0443\u0448\u0435\u043f\u043e\u0434\u043e\u0431\u043d\u043e\u0435 G80 (SL-270).<\/li>\n<li>\u0437\u0432\u0435\u043d\u043e \u043f\u0435\u0440\u0435\u0445\u043e\u0434\u043d\u043e\u0435 (SL-356).<\/li>\n<\/ul>\n<p><strong>\u0426\u0435\u043f\u043d\u044b\u0435 \u0442\u0440\u0435\u0445\u0432\u0435\u0442\u0432\u0435\u0432\u044b\u0435 \u0441\u0442\u0440\u043e\u043f\u044b (3\u0421\u0426) \u0434\u043b\u044f \u043f\u043e\u0433\u0440\u0443\u0437\u043e\u0447\u043d\u043e-\u0440\u0430\u0437\u0433\u0440\u0443\u0437\u043e\u0447\u043d\u044b\u0445 \u0440\u0430\u0431\u043e\u0442 \u0440\u0430\u0437\u043b\u0438\u0447\u043d\u043e\u0439 \u0441\u043b\u043e\u0436\u043d\u043e\u0441\u0442\u0438 :<\/strong><\/p>\n<p>\u041a\u043e\u043d\u0441\u0442\u0440\u0443\u043a\u0446\u0438\u044f 3\u0421\u0426 \u0438\u0437 \u044d\u043b\u0435\u043c\u0435\u043d\u0442\u043e\u0432 8-\u0433\u043e \u043a\u043b\u0430\u0441\u0441\u0430 \u043f\u0440\u043e\u0447\u043d\u043e\u0441\u0442\u0438 \u043e\u0442\u043b\u0438\u0447\u0430\u0435\u0442\u0441\u044f \u043d\u0430\u0434\u0435\u0436\u043d\u043e\u0441\u0442\u044c\u044e \u0438 \u043f\u043e\u0434\u0445\u043e\u0434\u0438\u0442 \u0434\u043b\u044f \u0438\u043d\u0442\u0435\u043d\u0441\u0438\u0432\u043d\u043e\u0439 \u044d\u043a\u0441\u043f\u043b\u0443\u0430\u0442\u0430\u0446\u0438\u0438. \u0421\u0442\u0440\u043e\u043f\u044b \u0441\u043e\u0445\u0440\u0430\u043d\u044f\u044e\u0442 \u0445\u0430\u0440\u0430\u043a\u0442\u0435\u0440\u0438\u0441\u0442\u0438\u043a\u0438 \u0432 \u0430\u0433\u0440\u0435\u0441\u0441\u0438\u0432\u043d\u044b\u0445 \u0441\u0440\u0435\u0434\u0430\u0445 \u0438 \u043f\u0440\u0438 \u044d\u043a\u0441\u0442\u0440\u0435\u043c\u0430\u043b\u044c\u043d\u044b\u0445 \u0442\u0435\u043c\u043f\u0435\u0440\u0430\u0442\u0443\u0440\u0430\u0445, \u0447\u0442\u043e \u0434\u043e\u043f\u0443\u0441\u043a\u0430\u0435\u0442 \u0438\u0441\u043f\u043e\u043b\u044c\u0437\u043e\u0432\u0430\u043d\u0438\u0435 \u0432 \u0441\u043b\u043e\u0436\u043d\u044b\u0445 \u0443\u0441\u043b\u043e\u0432\u0438\u044f\u0445 \u043f\u0440\u043e\u043c\u044b\u0448\u043b\u0435\u043d\u043d\u044b\u0445 \u0446\u0435\u0445\u043e\u0432 \u0438 \u043d\u0430 \u043e\u0431\u044a\u0435\u043a\u0442\u0430\u0445 \u0441 \u043f\u043e\u0432\u044b\u0448\u0435\u043d\u043d\u044b\u043c\u0438 \u044d\u043a\u0441\u043f\u043b\u0443\u0430\u0442\u0430\u0446\u0438\u043e\u043d\u043d\u044b\u043c\u0438 \u0442\u0440\u0435\u0431\u043e\u0432\u0430\u043d\u0438\u044f\u043c\u0438 \u043a \u0433\u0440\u0443\u0437\u043e\u043f\u043e\u0434\u044a\u0435\u043c\u043d\u043e\u043c\u0443 \u043e\u0431\u043e\u0440\u0443\u0434\u043e\u0432\u0430\u043d\u0438\u044e.<\/p>\n<p><strong>\u0426\u0435\u043f\u043d\u044b\u0435 \u0441\u0442\u0440\u043e\u043f\u044b 3\u0421\u0426 \u0432\u043e\u0441\u0442\u0440\u0435\u0431\u043e\u0432\u0430\u043d\u044b \u0432 \u043f\u0440\u043e\u0446\u0435\u0441\u0441\u0435:<\/strong><\/p>\n<ul>\n<li>\u0441\u0442\u0440\u043e\u0438\u0442\u0435\u043b\u044c\u043d\u044b\u0445 \u0440\u0430\u0431\u043e\u0442;<\/li>\n<li>\u043f\u043e\u0433\u0440\u0443\u0437\u043a\u0438-\u0440\u0430\u0437\u0433\u0440\u0443\u0437\u043a\u0438 \u0432\u0441\u0435\u0432\u043e\u0437\u043c\u043e\u0436\u043d\u044b\u0445 \u0433\u0440\u0443\u0437\u043e\u0432 (\u0432 \u0442\u043e\u043c \u0447\u0438\u0441\u043b\u0435 \u0441 \u043e\u0441\u0442\u0440\u044b\u043c\u0438 \u043a\u0440\u043e\u043c\u043a\u0430\u043c\u0438 \u0438\u043b\u0438 \u0441\u043c\u0435\u0449\u0435\u043d\u043d\u044b\u043c \u0446\u0435\u043d\u0442\u0440\u043e\u043c \u0442\u044f\u0436\u0435\u0441\u0442\u0438);<\/li>\n<li>\u0442\u0430\u043a\u0435\u043b\u0430\u0436\u043d\u044b\u0445 \u0440\u0430\u0431\u043e\u0442 \u0432 \u043f\u043e\u0440\u0442\u0430\u0445.<\/li>\n<\/ul>\n<p><strong>\u041f\u0440\u0435\u0438\u043c\u0443\u0449\u0435\u0441\u0442\u0432\u0430 \u0441\u0442\u0440\u043e\u043f 3\u0421\u0426 \u043e\u0442 \u043f\u0440\u043e\u0438\u0437\u0432\u043e\u0434\u0438\u0442\u0435\u043b\u044f LOAD-TECH<\/strong><\/p>\n<ul>\n<li>\u0433\u0438\u0431\u043a\u043e\u0441\u0442\u044c\u044e;<\/li>\n<li>\u043f\u0440\u043e\u0447\u043d\u043e\u0441\u0442\u044c\u044e \u043d\u0430 \u0440\u0430\u0437\u0440\u044b\u0432;<\/li>\n<li>\u0440\u0435\u043c\u043e\u043d\u0442\u043e\u043f\u0440\u0438\u0433\u043e\u0434\u043d\u043e\u0441\u0442\u044c\u044e;<\/li>\n<li>\u044d\u0444\u0444\u0435\u043a\u0442\u0438\u0432\u043d\u043e\u0441\u0442\u044c\u044e \u0440\u0430\u0431\u043e\u0442\u044b \u043f\u0440\u0438 \u0442\u0435\u043c\u043f\u0435\u0440\u0430\u0442\u0443\u0440\u0435 \u0434\u043e +400 \u00b0\u0421;<\/li>\n<li>\u0441\u0442\u043e\u0439\u043a\u043e\u0441\u0442\u044c\u044e \u043a \u0434\u0435\u0444\u043e\u0440\u043c\u0430\u0446\u0438\u044f\u043c \u043d\u0430 \u043f\u0440\u043e\u0442\u044f\u0436\u0435\u043d\u0438\u0438 \u044d\u043a\u0441\u043f\u043b\u0443\u0430\u0442\u0430\u0446\u0438\u043e\u043d\u043d\u043e\u0433\u043e \u043f\u0435\u0440\u0438\u043e\u0434\u0430;<\/li>\n<li>\u0443\u0434\u043e\u0431\u043d\u043e\u0439 \u0440\u0435\u0433\u0443\u043b\u0438\u0440\u043e\u0432\u043a\u043e\u0439 \u0434\u043b\u0438\u043d\u044b \u0432\u0435\u0442\u0432\u0438 \u043a\u0440\u044e\u043a\u0430\u043c\u0438-\u043e\u0433\u0440\u0430\u043d\u0438\u0447\u0438\u0442\u0435\u043b\u044f\u043c\u0438;<\/li>\n<li>\u0441\u043e\u0445\u0440\u0430\u043d\u0435\u043d\u0438\u0435\u043c \u0446\u0435\u043b\u043e\u0441\u0442\u043d\u043e\u0441\u0442\u0438 \u043f\u0440\u0438 \u043a\u043e\u043d\u0442\u0430\u043a\u0442\u0435 \u0441 \u043e\u0441\u0442\u0440\u044b\u043c\u0438 \u043a\u0440\u043e\u043c\u043a\u0430\u043c\u0438;<\/li>\n<li>\u0443\u0441\u0442\u043e\u0439\u0447\u0438\u0432\u043e\u0441\u0442\u044c \u043a \u043c\u0435\u0445\u0430\u043d\u0438\u0447\u0435\u0441\u043a\u0438\u043c \u043f\u043e\u0432\u0440\u0435\u0436\u0434\u0435\u043d\u0438\u044f\u043c;<\/li>\n<\/ul>\n<p>\u0426\u0435\u043d\u0430 \u0442\u0440\u0435\u0445\u0432\u0435\u0442\u0432\u0435\u0432\u044b\u0445 \u0446\u0435\u043f\u043d\u044b\u0445 \u0441\u0442\u0440\u043e\u043f \u0432\u044b\u0448\u0435 \u043a\u0430\u043d\u0430\u0442\u043d\u044b\u0445 \u0438 \u043b\u0435\u043d\u0442\u043e\u0447\u043d\u044b\u0445 \u0430\u043d\u0430\u043b\u043e\u0433\u043e\u0432, \u043e\u0434\u043d\u0430\u043a\u043e \u043e\u043d\u0430 \u043e\u043f\u0440\u0430\u0432\u0434\u0430\u043d\u0430 \u0442\u0435\u0445\u043d\u0438\u0447\u0435\u0441\u043a\u0438\u043c\u0438 \u043f\u0430\u0440\u0430\u043c\u0435\u0442\u0440\u0430\u043c\u0438 \u0441\u0442\u0430\u043b\u044c\u043d\u044b\u0445 \u0433\u0440\u0443\u0437\u043e\u043f\u043e\u0434\u044a\u0435\u043c\u043d\u044b\u0445 \u0438\u0437\u0434\u0435\u043b\u0438\u0439. 3\u0421\u0426 \u043d\u0435 \u0440\u0435\u043a\u043e\u043c\u0435\u043d\u0434\u0443\u0435\u0442\u0441\u044f \u0438\u0441\u043f\u043e\u043b\u044c\u0437\u043e\u0432\u0430\u0442\u044c \u0432 \u0443\u0441\u043b\u043e\u0432\u0438\u044f\u0445 \u0440\u0435\u0437\u043a\u0438\u0445 \u0434\u0438\u043d\u0430\u043c\u0438\u0447\u0435\u0441\u043a\u0438\u0445 \u043d\u0430\u0433\u0440\u0443\u0437\u043e\u043a. \u0422\u0432\u0435\u0440\u0434\u044b\u0435 \u0446\u0435\u043f\u043d\u044b\u0435 \u0441\u0442\u0440\u043e\u043f\u044b \u043d\u0435 \u043f\u043e\u0434\u0445\u043e\u0434\u044f\u0442 \u0434\u043b\u044f \u043f\u043e\u0434\u044a\u0435\u043c\u0430 \u0445\u0440\u0443\u043f\u043a\u0438\u0445 \u0433\u0440\u0443\u0437\u043e\u0432 \u0438 \u043f\u0440\u0435\u0434\u043c\u0435\u0442\u043e\u0432 \u0441 \u0434\u0435\u043b\u0438\u043a\u0430\u0442\u043d\u043e\u0439 \u043f\u043e\u0432\u0435\u0440\u0445\u043d\u043e\u0441\u0442\u044c\u044e (\u0441\u0432\u0435\u0436\u0435\u043e\u043a\u0440\u0430\u0448\u0435\u043d\u043d\u043e\u0439, \u043e\u0442\u043f\u043e\u043b\u0438\u0440\u043e\u0432\u0430\u043d\u043d\u043e\u0439).<\/p>\n<p><strong>\u0420\u0430\u0441\u0448\u0438\u0444\u0440\u043e\u0432\u043a\u0430 \u043e\u0431\u043e\u0437\u043d\u0430\u0447\u0435\u043d\u0438\u044f:<\/strong> 3\u0421\u0426 \u2013 \u0442\u0440\u0435\u0445\u0432\u0435\u0442\u0432\u0435\u0432\u043e\u0439 \u0441\u0442\u0440\u043e\u043f \u0446\u0435\u043f\u043d\u043e\u0439. \u0413\u0440\u0443\u0437\u043e\u043f\u043e\u0434\u044a\u0435\u043c\u043d\u043e\u0435 \u043f\u0440\u0438\u0441\u043f\u043e\u0441\u043e\u0431\u043b\u0435\u043d\u0438\u0435 \u0438\u0437\u0433\u043e\u0442\u0430\u0432\u043b\u0438\u0432\u0430\u0435\u0442\u0441\u044f \u0438\u0437 \u0446\u0435\u043f\u0435\u0439 \u0438 \u043a\u0440\u044e\u043a\u043e\u0432 8-\u0433\u043e \u043a\u043b\u0430\u0441\u0441\u0430 \u043f\u0440\u043e\u0447\u043d\u043e\u0441\u0442\u0438.<\/p>\n<p><strong>\u0422\u0435\u0445\u043d\u0438\u0447\u0435\u0441\u043a\u0438\u0435 \u0445\u0430\u0440\u0430\u043a\u0442\u0435\u0440\u0438\u0441\u0442\u0438\u043a\u0438<\/strong> Produc\u0103torul Parbriz Service CPC produce stropuri cu lan\u021b cu trei ramuri conform standardului DSTU EN 818-4:2017. Coeficientul de siguran\u021b\u0103 al produselor este de 4:1. Ele sunt utilizate la temperaturi de la -40 p\u00e2n\u0103 la +400 \u00b0C. Magazinul nostru online ofer\u0103 stropuri 3SC cu lungimi de la 1 la 10 metri. Capacitatea de \u00eenc\u0103rcare ini\u021bial\u0103 este de 2,36 t, iar capacitatea maxim\u0103 este de 45 tone. Stropurile fabricate din componente de clasa 8 vin cu o garan\u021bie de 6 luni.<\/p>\n<p><strong>\u041d\u0435\u0434\u043e\u0441\u0442\u0430\u0442\u043a\u0438:<\/strong><\/p>\n<ul>\n<li>\u0431\u043e\u043b\u044c\u0448\u0430\u044f \u0441\u043e\u0431\u0441\u0442\u0432\u0435\u043d\u043d\u0430\u044f \u043c\u0430\u0441\u0441\u0430;<\/li>\n<li>\u043d\u0435 \u043f\u0440\u0435\u0434\u043d\u0430\u0437\u043d\u0430\u0447\u0435\u043d\u044b \u0434\u043b\u044f \u0440\u0435\u0437\u043a\u0438\u0445 \u0434\u0438\u043d\u0430\u043c\u0438\u0447\u0435\u0441\u043a\u0438\u0445 \u043d\u0430\u0433\u0440\u0443\u0437\u043e\u043a;<\/li>\n<li>\u0434\u0435\u0444\u0435\u043a\u0442\u044b \u0438 \u0438\u0437\u043d\u043e\u0441 \u0446\u0435\u043f\u0435\u0439 \u0442\u0440\u0443\u0434\u043d\u043e \u043e\u0431\u043d\u0430\u0440\u0443\u0436\u0438\u0442\u044c;<\/li>\n<li>\u043f\u043e\u0432\u0440\u0435\u0436\u0434\u0430\u044e\u0442 \u0445\u0440\u0443\u043f\u043a\u0438\u0435 \u0433\u0440\u0443\u0437\u044b, \u0430 \u0442\u0430\u043a\u0436\u0435 \u0442\u0449\u0430\u0442\u0435\u043b\u044c\u043d\u043e \u043f\u043e\u0434\u0433\u043e\u0442\u043e\u0432\u043b\u0435\u043d\u043d\u044b\u0435 \u043f\u043e\u0432\u0435\u0440\u0445\u043d\u043e\u0441\u0442\u0438.<\/li>\n<\/ul>\n<p><strong>\u0423\u0441\u043b\u043e\u0432\u043d\u043e\u0435 \u043e\u0431\u043e\u0437\u043d\u0430\u0447\u0435\u043d\u0438\u0435 \u0441\u0442\u0440\u043e\u043f\u0430: \u0421\u0442\u0440\u043e\u043f 3\u0421\u0426 \u0410\/\u0412<\/strong><\/p>\n<p>\u0413\u0434\u0435 \u0410- \u0433\u0440\u0443\u0437\u043e\u043f\u043e\u0434\u044a\u0451\u043c\u043d\u043e\u0441\u0442\u044c \u0441\u0442\u0440\u043e\u043f\u0430 \u0432 \u0442\u043e\u043d\u043d\u0430\u0445; \u0412- \u0434\u043b\u0438\u043d\u0430 \u0441\u0442\u0440\u043e\u043f\u0430 \u0432 \u043c\u0438\u043b\u043b\u0438\u043c\u0435\u0442\u0440\u0430\u0445.<\/p>\n<p><strong>\u041f\u0440\u0438\u043c\u0435\u0440<\/strong> \u0421\u0442\u0440\u043e\u043f 3\u0421\u0426 11,2\/2000 -1 \u0448\u0442. (\u0441\u0442\u0440\u043e\u043f \u0446\u0435\u043f\u043d\u043e\u0439 \u0442\u0440\u0435\u0445\u0432\u0435\u0442\u0432\u0435\u0432\u043e\u0439 \u0433\u0440\u0443\u0437\u043e\u043f\u043e\u0434\u044a\u0451\u043c\u043d\u043e\u0441\u0442\u044c\u044e 11,2\u0442\u043e\u043d\u043d\u044b, \u0434\u043b\u0438\u043d\u043e\u0439 2 \u043c\u0435\u0442\u0440\u0430 \u0432 \u043a\u043e\u043b\u0438\u0447\u0435\u0441\u0442\u0432\u0435 1\u0448\u0442.)<\/p>\n<p><img fetchpriority=\"high\" decoding=\"async\" title=\"\u042d\u0441\u043a\u0438\u0437 3\u0421\u0426\" src=\"https:\/\/load-tech.com.ua\/img\/cms\/3%D0%A1%D0%A6_1.gif\" alt=\"\u042d\u0441\u043a\u0438\u0437 3\u0421\u0426\" width=\"248\" height=\"222\" \/><\/p>\n<table border=\"1\" cellspacing=\"0\" cellpadding=\"0\">\n<tbody>\n<tr>\n<td rowspan=\"2\" valign=\"top\" width=\"140\">\n<p align=\"center\"><b>\u041e\u0431\u043e\u0437\u043d\u0430\u0447\u0435\u043d\u0438\u0435 \u0441\u0442\u0440\u043e\u043f\u0430<\/b><\/p>\n<\/td>\n<td colspan=\"2\" valign=\"top\" width=\"274\">\n<p align=\"center\"><strong>\u0413\u0440\u0443\u0437\u043e\u043f\u043e\u0434\u044a\u0435\u043c\u043d\u043e\u0441\u0442\u044c, \u0442\u043d<\/strong><\/p>\n<p align=\"center\"><strong>\u00a0<img decoding=\"async\" title=\"\u042d\u0441\u043a\u0438\u0437 2\" src=\"https:\/\/load-tech.com.ua\/img\/cms\/%D0%AD%D1%81%D0%BA%D0%B8%D0%B7%202_1.gif\" alt=\"\u042d\u0441\u043a\u0438\u0437 2\" width=\"160\" height=\"56\" \/><\/strong><\/p>\n<\/td>\n<td rowspan=\"2\" valign=\"top\" width=\"132\">\n<p align=\"center\"><strong>\u041e\u0431\u043e\u0437\u043d\u0430\u0447\u0435\u043d\u0438\u0435 \u0446\u0435\u043f\u0438<\/strong><\/p>\n<\/td>\n<\/tr>\n<tr>\n<td valign=\"top\" width=\"132\">\n<p align=\"center\">0\u00b0&lt; \u03b2&lt;45\u00b0<\/p>\n<\/td>\n<td valign=\"top\" width=\"142\">\n<p align=\"center\">45\u00b0&lt; \u03b2&lt;60\u00b0<\/p>\n<\/td>\n<\/tr>\n<tr>\n<td valign=\"top\" width=\"140\">\n<p align=\"center\">3\u0421\u0426 2,36<\/p>\n<\/td>\n<td valign=\"top\" width=\"132\">\n<p align=\"center\">2,36<\/p>\n<\/td>\n<td valign=\"top\" width=\"142\">\n<p align=\"center\">1,7<\/p>\n<\/td>\n<td valign=\"top\" width=\"132\">\n<p align=\"center\">6\u044518<\/p>\n<\/td>\n<\/tr>\n<tr>\n<td valign=\"top\" width=\"140\">\n<p align=\"center\">3\u0421\u0426 4,25<\/p>\n<\/td>\n<td valign=\"top\" width=\"132\">\n<p align=\"center\">4,25<\/p>\n<\/td>\n<td valign=\"top\" width=\"142\">\n<p align=\"center\">3,0<\/p>\n<\/td>\n<td valign=\"top\" width=\"132\">\n<p align=\"center\">8\u044524<\/p>\n<\/td>\n<\/tr>\n<tr>\n<td valign=\"top\" width=\"140\">\n<p align=\"center\">3\u0421\u0426 6,7<\/p>\n<\/td>\n<td valign=\"top\" width=\"132\">\n<p align=\"center\">6,7<\/p>\n<\/td>\n<td valign=\"top\" width=\"142\">\n<p align=\"center\">4,75<\/p>\n<\/td>\n<td valign=\"top\" width=\"132\">\n<p align=\"center\">10\u044530<\/p>\n<\/td>\n<\/tr>\n<tr>\n<td valign=\"top\" width=\"140\">\n<p align=\"center\">3\u0421\u0426 11,2<\/p>\n<\/td>\n<td valign=\"top\" width=\"132\">\n<p align=\"center\">11,2<\/p>\n<\/td>\n<td valign=\"top\" width=\"142\">\n<p align=\"center\">8,0<\/p>\n<\/td>\n<td valign=\"top\" width=\"132\">\n<p align=\"center\">13\u044539<\/p>\n<\/td>\n<\/tr>\n<tr>\n<td valign=\"top\" width=\"140\">\n<p align=\"center\">3\u0421\u0426 17,0<\/p>\n<\/td>\n<td valign=\"top\" width=\"132\">\n<p align=\"center\">17,0<\/p>\n<\/td>\n<td valign=\"top\" width=\"142\">\n<p align=\"center\">11,8<\/p>\n<\/td>\n<td valign=\"top\" width=\"132\">\n<p align=\"center\">16\u044548<\/p>\n<\/td>\n<\/tr>\n<tr>\n<td valign=\"top\" width=\"140\">\n<p align=\"center\">3\u0421\u0426 26,5<\/p>\n<\/td>\n<td valign=\"top\" width=\"132\">\n<p align=\"center\">26,5<\/p>\n<\/td>\n<td valign=\"top\" width=\"142\">\n<p align=\"center\">19,0<\/p>\n<\/td>\n<td valign=\"top\" width=\"132\">\n<p align=\"center\">20\u044560<\/p>\n<\/td>\n<\/tr>\n<tr>\n<td valign=\"top\" width=\"140\">\n<p align=\"center\">3\u0421\u0426 31,5<\/p>\n<\/td>\n<td valign=\"top\" width=\"132\">\n<p align=\"center\">31,5<\/p>\n<\/td>\n<td valign=\"top\" width=\"142\">\n<p align=\"center\">22,4<\/p>\n<\/td>\n<td valign=\"top\" width=\"132\">\n<p align=\"center\">22\u044566<\/p>\n<\/td>\n<\/tr>\n<tr>\n<td valign=\"top\" width=\"140\">\n<p align=\"center\">3\u0421\u0426 45,0<\/p>\n<\/td>\n<td valign=\"top\" width=\"132\">\n<p align=\"center\">45,0<\/p>\n<\/td>\n<td valign=\"top\" width=\"142\">\n<p align=\"center\">31,5<\/p>\n<\/td>\n<td valign=\"top\" width=\"132\">\n<p align=\"center\">26\u044596<\/p>\n<\/td>\n<\/tr>\n<tr>\n<td valign=\"top\" width=\"140\">\n<p align=\"center\">3\u0421\u0426 67,0<\/p>\n<\/td>\n<td valign=\"top\" width=\"132\">\n<p align=\"center\">67,0<\/p>\n<\/td>\n<td valign=\"top\" width=\"142\">\n<p align=\"center\">47,5<\/p>\n<\/td>\n<td valign=\"top\" width=\"132\">\n<p align=\"center\">32\u0445116<\/p>\n<\/td>\n<\/tr>\n<\/tbody>\n<\/table>","protected":false},"excerpt":{"rendered":"<p>Dispozitiv cu lan\u021b cu trei ramuri;<br \/>\n\u041c\u0430\u0442\u0435\u0440\u0438\u0430\u043b: \u0446\u0435\u043f\u0438 \u0433\u0440\u0443\u0437\u043e\u043f\u043e\u0434\u044a\u0451\u043c\u043d\u044b\u0435 G80, \u043a\u043e\u043c\u043f\u043b\u0435\u043a\u0442\u0443\u044e\u0449\u0438\u0435 G80;<br \/>\n\u041a\u043e\u044d\u0444\u0444\u0438\u0446\u0438\u0435\u043d\u0442 \u0431\u0435\u0437\u043e\u043f\u0430\u0441\u043d\u043e\u0441\u0442\u0438: 4:1;<br \/>\n\u0422\u0435\u043c\u043f\u0435\u0440\u0430\u0442\u0443\u0440\u043d\u044b\u0439 \u0434\u0438\u0430\u043f\u0430\u0437\u043e\u043d \u043f\u0440\u0438\u043c\u0435\u043d\u0435\u043d\u0438\u044f: \u043e\u0442 -40 \u0434\u043e +400 \u00b0\u0421;<br \/>\n\u0421\u0442\u0430\u043d\u0434\u0430\u0440\u0442: \u0414\u0421\u0422\u0423 EN 818-4:2017;<br \/>\n\u0413\u0430\u0440\u0430\u043d\u0442\u0438\u044f: 6 \u043c\u0435\u0441\u044f\u0446\u0435\u0432.<\/p>","protected":false},"featured_media":6709,"comment_status":"open","ping_status":"closed","template":"","meta":[],"product_brand":[],"product_cat":[33],"product_tag":[],"class_list":{"0":"post-6708","1":"product","2":"type-product","3":"status-publish","4":"has-post-thumbnail","6":"product_cat-dispozitive-de-ridicare-din-lant","8":"first","9":"instock","10":"shipping-taxable","11":"product-type-simple"},"_links":{"self":[{"href":"https:\/\/tros.md\/ru\/wp-json\/wp\/v2\/product\/6708","targetHints":{"allow":["GET"]}}],"collection":[{"href":"https:\/\/tros.md\/ru\/wp-json\/wp\/v2\/product"}],"about":[{"href":"https:\/\/tros.md\/ru\/wp-json\/wp\/v2\/types\/product"}],"replies":[{"embeddable":true,"href":"https:\/\/tros.md\/ru\/wp-json\/wp\/v2\/comments?post=6708"}],"wp:featuredmedia":[{"embeddable":true,"href":"https:\/\/tros.md\/ru\/wp-json\/wp\/v2\/media\/6709"}],"wp:attachment":[{"href":"https:\/\/tros.md\/ru\/wp-json\/wp\/v2\/media?parent=6708"}],"wp:term":[{"taxonomy":"product_brand","embeddable":true,"href":"https:\/\/tros.md\/ru\/wp-json\/wp\/v2\/product_brand?post=6708"},{"taxonomy":"product_cat","embeddable":true,"href":"https:\/\/tros.md\/ru\/wp-json\/wp\/v2\/product_cat?post=6708"},{"taxonomy":"product_tag","embeddable":true,"href":"https:\/\/tros.md\/ru\/wp-json\/wp\/v2\/product_tag?post=6708"}],"curies":[{"name":"wp","href":"https:\/\/api.w.org\/{rel}","templated":true}]}}