{"id":6706,"date":"2024-09-25T11:01:56","date_gmt":"2024-09-25T11:01:56","guid":{"rendered":"https:\/\/tros.md\/?post_type=product&#038;p=6706"},"modified":"2025-12-09T12:06:37","modified_gmt":"2025-12-09T12:06:37","slug":"strop-2%d1%81%d1%86","status":"publish","type":"product","link":"https:\/\/tros.md\/ru\/product\/strop-2%d1%81%d1%86\/","title":{"rendered":"Dispozitiv de ridicare din lant tip 2\u0421\u0426"},"content":{"rendered":"<p>Dispozitivul de ridicare din lant tip 2\u0421\u0426 este un dispozitiv de tip demontabil pentru ridicarea \u0219i mutarea diferitelor tipuri de \u00eenc\u0103rc\u0103turi, av\u00e2nd dou\u0103 puncte de prindere (bucle de montaj, \u0219uruburi de reparare, c\u00e2rlige etc.). Dac\u0103 este necesar, lungimea ramurii stropului poate fi ajustat\u0103 folosind scurt\u0103tori speciale.<\/p>\n<p>\u0414\u043e\u0441\u0442\u0443\u043f\u043d\u044b \u043c\u043e\u0434\u0438\u0444\u0438\u043a\u0430\u0446\u0438\u0438 \u0441 \u043a\u0440\u044e\u043a\u043e\u043c-\u043e\u0433\u0440\u0430\u043d\u0438\u0447\u0438\u0442\u0435\u043b\u0435\u043c G80 \"\u043a\u043e\u0433\u043e\u0442\u044c\" SL-73 \u0438 \u0440\u0430\u0437\u043b\u0438\u0447\u043d\u044b\u043c\u0438 \u043a\u043e\u043d\u0446\u0435\u0432\u044b\u043c\u0438 \u044d\u043b\u0435\u043c\u0435\u043d\u0442\u0430\u043c\u0438, \u0442\u0430\u043a\u0438\u043c\u0438 \u043a\u0430\u043a:<\/p>\n<ul>\n<li>\u043a\u0440\u044e\u043a \u0441\u0430\u043c\u043e\u0437\u0430\u043f\u0438\u0440\u0430\u044e\u0449\u0438\u0439\u0441\u044f G80.<\/li>\n<li>\u0437\u0432\u0435\u043d\u043e \u0441\u043e\u0435\u0434\u0438\u043d\u0438\u0442\u0435\u043b\u044c\u043d\u043e\u0435 G80 \"\u043e\u043c\u0435\u0433\u0430\" (SL-002).<\/li>\n<li>\u0437\u0432\u0435\u043d\u043e \u0433\u0440\u0443\u0448\u0435\u043f\u043e\u0434\u043e\u0431\u043d\u043e\u0435 G80 (SL-270).<\/li>\n<li>\u0437\u0432\u0435\u043d\u043e \u043f\u0435\u0440\u0435\u0445\u043e\u0434\u043d\u043e\u0435 (SL-356).<\/li>\n<\/ul>\n<p><strong>\u0426\u0435\u043f\u043d\u044b\u0435 \u0441\u0442\u0440\u043e\u043f\u044b 2\u0421\u0426: \u0442\u0435\u0445\u043d\u0438\u0447\u0435\u0441\u043a\u0438\u0435 \u0445\u0430\u0440\u0430\u043a\u0442\u0435\u0440\u0438\u0441\u0442\u0438\u043a\u0438<\/strong><br \/>\n\u0421\u0442\u0440\u043e\u043f 2\u0421\u0426 \u043f\u0440\u043e\u0438\u0437\u0432\u043e\u0434\u0438\u0442\u0441\u044f \u0438\u0437 \u0441\u0442\u0430\u043b\u044c\u043d\u044b\u0445 \u0446\u0435\u043f\u0435\u0439 \u0441 \u0438\u0441\u043f\u043e\u043b\u044c\u0437\u043e\u0432\u0430\u043d\u0438\u0435\u043c \u0437\u0432\u0435\u043d\u044c\u0435\u0432 \u0438 \u043a\u0440\u044e\u043a\u043e\u0432 8 \u043a\u043b\u0430\u0441\u0441\u0430 \u043f\u0440\u043e\u0447\u043d\u043e\u0441\u0442\u0438. \u0413\u0440\u0443\u0437\u043e\u043f\u043e\u0434\u044a\u0435\u043c\u043d\u043e\u0441\u0442\u044c \u0442\u0430\u043a\u0438\u0445 \u0441\u0442\u0440\u043e\u043f\u043e\u0432 \u0432\u0430\u0440\u044c\u0438\u0440\u0443\u0435\u0442\u0441\u044f \u0432 \u0434\u0438\u0430\u043f\u0430\u0437\u043e\u043d\u0435 \u043e\u0442 1,6 \u0434\u043e 45 \u0442\u043e\u043d\u043d. \u041a\u043e\u043d\u0441\u0442\u0440\u0443\u043a\u0442\u0438\u0432\u043d\u043e \u0441\u0442\u0440\u043e\u043f 2\u0421\u0426 \u2013 \u044d\u0442\u043e \u0437\u0432\u0435\u043d\u044c\u044f \u0441 \u0434\u0432\u0443\u043c\u044f \u043b\u0435\u0433\u0438\u0440\u043e\u0432\u0430\u043d\u043d\u044b\u043c\u0438 \u0446\u0435\u043f\u044f\u043c\u0438, \u043d\u0430 \u043a\u043e\u043d\u0446\u0430\u0445 \u043a\u043e\u0442\u043e\u0440\u044b\u0445 \u0437\u0430\u043a\u0440\u0435\u043f\u043b\u0435\u043d\u044b \u043a\u0440\u044e\u0447\u044c\u044f \u0434\u043b\u044f \u043f\u043e\u0434\u043a\u043b\u044e\u0447\u0435\u043d\u0438\u044f \u0433\u0440\u0443\u0437\u0430.<\/p>\n<p><strong>\u0413\u0434\u0435 \u0438\u0441\u043f\u043e\u043b\u044c\u0437\u0443\u044e\u0442\u0441\u044f \u0441\u0442\u0440\u043e\u043f\u044b 2\u0421\u0426?<\/strong><br \/>\n\u0426\u0435\u043f\u043d\u044b\u0435 \u0441\u0442\u0440\u043e\u043f\u044b 2\u0421\u0426 \u0431\u043b\u0430\u0433\u043e\u0434\u0430\u0440\u044f \u0432\u044b\u0441\u043e\u043a\u043e\u0439 \u0441\u0442\u043e\u0439\u043a\u043e\u0441\u0442\u0438 \u043a \u0430\u0433\u0440\u0435\u0441\u0441\u0438\u0432\u043d\u044b\u043c \u0441\u0440\u0435\u0434\u0430\u043c \u0438 \u043f\u043e\u0432\u044b\u0448\u0435\u043d\u043d\u043e\u0439 \u0433\u0438\u0431\u043a\u043e\u0441\u0442\u0438 \u0448\u0438\u0440\u043e\u043a\u043e \u0438\u0441\u043f\u043e\u043b\u044c\u0437\u0443\u044e\u0442\u0441\u044f \u0434\u043b\u044f \u0441\u0442\u0440\u043e\u043f\u043e\u0432\u043a\u0438 \u0438 \u043f\u043e\u0434\u044a\u0435\u043c\u0430 \u0433\u0440\u0443\u0437\u043e\u0432:<\/p>\n<ul>\n<li>\u0412 \u043c\u0435\u0442\u0430\u043b\u043b\u0443\u0440\u0433\u0438\u0438.<\/li>\n<li>\u041d\u0430 \u043d\u0435\u0444\u0442\u0435\u0445\u0438\u043c\u0438\u0447\u0435\u0441\u043a\u0438\u0445 \u0437\u0430\u0432\u043e\u0434\u0430\u0445.<\/li>\n<li>\u041d\u0430 \u0441\u0442\u0440\u043e\u0438\u0442\u0435\u043b\u044c\u043d\u044b\u0445 \u043f\u043b\u043e\u0449\u0430\u0434\u043a\u0430\u0445.<\/li>\n<li>\u0412 \u043b\u0435\u0441\u043e\u0437\u0430\u0433\u043e\u0442\u043e\u0432\u0438\u0442\u0435\u043b\u044c\u043d\u043e\u0439 \u043e\u0442\u0440\u0430\u0441\u043b\u0438.<\/li>\n<li>\u041d\u0430 \u0441\u043a\u043b\u0430\u0434\u0441\u043a\u0438\u0445 \u043e\u0431\u044a\u0435\u043a\u0442\u0430\u0445.<\/li>\n<li>\u041f\u0440\u0438 \u0433\u0440\u0443\u0437\u043e\u043f\u0435\u0440\u0435\u0432\u043e\u0437\u043a\u0430\u0445 \u0438 \u0442.\u0434.<\/li>\n<\/ul>\n<p>\u041a\u0440\u043e\u043c\u0435 \u0442\u043e\u0433\u043e, \u0446\u0435\u043f\u043d\u044b\u0435 \u0441\u0442\u0440\u043e\u043f\u044b 2\u0421\u0426 \u043c\u043e\u0433\u0443\u0442 \u043f\u0440\u0438\u043c\u0435\u043d\u044f\u0442\u044c\u0441\u044f \u043a\u0430\u043a \u0447\u0430\u0441\u0442\u044c \u0433\u0440\u0443\u0437\u043e\u043f\u043e\u0434\u044a\u0435\u043c\u043d\u043e\u0439 \u0442\u0440\u0430\u0432\u0435\u0440\u0441\u044b.<\/p>\n<p><strong>\u041f\u0440\u0435\u0438\u043c\u0443\u0449\u0435\u0441\u0442\u0432\u0430 \u0438\u0441\u043f\u043e\u043b\u044c\u0437\u043e\u0432\u0430\u043d\u0438\u044f \u0441\u0442\u0440\u043e\u043f\u043e\u0432 2\u0421\u0426<\/strong><br \/>\n\u041f\u043e\u043f\u0443\u043b\u044f\u0440\u043d\u043e\u0441\u0442\u044c \u0446\u0435\u043f\u043d\u044b\u0445 \u0441\u0442\u0440\u043e\u043f\u043e\u0432 2\u0421\u0426 \u043e\u0431\u0443\u0441\u043b\u043e\u0432\u043b\u0435\u043d\u0430 \u0438\u0445 \u043d\u0435\u043e\u0441\u043f\u043e\u0440\u0438\u043c\u044b\u043c\u0438 \u043f\u0440\u0435\u0438\u043c\u0443\u0449\u0435\u0441\u0442\u0432\u0430\u043c\u0438. \u0421\u0440\u0435\u0434\u0438 \u043d\u0438\u0445 \u0441\u043b\u0435\u0434\u0443\u0435\u0442 \u043e\u0442\u043c\u0435\u0442\u0438\u0442\u044c:<\/p>\n<ul>\n<li>\u0412\u043e\u0437\u043c\u043e\u0436\u043d\u043e\u0441\u0442\u044c \u0438\u0441\u043f\u043e\u043b\u044c\u0437\u043e\u0432\u0430\u043d\u0438\u044f \u0432 \u044d\u043a\u0441\u0442\u0440\u0435\u043c\u0430\u043b\u044c\u043d\u044b\u0445 \u0442\u0435\u043c\u043f\u0435\u0440\u0430\u0442\u0443\u0440\u043d\u044b\u0445 \u0440\u0435\u0436\u0438\u043c\u0430\u0445 (\u0434\u043e 400\u00b0\u0421).<\/li>\n<li>\u0423\u0441\u0442\u043e\u0439\u0447\u0438\u0432\u043e\u0441\u0442\u044c \u043a \u0432\u043e\u0437\u0434\u0435\u0439\u0441\u0442\u0432\u0438\u044e \u0430\u0433\u0440\u0435\u0441\u0441\u0438\u0432\u043d\u044b\u0445 \u0445\u0438\u043c\u0438\u0447\u0435\u0441\u043a\u0438\u0445 \u0436\u0438\u0434\u043a\u043e\u0441\u0442\u0435\u0439.<\/li>\n<li>\u041e\u0442\u0441\u0443\u0442\u0441\u0442\u0432\u0438\u0435 \u043f\u0440\u0443\u0436\u0438\u043d\u043d\u044b\u0445 \u0434\u0435\u0444\u043e\u0440\u043c\u0430\u0446\u0438\u0439.<\/li>\n<li>\u0413\u0438\u0431\u043a\u043e\u0441\u0442\u044c. \u0411\u043b\u0430\u0433\u043e\u0434\u0430\u0440\u044f \u044d\u0442\u043e\u0439 \u043e\u0441\u043e\u0431\u0435\u043d\u043d\u043e\u0441\u0442\u0438 \u0446\u0435\u043f\u043d\u044b\u0435 \u0441\u0442\u0440\u043e\u043f\u044b 2\u0421\u0426 \u043e\u0431\u0435\u0441\u043f\u0435\u0447\u0438\u0432\u0430\u044e\u0442 \u043a\u0440\u0435\u043f\u043a\u043e\u0435 \u0441\u0446\u0435\u043f\u043b\u0435\u043d\u0438\u0435 \u0441 \u0433\u0440\u0443\u0437\u043e\u043c.<\/li>\n<li>\u0412\u043e\u0437\u043c\u043e\u0436\u043d\u043e\u0441\u0442\u044c \u0440\u0435\u0433\u0443\u043b\u0438\u0440\u043e\u0432\u0430\u0442\u044c \u0434\u043b\u0438\u043d\u0443 \u0432\u0435\u0442\u0432\u0435\u0439 \u0441 \u043f\u043e\u043c\u043e\u0449\u044c\u044e \u0441\u043e\u043a\u0440\u0430\u0449\u0430\u0442\u0435\u043b\u0435\u0439.<\/li>\n<li>\u0421\u0442\u0440\u043e\u043f\u044b 2\u0421\u0426 \u043c\u043e\u0436\u043d\u043e \u0438\u0441\u043f\u043e\u043b\u044c\u0437\u043e\u0432\u0430\u0442\u044c \u0434\u043b\u044f \u0440\u0430\u0431\u043e\u0442\u044b \u0441 \u0433\u0440\u0443\u0437\u0430\u043c\u0438 \u0441 \u043e\u0441\u0442\u0440\u044b\u043c\u0438 \u043a\u0440\u043e\u043c\u043a\u0430\u043c\u0438.<\/li>\n<li>\u041e\u0442\u043b\u0438\u0447\u043d\u0430\u044f \u0433\u0440\u0443\u0437\u043e\u043f\u043e\u0434\u044a\u0435\u043c\u043d\u043e\u0441\u0442\u044c. \u041e\u043f\u0440\u0435\u0434\u0435\u043b\u044f\u0435\u0442\u0441\u044f \u0441 \u0443\u0447\u0435\u0442\u043e\u043c \u0434\u043b\u0438\u043d\u044b \u0438 \u0443\u0433\u043b\u0430 \u0440\u0430\u0437\u0432\u0435\u0434\u0435\u043d\u0438\u044f \u0446\u0435\u043f\u0435\u0439. \u0420\u0430\u0431\u043e\u0447\u0430\u044f \u043d\u0430\u0433\u0440\u0443\u0437\u043a\u0430 \u0441\u0442\u0440\u043e\u043f \u0442\u0438\u043f\u0430 2\u0421\u0426 \u043e\u0431\u044b\u0447\u043d\u043e \u0441\u043e\u0441\u0442\u0430\u0432\u043b\u044f\u0435\u0442 \u0434\u043e 45 \u0442\u043e\u043d\u043d.<br \/>\n<img fetchpriority=\"high\" decoding=\"async\" title=\"\u042d\u0441\u043a\u0438\u0437 2\u0421\u0426\" src=\"https:\/\/load-tech.com.ua\/img\/cms\/2%D0%A1%D0%A6_1.gif\" alt=\"\u042d\u0441\u043a\u0438\u0437 2\u0421\u0426\" width=\"263\" height=\"233\" \/><\/p>\n<table border=\"1\" cellspacing=\"0\" cellpadding=\"0\">\n<tbody>\n<tr>\n<td rowspan=\"2\" valign=\"top\" width=\"140\">\n<p align=\"center\"><strong>\u041e\u0431\u043e\u0437\u043d\u0430\u0447\u0435\u043d\u0438\u0435 \u0441\u0442\u0440\u043e\u043f\u0430<\/strong><\/p>\n<\/td>\n<td colspan=\"2\" valign=\"top\" width=\"274\">\n<p align=\"center\"><strong>\u0413\u0440\u0443\u0437\u043e\u043f\u043e\u0434\u044a\u0435\u043c\u043d\u043e\u0441\u0442\u044c, \u0442\u043d<\/strong><\/p>\n<p align=\"center\"><strong><img decoding=\"async\" title=\"\u044d\u0441\u043a\u0438\u0437\" src=\"https:\/\/load-tech.com.ua\/img\/cms\/%D1%8D%D1%81%D0%BA%D0%B8%D0%B7.gif\" alt=\"\u044d\u0441\u043a\u0438\u0437\" width=\"94\" height=\"60\" \/>\u00a0<\/strong><\/p>\n<\/td>\n<td rowspan=\"2\" valign=\"top\" width=\"132\">\n<p align=\"center\"><strong>\u041e\u0431\u043e\u0437\u043d\u0430\u0447\u0435\u043d\u0438\u0435 \u0446\u0435\u043f\u0438<\/strong><\/p>\n<\/td>\n<\/tr>\n<tr>\n<td valign=\"top\" width=\"132\">\n<p align=\"center\">0\u00b0&lt; \u03b2&lt;45\u00b0<\/p>\n<\/td>\n<td valign=\"top\" width=\"142\">\n<p align=\"center\">45\u00b0&lt; \u03b2&lt;60\u00b0<\/p>\n<\/td>\n<\/tr>\n<tr>\n<td valign=\"top\" width=\"140\">\n<p align=\"center\">2\u0421\u0426 1,6<\/p>\n<\/td>\n<td valign=\"top\" width=\"132\">\n<p align=\"center\">1,6<\/p>\n<\/td>\n<td valign=\"top\" width=\"142\">\n<p align=\"center\">1,12<\/p>\n<\/td>\n<td valign=\"top\" width=\"132\">\n<p align=\"center\">6\u044518<\/p>\n<\/td>\n<\/tr>\n<tr>\n<td valign=\"top\" width=\"140\">\n<p align=\"center\">2\u0421\u0426 2,8<\/p>\n<\/td>\n<td valign=\"top\" width=\"132\">\n<p align=\"center\">2,8<\/p>\n<\/td>\n<td valign=\"top\" width=\"142\">\n<p align=\"center\">2,0<\/p>\n<\/td>\n<td valign=\"top\" width=\"132\">\n<p align=\"center\">8\u044524<\/p>\n<\/td>\n<\/tr>\n<tr>\n<td valign=\"top\" width=\"140\">\n<p align=\"center\">2\u0421\u0426 4,25<\/p>\n<\/td>\n<td valign=\"top\" width=\"132\">\n<p align=\"center\">4,25<\/p>\n<\/td>\n<td valign=\"top\" width=\"142\">\n<p align=\"center\">3,15<\/p>\n<\/td>\n<td valign=\"top\" width=\"132\">\n<p align=\"center\">10\u044530<\/p>\n<\/td>\n<\/tr>\n<tr>\n<td valign=\"top\" width=\"140\">\n<p align=\"center\">2\u0421\u0426 7,5<\/p>\n<\/td>\n<td valign=\"top\" width=\"132\">\n<p align=\"center\">7,5<\/p>\n<\/td>\n<td valign=\"top\" width=\"142\">\n<p align=\"center\">5,3<\/p>\n<\/td>\n<td valign=\"top\" width=\"132\">\n<p align=\"center\">13\u044539<\/p>\n<\/td>\n<\/tr>\n<tr>\n<td valign=\"top\" width=\"140\">\n<p align=\"center\">2\u0421\u0426 11,2<\/p>\n<\/td>\n<td valign=\"top\" width=\"132\">\n<p align=\"center\">11,2<\/p>\n<\/td>\n<td valign=\"top\" width=\"142\">\n<p align=\"center\">8,0<\/p>\n<\/td>\n<td valign=\"top\" width=\"132\">\n<p align=\"center\">16\u044548<\/p>\n<\/td>\n<\/tr>\n<tr>\n<td valign=\"top\" width=\"140\">\n<p align=\"center\">2\u0421\u0426 17,0<\/p>\n<\/td>\n<td valign=\"top\" width=\"132\">\n<p align=\"center\">17,0<\/p>\n<\/td>\n<td valign=\"top\" width=\"142\">\n<p align=\"center\">12,5<\/p>\n<\/td>\n<td valign=\"top\" width=\"132\">\n<p align=\"center\">20\u044560<\/p>\n<\/td>\n<\/tr>\n<tr>\n<td valign=\"top\" width=\"140\">\n<p align=\"center\">2\u0421\u0426 21,2<\/p>\n<\/td>\n<td valign=\"top\" width=\"132\">\n<p align=\"center\">21,2<\/p>\n<\/td>\n<td valign=\"top\" width=\"142\">\n<p align=\"center\">15,0<\/p>\n<\/td>\n<td valign=\"top\" width=\"132\">\n<p align=\"center\">22\u044566<\/p>\n<\/td>\n<\/tr>\n<tr>\n<td valign=\"top\" width=\"140\">\n<p align=\"center\">2\u0421\u0426 30,0<\/p>\n<\/td>\n<td valign=\"top\" width=\"132\">\n<p align=\"center\">30,0<\/p>\n<\/td>\n<td valign=\"top\" width=\"142\">\n<p align=\"center\">21,2<\/p>\n<\/td>\n<td valign=\"top\" width=\"132\">\n<p align=\"center\">26\u044596<\/p>\n<\/td>\n<\/tr>\n<tr>\n<td valign=\"top\" width=\"140\">\n<p align=\"center\">2\u0421\u0426 45,0<\/p>\n<\/td>\n<td valign=\"top\" width=\"132\">\n<p align=\"center\">45,0<\/p>\n<\/td>\n<td valign=\"top\" width=\"142\">\n<p align=\"center\">31,5<\/p>\n<\/td>\n<td valign=\"top\" width=\"132\">\n<p align=\"center\">32\u0445116<\/p>\n<\/td>\n<\/tr>\n<\/tbody>\n<\/table>\n<\/li>\n<\/ul>","protected":false},"excerpt":{"rendered":"<p>Dispozitiv cu lan\u021b, cu dou\u0103 ramuri;<br \/>\n\u041c\u0430\u0442\u0435\u0440\u0438\u0430\u043b: \u0446\u0435\u043f\u0438 \u0433\u0440\u0443\u0437\u043e\u043f\u043e\u0434\u044a\u0451\u043c\u043d\u044b\u0435 G80, \u043a\u043e\u043c\u043f\u043b\u0435\u043a\u0442\u0443\u044e\u0449\u0438\u0435 G80;<br \/>\n\u041a\u043e\u044d\u0444\u0444\u0438\u0446\u0438\u0435\u043d\u0442 \u0431\u0435\u0437\u043e\u043f\u0430\u0441\u043d\u043e\u0441\u0442\u0438: 4:1;<br \/>\n\u0422\u0435\u043c\u043f\u0435\u0440\u0430\u0442\u0443\u0440\u043d\u044b\u0439 \u0434\u0438\u0430\u043f\u0430\u0437\u043e\u043d \u043f\u0440\u0438\u043c\u0435\u043d\u0435\u043d\u0438\u044f: \u043e\u0442 -40 \u0434\u043e +400 \u00b0\u0421;<br \/>\n\u0421\u0442\u0430\u043d\u0434\u0430\u0440\u0442: \u0414\u0421\u0422\u0423 EN 818-4:2017;<br \/>\n\u0413\u0430\u0440\u0430\u043d\u0442\u0438\u044f: 6 \u043c\u0435\u0441\u044f\u0446\u0435\u0432.<\/p>","protected":false},"featured_media":6707,"comment_status":"open","ping_status":"closed","template":"","meta":[],"product_brand":[],"product_cat":[33],"product_tag":[],"class_list":{"0":"post-6706","1":"product","2":"type-product","3":"status-publish","4":"has-post-thumbnail","6":"product_cat-dispozitive-de-ridicare-din-lant","8":"first","9":"instock","10":"shipping-taxable","11":"product-type-simple"},"_links":{"self":[{"href":"https:\/\/tros.md\/ru\/wp-json\/wp\/v2\/product\/6706","targetHints":{"allow":["GET"]}}],"collection":[{"href":"https:\/\/tros.md\/ru\/wp-json\/wp\/v2\/product"}],"about":[{"href":"https:\/\/tros.md\/ru\/wp-json\/wp\/v2\/types\/product"}],"replies":[{"embeddable":true,"href":"https:\/\/tros.md\/ru\/wp-json\/wp\/v2\/comments?post=6706"}],"wp:featuredmedia":[{"embeddable":true,"href":"https:\/\/tros.md\/ru\/wp-json\/wp\/v2\/media\/6707"}],"wp:attachment":[{"href":"https:\/\/tros.md\/ru\/wp-json\/wp\/v2\/media?parent=6706"}],"wp:term":[{"taxonomy":"product_brand","embeddable":true,"href":"https:\/\/tros.md\/ru\/wp-json\/wp\/v2\/product_brand?post=6706"},{"taxonomy":"product_cat","embeddable":true,"href":"https:\/\/tros.md\/ru\/wp-json\/wp\/v2\/product_cat?post=6706"},{"taxonomy":"product_tag","embeddable":true,"href":"https:\/\/tros.md\/ru\/wp-json\/wp\/v2\/product_tag?post=6706"}],"curies":[{"name":"wp","href":"https:\/\/api.w.org\/{rel}","templated":true}]}}