{"id":6700,"date":"2024-09-25T11:01:51","date_gmt":"2024-09-25T11:01:51","guid":{"rendered":"https:\/\/tros.md\/?post_type=product&#038;p=6700"},"modified":"2025-12-09T11:31:44","modified_gmt":"2025-12-09T11:31:44","slug":"strop-s%d0%ba%d1%86","status":"publish","type":"product","link":"https:\/\/tros.md\/ru\/product\/strop-s%d0%ba%d1%86\/","title":{"rendered":"Dispozitiv de ridicare tip C\u041a\u0426"},"content":{"rendered":"<p>Dispozitivele combinate de tip C\u041a\u0426 au o parte central\u0103 portant\u0103 din lan\u021b \u0219i elemente din cablu de o\u021bel pe margini. Datorit\u0103 acestei construc\u021bii, un strop combinat cu lan\u021b este mai u\u0219or dec\u00e2t un strop similar din lan\u021b \u0219i, de asemenea, mai rezistent, durabil \u0219i flexibil dec\u00e2t un strop similar din cablu de o\u021bel. Simbioza dintre flexibilitate \u0219i rezisten\u021b\u0103 face ca aceste stropuri combinate s\u0103 fie extrem de eficiente la \u00eenc\u0103rcarea \u0219i mutarea produselor metalice sau a \u00eenc\u0103rc\u0103turilor cu margini ascu\u021bite. \u00cen astfel de condi\u021bii, durata de via\u021b\u0103 a stropurilor combinate este de multe ori mai mare dec\u00e2t a stropurilor standard din cablu.<\/p>\n<p><strong>\u041f\u0440\u0435\u0438\u043c\u0443\u0449\u0435\u0441\u0442\u0432\u0430 \u0441\u0442\u0440\u043e\u043f\u0430 \u043a\u043e\u043c\u0431\u0438\u043d\u0438\u0440\u043e\u0432\u0430\u043d\u043d\u043e\u0433\u043e \u0446\u0435\u043f\u043d\u043e\u0433\u043e:<\/strong><\/p>\n<ul>\n<li>\u0412\u044b\u0441\u043e\u043a\u0430\u044f \u0441\u0442\u0435\u043f\u0435\u043d\u044c \u0433\u0438\u0431\u043a\u043e\u0441\u0442\u0438.<\/li>\n<li>\u0418\u0437\u043d\u043e\u0441\u043e\u0443\u0441\u0442\u043e\u0439\u0447\u0438\u0432\u043e\u0441\u0442\u044c. \u0426\u0435\u043f\u043d\u0430\u044f \u0447\u0430\u0441\u0442\u044c \u043d\u0435 \u0431\u043e\u0438\u0442\u0441\u044f \u043e\u0441\u0442\u0440\u044b\u0445 \u043a\u0440\u0430\u0435\u0432 \u043f\u0435\u0440\u0435\u043c\u0435\u0449\u0430\u0435\u043c\u043e\u0433\u043e \u0433\u0440\u0443\u0437\u0430.<\/li>\n<li>\u041a\u043e\u043c\u043f\u043b\u0435\u043a\u0442\u0443\u044e\u0449\u0438\u0435, \u0438\u0441\u043f\u043e\u043b\u044c\u0437\u0443\u0435\u043c\u044b\u0435 \u043f\u0440\u0438 \u043f\u0440\u043e\u0438\u0437\u0432\u043e\u0434\u0441\u0442\u0432\u0435 \u0441\u0442\u0440\u043e\u043f\u043e\u0432 \u0443\u0441\u0442\u043e\u0439\u0447\u0438\u0432\u044b \u043a \u043a\u043e\u0440\u0440\u043e\u0437\u0438\u0438, \u0442\u0435\u043c\u043f\u0435\u0440\u0430\u0442\u0443\u0440\u043d\u044b\u043c \u043f\u0435\u0440\u0435\u043f\u0430\u0434\u0430\u043c, \u0430\u0433\u0440\u0435\u0441\u0441\u0438\u0432\u043d\u043e\u043c\u0443 \u0438 \u0445\u0438\u043c\u0438\u0447\u0435\u0441\u043a\u043e\u043c\u0443 \u0432\u043e\u0437\u0434\u0435\u0439\u0441\u0442\u0432\u0438\u044f\u043c.<\/li>\n<li>\u0414\u043b\u044f \u0438\u0437\u0433\u043e\u0442\u043e\u0432\u043b\u0435\u043d\u0438\u044f \u043a\u043e\u043c\u0431\u0438\u043d\u0438\u0440\u043e\u0432\u0430\u043d\u043d\u044b\u0445 \u0441\u0442\u0440\u043e\u043f\u043e\u0432 \u0438\u0441\u043f\u043e\u043b\u044c\u0437\u0443\u0435\u0442\u0441\u044f \u0432\u044b\u0441\u043e\u043a\u043e\u043f\u0440\u043e\u0447\u043d\u0430\u044f \u043a\u0440\u0443\u0433\u043b\u043e\u0437\u0432\u0435\u043d\u043d\u0430\u044f \u0446\u0435\u043f\u044c 8 \u043a\u043b\u0430\u0441\u0441\u0430 \u0438 \u0441\u0442\u0430\u043b\u044c\u043d\u043e\u0439 \u043a\u0430\u043d\u0430\u0442 \u0441 \u043f\u043e\u0432\u044b\u0448\u0435\u043d\u043d\u044b\u043c \u0440\u0430\u0437\u0440\u044b\u0432\u043d\u044b\u043c \u0443\u0441\u0438\u043b\u0438\u0435\u043c. \u041f\u0440\u0438\u043c\u0435\u043d\u0435\u043d\u0438\u0435 \u043a\u0430\u0447\u0435\u0441\u0442\u0432\u0435\u043d\u043d\u044b\u0445 \u043c\u0430\u0442\u0435\u0440\u0438\u0430\u043b\u043e\u0432 \u0438\u0441\u043a\u043b\u044e\u0447\u0430\u0435\u0442 \u0432\u043e\u0437\u043c\u043e\u0436\u043d\u043e\u0441\u0442\u044c \u0440\u0430\u0437\u0440\u044b\u0432\u0430 \u0441\u0442\u0440\u043e\u043f\u0430, \u0434\u0430\u0436\u0435 \u043f\u0440\u0438 \u0440\u0435\u0437\u043a\u043e\u043c \u0443\u0432\u0435\u043b\u0438\u0447\u0435\u043d\u0438\u0438 \u043d\u0430\u0433\u0440\u0443\u0437\u043a\u0438.<\/li>\n<li>\u0426\u0435\u043f\u043d\u0430\u044f \u0447\u0430\u0441\u0442\u044c \u043e\u0431\u0435\u0441\u043f\u0435\u0447\u0438\u0432\u0430\u0435\u0442 \u0434\u043e\u043b\u0433\u043e\u0432\u0435\u0447\u043d\u043e\u0441\u0442\u044c \u0441\u0442\u0440\u043e\u043f\u0430, \u043a\u0430\u043d\u0430\u0442\u043d\u0430\u044f \u0447\u0430\u0441\u0442\u044c \u043f\u043e\u0437\u0432\u043e\u043b\u044f\u0435\u0442 \u043e\u0431\u043b\u0435\u0433\u0447\u0438\u0442\u044c \u0441\u0442\u0440\u043e\u043f \u0438 \u0443\u043c\u0435\u043d\u044c\u0448\u0438\u0442\u044c \u0441\u0435\u0431\u0435\u0441\u0442\u043e\u0438\u043c\u043e\u0441\u0442\u044c \u0438\u0437\u0434\u0435\u043b\u0438\u044f. \u0422\u0430\u043a\u0436\u0435 \u043a\u0430\u043d\u0430\u0442\u043d\u0430\u044f \u0447\u0430\u0441\u0442\u044c \u0441\u0442\u0440\u043e\u043f\u0430 \u043e\u0431\u0435\u0441\u043f\u0435\u0447\u0438\u0432\u0430\u0435\u0442 \u0430\u043c\u043e\u0440\u0442\u0438\u0437\u0438\u0440\u0443\u044e\u0449\u0438\u0435 \u0441\u0432\u043e\u0439\u0441\u0442\u0432\u0430 \u043f\u0440\u0438 \u0434\u0438\u043d\u0430\u043c\u0438\u0447\u0435\u0441\u043a\u0438\u0445 \u043d\u0430\u0433\u0440\u0443\u0437\u043a\u0430\u0445, \u043f\u0440\u0435\u0434\u043e\u0442\u0432\u0440\u0430\u0449\u0430\u044f \u0432\u044b\u0442\u044f\u0433\u0438\u0432\u0430\u043d\u0438\u0435 \u0438\u043b\u0438 \u0440\u0430\u0437\u0440\u044b\u0432 \u0446\u0435\u043f\u0438.<\/li>\n<\/ul>\n<p><strong>\u041d\u0435\u0434\u043e\u0441\u0442\u0430\u0442\u043a\u0438:<\/strong><\/p>\n<ul>\n<li>Mai grele dec\u00e2t stropurile din cablu de construc\u021bie similar\u0103<\/li>\n<li>\u041f\u043e\u0432\u0440\u0435\u0436\u0434\u0430\u044e\u0442 \u0445\u0440\u0443\u043f\u043a\u0438\u0435 \u0433\u0440\u0443\u0437\u044b, \u0430 \u0442\u0430\u043a\u0436\u0435 \u0442\u0449\u0430\u0442\u0435\u043b\u044c\u043d\u043e \u043f\u043e\u0434\u0433\u043e\u0442\u043e\u0432\u043b\u0435\u043d\u043d\u044b\u0435 \u043f\u043e\u0432\u0435\u0440\u0445\u043d\u043e\u0441\u0442\u0438.<br \/>\n\u0423\u0441\u043b\u043e\u0432\u043d\u043e\u0435 \u043e\u0431\u043e\u0437\u043d\u0430\u0447\u0435\u043d\u0438\u0435 \u0441\u0442\u0440\u043e\u043f\u0430: \u0421\u0442\u0440\u043e\u043f \u0421\u041a\u0426 \u0410\/\u0412\/\u0421 <strong style=\"font-size: 16px;\">Strop C\u041a\u0426 A\/B\/C<\/strong>\u0413\u0434\u0435 :<\/p>\n<ul>\n<li><strong>A<\/strong> - \u0433\u0440\u0443\u0437\u043e\u043f\u043e\u0434\u044a\u0451\u043c\u043d\u043e\u0441\u0442\u044c \u0441\u0442\u0440\u043e\u043f\u0430 \u0432 \u0442\u043e\u043d\u043d\u0430\u0445<\/li>\n<li><strong>B<\/strong> - \u0434\u043b\u0438\u043d\u0430 \u0446\u0435\u043f\u043d\u043e\u0439 \u0447\u0430\u0441\u0442\u0438 \u0432 \u043c\u0438\u043b\u043b\u0438\u043c\u0435\u0442\u0440\u0430\u0445<\/li>\n<li><strong>C<\/strong> - \u043e\u0431\u0449\u0430\u044f \u0434\u043b\u0438\u043d\u0430 \u0441\u0442\u0440\u043e\u043f\u0430 \u0432 \u043c\u0438\u043b\u043b\u0438\u043c\u0435\u0442\u0440\u0430\u0445<\/li>\n<\/ul>\n<p>\u041f\u0440\u0438\u043c\u0435\u0440 <strong>Strop C\u041a\u0426 2,0\/2000\/4000 &#8211; 2 buc.<\/strong> (strop combinat cu lan\u021b, cu o capacitate de ridicare de 2 tone, lungimea p\u0103r\u021bii cu lan\u021b de 2 metri, lungimea total\u0103 de 4 metri, \u00een cantitate de 2 buc\u0103\u021bi).<\/p>\n<p><img fetchpriority=\"high\" decoding=\"async\" title=\"\u041a\u043e\u043c\u0431\u0438\u043d\u0438\u0440\u043e\u0432\u0430\u043d\u043d\u044b\u0435 \u0441\u0442\u0440\u043e\u043f\u044b \u0442\u0438\u043f\u0430 \u0421\u041a\u0426\" src=\"https:\/\/load-tech.com.ua\/img\/cms\/picturemessage_m3jv5y0i.3xc.png\" alt=\"\u041a\u043e\u043c\u0431\u0438\u043d\u0438\u0440\u043e\u0432\u0430\u043d\u043d\u044b\u0435 \u0441\u0442\u0440\u043e\u043f\u044b \u0442\u0438\u043f\u0430 \u0421\u041a\u0426\" width=\"300\" height=\"203\" \/><\/p>\n<p>&nbsp;<\/p>\n<table border=\"1\" cellspacing=\"0\" cellpadding=\"0\">\n<tbody>\n<tr>\n<td nowrap=\"nowrap\" width=\"145\">\u0413\u0440\u0443\u0437\u043e\u043f\u043e\u0434\u044a\u0435\u043c\u043d\u043e\u0441\u0442\u044c, \u0442\u043d<\/td>\n<td nowrap=\"nowrap\" width=\"62\">\n<p align=\"center\">1,1<\/p>\n<\/td>\n<td nowrap=\"nowrap\" width=\"62\">\n<p align=\"center\">2,0<\/p>\n<\/td>\n<td nowrap=\"nowrap\" width=\"62\">\n<p align=\"center\">3,2<\/p>\n<\/td>\n<td nowrap=\"nowrap\" width=\"62\">\n<p align=\"center\">5,3<\/p>\n<\/td>\n<td nowrap=\"nowrap\" width=\"62\">\n<p align=\"center\">8,0<\/p>\n<\/td>\n<td nowrap=\"nowrap\" width=\"62\">\n<p align=\"center\">12,5<\/p>\n<\/td>\n<td nowrap=\"nowrap\" width=\"62\">\n<p align=\"center\">15,0<\/p>\n<\/td>\n<td nowrap=\"nowrap\" width=\"62\">\n<p align=\"center\">21,2<\/p>\n<\/td>\n<\/tr>\n<tr>\n<td nowrap=\"nowrap\" width=\"145\">\u041a\u0430\u043b\u0438\u0431\u0440 \u0446\u0435\u043f\u0438<\/td>\n<td nowrap=\"nowrap\" width=\"62\">\n<p align=\"center\">6\u044518<\/p>\n<\/td>\n<td nowrap=\"nowrap\" width=\"62\">\n<p align=\"center\">8\u044524<\/p>\n<\/td>\n<td nowrap=\"nowrap\" width=\"62\">\n<p align=\"center\">10\u044530<\/p>\n<\/td>\n<td nowrap=\"nowrap\" width=\"62\">\n<p align=\"center\">13\u044539<\/p>\n<\/td>\n<td nowrap=\"nowrap\" width=\"62\">\n<p align=\"center\">16\u044548<\/p>\n<\/td>\n<td nowrap=\"nowrap\" width=\"62\">\n<p align=\"center\">20\u044560<\/p>\n<\/td>\n<td nowrap=\"nowrap\" width=\"62\">\n<p align=\"center\">22\u044566<\/p>\n<\/td>\n<td nowrap=\"nowrap\" width=\"62\">\n<p align=\"center\">26\u044596<\/p>\n<\/td>\n<\/tr>\n<tr>\n<td nowrap=\"nowrap\" width=\"145\">\u0414\u0438\u0430\u043c\u0435\u0442\u0440 \u043a\u0430\u043d\u0430\u0442\u0430, \u043c\u043c<\/td>\n<td nowrap=\"nowrap\" width=\"62\">\n<p align=\"center\">11,0<\/p>\n<\/td>\n<td nowrap=\"nowrap\" width=\"62\">\n<p align=\"center\">13,0<\/p>\n<\/td>\n<td nowrap=\"nowrap\" width=\"62\">\n<p align=\"center\">16,5<\/p>\n<\/td>\n<td nowrap=\"nowrap\" width=\"62\">\n<p align=\"center\">24,0<\/p>\n<\/td>\n<td nowrap=\"nowrap\" width=\"62\">\n<p align=\"center\">27,0<\/p>\n<\/td>\n<td nowrap=\"nowrap\" width=\"62\">\n<p align=\"center\">33,0<\/p>\n<\/td>\n<td nowrap=\"nowrap\" width=\"62\">\n<p align=\"center\">39,5<\/p>\n<\/td>\n<td nowrap=\"nowrap\" width=\"62\">\n<p align=\"center\">44,5<\/p>\n<\/td>\n<\/tr>\n<\/tbody>\n<\/table>\n<p>&nbsp;<\/p>\n<table border=\"1\" cellspacing=\"0\" cellpadding=\"0\">\n<tbody>\n<tr>\n<td valign=\"top\" width=\"85\">\n<p align=\"center\"><strong>\u0417\u0430\u0434\u0435\u043b\u043a\u0430 \u043a\u043e\u043d\u0446\u043e\u0432<\/strong><\/p>\n<\/td>\n<td valign=\"top\" width=\"95\">\n<p align=\"center\"><strong>\u041c\u0430\u0442\u0435\u0440\u0438\u0430\u043b \u0432\u0442\u0443\u043b\u043a\u0438<\/strong><\/p>\n<\/td>\n<td valign=\"top\" width=\"104\">\n<p align=\"center\"><strong>\u0421\u0435\u0440\u0434\u0435\u0447\u043d\u0438\u043a<\/strong><\/p>\n<\/td>\n<td colspan=\"6\" valign=\"top\" width=\"595\">\n<p align=\"center\"><strong>\u041a\u043e\u044d\u0444\u0444\u0438\u0446\u0438\u0435\u043d\u0442 \u0433\u0440\u0443\u0437\u043e\u043f\u043e\u0434\u044a\u0435\u043c\u043d\u043e\u0441\u0442\u0438 \u0432\u044b\u0440\u0430\u0436\u0435\u043d <\/strong><\/p>\n<p align=\"center\"><strong>\u0432 %\n\u0432 \u0437\u0430\u0432\u0438\u0441\u0438\u043c\u043e\u0441\u0442\u0438 \u043e\u0442 \u0442\u0435\u043c\u043f\u0435\u0440\u0430\u0442\u0443\u0440\u044b<\/strong><\/p>\n<\/td>\n<\/tr>\n<tr>\n<td colspan=\"3\" valign=\"top\" width=\"283\">\n<p align=\"center\"><strong>\u0422\u0435\u043c\u043f\u0435\u0440\u0430\u0442\u0443\u0440\u0430, \u0421\u00a0<\/strong><\/p>\n<\/td>\n<td valign=\"top\" width=\"76\">\n<p align=\"center\"><strong>-40\u00a0 +100<\/strong><\/p>\n<\/td>\n<td valign=\"top\" width=\"104\">\n<p align=\"center\"><strong>101-150<\/strong><\/p>\n<\/td>\n<td valign=\"top\" width=\"104\">\n<p align=\"center\"><strong>151-200<\/strong><\/p>\n<\/td>\n<td valign=\"top\" width=\"104\">\n<p align=\"center\"><strong>201-300<\/strong><\/p>\n<\/td>\n<td valign=\"top\" width=\"104\">\n<p align=\"center\"><strong>301-400<\/strong><\/p>\n<\/td>\n<td valign=\"top\" width=\"104\">\n<p align=\"center\"><strong>400&lt;t<\/strong><\/p>\n<\/td>\n<\/tr>\n<tr>\n<td valign=\"top\" width=\"85\">\n<p align=\"center\">\u0412\u0442\u0443\u043b\u043a\u0430<\/p>\n<\/td>\n<td valign=\"top\" width=\"95\">\n<p align=\"center\">\u0410\u043b\u044e\u043c\u0438\u043d\u0438\u0435\u0432\u0430\u044f<\/p>\n<\/td>\n<td valign=\"top\" width=\"104\">\n<p align=\"center\">\u041e\u0440\u0433\u0430\u043d\u0438\u0447\u0435\u0441\u043a\u0438\u0439<\/p>\n<\/td>\n<td valign=\"top\" width=\"76\">\n<p align=\"center\">100<\/p>\n<\/td>\n<td valign=\"top\" width=\"104\">\n<p align=\"center\">\u041d\u0435 \u0438\u0441\u043f\u043e\u043b\u044c\u0437\u043e\u0432\u0430\u0442\u044c<\/p>\n<\/td>\n<td valign=\"top\" width=\"104\">\n<p align=\"center\">\u041d\u0435 \u0438\u0441\u043f\u043e\u043b\u044c\u0437\u043e\u0432\u0430\u0442\u044c<\/p>\n<\/td>\n<td valign=\"top\" width=\"104\">\n<p align=\"center\">\u041d\u0435 \u0438\u0441\u043f\u043e\u043b\u044c\u0437\u043e\u0432\u0430\u0442\u044c<\/p>\n<\/td>\n<td valign=\"top\" width=\"104\">\n<p align=\"center\">\u041d\u0435 \u0438\u0441\u043f\u043e\u043b\u044c\u0437\u043e\u0432\u0430\u0442\u044c<\/p>\n<\/td>\n<td valign=\"top\" width=\"104\">\n<p align=\"center\">\u041d\u0435 \u0438\u0441\u043f\u043e\u043b\u044c\u0437\u043e\u0432\u0430\u0442\u044c<\/p>\n<\/td>\n<\/tr>\n<tr>\n<td valign=\"top\" width=\"85\">\n<p align=\"center\">\u0412\u0442\u0443\u043b\u043a\u0430<\/p>\n<\/td>\n<td valign=\"top\" width=\"95\">\n<p align=\"center\">\u0410\u043b\u044e\u043c\u0438\u043d\u0438\u0435\u0432\u0430\u044f<\/p>\n<\/td>\n<td valign=\"top\" width=\"104\">\n<p align=\"center\">\u0441\u0442\u0430\u043b\u044c.<\/p>\n<\/td>\n<td valign=\"top\" width=\"76\">\n<p align=\"center\">100<\/p>\n<\/td>\n<td valign=\"top\" width=\"104\">\n<p align=\"center\">100<\/p>\n<\/td>\n<td valign=\"top\" width=\"104\">\n<p align=\"center\">\u041d\u0435 \u0438\u0441\u043f\u043e\u043b\u044c\u0437\u043e\u0432\u0430\u0442\u044c<\/p>\n<\/td>\n<td valign=\"top\" width=\"104\">\n<p align=\"center\">\u041d\u0435 \u0438\u0441\u043f\u043e\u043b\u044c\u0437\u043e\u0432\u0430\u0442\u044c<\/p>\n<\/td>\n<td valign=\"top\" width=\"104\">\n<p align=\"center\">\u041d\u0435 \u0438\u0441\u043f\u043e\u043b\u044c\u0437\u043e\u0432\u0430\u0442\u044c<\/p>\n<\/td>\n<td valign=\"top\" width=\"104\">\n<p align=\"center\">\u041d\u0435 \u0438\u0441\u043f\u043e\u043b\u044c\u0437\u043e\u0432\u0430\u0442\u044c<\/p>\n<\/td>\n<\/tr>\n<tr>\n<td valign=\"top\" width=\"85\">\n<p align=\"center\">\u0412\u0442\u0443\u043b\u043a\u0430<\/p>\n<\/td>\n<td valign=\"top\" width=\"95\">\n<p align=\"center\">\u0441\u0442\u0430\u043b\u044c.<\/p>\n<\/td>\n<td valign=\"top\" width=\"104\">\n<p align=\"center\">\u041e\u0440\u0433\u0430\u043d\u0438\u0447\u0435\u0441\u043a\u0438\u0439<\/p>\n<\/td>\n<td valign=\"top\" width=\"76\">\n<p align=\"center\">100<\/p>\n<\/td>\n<td valign=\"top\" width=\"104\">\n<p align=\"center\">\u041d\u0435 \u0438\u0441\u043f\u043e\u043b\u044c\u0437\u043e\u0432\u0430\u0442\u044c<\/p>\n<\/td>\n<td valign=\"top\" width=\"104\">\n<p align=\"center\">\u041d\u0435 \u0438\u0441\u043f\u043e\u043b\u044c\u0437\u043e\u0432\u0430\u0442\u044c<\/p>\n<\/td>\n<td valign=\"top\" width=\"104\">\n<p align=\"center\">\u041d\u0435 \u0438\u0441\u043f\u043e\u043b\u044c\u0437\u043e\u0432\u0430\u0442\u044c<\/p>\n<\/td>\n<td valign=\"top\" width=\"104\">\n<p align=\"center\">\u041d\u0435 \u0438\u0441\u043f\u043e\u043b\u044c\u0437\u043e\u0432\u0430\u0442\u044c<\/p>\n<\/td>\n<td valign=\"top\" width=\"104\">\n<p align=\"center\">\u041d\u0435 \u0438\u0441\u043f\u043e\u043b\u044c\u0437\u043e\u0432\u0430\u0442\u044c<\/p>\n<\/td>\n<\/tr>\n<tr>\n<td valign=\"top\" width=\"85\">\n<p align=\"center\">\u0412\u0442\u0443\u043b\u043a\u0430<\/p>\n<\/td>\n<td valign=\"top\" width=\"95\">\n<p align=\"center\">\u0441\u0442\u0430\u043b\u044c.<\/p>\n<\/td>\n<td valign=\"top\" width=\"104\">\n<p align=\"center\">\u0441\u0442\u0430\u043b\u044c.<\/p>\n<\/td>\n<td valign=\"top\" width=\"76\">\n<p align=\"center\">100<\/p>\n<\/td>\n<td valign=\"top\" width=\"104\">\n<p align=\"center\">100<\/p>\n<\/td>\n<td valign=\"top\" width=\"104\">\n<p align=\"center\">90<\/p>\n<\/td>\n<td valign=\"top\" width=\"104\">\n<p align=\"center\">75<\/p>\n<\/td>\n<td valign=\"top\" width=\"104\">\n<p align=\"center\">65<\/p>\n<\/td>\n<td valign=\"top\" width=\"104\">\n<p align=\"center\">\u041d\u0435 \u0438\u0441\u043f\u043e\u043b\u044c\u0437\u043e\u0432\u0430\u0442\u044c<\/p>\n<\/td>\n<\/tr>\n<tr>\n<td valign=\"top\" width=\"85\">\n<p align=\"center\">\u0417\u0430\u043f\u043b\u0435\u0442\u043a\u0430<\/p>\n<\/td>\n<td valign=\"top\" width=\"95\">\n<p align=\"center\">&#8211;<\/p>\n<\/td>\n<td valign=\"top\" width=\"104\">\n<p align=\"center\">\u041e\u0440\u0433\u0430\u043d\u0438\u0447\u0435\u0441\u043a\u0438\u0439<\/p>\n<\/td>\n<td valign=\"top\" width=\"76\">\n<p align=\"center\">100<\/p>\n<\/td>\n<td valign=\"top\" width=\"104\">\n<p align=\"center\">\u041d\u0435 \u0438\u0441\u043f\u043e\u043b\u044c\u0437\u043e\u0432\u0430\u0442\u044c<\/p>\n<\/td>\n<td valign=\"top\" width=\"104\">\n<p align=\"center\">\u041d\u0435 \u0438\u0441\u043f\u043e\u043b\u044c\u0437\u043e\u0432\u0430\u0442\u044c<\/p>\n<\/td>\n<td valign=\"top\" width=\"104\">\n<p align=\"center\">\u041d\u0435 \u0438\u0441\u043f\u043e\u043b\u044c\u0437\u043e\u0432\u0430\u0442\u044c<\/p>\n<\/td>\n<td valign=\"top\" width=\"104\">\n<p align=\"center\">\u041d\u0435 \u0438\u0441\u043f\u043e\u043b\u044c\u0437\u043e\u0432\u0430\u0442\u044c<\/p>\n<\/td>\n<td valign=\"top\" width=\"104\">\n<p align=\"center\">\u041d\u0435 \u0438\u0441\u043f\u043e\u043b\u044c\u0437\u043e\u0432\u0430\u0442\u044c<\/p>\n<\/td>\n<\/tr>\n<tr>\n<td valign=\"top\" width=\"85\">\n<p align=\"center\">\u0417\u0430\u043f\u043b\u0435\u0442\u043a\u0430<\/p>\n<\/td>\n<td valign=\"top\" width=\"95\">\n<p align=\"center\">&#8211;<\/p>\n<\/td>\n<td valign=\"top\" width=\"104\">\n<p align=\"center\">\u0441\u0442\u0430\u043b\u044c.<\/p>\n<\/td>\n<td valign=\"top\" width=\"76\">\n<p align=\"center\">100<\/p>\n<\/td>\n<td valign=\"top\" width=\"104\">\n<p align=\"center\">100<\/p>\n<\/td>\n<td valign=\"top\" width=\"104\">\n<p align=\"center\">90<\/p>\n<\/td>\n<td valign=\"top\" width=\"104\">\n<p align=\"center\">75<\/p>\n<\/td>\n<td valign=\"top\" width=\"104\">\n<p align=\"center\">65<\/p>\n<\/td>\n<td valign=\"top\" width=\"104\">\n<p align=\"center\">\u041d\u0435 \u0438\u0441\u043f\u043e\u043b\u044c\u0437\u043e\u0432\u0430\u0442\u044c<\/p>\n<\/td>\n<\/tr>\n<\/tbody>\n<\/table>\n<\/li>\n<\/ul>","protected":false},"excerpt":{"rendered":"<p>Dispozitiv de ridicare combinat cu lan\u021b;<br \/>\n\u041c\u0430\u0442\u0435\u0440\u0438\u0430\u043b: \u0441\u0442\u0430\u043b\u044c\u043d\u044b\u0435 \u043a\u0430\u043d\u0430\u0442\u044b, \u0446\u0435\u043f\u0438 \u0433\u0440\u0443\u0437\u043e\u043f\u043e\u0434\u044a\u0451\u043c\u043d\u044b\u0435 G80;<br \/>\n\u041a\u043e\u044d\u0444\u0444\u0438\u0446\u0438\u0435\u043d\u0442 \u0431\u0435\u0437\u043e\u043f\u0430\u0441\u043d\u043e\u0441\u0442\u0438: 4:1;<br \/>\n\u0422\u0435\u043c\u043f\u0435\u0440\u0430\u0442\u0443\u0440\u043d\u044b\u0439 \u0434\u0438\u0430\u043f\u0430\u0437\u043e\u043d \u043f\u0440\u0438\u043c\u0435\u043d\u0435\u043d\u0438\u044f: \u043e\u0442 -40 \u0434\u043e +100 \u00b0\u0421;<br \/>\n\u0421\u0442\u0430\u043d\u0434\u0430\u0440\u0442: \u0414\u0421\u0422\u0423 EN 13414-1:2018, \u0414\u0421\u0422\u0423 EN 818-4:2017;<br \/>\n\u0413\u0430\u0440\u0430\u043d\u0442\u0438\u044f: 3 \u043c\u0435\u0441\u044f\u0446\u0430.<\/p>","protected":false},"featured_media":6701,"comment_status":"open","ping_status":"closed","template":"","meta":[],"product_brand":[],"product_cat":[39],"product_tag":[],"class_list":{"0":"post-6700","1":"product","2":"type-product","3":"status-publish","4":"has-post-thumbnail","6":"product_cat-dispozitive-de-ridicare-din-cablu-de-otel","8":"first","9":"instock","10":"shipping-taxable","11":"product-type-simple"},"_links":{"self":[{"href":"https:\/\/tros.md\/ru\/wp-json\/wp\/v2\/product\/6700","targetHints":{"allow":["GET"]}}],"collection":[{"href":"https:\/\/tros.md\/ru\/wp-json\/wp\/v2\/product"}],"about":[{"href":"https:\/\/tros.md\/ru\/wp-json\/wp\/v2\/types\/product"}],"replies":[{"embeddable":true,"href":"https:\/\/tros.md\/ru\/wp-json\/wp\/v2\/comments?post=6700"}],"wp:featuredmedia":[{"embeddable":true,"href":"https:\/\/tros.md\/ru\/wp-json\/wp\/v2\/media\/6701"}],"wp:attachment":[{"href":"https:\/\/tros.md\/ru\/wp-json\/wp\/v2\/media?parent=6700"}],"wp:term":[{"taxonomy":"product_brand","embeddable":true,"href":"https:\/\/tros.md\/ru\/wp-json\/wp\/v2\/product_brand?post=6700"},{"taxonomy":"product_cat","embeddable":true,"href":"https:\/\/tros.md\/ru\/wp-json\/wp\/v2\/product_cat?post=6700"},{"taxonomy":"product_tag","embeddable":true,"href":"https:\/\/tros.md\/ru\/wp-json\/wp\/v2\/product_tag?post=6700"}],"curies":[{"name":"wp","href":"https:\/\/api.w.org\/{rel}","templated":true}]}}