{"id":6697,"date":"2024-09-25T11:01:48","date_gmt":"2024-09-25T11:01:48","guid":{"rendered":"https:\/\/tros.md\/?post_type=product&#038;p=6697"},"modified":"2025-12-09T11:04:55","modified_gmt":"2025-12-09T11:04:55","slug":"chinga-4%d1%81%d0%ba","status":"publish","type":"product","link":"https:\/\/tros.md\/ru\/product\/chinga-4%d1%81%d0%ba\/","title":{"rendered":"Dispozitiv de ridicare tip 4\u0421\u041a"},"content":{"rendered":"<p><strong>Dispozitivul de ridicare tip 4\u0421\u041a<\/strong> este unul dintre cele mai utilizate echipamente de ridicare, proiectat pentru a ridica \u0219i transporta diverse tipuri de sarcini. Popularitatea chingii de tip \u201ep\u0103ianjen\u201d se datoreaz\u0103 celor 4 puncte de prindere, care permit o distribu\u021bie uniform\u0103 a greut\u0103\u021bii pe fiecare ramur\u0103, facilit\u00e2nd astfel manipularea sarcinilor grele \u0219i voluminoase. Prinderea \u00eenc\u0103rc\u0103turii se realizeaz\u0103 prin utilizarea unor elemente speciale de ridicare (\u0219uruburi cu inel, urechi, c\u00e2rlige etc.) \u00een 2, 3 sau 4 puncte. Capacitatea maxim\u0103 de ridicare a acestei chingi este de 45 de tone.<\/p>\n<h3>\u041a\u043e\u043d\u0441\u0442\u0440\u0443\u043a\u0442\u0438\u0432\u043d\u044b\u0435 \u043e\u0441\u043e\u0431\u0435\u043d\u043d\u043e\u0441\u0442\u0438 \u0438 \u0442\u0435\u0445\u043d\u0438\u0447\u0435\u0441\u043a\u0438\u0435 \u0445\u0430\u0440\u0430\u043a\u0442\u0435\u0440\u0438\u0441\u0442\u0438\u043a\u0438<\/h3>\n<p>Dispozitivul de ridicare din cablu 4\u0421\u041a este fabricat din cablu de o\u021bel cu \u00eempletitur\u0103 dubl\u0103 \u00een spiral\u0103, conform standardului european modern <strong>\u0414\u0421\u0422\u0423 EN 13414-1:2018<\/strong>, \u043f\u0440\u0438\u0448\u0435\u0434\u0448\u0435\u043c\u0443 \u043d\u0430 \u0437\u0430\u043c\u0435\u043d\u0443 \u0443\u0441\u0442\u0430\u0440\u0435\u0432\u0448\u0435\u043c\u0443 <strong>\u0414\u0421\u0422\u0423 \u0411 \u0412.2.8-10-98.<\/strong>. Pot fi utilizate cabluri at\u00e2t cu miez organic, c\u00e2t \u0219i cu miez de o\u021bel.<\/p>\n<p class=\"translation-block\">\u041a\u0430\u043d\u0430\u0442\u043d\u044b\u0439 \u0441\u0442\u0440\u043e\u043f \u043f\u0430\u0443\u043a 4\u0421\u041a \u0441\u043e\u0441\u0442\u043e\u0438\u0442 \u0438\u0437 \u0447\u0435\u0442\u044b\u0440\u0435\u0445 \u043a\u0430\u043d\u0430\u0442\u043d\u044b\u0445 \u0432\u0435\u0442\u0432\u0435\u0439 (\u0441\u0442\u0440\u043e\u043f\u043e\u0432 \u0442\u0438\u043f\u0430 1\u0421\u041a) \u043e\u0434\u0438\u043d\u0430\u043a\u043e\u0432\u043e\u0439 \u0434\u043b\u0438\u043d\u044b, \u043e\u0431\u044a\u0435\u0434\u0438\u043d\u0435\u043d\u043d\u044b\u0445 \u043e\u0434\u043d\u0438\u043c \u043a\u043e\u043d\u0446\u0435\u0432\u044b\u043c \u044d\u043b\u0435\u043c\u0435\u043d\u0442\u043e\u043c (\u0437\u0432\u0435\u043d\u043e\u043c). \u041a\u043e\u043d\u0435\u0447\u043d\u044b\u043c\u0438 \u044d\u043b\u0435\u043c\u0435\u043d\u0442\u0430\u043c\u0438 \u0441\u043d\u0438\u0437\u0443 \u0432\u044b\u0441\u0442\u0443\u043f\u0430\u044e\u0442 \u0433\u0440\u0443\u0437\u043e\u0432\u044b\u0435 \u043a\u0440\u044e\u043a\u0438. \u0422\u0438\u043f\u0438\u0447\u043d\u044b\u0439 \u0441\u0442\u0440\u043e\u043f 4\u0421\u041a \u043a\u043e\u043c\u043f\u043b\u0435\u043a\u0442\u0443\u0435\u0442\u0441\u044f \u043a\u0440\u044e\u043a\u0430\u043c\u0438 G80.<\/p>\n<h3>\u041e\u0431\u043b\u0430\u0441\u0442\u044c \u043f\u0440\u0438\u043c\u0435\u043d\u0435\u043d\u0438\u044f<\/h3>\n<p class=\"translation-block\">\u0427\u0435\u0442\u044b\u0440\u0435\u0445\u0432\u0435\u0442\u0432\u0435\u0432\u043e\u0439 \u0441\u0442\u0440\u043e\u043f \u0442\u0438\u043f\u0430 4\u0421\u041a \u0448\u0438\u0440\u043e\u043a\u043e \u043f\u0440\u0438\u043c\u0435\u043d\u044f\u0435\u0442\u0441\u044f \u0432 \u0441\u0442\u0440\u043e\u0438\u0442\u0435\u043b\u044c\u0441\u0442\u0432\u0435 \u0438 \u043b\u0435\u0441\u043f\u0440\u043e\u043c\u0445\u043e\u0437\u0430\u0445, \u0432 \u043c\u0435\u0442\u0430\u043b\u043b\u0443\u0440\u0433\u0438\u0447\u0435\u0441\u043a\u043e\u0439, \u043c\u0430\u0448\u0438\u043d\u043e\u0441\u0442\u0440\u043e\u0438\u0442\u0435\u043b\u044c\u043d\u043e\u0439 \u0438 \u043c\u043d\u043e\u0433\u0438\u0445 \u0434\u0440\u0443\u0433\u0438\u0445 \u043e\u0442\u0440\u0430\u0441\u043b\u044f\u0445 \u043f\u0440\u043e\u0438\u0437\u0432\u043e\u0434\u0441\u0442\u0432\u0430. \u0421\u0442\u0440\u043e\u043f \u043a\u0430\u043d\u0430\u0442\u043d\u044b\u0439 \u0447\u0435\u0442\u044b\u0440\u0435\u0445\u0432\u0435\u0442\u0432\u0435\u0432\u043e\u0439 4\u0421\u041a \u043d\u0443\u0436\u0435\u043d \u0434\u043b\u044f \u043f\u0440\u043e\u0432\u0435\u0434\u0435\u043d\u0438\u044f \u0440\u0430\u0431\u043e\u0442, \u0441\u0432\u044f\u0437\u0430\u043d\u043d\u044b\u0445 \u0441 \u043f\u043e\u0434\u044a\u0435\u043c\u043e\u043c \u0433\u0440\u0443\u0437\u043e\u0432 \u043d\u0430 \u043f\u0440\u043e\u043c\u044b\u0448\u043b\u0435\u043d\u043d\u044b\u0445 \u043e\u0431\u044a\u0435\u043a\u0442\u0430\u0445, \u0432 \u0441\u0442\u0440\u043e\u0438\u0442\u0435\u043b\u044c\u043d\u043e\u0439 \u0441\u0444\u0435\u0440\u0435, \u043d\u0430 \u043f\u043e\u0433\u0440\u0443\u0437\u043e\u0447\u043d\u043e-\u0440\u0430\u0437\u0433\u0440\u0443\u0437\u043e\u0447\u043d\u044b\u0445 \u043f\u043b\u043e\u0449\u0430\u0434\u043a\u0430\u0445, \u0441\u043a\u043b\u0430\u0434\u0441\u043a\u0438\u0445 \u0442\u0435\u0440\u043c\u0438\u043d\u0430\u043b\u0430\u0445 \u0438 \u0442.\u0434.<\/p>\n<h3>Avantajele dispozitivelor de ridicare din cablu cu patru ramuri 4\u0421\u041a<\/h3>\n<ol>\n<li class=\"translation-block\">\u041f\u043e\u0432\u044b\u0448\u0435\u043d\u043d\u0430\u044f \u043a\u0440\u0435\u043f\u043a\u043e\u0441\u0442\u044c \u043d\u0430 \u0440\u0430\u0437\u0440\u044b\u0432. \u041e\u043d\u0438 \u0441\u043f\u043e\u0441\u043e\u0431\u043d\u044b \u0432\u044b\u0434\u0435\u0440\u0436\u0438\u0432\u0430\u0442\u044c \u043d\u0430\u0433\u0440\u0443\u0437\u043a\u0443 \u0434\u043e 45 \u0442\u043e\u043d\u043d.<\/li>\n<li class=\"translation-block\">\u0413\u0438\u0431\u043a\u043e\u0441\u0442\u044c. \u041a \u043a\u0430\u043d\u0430\u0442\u043d\u044b\u043c \u043f\u0430\u0443\u043a\u0430\u043c \u043c\u043e\u0436\u043d\u043e \u043a\u0440\u0435\u043f\u0438\u0442\u044c \u0433\u0440\u0443\u0437\u044b \u043b\u044e\u0431\u043e\u0439 \u0444\u043e\u0440\u043c\u044b \u0438 \u0440\u0430\u0437\u043c\u0435\u0440\u043e\u0432.<\/li>\n<li class=\"translation-block\">\u0423\u0441\u0442\u043e\u0439\u0447\u0438\u0432\u043e\u0441\u0442\u044c \u043a \u0434\u0438\u043d\u0430\u043c\u0438\u0447\u0435\u0441\u043a\u0438\u043c \u043d\u0430\u0433\u0440\u0443\u0437\u043a\u0430\u043c.<\/li>\n<li class=\"translation-block\">\u0421\u0440\u043e\u043a \u044d\u043a\u0441\u043f\u043b\u0443\u0430\u0442\u0430\u0446\u0438\u0438. \u0421\u0442\u0440\u043e\u043f \u0440\u0430\u0441\u0441\u0447\u0438\u0442\u0430\u043d \u043d\u0430 \u043f\u0440\u043e\u0434\u043e\u043b\u0436\u0438\u0442\u0435\u043b\u044c\u043d\u043e\u0435 \u0438\u0441\u043f\u043e\u043b\u044c\u0437\u043e\u0432\u0430\u043d\u0438\u0435.<\/li>\n<li class=\"translation-block\">\u0420\u0435\u043c\u043e\u043d\u0442\u043e\u043f\u0440\u0438\u0433\u043e\u0434\u043d\u043e\u0441\u0442\u044c. \u0414\u0435\u0444\u0435\u043a\u0442\u044b \u043d\u0430 \u043f\u043e\u0432\u0435\u0440\u0445\u043d\u043e\u0441\u0442\u0438 \u043a\u0430\u043d\u0430\u0442\u043d\u043e\u0433\u043e \u0441\u0442\u0440\u043e\u043f\u0430 \u043e\u0431\u0440\u0430\u0437\u0443\u044e\u0442\u0441\u044f \u043f\u043e\u0441\u0442\u0435\u043f\u0435\u043d\u043d\u043e, \u043f\u043e\u044d\u0442\u043e\u043c\u0443 \u0435\u0441\u0442\u044c \u0432\u043e\u0437\u043c\u043e\u0436\u043d\u043e\u0441\u0442\u044c \u0441\u0432\u043e\u0435\u0432\u0440\u0435\u043c\u0435\u043d\u043d\u043e \u0438\u0445 \u0432\u044b\u044f\u0432\u0438\u0442\u044c \u0438 \u0443\u0441\u0442\u0440\u0430\u043d\u0438\u0442\u044c.<\/li>\n<\/ol>\n<p>\u041a\u0430\u043d\u0430\u0442\u043d\u044b\u0439 \u0441\u0442\u0440\u043e\u043f \u043f\u0430\u0443\u043a 4\u0421\u041a - \u044d\u0442\u043e \u044d\u0444\u0444\u0435\u043a\u0442\u0438\u0432\u043d\u044b\u0435 \u0438 \u043d\u0430\u0434\u0435\u0436\u043d\u044b\u0435 \u0440\u0435\u0448\u0435\u043d\u0438\u044f \u0434\u043b\u044f \u043f\u043e\u0434\u044a\u0435\u043c\u0430 \u0438 \u043f\u0435\u0440\u0435\u043c\u0435\u0449\u0435\u043d\u0438\u044f \u0431\u043e\u043b\u044c\u0448\u0438\u0445 \u0438 \u0441\u043b\u043e\u0436\u043d\u044b\u0445 \u0433\u0440\u0443\u0437\u043e\u0432, \u043e\u0431\u0435\u0441\u043f\u0435\u0447\u0438\u0432\u0430\u044e\u0449\u0438\u0435 \u0431\u0435\u0437\u043e\u043f\u0430\u0441\u043d\u043e\u0441\u0442\u044c \u0438 \u0434\u043e\u043b\u0433\u043e\u0432\u0440\u0435\u043c\u0435\u043d\u043d\u0443\u044e \u0440\u0430\u0431\u043e\u0442\u0443.<\/p>\n<table border=\"1\" cellspacing=\"0\" cellpadding=\"0\">\n<tbody>\n<tr>\n<td valign=\"top\" width=\"214\">\n<p align=\"center\"><strong>\u0413\u0440\u0443\u0437\u043e\u043f\u043e\u0434\u044a\u0435\u043c\u043d\u043e\u0441\u0442\u044c, \u0442\u043d<\/strong><\/p>\n<\/td>\n<td valign=\"top\" width=\"214\">\n<p align=\"center\"><strong>\u0414\u0438\u0430\u043c\u0435\u0442\u0440 \u043a\u0430\u043d\u0430\u0442\u0430, \u043c\u043c<\/strong><\/p>\n<\/td>\n<\/tr>\n<tr>\n<td valign=\"top\" width=\"214\">\n<p align=\"center\">1,60<\/p>\n<\/td>\n<td valign=\"top\" width=\"214\">\n<p align=\"center\">8,3<\/p>\n<\/td>\n<\/tr>\n<tr>\n<td valign=\"top\" width=\"214\">\n<p align=\"center\">2,00<\/p>\n<\/td>\n<td valign=\"top\" width=\"214\">\n<p align=\"center\">9,1<\/p>\n<\/td>\n<\/tr>\n<tr>\n<td valign=\"top\" width=\"214\">\n<p align=\"center\">2,50<\/p>\n<\/td>\n<td valign=\"top\" width=\"214\">\n<p align=\"center\">11,0<\/p>\n<\/td>\n<\/tr>\n<tr>\n<td valign=\"top\" width=\"214\">\n<p align=\"center\">3,20<\/p>\n<\/td>\n<td valign=\"top\" width=\"214\">\n<p align=\"center\">12,0<\/p>\n<\/td>\n<\/tr>\n<tr>\n<td valign=\"top\" width=\"214\">\n<p align=\"center\">4,00<\/p>\n<\/td>\n<td valign=\"top\" width=\"214\">\n<p align=\"center\">13,0<\/p>\n<\/td>\n<\/tr>\n<tr>\n<td valign=\"top\" width=\"214\">\n<p align=\"center\">5,00<\/p>\n<\/td>\n<td valign=\"top\" width=\"214\">\n<p align=\"center\">15,0<\/p>\n<\/td>\n<\/tr>\n<tr>\n<td valign=\"top\" width=\"214\">\n<p align=\"center\">6,30<\/p>\n<\/td>\n<td valign=\"top\" width=\"214\">\n<p align=\"center\">16,5<\/p>\n<\/td>\n<\/tr>\n<tr>\n<td valign=\"top\" width=\"214\">\n<p align=\"center\">8,00<\/p>\n<\/td>\n<td valign=\"top\" width=\"214\">\n<p align=\"center\">19,5<\/p>\n<\/td>\n<\/tr>\n<tr>\n<td valign=\"top\" width=\"214\">\n<p align=\"center\">10,00<\/p>\n<\/td>\n<td valign=\"top\" width=\"214\">\n<p align=\"center\">21,0<\/p>\n<\/td>\n<\/tr>\n<tr>\n<td valign=\"top\" width=\"214\">\n<p align=\"center\">12,50<\/p>\n<\/td>\n<td valign=\"top\" width=\"214\">\n<p align=\"center\">24,0<\/p>\n<\/td>\n<\/tr>\n<tr>\n<td valign=\"top\" width=\"214\">\n<p align=\"center\">16,00<\/p>\n<\/td>\n<td valign=\"top\" width=\"214\">\n<p align=\"center\">27,0<\/p>\n<\/td>\n<\/tr>\n<tr>\n<td valign=\"top\" width=\"214\">\n<p align=\"center\">20,00<\/p>\n<\/td>\n<td valign=\"top\" width=\"214\">\n<p align=\"center\">30,5<\/p>\n<\/td>\n<\/tr>\n<tr>\n<td valign=\"top\" width=\"214\">\n<p align=\"center\">25,00<\/p>\n<\/td>\n<td valign=\"top\" width=\"214\">\n<p align=\"center\">33,0<\/p>\n<\/td>\n<\/tr>\n<tr>\n<td valign=\"top\" width=\"214\">\n<p align=\"center\">30,00<\/p>\n<\/td>\n<td valign=\"top\" width=\"214\">\n<p align=\"center\">36,5<\/p>\n<\/td>\n<\/tr>\n<tr>\n<td valign=\"top\" width=\"214\">\n<p align=\"center\">35,00<\/p>\n<\/td>\n<td valign=\"top\" width=\"214\">\n<p align=\"center\">39,5<\/p>\n<\/td>\n<\/tr>\n<tr>\n<td valign=\"top\" width=\"214\">\n<p align=\"center\">40,00<\/p>\n<\/td>\n<td valign=\"top\" width=\"214\">\n<p align=\"center\">42,0<\/p>\n<\/td>\n<\/tr>\n<tr>\n<td valign=\"top\" width=\"214\">\n<p align=\"center\">45,00<\/p>\n<\/td>\n<td valign=\"top\" width=\"214\">\n<p align=\"center\">44,5<\/p>\n<\/td>\n<\/tr>\n<\/tbody>\n<\/table>\n<table border=\"1\" cellspacing=\"0\" cellpadding=\"0\">\n<tbody>\n<tr>\n<td valign=\"top\" width=\"85\">\n<p align=\"center\"><b>\u0417\u0430\u0434\u0435\u043b\u043a\u0430 \u043a\u043e\u043d\u0446\u043e\u0432<\/b><\/p>\n<\/td>\n<td valign=\"top\" width=\"95\">\n<p align=\"center\"><b>\u041c\u0430\u0442\u0435\u0440\u0438\u0430\u043b \u0432\u0442\u0443\u043b\u043a\u0438<\/b><\/p>\n<\/td>\n<td valign=\"top\" width=\"104\">\n<p align=\"center\"><strong>\u0421\u0435\u0440\u0434\u0435\u0447\u043d\u0438\u043a<\/strong><\/p>\n<\/td>\n<td colspan=\"6\" valign=\"top\" width=\"595\">\n<p align=\"center\"><strong>\u041a\u043e\u044d\u0444\u0444\u0438\u0446\u0438\u0435\u043d\u0442 \u0433\u0440\u0443\u0437\u043e\u043f\u043e\u0434\u044a\u0435\u043c\u043d\u043e\u0441\u0442\u0438 \u0432\u044b\u0440\u0430\u0436\u0435\u043d <\/strong><\/p>\n<p align=\"center\"><strong>\u0432 %\n\u0432 \u0437\u0430\u0432\u0438\u0441\u0438\u043c\u043e\u0441\u0442\u0438 \u043e\u0442 \u0442\u0435\u043c\u043f\u0435\u0440\u0430\u0442\u0443\u0440\u044b<\/strong><\/p>\n<p align=\"center\">\n<\/td>\n<\/tr>\n<tr>\n<td colspan=\"3\" valign=\"top\" width=\"283\">\n<p align=\"center\"><strong>\u0422\u0435\u043c\u043f\u0435\u0440\u0430\u0442\u0443\u0440\u0430, \u0421<\/strong><\/p>\n<\/td>\n<td valign=\"top\" width=\"76\">\n<p align=\"center\"><strong>-40\u00a0 +100<\/strong><\/p>\n<\/td>\n<td valign=\"top\" width=\"104\">\n<p align=\"center\"><strong>101-150<\/strong><\/p>\n<\/td>\n<td valign=\"top\" width=\"104\">\n<p align=\"center\"><strong>151-200<\/strong><\/p>\n<\/td>\n<td valign=\"top\" width=\"104\">\n<p align=\"center\"><strong>201-300<\/strong><\/p>\n<\/td>\n<td valign=\"top\" width=\"104\">\n<p align=\"center\"><strong>301-400<\/strong><\/p>\n<\/td>\n<td valign=\"top\" width=\"104\">\n<p align=\"center\"><strong>400&lt;t<\/strong><\/p>\n<\/td>\n<\/tr>\n<tr>\n<td valign=\"top\" width=\"85\">\n<p align=\"center\">\u0412\u0442\u0443\u043b\u043a\u0430<\/p>\n<\/td>\n<td valign=\"top\" width=\"95\">\n<p align=\"center\">\u0410\u043b\u044e\u043c\u0438\u043d\u0438\u0435\u0432\u0430\u044f<\/p>\n<\/td>\n<td valign=\"top\" width=\"104\">\n<p align=\"center\">\u041e\u0440\u0433\u0430\u043d\u0438\u0447\u0435\u0441\u043a\u0438\u0439<\/p>\n<\/td>\n<td valign=\"top\" width=\"76\">\n<p align=\"center\">100<\/p>\n<\/td>\n<td valign=\"top\" width=\"104\">\n<p align=\"center\">\u041d\u0435 \u0438\u0441\u043f\u043e\u043b\u044c\u0437\u043e\u0432\u0430\u0442\u044c<\/p>\n<\/td>\n<td valign=\"top\" width=\"104\">\n<p align=\"center\">\u041d\u0435 \u0438\u0441\u043f\u043e\u043b\u044c\u0437\u043e\u0432\u0430\u0442\u044c<\/p>\n<\/td>\n<td valign=\"top\" width=\"104\">\n<p align=\"center\">\u041d\u0435 \u0438\u0441\u043f\u043e\u043b\u044c\u0437\u043e\u0432\u0430\u0442\u044c<\/p>\n<\/td>\n<td valign=\"top\" width=\"104\">\n<p align=\"center\">\u041d\u0435 \u0438\u0441\u043f\u043e\u043b\u044c\u0437\u043e\u0432\u0430\u0442\u044c<\/p>\n<\/td>\n<td valign=\"top\" width=\"104\">\n<p align=\"center\">\u041d\u0435 \u0438\u0441\u043f\u043e\u043b\u044c\u0437\u043e\u0432\u0430\u0442\u044c<\/p>\n<\/td>\n<\/tr>\n<tr>\n<td valign=\"top\" width=\"85\">\n<p align=\"center\">\u0412\u0442\u0443\u043b\u043a\u0430<\/p>\n<\/td>\n<td valign=\"top\" width=\"95\">\n<p align=\"center\">\u0410\u043b\u044e\u043c\u0438\u043d\u0438\u0435\u0432\u0430\u044f<\/p>\n<\/td>\n<td valign=\"top\" width=\"104\">\n<p align=\"center\">\u0441\u0442\u0430\u043b\u044c.<\/p>\n<\/td>\n<td valign=\"top\" width=\"76\">\n<p align=\"center\">100<\/p>\n<\/td>\n<td valign=\"top\" width=\"104\">\n<p align=\"center\">100<\/p>\n<\/td>\n<td valign=\"top\" width=\"104\">\n<p align=\"center\">\u041d\u0435 \u0438\u0441\u043f\u043e\u043b\u044c\u0437\u043e\u0432\u0430\u0442\u044c<\/p>\n<\/td>\n<td valign=\"top\" width=\"104\">\n<p align=\"center\">\u041d\u0435 \u0438\u0441\u043f\u043e\u043b\u044c\u0437\u043e\u0432\u0430\u0442\u044c<\/p>\n<\/td>\n<td valign=\"top\" width=\"104\">\n<p align=\"center\">\u041d\u0435 \u0438\u0441\u043f\u043e\u043b\u044c\u0437\u043e\u0432\u0430\u0442\u044c<\/p>\n<\/td>\n<td valign=\"top\" width=\"104\">\n<p align=\"center\">\u041d\u0435 \u0438\u0441\u043f\u043e\u043b\u044c\u0437\u043e\u0432\u0430\u0442\u044c<\/p>\n<\/td>\n<\/tr>\n<tr>\n<td valign=\"top\" width=\"85\">\n<p align=\"center\">\u0412\u0442\u0443\u043b\u043a\u0430<\/p>\n<\/td>\n<td valign=\"top\" width=\"95\">\n<p align=\"center\">\u0441\u0442\u0430\u043b\u044c.<\/p>\n<\/td>\n<td valign=\"top\" width=\"104\">\n<p align=\"center\">\u041e\u0440\u0433\u0430\u043d\u0438\u0447\u0435\u0441\u043a\u0438\u0439<\/p>\n<\/td>\n<td valign=\"top\" width=\"76\">\n<p align=\"center\">100<\/p>\n<\/td>\n<td valign=\"top\" width=\"104\">\n<p align=\"center\">\u041d\u0435 \u0438\u0441\u043f\u043e\u043b\u044c\u0437\u043e\u0432\u0430\u0442\u044c<\/p>\n<\/td>\n<td valign=\"top\" width=\"104\">\n<p align=\"center\">\u041d\u0435 \u0438\u0441\u043f\u043e\u043b\u044c\u0437\u043e\u0432\u0430\u0442\u044c<\/p>\n<\/td>\n<td valign=\"top\" width=\"104\">\n<p align=\"center\">\u041d\u0435 \u0438\u0441\u043f\u043e\u043b\u044c\u0437\u043e\u0432\u0430\u0442\u044c<\/p>\n<\/td>\n<td valign=\"top\" width=\"104\">\n<p align=\"center\">\u041d\u0435 \u0438\u0441\u043f\u043e\u043b\u044c\u0437\u043e\u0432\u0430\u0442\u044c<\/p>\n<\/td>\n<td valign=\"top\" width=\"104\">\n<p align=\"center\">\u041d\u0435 \u0438\u0441\u043f\u043e\u043b\u044c\u0437\u043e\u0432\u0430\u0442\u044c<\/p>\n<\/td>\n<\/tr>\n<tr>\n<td valign=\"top\" width=\"85\">\n<p align=\"center\">\u0412\u0442\u0443\u043b\u043a\u0430<\/p>\n<\/td>\n<td valign=\"top\" width=\"95\">\n<p align=\"center\">\u0441\u0442\u0430\u043b\u044c.<\/p>\n<\/td>\n<td valign=\"top\" width=\"104\">\n<p align=\"center\">\u0441\u0442\u0430\u043b\u044c.<\/p>\n<\/td>\n<td valign=\"top\" width=\"76\">\n<p align=\"center\">100<\/p>\n<\/td>\n<td valign=\"top\" width=\"104\">\n<p align=\"center\">100<\/p>\n<\/td>\n<td valign=\"top\" width=\"104\">\n<p align=\"center\">90<\/p>\n<\/td>\n<td valign=\"top\" width=\"104\">\n<p align=\"center\">75<\/p>\n<\/td>\n<td valign=\"top\" width=\"104\">\n<p align=\"center\">65<\/p>\n<\/td>\n<td valign=\"top\" width=\"104\">\n<p align=\"center\">\u041d\u0435 \u0438\u0441\u043f\u043e\u043b\u044c\u0437\u043e\u0432\u0430\u0442\u044c<\/p>\n<\/td>\n<\/tr>\n<tr>\n<td valign=\"top\" width=\"85\">\n<p align=\"center\">\u0417\u0430\u043f\u043b\u0435\u0442\u043a\u0430<\/p>\n<\/td>\n<td valign=\"top\" width=\"95\">\n<p align=\"center\">&#8211;<\/p>\n<\/td>\n<td valign=\"top\" width=\"104\">\n<p align=\"center\">\u041e\u0440\u0433\u0430\u043d\u0438\u0447\u0435\u0441\u043a\u0438\u0439<\/p>\n<\/td>\n<td valign=\"top\" width=\"76\">\n<p align=\"center\">100<\/p>\n<\/td>\n<td valign=\"top\" width=\"104\">\n<p align=\"center\">\u041d\u0435 \u0438\u0441\u043f\u043e\u043b\u044c\u0437\u043e\u0432\u0430\u0442\u044c<\/p>\n<\/td>\n<td valign=\"top\" width=\"104\">\n<p align=\"center\">\u041d\u0435 \u0438\u0441\u043f\u043e\u043b\u044c\u0437\u043e\u0432\u0430\u0442\u044c<\/p>\n<\/td>\n<td valign=\"top\" width=\"104\">\n<p align=\"center\">\u041d\u0435 \u0438\u0441\u043f\u043e\u043b\u044c\u0437\u043e\u0432\u0430\u0442\u044c<\/p>\n<\/td>\n<td valign=\"top\" width=\"104\">\n<p align=\"center\">\u041d\u0435 \u0438\u0441\u043f\u043e\u043b\u044c\u0437\u043e\u0432\u0430\u0442\u044c<\/p>\n<\/td>\n<td valign=\"top\" width=\"104\">\n<p align=\"center\">\u041d\u0435 \u0438\u0441\u043f\u043e\u043b\u044c\u0437\u043e\u0432\u0430\u0442\u044c<\/p>\n<\/td>\n<\/tr>\n<tr>\n<td valign=\"top\" width=\"85\">\n<p align=\"center\">\u0417\u0430\u043f\u043b\u0435\u0442\u043a\u0430<\/p>\n<\/td>\n<td valign=\"top\" width=\"95\">\n<p align=\"center\">&#8211;<\/p>\n<\/td>\n<td valign=\"top\" width=\"104\">\n<p align=\"center\">\u0441\u0442\u0430\u043b\u044c.<\/p>\n<\/td>\n<td valign=\"top\" width=\"76\">\n<p align=\"center\">100<\/p>\n<\/td>\n<td valign=\"top\" width=\"104\">\n<p align=\"center\">100<\/p>\n<\/td>\n<td valign=\"top\" width=\"104\">\n<p align=\"center\">90<\/p>\n<\/td>\n<td valign=\"top\" width=\"104\">\n<p align=\"center\">75<\/p>\n<\/td>\n<td valign=\"top\" width=\"104\">\n<p align=\"center\">65<\/p>\n<\/td>\n<td valign=\"top\" width=\"104\">\n<p align=\"center\">\u041d\u0435 \u0438\u0441\u043f\u043e\u043b\u044c\u0437\u043e\u0432\u0430\u0442\u044c<\/p>\n<\/td>\n<\/tr>\n<\/tbody>\n<\/table>","protected":false},"excerpt":{"rendered":"<ul>\n<li>Dispozitiv de ridiacre din cablu de otel cu patru ramuri;<\/li>\n<li>Material: cablu de otel conform <strong>GOST 7668-80, 2688-80<\/strong>, c\u00e2rlige \u0219i link-uri G80;<\/li>\n<li>\u041a\u043e\u044d\u0444\u0444\u0438\u0446\u0438\u0435\u043d\u0442 \u0431\u0435\u0437\u043e\u043f\u0430\u0441\u043d\u043e\u0441\u0442\u0438: 6:1;<\/li>\n<li>\u0422\u0435\u043c\u043f\u0435\u0440\u0430\u0442\u0443\u0440\u043d\u044b\u0439 \u0434\u0438\u0430\u043f\u0430\u0437\u043e\u043d \u043f\u0440\u0438\u043c\u0435\u043d\u0435\u043d\u0438\u044f: \u043e\u0442 -40 \u0434\u043e +100 \u00b0\u0421;<\/li>\n<li class=\"translation-block\">\u0421\u0442\u0430\u043d\u0434\u0430\u0440\u0442: <strong>DSTU EN 13414-1:2018<\/strong>, <strong>DSTU B V.2.8-10-98<\/strong>;<\/li>\n<li>Fixarea capetelor cablului de otel se realizeaz\u0103 doar prin presare \u00eentr-un man\u0219on de aluminiu;<\/li>\n<li>\u0413\u0430\u0440\u0430\u043d\u0442\u0438\u044f: 6 \u043c\u0435\u0441\u044f\u0446\u0435\u0432.<\/li>\n<\/ul>","protected":false},"featured_media":6698,"comment_status":"open","ping_status":"closed","template":"","meta":[],"product_brand":[],"product_cat":[39],"product_tag":[],"class_list":{"0":"post-6697","1":"product","2":"type-product","3":"status-publish","4":"has-post-thumbnail","6":"product_cat-dispozitive-de-ridicare-din-cablu-de-otel","8":"first","9":"instock","10":"shipping-taxable","11":"product-type-simple"},"_links":{"self":[{"href":"https:\/\/tros.md\/ru\/wp-json\/wp\/v2\/product\/6697","targetHints":{"allow":["GET"]}}],"collection":[{"href":"https:\/\/tros.md\/ru\/wp-json\/wp\/v2\/product"}],"about":[{"href":"https:\/\/tros.md\/ru\/wp-json\/wp\/v2\/types\/product"}],"replies":[{"embeddable":true,"href":"https:\/\/tros.md\/ru\/wp-json\/wp\/v2\/comments?post=6697"}],"wp:featuredmedia":[{"embeddable":true,"href":"https:\/\/tros.md\/ru\/wp-json\/wp\/v2\/media\/6698"}],"wp:attachment":[{"href":"https:\/\/tros.md\/ru\/wp-json\/wp\/v2\/media?parent=6697"}],"wp:term":[{"taxonomy":"product_brand","embeddable":true,"href":"https:\/\/tros.md\/ru\/wp-json\/wp\/v2\/product_brand?post=6697"},{"taxonomy":"product_cat","embeddable":true,"href":"https:\/\/tros.md\/ru\/wp-json\/wp\/v2\/product_cat?post=6697"},{"taxonomy":"product_tag","embeddable":true,"href":"https:\/\/tros.md\/ru\/wp-json\/wp\/v2\/product_tag?post=6697"}],"curies":[{"name":"wp","href":"https:\/\/api.w.org\/{rel}","templated":true}]}}