{"id":6693,"date":"2024-09-25T11:01:45","date_gmt":"2024-09-25T11:01:45","guid":{"rendered":"https:\/\/tros.md\/?post_type=product&#038;p=6693"},"modified":"2025-12-09T11:09:56","modified_gmt":"2025-12-09T11:09:56","slug":"chinga-2%d1%81%d0%ba","status":"publish","type":"product","link":"https:\/\/tros.md\/ru\/product\/chinga-2%d1%81%d0%ba\/","title":{"rendered":"Dispozitiv de ridicare tip 2\u0421\u041a"},"content":{"rendered":"<p><strong>Dispozitivele de ridicare din cablu de otel cu dou\u0103 ramuri 2\u0421\u041a<\/strong> sunt utilizate pentru ridicarea \u0219i deplasarea sarcinilor voluminoase \u0219i grele. Acestea sunt fabricate din cabluri de o\u021bel, la cap\u0103tul c\u0103rora sunt ata\u0219ate c\u00e2rlige \u0219i link-uri. Dispozitivul 2\u0421\u041a const\u0103 din dou\u0103 ramuri de cablu (s\u00e2rm\u0103), conectate \u00eentre ele printr-un link. Capacitatea de ridicare variaz\u0103 \u00eentre 0,80 \u0219i 30,0 tone.<\/p>\n<p><strong>Caracteristici tehnice ale dispozitivelor de ridicare 2\u0421\u041a<\/strong> Dispozitivele de ridiacre din cablu de otel cu dou\u0103 ramuri sunt fabricate din cablu de o\u021bel neacoperit, cu miez din o\u021bel sau materiale organice, conform standardului european modern <strong>\u0414\u0421\u0422\u0423 EN 13414-1:2018<\/strong>, \u043f\u0440\u0438\u0448\u0435\u0434\u0448\u0435\u043c\u0443 \u043d\u0430 \u0437\u0430\u043c\u0435\u043d\u0443 \u0443\u0441\u0442\u0430\u0440\u0435\u0432\u0448\u0435\u043c\u0443 <strong>\u0414\u0421\u0422\u0423 \u0411 \u0412.2.8-10-98.<\/strong>\u041c\u043e\u0434\u0435\u043b\u0438 \u0441 \u043e\u0440\u0433\u0430\u043d\u0438\u0447\u0435\u0441\u043a\u0438\u043c \u0441\u0435\u0440\u0434\u0435\u0447\u043d\u0438\u043a\u043e\u043c \u043c\u043e\u0433\u0443\u0442 \u044d\u043a\u0441\u043f\u043b\u0443\u0430\u0442\u0438\u0440\u043e\u0432\u0430\u0442\u044c\u0441\u044f \u043f\u0440\u0438 \u0442\u0435\u043c\u043f\u0435\u0440\u0430\u0442\u0443\u0440\u0435 \u043e\u0442 -40 \u0434\u043e +100\u00b0\u0421, \u0441\u043e \u0441\u0442\u0430\u043b\u044c\u043d\u044b\u043c \u2014 \u043e\u0442 -40 \u0434\u043e +150\u00b0\u0421 (\u0441\u043c. \u0422\u0430\u0431\u043b\u0438\u0446\u0430 2).<\/p>\n<p>\u041a\u043e\u043d\u0441\u0442\u0440\u0443\u043a\u0442\u0438\u0432\u043d\u043e \u0441\u0442\u0440\u043e\u043f \u043a\u0430\u043d\u0430\u0442\u043d\u044b\u0439 \u0433\u0440\u0443\u0437\u043e\u043f\u043e\u0434\u044a\u0435\u043c\u043d\u044b\u0439 2\u0421\u041a \u0441\u043e\u0441\u0442\u043e\u0438\u0442 \u0438\u0437 \u0441\u043b\u0435\u0434\u0443\u044e\u0449\u0438\u0445 \u044d\u043b\u0435\u043c\u0435\u043d\u0442\u043e\u0432:<\/p>\n<ul>\n<li class=\"translation-block\">\u0417\u0432\u0435\u043d\u044c\u044f. \u041d\u0435\u0440\u0430\u0437\u044a\u0435\u043c\u043d\u0430\u044f, \u043e\u0432\u0430\u043b\u044c\u043d\u0430\u044f \u0444\u043e\u0440\u043c\u0430.<\/li>\n<li class=\"translation-block\">\u041f\u0430\u0440\u044b \u043a\u0430\u043d\u0430\u0442\u043d\u044b\u0445 \u0432\u0435\u0442\u043e\u043a (\u0442\u0438\u043f \u0412\u041a).<\/li>\n<li class=\"translation-block\">\u0427\u0430\u043b\u043e\u0447\u043d\u044b\u0435 \u0438\u043b\u0438 \u0432\u0438\u043b\u043e\u0447\u043d\u044b\u0435 \u2014 \u0440\u0430\u0441\u043f\u043e\u043b\u043e\u0436\u0435\u043d\u044b \u043d\u0430 \u0434\u0440\u0443\u0433\u043e\u043c \u043a\u043e\u043d\u0446\u0435 \u0432\u0435\u0442\u043a\u0438.<\/li>\n<li class=\"translation-block\">\u041a\u0440\u0435\u043f\u0435\u0436\u043d\u044b\u0435 \u044d\u043b\u0435\u043c\u0435\u043d\u0442\u044b \u0437\u0430\u043a\u0440\u0435\u043f\u043b\u044f\u044e\u0442\u0441\u044f \u0441 \u043f\u043e\u043c\u043e\u0449\u044c\u044e \u043f\u0435\u0442\u043b\u0438 \u0441 \u043a\u043e\u0443\u0448\u0435\u043c.<\/li>\n<\/ul>\n<p>Alegerea dispozitivelor trebuie s\u0103 \u021bin\u0103 cont de \u00eenc\u0103rc\u0103tura maxim\u0103 de lucru, greutatea sarcinii, respectarea unghiului dintre ramuri (care nu trebuie s\u0103 fie mai mare de 90\u00b0) \u0219i schema de prindere.<\/p>\n<p><strong>Sfera de aplicare a dispozitivelor din cablu de otel 2\u0421\u041a<\/strong> Dispozitivele de ridicare cu dou\u0103 ramuri 2\u0421\u041a sunt utilizate pentru ridicarea sarcinilor grele de la dou\u0103 puncte \u00een timpul lucr\u0103rilor de \u00eenc\u0103rcare \u0219i desc\u0103rcare \u0219i pentru deplasarea diverselor sarcini \u00een depozite, terminale, infrastructura de transport, \u0219antiere de construc\u021bii, \u00eentreprinderi industriale, ateliere auto, etc.<\/p>\n<p><strong>Avantajele utiliz\u0103rii dispozitivelor de ridicare 2\u0421\u041a<\/strong> Dispozitivul de ridicare 2\u0421\u041a ofer\u0103 numeroase avantaje, printre care:<\/p>\n<ul>\n<li>\u0414\u043b\u0438\u0442\u0435\u043b\u044c\u043d\u044b\u0439 \u0441\u0440\u043e\u043a \u044d\u043a\u0441\u043f\u043b\u0443\u0430\u0442\u0430\u0446\u0438\u0438.<\/li>\n<li>\u041f\u043e\u0441\u0442\u0435\u043f\u0435\u043d\u043d\u044b\u0439 \u0438\u0437\u043d\u043e\u0441.<\/li>\n<li>\u0423\u0441\u0442\u043e\u0439\u0447\u0438\u0432\u043e\u0441\u0442\u044c \u043a \u0434\u0438\u043d\u0430\u043c\u0438\u0447\u0435\u0441\u043a\u0438\u043c \u043d\u0430\u0433\u0440\u0443\u0437\u043a\u0430\u043c \u0438 \u0440\u0435\u0437\u043a\u0438\u043c \u0434\u0432\u0438\u0436\u0435\u043d\u0438\u044f\u043c.<\/li>\n<li>\u041f\u0440\u043e\u0441\u0442\u043e\u0442\u0430 \u0438\u0441\u043f\u043e\u043b\u044c\u0437\u043e\u0432\u0430\u043d\u0438\u044f.<\/li>\n<li>\u0412\u044b\u0441\u043e\u043a\u0438\u0439 \u0443\u0440\u043e\u0432\u0435\u043d\u044c \u043a\u0440\u0435\u043f\u043e\u0441\u0442\u0438.<\/li>\n<li>\u0413\u0438\u0431\u043a\u043e\u0441\u0442\u044c \u0438 \u043f\u0440\u043e\u0447\u043d\u043e\u0441\u0442\u044c \u043f\u043e\u0437\u0432\u043e\u043b\u044f\u044e\u0442 \u0438\u0441\u043f\u043e\u043b\u044c\u0437\u043e\u0432\u0430\u0442\u044c \u043a\u0430\u043d\u0430\u0442\u043d\u044b\u0435 \u0441\u0442\u0440\u043e\u043f\u044b 2\u0421\u041a \u0434\u043b\u044f \u0440\u0430\u0431\u043e\u0442\u044b \u0441 \u0433\u0440\u0443\u0437\u0430\u043c\u0438 \u0440\u0430\u0437\u043d\u043e\u0433\u043e \u0442\u0438\u043f\u0430 \u0438 \u0444\u043e\u0440\u043c\u044b: \u0442\u0440\u0443\u0431\u0430\u043c\u0438, \u043f\u0438\u043b\u043e\u043c\u0430\u0442\u0435\u0440\u0438\u0430\u043b\u0430\u043c\u0438, \u043f\u043b\u0438\u0442\u0430\u043c\u0438, \u043a\u0440\u0443\u043f\u043d\u043e\u0433\u0430\u0431\u0430\u0440\u0438\u0442\u043d\u044b\u043c\u0438 \u0434\u0435\u0442\u0430\u043b\u044f\u043c\u0438, \u0430\u0433\u0440\u0435\u0433\u0430\u0442\u0430\u043c\u0438, \u043c\u0435\u0445\u0430\u043d\u0438\u0437\u043c\u0430\u043c\u0438 \u0438 \u0442.\u0434. \u041e\u043d\u0438 \u0445\u043e\u0440\u043e\u0448\u043e \u043f\u0435\u0440\u0435\u043d\u043e\u0441\u044f\u0442 \u0440\u0435\u0437\u043a\u0438\u0435 \u043f\u0435\u0440\u0435\u043f\u0430\u0434\u044b \u0442\u0435\u043c\u043f\u0435\u0440\u0430\u0442\u0443\u0440: \u043e\u0442 -60 \u0434\u043e +40\u00b0C, \u0430 \u0442\u0430\u043a\u0436\u0435 \u0443\u0441\u0442\u043e\u0439\u0447\u0438\u0432\u044b \u043a \u0434\u0438\u043d\u0430\u043c\u0438\u0447\u0435\u0441\u043a\u0438\u043c \u043d\u0430\u0433\u0440\u0443\u0437\u043a\u0430\u043c. \u041f\u0440\u0438 \u043f\u0440\u0430\u0432\u0438\u043b\u044c\u043d\u043e\u0439 \u044d\u043a\u0441\u043f\u043b\u0443\u0430\u0442\u0430\u0446\u0438\u0438 \u043a\u0430\u043d\u0430\u0442\u043d\u044b\u0435 \u0441\u0442\u0440\u043e\u043f\u044b 2\u0421\u041a \u043f\u0440\u043e\u0441\u043b\u0443\u0436\u0430\u0442 \u0434\u043e 10 \u043b\u0435\u0442.<\/li>\n<\/ul>\n<p>&nbsp;<\/p>\n<p><strong>\u0422\u0430\u0431\u043b\u0438\u0446\u0430 1<\/strong><\/p>\n<table border=\"1\" cellspacing=\"0\" cellpadding=\"0\">\n<tbody>\n<tr>\n<td valign=\"top\" width=\"214\">\n<p align=\"center\"><strong>\u0413\u0440\u0443\u0437\u043e\u043f\u043e\u0434\u044a\u0435\u043c\u043d\u043e\u0441\u0442\u044c, \u0442<\/strong><\/p>\n<\/td>\n<td valign=\"top\" width=\"214\">\n<p align=\"center\"><b>\u0414\u0438\u0430\u043c\u0435\u0442\u0440 \u043a\u0430\u043d\u0430\u0442\u0430, \u043c\u043c<\/b><\/p>\n<\/td>\n<\/tr>\n<tr>\n<td valign=\"top\" width=\"214\">\n<p align=\"center\">0,80<\/p>\n<\/td>\n<td valign=\"top\" width=\"214\">\n<p align=\"center\">8,3<\/p>\n<\/td>\n<\/tr>\n<tr>\n<td valign=\"top\" width=\"214\">\n<p align=\"center\">1,00<\/p>\n<\/td>\n<td valign=\"top\" width=\"214\">\n<p align=\"center\">9,1<\/p>\n<\/td>\n<\/tr>\n<tr>\n<td valign=\"top\" width=\"214\">\n<p align=\"center\">1,60<\/p>\n<\/td>\n<td valign=\"top\" width=\"214\">\n<p align=\"center\">11,0<\/p>\n<\/td>\n<\/tr>\n<tr>\n<td valign=\"top\" width=\"214\">\n<p align=\"center\">2,00<\/p>\n<\/td>\n<td valign=\"top\" width=\"214\">\n<p align=\"center\">11,0<\/p>\n<\/td>\n<\/tr>\n<tr>\n<td valign=\"top\" width=\"214\">\n<p align=\"center\">2,50<\/p>\n<\/td>\n<td valign=\"top\" width=\"214\">\n<p align=\"center\">12,0<\/p>\n<\/td>\n<\/tr>\n<tr>\n<td valign=\"top\" width=\"214\">\n<p align=\"center\">3,20<\/p>\n<\/td>\n<td valign=\"top\" width=\"214\">\n<p align=\"center\">14,0<\/p>\n<\/td>\n<\/tr>\n<tr>\n<td valign=\"top\" width=\"214\">\n<p align=\"center\">4,00<\/p>\n<\/td>\n<td valign=\"top\" width=\"214\">\n<p align=\"center\">16,5<\/p>\n<\/td>\n<\/tr>\n<tr>\n<td valign=\"top\" width=\"214\">\n<p align=\"center\">5,00<\/p>\n<\/td>\n<td valign=\"top\" width=\"214\">\n<p align=\"center\">18,0<\/p>\n<\/td>\n<\/tr>\n<tr>\n<td valign=\"top\" width=\"214\">\n<p align=\"center\">6,30<\/p>\n<\/td>\n<td valign=\"top\" width=\"214\">\n<p align=\"center\">21,0<\/p>\n<\/td>\n<\/tr>\n<tr>\n<td valign=\"top\" width=\"214\">\n<p align=\"center\">8,00<\/p>\n<\/td>\n<td valign=\"top\" width=\"214\">\n<p align=\"center\">22,5<\/p>\n<\/td>\n<\/tr>\n<tr>\n<td valign=\"top\" width=\"214\">\n<p align=\"center\">10,00<\/p>\n<\/td>\n<td valign=\"top\" width=\"214\">\n<p align=\"center\">27,0<\/p>\n<\/td>\n<\/tr>\n<tr>\n<td valign=\"top\" width=\"214\">\n<p align=\"center\">12,50<\/p>\n<\/td>\n<td valign=\"top\" width=\"214\">\n<p align=\"center\">30,5<\/p>\n<\/td>\n<\/tr>\n<tr>\n<td valign=\"top\" width=\"214\">\n<p align=\"center\">16,00<\/p>\n<\/td>\n<td valign=\"top\" width=\"214\">\n<p align=\"center\">33,0<\/p>\n<\/td>\n<\/tr>\n<tr>\n<td valign=\"top\" width=\"214\">\n<p align=\"center\">20,00<\/p>\n<\/td>\n<td valign=\"top\" width=\"214\">\n<p align=\"center\">36,5<\/p>\n<\/td>\n<\/tr>\n<tr>\n<td valign=\"top\" width=\"214\">\n<p align=\"center\">23,00<\/p>\n<\/td>\n<td valign=\"top\" width=\"214\">\n<p align=\"center\">39,5<\/p>\n<\/td>\n<\/tr>\n<tr>\n<td valign=\"top\" width=\"214\">\n<p align=\"center\">27,00<\/p>\n<\/td>\n<td valign=\"top\" width=\"214\">\n<p align=\"center\">42,0<\/p>\n<\/td>\n<\/tr>\n<tr>\n<td valign=\"top\" width=\"214\">\n<p align=\"center\">30,00<\/p>\n<\/td>\n<td valign=\"top\" width=\"214\">\n<p align=\"center\">44,5<\/p>\n<\/td>\n<\/tr>\n<\/tbody>\n<\/table>\n<p><strong>\u0422\u0430\u0431\u043b\u0438\u0446\u0430 2<\/strong><\/p>\n<table border=\"1\" cellspacing=\"0\" cellpadding=\"0\">\n<tbody>\n<tr>\n<td valign=\"top\" width=\"85\">\n<p align=\"center\"><strong>\u0417\u0430\u0434\u0435\u043b\u043a\u0430 \u043a\u043e\u043d\u0446\u043e\u0432<\/strong><\/p>\n<\/td>\n<td valign=\"top\" width=\"95\">\n<p align=\"center\"><b>\u041c\u0430\u0442\u0435\u0440\u0438\u0430\u043b \u0432\u0442\u0443\u043b\u043a\u0438<\/b><\/p>\n<\/td>\n<td valign=\"top\" width=\"104\">\n<p align=\"center\"><b>\u0421\u0435\u0440\u0434\u0435\u0447\u043d\u0438\u043a<\/b><\/p>\n<\/td>\n<td colspan=\"6\" valign=\"top\" width=\"595\">\n<p align=\"center\"><strong>\u041a\u043e\u044d\u0444\u0444\u0438\u0446\u0438\u0435\u043d\u0442 \u0433\u0440\u0443\u0437\u043e\u043f\u043e\u0434\u044a\u0435\u043c\u043d\u043e\u0441\u0442\u0438 \u0432\u044b\u0440\u0430\u0436\u0435\u043d <\/strong><\/p>\n<p align=\"center\"><strong>\u0432 %\n\u0432 \u0437\u0430\u0432\u0438\u0441\u0438\u043c\u043e\u0441\u0442\u0438 \u043e\u0442 \u0442\u0435\u043c\u043f\u0435\u0440\u0430\u0442\u0443\u0440\u044b<\/strong><\/p>\n<p align=\"center\">\n<\/td>\n<\/tr>\n<tr>\n<td colspan=\"3\" valign=\"top\" width=\"283\">\n<p align=\"center\"><strong>\u0422\u0435\u043c\u043f\u0435\u0440\u0430\u0442\u0443\u0440\u0430, \u0421<\/strong><\/p>\n<\/td>\n<td valign=\"top\" width=\"76\">\n<p align=\"center\"><strong>-40\u00a0 +100<\/strong><\/p>\n<\/td>\n<td valign=\"top\" width=\"104\">\n<p align=\"center\"><strong>101-150<\/strong><\/p>\n<\/td>\n<td valign=\"top\" width=\"104\">\n<p align=\"center\"><strong>151-200<\/strong><\/p>\n<\/td>\n<td valign=\"top\" width=\"104\">\n<p align=\"center\"><strong>201-300<\/strong><\/p>\n<\/td>\n<td valign=\"top\" width=\"104\">\n<p align=\"center\"><strong>301-400<\/strong><\/p>\n<\/td>\n<td valign=\"top\" width=\"104\">\n<p align=\"center\"><strong>400&lt;t<\/strong><\/p>\n<\/td>\n<\/tr>\n<tr>\n<td valign=\"top\" width=\"85\">\n<p align=\"center\">\u0412\u0442\u0443\u043b\u043a\u0430<\/p>\n<\/td>\n<td valign=\"top\" width=\"95\">\n<p align=\"center\">\u0410\u043b\u044e\u043c\u0438\u043d\u0438\u0435\u0432\u0430\u044f<\/p>\n<\/td>\n<td valign=\"top\" width=\"104\">\n<p align=\"center\">\u041e\u0440\u0433\u0430\u043d\u0438\u0447\u0435\u0441\u043a\u0438\u0439<\/p>\n<\/td>\n<td valign=\"top\" width=\"76\">\n<p align=\"center\">100<\/p>\n<\/td>\n<td valign=\"top\" width=\"104\">\n<p align=\"center\">\u041d\u0435 \u0438\u0441\u043f\u043e\u043b\u044c\u0437\u043e\u0432\u0430\u0442\u044c<\/p>\n<\/td>\n<td valign=\"top\" width=\"104\">\n<p align=\"center\">\u041d\u0435 \u0438\u0441\u043f\u043e\u043b\u044c\u0437\u043e\u0432\u0430\u0442\u044c<\/p>\n<\/td>\n<td valign=\"top\" width=\"104\">\n<p align=\"center\">\u041d\u0435 \u0438\u0441\u043f\u043e\u043b\u044c\u0437\u043e\u0432\u0430\u0442\u044c<\/p>\n<\/td>\n<td valign=\"top\" width=\"104\">\n<p align=\"center\">\u041d\u0435 \u0438\u0441\u043f\u043e\u043b\u044c\u0437\u043e\u0432\u0430\u0442\u044c<\/p>\n<\/td>\n<td valign=\"top\" width=\"104\">\n<p align=\"center\">\u041d\u0435 \u0438\u0441\u043f\u043e\u043b\u044c\u0437\u043e\u0432\u0430\u0442\u044c<\/p>\n<\/td>\n<\/tr>\n<tr>\n<td valign=\"top\" width=\"85\">\n<p align=\"center\">\u0412\u0442\u0443\u043b\u043a\u0430<\/p>\n<\/td>\n<td valign=\"top\" width=\"95\">\n<p align=\"center\">\u0410luminiu<\/p>\n<\/td>\n<td valign=\"top\" width=\"104\">\n<p align=\"center\">\u0441\u0442\u0430\u043b\u044c.<\/p>\n<\/td>\n<td valign=\"top\" width=\"76\">\n<p align=\"center\">100<\/p>\n<\/td>\n<td valign=\"top\" width=\"104\">\n<p align=\"center\">100<\/p>\n<\/td>\n<td valign=\"top\" width=\"104\">\n<p align=\"center\">\u041d\u0435 \u0438\u0441\u043f\u043e\u043b\u044c\u0437\u043e\u0432\u0430\u0442\u044c<\/p>\n<\/td>\n<td valign=\"top\" width=\"104\">\n<p align=\"center\">\u041d\u0435 \u0438\u0441\u043f\u043e\u043b\u044c\u0437\u043e\u0432\u0430\u0442\u044c<\/p>\n<\/td>\n<td valign=\"top\" width=\"104\">\n<p align=\"center\">\u041d\u0435 \u0438\u0441\u043f\u043e\u043b\u044c\u0437\u043e\u0432\u0430\u0442\u044c<\/p>\n<\/td>\n<td valign=\"top\" width=\"104\">\n<p align=\"center\">\u041d\u0435 \u0438\u0441\u043f\u043e\u043b\u044c\u0437\u043e\u0432\u0430\u0442\u044c<\/p>\n<\/td>\n<\/tr>\n<tr>\n<td valign=\"top\" width=\"85\">\n<p align=\"center\">\u0412\u0442\u0443\u043b\u043a\u0430<\/p>\n<\/td>\n<td valign=\"top\" width=\"95\">\n<p align=\"center\">\u0441\u0442\u0430\u043b\u044c.<\/p>\n<\/td>\n<td valign=\"top\" width=\"104\">\n<p align=\"center\">\u041e\u0440\u0433\u0430\u043d\u0438\u0447\u0435\u0441\u043a\u0438\u0439<\/p>\n<\/td>\n<td valign=\"top\" width=\"76\">\n<p align=\"center\">100<\/p>\n<\/td>\n<td valign=\"top\" width=\"104\">\n<p align=\"center\">\u041d\u0435 \u0438\u0441\u043f\u043e\u043b\u044c\u0437\u043e\u0432\u0430\u0442\u044c<\/p>\n<\/td>\n<td valign=\"top\" width=\"104\">\n<p align=\"center\">\u041d\u0435 \u0438\u0441\u043f\u043e\u043b\u044c\u0437\u043e\u0432\u0430\u0442\u044c<\/p>\n<\/td>\n<td valign=\"top\" width=\"104\">\n<p align=\"center\">\u041d\u0435 \u0438\u0441\u043f\u043e\u043b\u044c\u0437\u043e\u0432\u0430\u0442\u044c<\/p>\n<\/td>\n<td valign=\"top\" width=\"104\">\n<p align=\"center\">\u041d\u0435 \u0438\u0441\u043f\u043e\u043b\u044c\u0437\u043e\u0432\u0430\u0442\u044c<\/p>\n<\/td>\n<td valign=\"top\" width=\"104\">\n<p align=\"center\">\u041d\u0435 \u0438\u0441\u043f\u043e\u043b\u044c\u0437\u043e\u0432\u0430\u0442\u044c<\/p>\n<\/td>\n<\/tr>\n<tr>\n<td valign=\"top\" width=\"85\">\n<p align=\"center\">\u0412\u0442\u0443\u043b\u043a\u0430<\/p>\n<\/td>\n<td valign=\"top\" width=\"95\">\n<p align=\"center\">\u0441\u0442\u0430\u043b\u044c.<\/p>\n<\/td>\n<td valign=\"top\" width=\"104\">\n<p align=\"center\">\u0441\u0442\u0430\u043b\u044c.<\/p>\n<\/td>\n<td valign=\"top\" width=\"76\">\n<p align=\"center\">100<\/p>\n<\/td>\n<td valign=\"top\" width=\"104\">\n<p align=\"center\">100<\/p>\n<\/td>\n<td valign=\"top\" width=\"104\">\n<p align=\"center\">90<\/p>\n<\/td>\n<td valign=\"top\" width=\"104\">\n<p align=\"center\">75<\/p>\n<\/td>\n<td valign=\"top\" width=\"104\">\n<p align=\"center\">65<\/p>\n<\/td>\n<td valign=\"top\" width=\"104\">\n<p align=\"center\">\u041d\u0435 \u0438\u0441\u043f\u043e\u043b\u044c\u0437\u043e\u0432\u0430\u0442\u044c<\/p>\n<\/td>\n<\/tr>\n<tr>\n<td valign=\"top\" width=\"85\">\n<p align=\"center\">\u0417\u0430\u043f\u043b\u0435\u0442\u043a\u0430<\/p>\n<\/td>\n<td valign=\"top\" width=\"95\">\n<p align=\"center\">&#8211;<\/p>\n<\/td>\n<td valign=\"top\" width=\"104\">\n<p align=\"center\">\u041e\u0440\u0433\u0430\u043d\u0438\u0447\u0435\u0441\u043a\u0438\u0439<\/p>\n<\/td>\n<td valign=\"top\" width=\"76\">\n<p align=\"center\">100<\/p>\n<\/td>\n<td valign=\"top\" width=\"104\">\n<p align=\"center\">\u041d\u0435 \u0438\u0441\u043f\u043e\u043b\u044c\u0437\u043e\u0432\u0430\u0442\u044c<\/p>\n<\/td>\n<td valign=\"top\" width=\"104\">\n<p align=\"center\">\u041d\u0435 \u0438\u0441\u043f\u043e\u043b\u044c\u0437\u043e\u0432\u0430\u0442\u044c<\/p>\n<\/td>\n<td valign=\"top\" width=\"104\">\n<p align=\"center\">\u041d\u0435 \u0438\u0441\u043f\u043e\u043b\u044c\u0437\u043e\u0432\u0430\u0442\u044c<\/p>\n<\/td>\n<td valign=\"top\" width=\"104\">\n<p align=\"center\">\u041d\u0435 \u0438\u0441\u043f\u043e\u043b\u044c\u0437\u043e\u0432\u0430\u0442\u044c<\/p>\n<\/td>\n<td valign=\"top\" width=\"104\">\n<p align=\"center\">\u041d\u0435 \u0438\u0441\u043f\u043e\u043b\u044c\u0437\u043e\u0432\u0430\u0442\u044c<\/p>\n<\/td>\n<\/tr>\n<tr>\n<td valign=\"top\" width=\"85\">\n<p align=\"center\">\u0417\u0430\u043f\u043b\u0435\u0442\u043a\u0430<\/p>\n<\/td>\n<td valign=\"top\" width=\"95\">\n<p align=\"center\">&#8211;<\/p>\n<\/td>\n<td valign=\"top\" width=\"104\">\n<p align=\"center\">\u0441\u0442\u0430\u043b\u044c.<\/p>\n<\/td>\n<td valign=\"top\" width=\"76\">\n<p align=\"center\">100<\/p>\n<\/td>\n<td valign=\"top\" width=\"104\">\n<p align=\"center\">100<\/p>\n<\/td>\n<td valign=\"top\" width=\"104\">\n<p align=\"center\">90<\/p>\n<\/td>\n<td valign=\"top\" width=\"104\">\n<p align=\"center\">75<\/p>\n<\/td>\n<td valign=\"top\" width=\"104\">\n<p align=\"center\">65<\/p>\n<\/td>\n<td valign=\"top\" width=\"104\">\n<p align=\"center\">\u041d\u0435 \u0438\u0441\u043f\u043e\u043b\u044c\u0437\u043e\u0432\u0430\u0442\u044c<\/p>\n<\/td>\n<\/tr>\n<\/tbody>\n<\/table>","protected":false},"excerpt":{"rendered":"<ul>\n<li>Dispozitiv de ridiacre din cablu de otel;<\/li>\n<li class=\"translation-block\">\u041c\u0430\u0442\u0435\u0440\u0438\u0430\u043b: \u0441\u0432\u0435\u0442\u043b\u044b\u0435 \u043a\u0430\u043d\u0430\u0442\u044b \u0431\u0435\u0437 \u043f\u043e\u043a\u0440\u044b\u0442\u0438\u044f \u0414\u0421\u0422\u0423 EN 12385-4:2017, \u043a\u0440\u044e\u043a\u0438 \u0438 \u0437\u0432\u0435\u043d\u044c\u044f G80;<\/li>\n<li>\u0422\u0435\u043c\u043f\u0435\u0440\u0430\u0442\u0443\u0440\u043d\u044b\u0439 \u0434\u0438\u0430\u043f\u0430\u0437\u043e\u043d \u043f\u0440\u0438\u043c\u0435\u043d\u0435\u043d\u0438\u044f: \u043e\u0442 -40 \u0434\u043e +100 \u00b0\u0421;<\/li>\n<li class=\"translation-block\">\u0421\u0442\u0430\u043d\u0434\u0430\u0440\u0442: \u0414\u0421\u0422\u0423 EN 13414-1:2018;<\/li>\n<li>\u0417\u0430\u0434\u0435\u043b\u043a\u0430 \u043a\u043e\u043d\u0446\u043e\u0432 \u043a\u0430\u043d\u0430\u0442\u0430 \u043f\u0440\u043e\u0438\u0437\u0432\u043e\u0434\u0438\u0442\u0441\u044f \u0442\u043e\u043b\u044c\u043a\u043e \u043e\u043f\u0440\u0435\u0441\u0441\u043e\u0432\u043a\u043e\u0439 \u0432 \u0430\u043b\u044e\u043c\u0438\u043d\u0438\u0435\u0432\u0443\u044e \u0432\u0442\u0443\u043b\u043a\u0443;<\/li>\n<li>\u0413\u0430\u0440\u0430\u043d\u0442\u0438\u044f: 6 \u043c\u0435\u0441\u044f\u0446\u0435\u0432.<\/li>\n<\/ul>","protected":false},"featured_media":6694,"comment_status":"open","ping_status":"closed","template":"","meta":[],"product_brand":[],"product_cat":[39],"product_tag":[],"class_list":{"0":"post-6693","1":"product","2":"type-product","3":"status-publish","4":"has-post-thumbnail","6":"product_cat-dispozitive-de-ridicare-din-cablu-de-otel","8":"first","9":"instock","10":"shipping-taxable","11":"product-type-simple"},"_links":{"self":[{"href":"https:\/\/tros.md\/ru\/wp-json\/wp\/v2\/product\/6693","targetHints":{"allow":["GET"]}}],"collection":[{"href":"https:\/\/tros.md\/ru\/wp-json\/wp\/v2\/product"}],"about":[{"href":"https:\/\/tros.md\/ru\/wp-json\/wp\/v2\/types\/product"}],"replies":[{"embeddable":true,"href":"https:\/\/tros.md\/ru\/wp-json\/wp\/v2\/comments?post=6693"}],"wp:featuredmedia":[{"embeddable":true,"href":"https:\/\/tros.md\/ru\/wp-json\/wp\/v2\/media\/6694"}],"wp:attachment":[{"href":"https:\/\/tros.md\/ru\/wp-json\/wp\/v2\/media?parent=6693"}],"wp:term":[{"taxonomy":"product_brand","embeddable":true,"href":"https:\/\/tros.md\/ru\/wp-json\/wp\/v2\/product_brand?post=6693"},{"taxonomy":"product_cat","embeddable":true,"href":"https:\/\/tros.md\/ru\/wp-json\/wp\/v2\/product_cat?post=6693"},{"taxonomy":"product_tag","embeddable":true,"href":"https:\/\/tros.md\/ru\/wp-json\/wp\/v2\/product_tag?post=6693"}],"curies":[{"name":"wp","href":"https:\/\/api.w.org\/{rel}","templated":true}]}}