{"id":6677,"date":"2024-09-25T11:01:32","date_gmt":"2024-09-25T11:01:32","guid":{"rendered":"https:\/\/tros.md\/?post_type=product&#038;p=6677"},"modified":"2025-12-09T11:28:24","modified_gmt":"2025-12-09T11:28:24","slug":"chinga-%d1%81%d0%ba%d0%bf-cu-manson","status":"publish","type":"product","link":"https:\/\/tros.md\/ru\/product\/chinga-%d1%81%d0%ba%d0%bf-cu-manson\/","title":{"rendered":"Dispozitiv de ridiacre tip \u0421\u041a\u041f (cu man\u0219on):"},"content":{"rendered":"<p>\u0421\u041a\u041f este o ching\u0103 universal\u0103 din cablu de otel (USC) de construc\u021bie simpl\u0103, cu 2 ochiuri. Dispozitivele de ridiacre cu ochi din cablu de otel \u0421\u041a\u041f (USC) sunt destinate pentru ag\u0103\u021barea unui ochi pe c\u00e2rligul utilajului de ridicat \u0219i ata\u0219area direct\u0103 a celuilalt ochi la sarcin\u0103. De asemenea, dispozitivele tip \u0421\u041a\u041f pot fi utilizate pentru legarea sarcinii \u00een timpul ridic\u0103rii prin metoda \u201eco\u0219\u201d sau \u201eochi\u201d.<\/p>\n<p>\u041a\u043e\u043d\u0441\u0442\u0440\u0443\u043a\u0442\u0438\u0432\u043d\u044b\u0435 \u043e\u0441\u043e\u0431\u0435\u043d\u043d\u043e\u0441\u0442\u0438<br \/>\nDispozitivele de ridiacre cu ochi tip \u0421\u041a\u041f sunt fabricate \u00een dou\u0103 variante \u2013 prin \u00eempletire \u0219i prin presare cu man\u0219on, conform standardului european modern DSTU EN 13414-1:2018, care a \u00eenlocuit vechiul DSTU B V.2.8-10-98.<\/p>\n<p>\u0421\u0442\u0440\u043e\u043f\u044b, \u0438\u0437\u0433\u043e\u0442\u043e\u0432\u043b\u0435\u043d\u043d\u044b\u0435 \u0441 \u043f\u043e\u043c\u043e\u0449\u044c\u044e \u043e\u043f\u0440\u0435\u0441\u0441\u043e\u0432\u043a\u0438, \u0434\u0435\u0448\u0435\u0432\u043b\u0435 \u0437\u0430\u043f\u043b\u0435\u0442\u0435\u043d\u043d\u044b\u0445. \u041e\u043f\u0440\u0435\u0441\u0441\u043e\u0432\u043a\u0430 \u043f\u0440\u0435\u0434\u043f\u043e\u043b\u0430\u0433\u0430\u0435\u0442 \u0437\u0430\u0434\u0435\u043b\u043a\u0443 \u043a\u043e\u043d\u0446\u043e\u0432 \u043a\u0430\u043d\u0430\u0442\u0430 \u043f\u0435\u0442\u043b\u0435\u0439 \u0432 \u0441\u043f\u0435\u0446\u0438\u0430\u043b\u044c\u043d\u0443\u044e \u0430\u043b\u044e\u043c\u0438\u043d\u0438\u0435\u0432\u0443\u044e \u0432\u0442\u0443\u043b\u043a\u0443, \u043a\u043e\u0442\u043e\u0440\u0430\u044f \u0441\u0436\u0438\u043c\u0430\u0435\u0442\u0441\u044f \u0441 \u0447\u0435\u0440\u0435\u0434\u043e\u0432\u0430\u043d\u0438\u0435\u043c \u0441\u0442\u0430\u0442\u0438\u0447\u0435\u0441\u043a\u0438\u0445 \u0438 \u0434\u0438\u043d\u0430\u043c\u0438\u0447\u0435\u0441\u043a\u0438\u0445 \u043d\u0430\u0433\u0440\u0443\u0437\u043e\u043a. \u041a\u0440\u043e\u043c\u0435 \u043e\u0431\u0436\u0438\u043c\u0430, \u043f\u043e\u0432\u0435\u0440\u0445\u043d\u043e\u0441\u0442\u044c \u0432\u0442\u0443\u043b\u043a\u0438 \u0447\u0430\u0441\u0442\u043e \u0434\u043e\u043f\u043e\u043b\u043d\u0438\u0442\u0435\u043b\u044c\u043d\u043e \u043e\u0431\u0441\u0442\u0443\u043a\u0438\u0432\u0430\u0435\u0442\u0441\u044f. \u042d\u0442\u043e \u0443\u0432\u0435\u043b\u0438\u0447\u0438\u0432\u0430\u0435\u0442 \u0441\u0438\u043b\u0443 \u0442\u0440\u0435\u043d\u0438\u044f \u043c\u0435\u0436\u0434\u0443 \u043a\u0430\u043d\u0430\u0442\u0430\u043c\u0438 \u0438 \u043f\u043e\u0437\u0432\u043e\u043b\u044f\u0435\u0442 \u0432\u044b\u0434\u0435\u0440\u0436\u0438\u0432\u0430\u0442\u044c \u0431\u043e\u043b\u044c\u0448\u0438\u0435 \u043d\u0430\u0433\u0440\u0443\u0437\u043a\u0438 \u043d\u0430 \u0440\u0430\u0437\u0440\u044b\u0432.<\/p>\n<p>Unde sunt utilizate dispozitivele de ridicare tip \u0421\u041a\u041f?<br \/>\nDispozitivele de ridiacre din cablu de otel tip \u0421\u041a\u041f sunt utilizate de obicei pentru mutarea sarcinilor grele \u00een timpul lucr\u0103rilor de construc\u021bie \u0219i montaj, \u00een produc\u021bia industrial\u0103, \u00een industria forestier\u0103, \u00een depozite, \u00een transportul de m\u0103rfuri etc.<\/p>\n<p>\u041e\u0441\u043d\u043e\u0432\u043d\u044b\u0435 \u043f\u0440\u0435\u0438\u043c\u0443\u0449\u0435\u0441\u0442\u0432\u0430 \u0438\u0441\u043f\u043e\u043b\u044c\u0437\u043e\u0432\u0430\u043d\u0438\u044f<\/p>\n<p>- \u0412\u044b\u0441\u043e\u043a\u0438\u0439 \u0437\u0430\u043f\u0430\u0441 \u043f\u0440\u043e\u0447\u043d\u043e\u0441\u0442\u0438.<br \/>\n- \u041d\u0430\u0434\u0435\u0436\u043d\u043e\u0441\u0442\u044c.<br \/>\n- \u0423\u0441\u0442\u043e\u0439\u0447\u0438\u0432\u043e\u0441\u0442\u044c \u043a \u0434\u0438\u043d\u0430\u043c\u0438\u0447\u0435\u0441\u043a\u0438\u043c \u043d\u0430\u0433\u0440\u0443\u0437\u043a\u0430\u043c.<br \/>\n- \u0428\u0438\u0440\u043e\u043a\u0438\u0439 \u0441\u043f\u0435\u043a\u0442\u0440 \u0440\u0430\u0431\u043e\u0447\u0435\u0439 \u043c\u0430\u0441\u0441\u044b \u0432 \u0442\u043e\u043d\u043d\u0430\u0445.<br \/>\n- \u041f\u043e\u0441\u0442\u0435\u043f\u0435\u043d\u043d\u043e\u0435 \u0440\u0430\u0437\u0440\u0443\u0448\u0435\u043d\u0438\u0435. \u0421\u0442\u0440\u043e\u043f\u044b \u0421\u041a\u041f \u0440\u0430\u0437\u0440\u0443\u0448\u0430\u044e\u0442\u0441\u044f \u043f\u043e\u0441\u0442\u0435\u043f\u0435\u043d\u043d\u043e \u0438 \u043f\u043e\u0441\u043b\u043e\u0439\u043d\u043e, \u0447\u0442\u043e \u043f\u043e\u0437\u0432\u043e\u043b\u044f\u0435\u0442 \u043f\u0440\u0435\u0434\u0443\u0441\u043c\u043e\u0442\u0440\u0435\u0442\u044c \u043d\u0435\u0433\u0430\u0442\u0438\u0432\u043d\u044b\u0435 \u0438\u0437\u043c\u0435\u043d\u0435\u043d\u0438\u044f \u0440\u0430\u043d\u044c\u0448\u0435, \u0447\u0435\u043c \u043f\u0440\u043e\u0438\u0437\u043e\u0439\u0434\u0435\u0442 \u0430\u0432\u0430\u0440\u0438\u0439\u043d\u0430\u044f \u0441\u0438\u0442\u0443\u0430\u0446\u0438\u044f, \u0438 \u0437\u0430\u043c\u0435\u043d\u0438\u0442\u044c \u044d\u043b\u0435\u043c\u0435\u043d\u0442 \u0432\u043e\u0432\u0440\u0435\u043c\u044f.<br \/>\n- \u0417\u043d\u0430\u0447\u0438\u0442\u0435\u043b\u044c\u043d\u0430\u044f \u0433\u0438\u0431\u043a\u043e\u0441\u0442\u044c.<br \/>\n\u0412\u043e\u0437\u043c\u043e\u0436\u043d\u043e\u0441\u0442\u044c \u0438\u0441\u043f\u043e\u043b\u044c\u0437\u043e\u0432\u0430\u0442\u044c \u0441\u0442\u0440\u043e\u043f\u044b \u043f\u0440\u0438 \u0432\u044b\u0441\u043e\u043a\u0438\u0445 \u0442\u0435\u043c\u043f\u0435\u0440\u0430\u0442\u0443\u0440\u0430\u0445 \u2013 \u0434\u043e +100\u00b0\u0421<span style=\"font-size: 16px;\">(\u0441 \u0443\u0447\u0435\u0442\u043e\u043c \u043f\u043e\u043d\u0438\u0436\u0430\u044e\u0449\u0438\u0445 \u0433\u0440\u0443\u0437\u043e\u043f\u043e\u0434\u044a\u0435\u043c\u043d\u043e\u0441\u0442\u044c \u043a\u043e\u044d\u0444\u0444\u0438\u0446\u0438\u0435\u043d\u0442\u043e\u0432, \u0441\u043c. \u0422\u0430\u0431\u043b\u0438\u0446\u0430 2).<\/span><\/p>\n<p><strong>\u0422\u0430\u0431\u043b\u0438\u0446\u0430 1<\/strong><\/p>\n<table border=\"1\" cellspacing=\"0\" cellpadding=\"0\">\n<tbody>\n<tr>\n<td valign=\"top\" width=\"214\">\n<p align=\"center\"><strong>\u0413\u0440\u0443\u0437\u043e\u043f\u043e\u0434\u044a\u0435\u043c\u043d\u043e\u0441\u0442\u044c, \u0442\u043d<\/strong><\/p>\n<\/td>\n<td valign=\"top\" width=\"214\">\n<p align=\"center\"><strong>\u0414\u0438\u0430\u043c\u0435\u0442\u0440 \u043a\u0430\u043d\u0430\u0442\u0430, \u043c\u043c<\/strong><\/p>\n<\/td>\n<td valign=\"top\" width=\"214\">\n<p align=\"center\"><strong>\u0414\u043b\u0438\u043d\u0430 \u043f\u0435\u0442\u043b\u0438 \u0441\u0442\u0440\u043e\u043f\u0430, l, \u043c\u043c<\/strong><\/p>\n<\/td>\n<\/tr>\n<tr>\n<td valign=\"top\" width=\"214\">\n<p align=\"center\">0,50<\/p>\n<\/td>\n<td valign=\"top\" width=\"214\">\n<p align=\"center\">6,2<\/p>\n<\/td>\n<td rowspan=\"2\" valign=\"top\" width=\"214\">\n<p align=\"center\">240<\/p>\n<\/td>\n<\/tr>\n<tr>\n<td valign=\"top\" width=\"214\">\n<p align=\"center\">0,63<\/p>\n<\/td>\n<td valign=\"top\" width=\"214\">\n<p align=\"center\">8,3<\/p>\n<\/td>\n<\/tr>\n<tr>\n<td valign=\"top\" width=\"214\">\n<p align=\"center\">0,80<\/p>\n<\/td>\n<td valign=\"top\" width=\"214\">\n<p align=\"center\">9,1<\/p>\n<\/td>\n<td rowspan=\"5\" valign=\"top\" width=\"214\">\n<p align=\"center\">320<\/p>\n<\/td>\n<\/tr>\n<tr>\n<td valign=\"top\" width=\"214\">\n<p align=\"center\">1,00<\/p>\n<\/td>\n<td valign=\"top\" width=\"214\">\n<p align=\"center\">9,1<\/p>\n<\/td>\n<\/tr>\n<tr>\n<td valign=\"top\" width=\"214\">\n<p align=\"center\">1,25<\/p>\n<\/td>\n<td valign=\"top\" width=\"214\">\n<p align=\"center\">11,0<\/p>\n<\/td>\n<\/tr>\n<tr>\n<td valign=\"top\" width=\"214\">\n<p align=\"center\">1,60<\/p>\n<\/td>\n<td valign=\"top\" width=\"214\">\n<p align=\"center\">12,0<\/p>\n<\/td>\n<\/tr>\n<tr>\n<td valign=\"top\" width=\"214\">\n<p align=\"center\">2,00<\/p>\n<\/td>\n<td valign=\"top\" width=\"214\">\n<p align=\"center\">13,0<\/p>\n<\/td>\n<\/tr>\n<tr>\n<td valign=\"top\" width=\"214\">\n<p align=\"center\">2,50<\/p>\n<\/td>\n<td valign=\"top\" width=\"214\">\n<p align=\"center\">15,0<\/p>\n<\/td>\n<td rowspan=\"5\" valign=\"top\" width=\"214\">\n<p align=\"center\">400<\/p>\n<\/td>\n<\/tr>\n<tr>\n<td valign=\"top\" width=\"214\">\n<p align=\"center\">3,20<\/p>\n<\/td>\n<td valign=\"top\" width=\"214\">\n<p align=\"center\">16,5<\/p>\n<\/td>\n<\/tr>\n<tr>\n<td valign=\"top\" width=\"214\">\n<p align=\"center\">4,00<\/p>\n<\/td>\n<td valign=\"top\" width=\"214\">\n<p align=\"center\">19,5<\/p>\n<\/td>\n<\/tr>\n<tr>\n<td valign=\"top\" width=\"214\">\n<p align=\"center\">5,00<\/p>\n<\/td>\n<td valign=\"top\" width=\"214\">\n<p align=\"center\">21,0<\/p>\n<\/td>\n<\/tr>\n<tr>\n<td valign=\"top\" width=\"214\">\n<p align=\"center\">6,30<\/p>\n<\/td>\n<td valign=\"top\" width=\"214\">\n<p align=\"center\">24,0<\/p>\n<\/td>\n<\/tr>\n<tr>\n<td valign=\"top\" width=\"214\">\n<p align=\"center\">8,00<\/p>\n<\/td>\n<td valign=\"top\" width=\"214\">\n<p align=\"center\">27,0<\/p>\n<\/td>\n<td rowspan=\"4\" valign=\"top\" width=\"214\">\n<p align=\"center\">500<\/p>\n<\/td>\n<\/tr>\n<tr>\n<td valign=\"top\" width=\"214\">\n<p align=\"center\">10,00<\/p>\n<\/td>\n<td valign=\"top\" width=\"214\">\n<p align=\"center\">30,5<\/p>\n<\/td>\n<\/tr>\n<tr>\n<td valign=\"top\" width=\"214\">\n<p align=\"center\">11,00<\/p>\n<\/td>\n<td valign=\"top\" width=\"214\">\n<p align=\"center\">32,0<\/p>\n<\/td>\n<\/tr>\n<tr>\n<td valign=\"top\" width=\"214\">\n<p align=\"center\">12,50<\/p>\n<\/td>\n<td valign=\"top\" width=\"214\">\n<p align=\"center\">33,0<\/p>\n<\/td>\n<\/tr>\n<tr>\n<td valign=\"top\" width=\"214\">\n<p align=\"center\">14,00<\/p>\n<\/td>\n<td valign=\"top\" width=\"214\">\n<p align=\"center\">36,5<\/p>\n<\/td>\n<td rowspan=\"3\" valign=\"top\" width=\"214\">\n<p align=\"center\">500<\/p>\n<\/td>\n<\/tr>\n<tr>\n<td valign=\"top\" width=\"214\">\n<p align=\"center\">16,00<\/p>\n<\/td>\n<td valign=\"top\" width=\"214\">\n<p align=\"center\">39,5<\/p>\n<\/td>\n<\/tr>\n<tr>\n<td valign=\"top\" width=\"214\">\n<p align=\"center\">20,00<\/p>\n<\/td>\n<td valign=\"top\" width=\"214\">\n<p align=\"center\">42,0<\/p>\n<\/td>\n<\/tr>\n<tr>\n<td valign=\"top\" width=\"214\">\n<p align=\"center\">22,00<\/p>\n<\/td>\n<td valign=\"top\" width=\"214\">\n<p align=\"center\">44,5<\/p>\n<\/td>\n<td valign=\"top\" width=\"214\">\n<p align=\"center\">600<\/p>\n<\/td>\n<\/tr>\n<\/tbody>\n<\/table>\n<div class=\"mt-1 flex gap-3 empty:hidden -ml-2\">\n<div class=\"items-center justify-start rounded-xl p-1 flex\">\n<div class=\"flex items-center\">\n<div class=\"flex\"><\/div>\n<div class=\"flex items-center pb-0\">\n<p><strong>\u0422\u0430\u0431\u043b\u0438\u0446\u0430 2<\/strong><\/p>\n<table border=\"1\" cellspacing=\"0\" cellpadding=\"0\">\n<tbody>\n<tr>\n<td valign=\"top\" width=\"85\">\n<p align=\"center\"><strong>\u0417\u0430\u0434\u0435\u043b\u043a\u0430 \u043a\u043e\u043d\u0446\u043e\u0432<\/strong><\/p>\n<\/td>\n<td valign=\"top\" width=\"95\">\n<p align=\"center\"><strong>\u041c\u0430\u0442\u0435\u0440\u0438\u0430\u043b \u0432\u0442\u0443\u043b\u043a\u0438<\/strong><\/p>\n<\/td>\n<td valign=\"top\" width=\"104\">\n<p align=\"center\"><strong>\u0421\u0435\u0440\u0434\u0435\u0447\u043d\u0438\u043a<\/strong><\/p>\n<\/td>\n<td colspan=\"6\" valign=\"top\" width=\"595\">\n<p align=\"center\"><strong>\u041a\u043e\u044d\u0444\u0444\u0438\u0446\u0438\u0435\u043d\u0442 \u0433\u0440\u0443\u0437\u043e\u043f\u043e\u0434\u044a\u0435\u043c\u043d\u043e\u0441\u0442\u0438 \u0432\u044b\u0440\u0430\u0436\u0435\u043d <\/strong><\/p>\n<p align=\"center\"><strong>\u0432 %\n\u0432 \u0437\u0430\u0432\u0438\u0441\u0438\u043c\u043e\u0441\u0442\u0438 \u043e\u0442 \u0442\u0435\u043c\u043f\u0435\u0440\u0430\u0442\u0443\u0440\u044b<\/strong><\/p>\n<\/td>\n<\/tr>\n<tr>\n<td colspan=\"3\" valign=\"top\" width=\"283\">\n<p align=\"center\"><strong>\u0422\u0435\u043c\u043f\u0435\u0440\u0430\u0442\u0443\u0440\u0430, \u0421<\/strong><\/p>\n<\/td>\n<td valign=\"top\" width=\"76\">\n<p align=\"center\"><strong>-40\u00a0 +100<\/strong><\/p>\n<\/td>\n<td valign=\"top\" width=\"104\">\n<p align=\"center\"><strong>101-150<\/strong><\/p>\n<\/td>\n<td valign=\"top\" width=\"104\">\n<p align=\"center\"><strong>151-200<\/strong><\/p>\n<\/td>\n<td valign=\"top\" width=\"104\">\n<p align=\"center\"><strong>201-300<\/strong><\/p>\n<\/td>\n<td valign=\"top\" width=\"104\">\n<p align=\"center\"><strong>301-400<\/strong><\/p>\n<\/td>\n<td valign=\"top\" width=\"104\">\n<p align=\"center\"><strong>400&lt;t<\/strong><\/p>\n<\/td>\n<\/tr>\n<tr>\n<td valign=\"top\" width=\"85\">\n<p align=\"center\">\u0412\u0442\u0443\u043b\u043a\u0430<\/p>\n<\/td>\n<td valign=\"top\" width=\"95\">\n<p align=\"center\">\u0410\u043b\u044e\u043c\u0438\u043d\u0438\u0435\u0432\u0430\u044f<\/p>\n<\/td>\n<td valign=\"top\" width=\"104\">\n<p align=\"center\">\u041e\u0440\u0433\u0430\u043d\u0438\u0447\u0435\u0441\u043a\u0438\u0439<\/p>\n<\/td>\n<td valign=\"top\" width=\"76\">\n<p align=\"center\">100<\/p>\n<\/td>\n<td valign=\"top\" width=\"104\">\n<p align=\"center\">\u041d\u0435 \u0438\u0441\u043f\u043e\u043b\u044c\u0437\u043e\u0432\u0430\u0442\u044c<\/p>\n<\/td>\n<td valign=\"top\" width=\"104\">\n<p align=\"center\">\u041d\u0435 \u0438\u0441\u043f\u043e\u043b\u044c\u0437\u043e\u0432\u0430\u0442\u044c<\/p>\n<\/td>\n<td valign=\"top\" width=\"104\">\n<p align=\"center\">\u041d\u0435 \u0438\u0441\u043f\u043e\u043b\u044c\u0437\u043e\u0432\u0430\u0442\u044c<\/p>\n<\/td>\n<td valign=\"top\" width=\"104\">\n<p align=\"center\">\u041d\u0435 \u0438\u0441\u043f\u043e\u043b\u044c\u0437\u043e\u0432\u0430\u0442\u044c<\/p>\n<\/td>\n<td valign=\"top\" width=\"104\">\n<p align=\"center\">\u041d\u0435 \u0438\u0441\u043f\u043e\u043b\u044c\u0437\u043e\u0432\u0430\u0442\u044c<\/p>\n<\/td>\n<\/tr>\n<tr>\n<td valign=\"top\" width=\"85\">\n<p align=\"center\">\u0412\u0442\u0443\u043b\u043a\u0430<\/p>\n<\/td>\n<td valign=\"top\" width=\"95\">\n<p align=\"center\">\u0410\u043b\u044e\u043c\u0438\u043d\u0438\u0435\u0432\u0430\u044f<\/p>\n<\/td>\n<td valign=\"top\" width=\"104\">\n<p align=\"center\">\u0441\u0442\u0430\u043b\u044c.<\/p>\n<\/td>\n<td valign=\"top\" width=\"76\">\n<p align=\"center\">100<\/p>\n<\/td>\n<td valign=\"top\" width=\"104\">\n<p align=\"center\">100<\/p>\n<\/td>\n<td valign=\"top\" width=\"104\">\n<p align=\"center\">\u041d\u0435 \u0438\u0441\u043f\u043e\u043b\u044c\u0437\u043e\u0432\u0430\u0442\u044c<\/p>\n<\/td>\n<td valign=\"top\" width=\"104\">\n<p align=\"center\">\u041d\u0435 \u0438\u0441\u043f\u043e\u043b\u044c\u0437\u043e\u0432\u0430\u0442\u044c<\/p>\n<\/td>\n<td valign=\"top\" width=\"104\">\n<p align=\"center\">\u041d\u0435 \u0438\u0441\u043f\u043e\u043b\u044c\u0437\u043e\u0432\u0430\u0442\u044c<\/p>\n<\/td>\n<td valign=\"top\" width=\"104\">\n<p align=\"center\">Nu se utilizzeaz\u0103<\/p>\n<\/td>\n<\/tr>\n<tr>\n<td valign=\"top\" width=\"85\">\n<p align=\"center\">\u0412\u0442\u0443\u043b\u043a\u0430<\/p>\n<\/td>\n<td valign=\"top\" width=\"95\">\n<p align=\"center\">\u0441\u0442\u0430\u043b\u044c.<\/p>\n<\/td>\n<td valign=\"top\" width=\"104\">\n<p align=\"center\">\u041e\u0440\u0433\u0430\u043d\u0438\u0447\u0435\u0441\u043a\u0438\u0439<\/p>\n<\/td>\n<td valign=\"top\" width=\"76\">\n<p align=\"center\">100<\/p>\n<\/td>\n<td valign=\"top\" width=\"104\">\n<p align=\"center\">\u041d\u0435 \u0438\u0441\u043f\u043e\u043b\u044c\u0437\u043e\u0432\u0430\u0442\u044c<\/p>\n<\/td>\n<td valign=\"top\" width=\"104\">\n<p align=\"center\">Nu se utilieaz\u0103<\/p>\n<\/td>\n<td valign=\"top\" width=\"104\">\n<p align=\"center\">\u041d\u0435 \u0438\u0441\u043f\u043e\u043b\u044c\u0437\u043e\u0432\u0430\u0442\u044c<\/p>\n<\/td>\n<td valign=\"top\" width=\"104\">\n<p align=\"center\">\u041d\u0435 \u0438\u0441\u043f\u043e\u043b\u044c\u0437\u043e\u0432\u0430\u0442\u044c<\/p>\n<\/td>\n<td valign=\"top\" width=\"104\">\n<p align=\"center\">Nu se utilieaz\u0103<\/p>\n<\/td>\n<\/tr>\n<tr>\n<td valign=\"top\" width=\"85\">\n<p align=\"center\">\u0412\u0442\u0443\u043b\u043a\u0430<\/p>\n<\/td>\n<td valign=\"top\" width=\"95\">\n<p align=\"center\">\u0441\u0442\u0430\u043b\u044c.<\/p>\n<\/td>\n<td valign=\"top\" width=\"104\">\n<p align=\"center\">\u0441\u0442\u0430\u043b\u044c.<\/p>\n<\/td>\n<td valign=\"top\" width=\"76\">\n<p align=\"center\">100<\/p>\n<\/td>\n<td valign=\"top\" width=\"104\">\n<p align=\"center\">100<\/p>\n<\/td>\n<td valign=\"top\" width=\"104\">\n<p align=\"center\">90<\/p>\n<\/td>\n<td valign=\"top\" width=\"104\">\n<p align=\"center\">75<\/p>\n<\/td>\n<td valign=\"top\" width=\"104\">\n<p align=\"center\">65<\/p>\n<\/td>\n<td valign=\"top\" width=\"104\">\n<p align=\"center\">\u041d\u0435 \u0438\u0441\u043f\u043e\u043b\u044c\u0437\u043e\u0432\u0430\u0442\u044c<\/p>\n<\/td>\n<\/tr>\n<tr>\n<td valign=\"top\" width=\"85\">\n<p align=\"center\">\u0417\u0430\u043f\u043b\u0435\u0442\u043a\u0430<\/p>\n<\/td>\n<td valign=\"top\" width=\"95\">\n<p align=\"center\">&#8211;<\/p>\n<\/td>\n<td valign=\"top\" width=\"104\">\n<p align=\"center\">\u041e\u0440\u0433\u0430\u043d\u0438\u0447\u0435\u0441\u043a\u0438\u0439<\/p>\n<\/td>\n<td valign=\"top\" width=\"76\">\n<p align=\"center\">100<\/p>\n<\/td>\n<td valign=\"top\" width=\"104\">\n<p align=\"center\">Nu se utilieaz\u0103<\/p>\n<\/td>\n<td valign=\"top\" width=\"104\">\n<p align=\"center\">\u041d\u0435 \u0438\u0441\u043f\u043e\u043b\u044c\u0437\u043e\u0432\u0430\u0442\u044c<\/p>\n<\/td>\n<td valign=\"top\" width=\"104\">\n<p align=\"center\">\u041d\u0435 \u0438\u0441\u043f\u043e\u043b\u044c\u0437\u043e\u0432\u0430\u0442\u044c<\/p>\n<\/td>\n<td valign=\"top\" width=\"104\">\n<p align=\"center\">\u041d\u0435 \u0438\u0441\u043f\u043e\u043b\u044c\u0437\u043e\u0432\u0430\u0442\u044c<\/p>\n<\/td>\n<td valign=\"top\" width=\"104\">\n<p align=\"center\">\u041d\u0435 \u0438\u0441\u043f\u043e\u043b\u044c\u0437\u043e\u0432\u0430\u0442\u044c<\/p>\n<\/td>\n<\/tr>\n<tr>\n<td valign=\"top\" width=\"85\">\n<p align=\"center\">\u0417\u0430\u043f\u043b\u0435\u0442\u043a\u0430<\/p>\n<\/td>\n<td valign=\"top\" width=\"95\">\n<p align=\"center\">&#8211;<\/p>\n<\/td>\n<td valign=\"top\" width=\"104\">\n<p align=\"center\">\u0441\u0442\u0430\u043b\u044c.<\/p>\n<\/td>\n<td valign=\"top\" width=\"76\">\n<p align=\"center\">100<\/p>\n<\/td>\n<td valign=\"top\" width=\"104\">\n<p align=\"center\">100<\/p>\n<\/td>\n<td valign=\"top\" width=\"104\">\n<p align=\"center\">90<\/p>\n<\/td>\n<td valign=\"top\" width=\"104\">\n<p align=\"center\">75<\/p>\n<\/td>\n<td valign=\"top\" width=\"104\">\n<p align=\"center\">65<\/p>\n<\/td>\n<td valign=\"top\" width=\"104\">\n<p align=\"center\">\u041d\u0435 \u0438\u0441\u043f\u043e\u043b\u044c\u0437\u043e\u0432\u0430\u0442\u044c<\/p>\n<\/td>\n<\/tr>\n<\/tbody>\n<\/table>\n<\/div>\n<\/div>\n<\/div>\n<\/div>\n<p>&nbsp;<\/p>","protected":false},"excerpt":{"rendered":"<p>&#8211; Dispozitiv de ridicare din cablu de otel cu ochi;<br \/>\n- \u041c\u0430\u0442\u0435\u0440\u0438\u0430\u043b: \u0441\u0432\u0435\u0442\u043b\u044b\u0435 \u0441\u0442\u0430\u043b\u044c\u043d\u044b\u0435 \u043a\u0430\u043d\u0430\u0442\u044b \u0431\u0435\u0437 \u043f\u043e\u043a\u0440\u044b\u0442\u0438\u044f \u0414\u0421\u0422\u0423 EN 12385-4:2017;<br \/>\n- \u0422\u0435\u043c\u043f\u0435\u0440\u0430\u0442\u0443\u0440\u043d\u044b\u0439 \u0434\u0438\u0430\u043f\u0430\u0437\u043e\u043d \u043f\u0440\u0438\u043c\u0435\u043d\u0435\u043d\u0438\u044f: \u043e\u0442 -40 \u0434\u043e +100 \u00b0\u0421;<br \/>\n- \u0421\u0442\u0430\u043d\u0434\u0430\u0440\u0442: \u0414\u0421\u0422\u0423 EN 13414-1:2018;<br \/>\n- \u0417\u0430\u0434\u0435\u043b\u043a\u0430 \u043a\u043e\u043d\u0446\u043e\u0432 \u043a\u0430\u043d\u0430\u0442\u0430 \u043f\u0440\u043e\u0438\u0437\u0432\u043e\u0434\u0438\u0442\u0441\u044f \u043c\u0435\u0442\u043e\u0434\u043e\u043c \u043e\u043f\u0440\u0435\u0441\u0441\u043e\u0432\u043a\u0438 \u0432 \u0430\u043b\u044e\u043c\u0438\u043d\u0438\u0435\u0432\u0443\u044e \u0432\u0442\u0443\u043b\u043a\u0443;<br \/>\n- \u0413\u0430\u0440\u0430\u043d\u0442\u0438\u044f: 3 \u043c\u0435\u0441\u044f\u0446\u0430.<\/p>","protected":false},"featured_media":6678,"comment_status":"open","ping_status":"closed","template":"","meta":[],"product_brand":[],"product_cat":[39],"product_tag":[],"class_list":{"0":"post-6677","1":"product","2":"type-product","3":"status-publish","4":"has-post-thumbnail","6":"product_cat-dispozitive-de-ridicare-din-cablu-de-otel","8":"first","9":"instock","10":"shipping-taxable","11":"product-type-simple"},"_links":{"self":[{"href":"https:\/\/tros.md\/ru\/wp-json\/wp\/v2\/product\/6677","targetHints":{"allow":["GET"]}}],"collection":[{"href":"https:\/\/tros.md\/ru\/wp-json\/wp\/v2\/product"}],"about":[{"href":"https:\/\/tros.md\/ru\/wp-json\/wp\/v2\/types\/product"}],"replies":[{"embeddable":true,"href":"https:\/\/tros.md\/ru\/wp-json\/wp\/v2\/comments?post=6677"}],"wp:featuredmedia":[{"embeddable":true,"href":"https:\/\/tros.md\/ru\/wp-json\/wp\/v2\/media\/6678"}],"wp:attachment":[{"href":"https:\/\/tros.md\/ru\/wp-json\/wp\/v2\/media?parent=6677"}],"wp:term":[{"taxonomy":"product_brand","embeddable":true,"href":"https:\/\/tros.md\/ru\/wp-json\/wp\/v2\/product_brand?post=6677"},{"taxonomy":"product_cat","embeddable":true,"href":"https:\/\/tros.md\/ru\/wp-json\/wp\/v2\/product_cat?post=6677"},{"taxonomy":"product_tag","embeddable":true,"href":"https:\/\/tros.md\/ru\/wp-json\/wp\/v2\/product_tag?post=6677"}],"curies":[{"name":"wp","href":"https:\/\/api.w.org\/{rel}","templated":true}]}}