{"id":6664,"date":"2024-09-25T11:01:22","date_gmt":"2024-09-25T11:01:22","guid":{"rendered":"https:\/\/tros.md\/?post_type=product&#038;p=6664"},"modified":"2025-12-09T09:52:58","modified_gmt":"2025-12-09T09:52:58","slug":"lant-de-incarcare-clasa-10","status":"publish","type":"product","link":"https:\/\/tros.md\/ru\/product\/lant-de-incarcare-clasa-10\/","title":{"rendered":"\u0426\u0435\u043f\u044c \u0433\u0440\u0443\u0437\u043e\u0432\u0430\u044f 10 \u043a\u043b\u0430\u0441\u0441"},"content":{"rendered":"<p><strong>Lan\u021b de \u00eenc\u0103rcare cu zale rotunde, clasa 10 de rezisten\u021b\u0103 (Grade 100)<\/strong> este utilizat pentru fabricarea dispozitivelor de ridicat\u00a0 din lan\u021b de clasa 10, curele de lan\u021b, troliu manual cu lan\u021b, ca lan\u021b antiefrac\u021bie pentru biciclete \u0219i motociclete, precum \u0219i pentru alte scopuri utile \u00een gospod\u0103rie. Datorit\u0103 utiliz\u0103rii o\u021belului aliat de \u00eenalt\u0103 rezisten\u021b\u0103, acest lan\u021b de \u00eenc\u0103rcare are o rezisten\u021b\u0103 ridicat\u0103 (cu 25% mai mare dec\u00e2t G80) la un greutate mic\u0103 \u0219i dimensiuni compacte. Conform standardelor DStU EN 818-2:2017 \u0219i DIN 5687. Lan\u021bul este vopsit \u00een albastru.<\/p>\n<p>&nbsp;<\/p>\n<table border=\"1\" cellspacing=\"0\" cellpadding=\"0\">\n<tbody>\n<tr>\n<td rowspan=\"2\" width=\"15%\">\n<p align=\"center\"><strong>\u041e\u0431\u043e\u0437\u043d\u0430\u0447\u0435\u043d\u0438\u0435<\/strong><\/p>\n<p align=\"center\"><strong>\u00a0<\/strong><\/p>\n<\/td>\n<td valign=\"top\" width=\"13%\">\n<p align=\"center\"><strong>\u041a\u0430\u043b\u0438\u0431\u0440 \u0446\u0435\u043f\u0438, d<\/strong><\/p>\n<\/td>\n<td valign=\"top\" width=\"10%\">\n<p align=\"center\"><strong>\u0428\u0430\u0433, p<\/strong><\/p>\n<\/td>\n<td colspan=\"2\" valign=\"top\" width=\"17%\">\n<p align=\"center\"><strong>\u0428\u0438\u0440\u0438\u043d\u0430, \u043c\u043c<\/strong><\/p>\n<\/td>\n<td valign=\"top\" width=\"11%\">\n<p align=\"center\"><strong>\u0420\u0430\u0431\u043e\u0447\u0430\u044f \u043d\u0430\u0433\u0440\u0443\u0437\u043a\u0430<\/strong><\/p>\n<\/td>\n<td valign=\"top\" width=\"17%\">\n<p align=\"center\"><strong>\u0420\u0430\u0437\u0440\u0443\u0448\u0430\u044e\u0449\u0430\u044f \u043d\u0430\u0433\u0440\u0443\u0437\u043a\u0430<\/strong><\/p>\n<\/td>\n<td valign=\"top\" width=\"13%\">\n<p align=\"center\"><strong>\u041c\u0430\u0441\u0441\u0430 1\u043c<\/strong><\/p>\n<\/td>\n<\/tr>\n<tr>\n<td valign=\"top\" width=\"13%\">\n<p align=\"center\"><strong>\u043c\u043c<\/strong><\/p>\n<\/td>\n<td valign=\"top\" width=\"10%\">\n<p align=\"center\"><strong>\u043c\u043c<\/strong><\/p>\n<\/td>\n<td valign=\"top\" width=\"8%\">\n<p align=\"center\"><strong>a<\/strong><\/p>\n<\/td>\n<td valign=\"top\" width=\"9%\">\n<p align=\"center\"><strong>b<\/strong><\/p>\n<\/td>\n<td valign=\"top\" width=\"11%\">\n<p align=\"center\"><strong>\u0442\u043d<\/strong><\/p>\n<\/td>\n<td valign=\"top\" width=\"17%\">\n<p align=\"center\"><strong>\u0442\u043d<\/strong><\/p>\n<\/td>\n<td valign=\"top\" width=\"13%\">\n<p align=\"center\"><strong>\u043a\u0433<\/strong><\/p>\n<\/td>\n<\/tr>\n<tr>\n<td valign=\"top\" width=\"15%\">\n<p align=\"center\">6&#215;18<\/p>\n<\/td>\n<td valign=\"top\" width=\"13%\">\n<p align=\"center\">6<\/p>\n<\/td>\n<td valign=\"top\" width=\"10%\">\n<p align=\"center\">18<\/p>\n<\/td>\n<td valign=\"top\" width=\"8%\">\n<p align=\"center\">8.7<\/p>\n<\/td>\n<td valign=\"top\" width=\"9%\">\n<p align=\"center\">21.6<\/p>\n<\/td>\n<td valign=\"bottom\" width=\"11%\">\n<p align=\"center\">1,40<\/p>\n<\/td>\n<td valign=\"top\" width=\"17%\">\n<p align=\"center\">5,6<\/p>\n<\/td>\n<td valign=\"top\" width=\"13%\">\n<p align=\"center\">0.95<\/p>\n<\/td>\n<\/tr>\n<tr>\n<td valign=\"top\" width=\"15%\">\n<p align=\"center\">8&#215;24<\/p>\n<\/td>\n<td valign=\"top\" width=\"13%\">\n<p align=\"center\">8<\/p>\n<\/td>\n<td valign=\"top\" width=\"10%\">\n<p align=\"center\">24<\/p>\n<\/td>\n<td valign=\"top\" width=\"8%\">\n<p align=\"center\">10.9<\/p>\n<\/td>\n<td valign=\"top\" width=\"9%\">\n<p align=\"center\">28.8<\/p>\n<\/td>\n<td valign=\"bottom\" width=\"11%\">\n<p align=\"center\">2,5<\/p>\n<\/td>\n<td valign=\"top\" width=\"17%\">\n<p align=\"center\">10,0<\/p>\n<\/td>\n<td valign=\"top\" width=\"13%\">\n<p align=\"center\">1.57<\/p>\n<\/td>\n<\/tr>\n<tr>\n<td valign=\"top\" width=\"15%\">\n<p align=\"center\">10&#215;30<\/p>\n<\/td>\n<td valign=\"top\" width=\"13%\">\n<p align=\"center\">10<\/p>\n<\/td>\n<td valign=\"top\" width=\"10%\">\n<p align=\"center\">30<\/p>\n<\/td>\n<td valign=\"top\" width=\"8%\">\n<p align=\"center\">13.5<\/p>\n<\/td>\n<td valign=\"top\" width=\"9%\">\n<p align=\"center\">36.0<\/p>\n<\/td>\n<td valign=\"bottom\" width=\"11%\">\n<p align=\"center\">4,00<\/p>\n<\/td>\n<td valign=\"top\" width=\"17%\">\n<p align=\"center\">16,0<\/p>\n<\/td>\n<td valign=\"top\" width=\"13%\">\n<p align=\"center\">2.46<\/p>\n<\/td>\n<\/tr>\n<tr>\n<td valign=\"top\" width=\"15%\">\n<p align=\"center\">13&#215;39<\/p>\n<\/td>\n<td valign=\"top\" width=\"13%\">\n<p align=\"center\">13<\/p>\n<\/td>\n<td valign=\"top\" width=\"10%\">\n<p align=\"center\">39<\/p>\n<\/td>\n<td valign=\"top\" width=\"8%\">\n<p align=\"center\">17.5<\/p>\n<\/td>\n<td valign=\"top\" width=\"9%\">\n<p align=\"center\">46.8<\/p>\n<\/td>\n<td valign=\"bottom\" width=\"11%\">\n<p align=\"center\">6,70<\/p>\n<\/td>\n<td valign=\"top\" width=\"17%\">\n<p align=\"center\">26,8<\/p>\n<\/td>\n<td valign=\"top\" width=\"13%\">\n<p align=\"center\">4.18<\/p>\n<\/td>\n<\/tr>\n<\/tbody>\n<\/table>","protected":false},"excerpt":{"rendered":"<p><strong>\u0426\u0435\u043f\u044c \u0433\u0440\u0443\u0437\u043e\u0432\u0430\u044f 10 \u043a\u043b\u0430\u0441\u0441<\/strong><\/p>\n<p>\u0413\u0440\u0443\u0437\u043e\u0432\u0430\u044f \u0446\u0435\u043f\u044c \u043a\u043b\u0430\u0441\u0441\u0430 10 (Grade 100) - \u044d\u0442\u043e \u0446\u0435\u043f\u044c \u0441 \u043a\u0440\u0443\u0433\u043b\u044b\u043c\u0438 \u0437\u0432\u0435\u043d\u044c\u044f\u043c\u0438, \u0441\u043f\u0435\u0446\u0438\u0430\u043b\u044c\u043d\u043e \u0440\u0430\u0437\u0440\u0430\u0431\u043e\u0442\u0430\u043d\u043d\u0430\u044f \u0434\u043b\u044f \u0442\u044f\u0436\u0435\u043b\u044b\u0445 \u0433\u0440\u0443\u0437\u043e\u0432. \u041e\u043d\u0430 \u043d\u0430 25 % \u043f\u0440\u043e\u0447\u043d\u0435\u0435 \u0446\u0435\u043f\u0438 \u043a\u043b\u0430\u0441\u0441\u0430 G80.<\/p>\n<p><strong>\u0425\u0430\u0440\u0430\u043a\u0442\u0435\u0440\u0438\u0441\u0442\u0438\u043a\u0438:<\/strong><\/p>\n<ul>\n<li><strong>\u041a\u043e\u044d\u0444\u0444\u0438\u0446\u0438\u0435\u043d\u0442 \u0431\u0435\u0437\u043e\u043f\u0430\u0441\u043d\u043e\u0441\u0442\u0438:<\/strong> 4:1<\/li>\n<li><strong>\u041c\u0430\u0442\u0435\u0440\u0438\u0430\u043b \u0438\u0437\u0433\u043e\u0442\u043e\u0432\u043b\u0435\u043d\u0438\u044f:<\/strong> \u0442\u0435\u0440\u043c\u043e\u043e\u0431\u0440\u0430\u0431\u043e\u0442\u0430\u043d\u043d\u0430\u044f (\u0437\u0430\u043a\u0430\u043b\u0435\u043d\u043d\u0430\u044f) \u043b\u0435\u0433\u0438\u0440\u043e\u0432\u0430\u043d\u043d\u0430\u044f \u0441\u0442\u0430\u043b\u044c.<\/li>\n<li><strong>\u041f\u043e\u043a\u0440\u044b\u0442\u0438\u0435:<\/strong> \u043e\u043a\u0440\u0430\u0448\u0435\u043d\u043d\u0430\u044f<\/li>\n<li><strong>\u0421\u0442\u0430\u043d\u0434\u0430\u0440\u0442:<\/strong> \u0414\u0421\u0422\u0423 EN 818-2:2017, DIN 5687.<\/li>\n<li><strong>\u0421\u0435\u0440\u0442\u0438\u0444\u0438\u043a\u0430\u0442 \u043a\u0430\u0447\u0435\u0441\u0442\u0432\u0430:<\/strong> \u0421\u043e\u043f\u0440\u043e\u0432\u043e\u0436\u0434\u0430\u0435\u0442\u0441\u044f \u0441\u0435\u0440\u0442\u0438\u0444\u0438\u043a\u0430\u0442\u043e\u043c \u043a\u0430\u0447\u0435\u0441\u0442\u0432\u0430.<\/li>\n<li class=\"translation-block\">\u0413\u0430\u0440\u0430\u043d\u0442\u0438\u044f: 6 \u043c\u0435\u0441\u044f\u0446\u0435\u0432.<\/li>\n<\/ul>","protected":false},"featured_media":6665,"comment_status":"open","ping_status":"closed","template":"","meta":[],"product_brand":[],"product_cat":[125],"product_tag":[],"class_list":{"0":"post-6664","1":"product","2":"type-product","3":"status-publish","4":"has-post-thumbnail","6":"product_cat-lant-de-ridicare","8":"first","9":"instock","10":"shipping-taxable","11":"product-type-simple"},"_links":{"self":[{"href":"https:\/\/tros.md\/ru\/wp-json\/wp\/v2\/product\/6664","targetHints":{"allow":["GET"]}}],"collection":[{"href":"https:\/\/tros.md\/ru\/wp-json\/wp\/v2\/product"}],"about":[{"href":"https:\/\/tros.md\/ru\/wp-json\/wp\/v2\/types\/product"}],"replies":[{"embeddable":true,"href":"https:\/\/tros.md\/ru\/wp-json\/wp\/v2\/comments?post=6664"}],"wp:featuredmedia":[{"embeddable":true,"href":"https:\/\/tros.md\/ru\/wp-json\/wp\/v2\/media\/6665"}],"wp:attachment":[{"href":"https:\/\/tros.md\/ru\/wp-json\/wp\/v2\/media?parent=6664"}],"wp:term":[{"taxonomy":"product_brand","embeddable":true,"href":"https:\/\/tros.md\/ru\/wp-json\/wp\/v2\/product_brand?post=6664"},{"taxonomy":"product_cat","embeddable":true,"href":"https:\/\/tros.md\/ru\/wp-json\/wp\/v2\/product_cat?post=6664"},{"taxonomy":"product_tag","embeddable":true,"href":"https:\/\/tros.md\/ru\/wp-json\/wp\/v2\/product_tag?post=6664"}],"curies":[{"name":"wp","href":"https:\/\/api.w.org\/{rel}","templated":true}]}}