{"id":6614,"date":"2024-09-25T11:00:43","date_gmt":"2024-09-25T11:00:43","guid":{"rendered":"https:\/\/tros.md\/?post_type=product&#038;p=6614"},"modified":"2025-12-09T10:34:56","modified_gmt":"2025-12-09T10:34:56","slug":"clema-de-rigging-g210","status":"publish","type":"product","link":"https:\/\/tros.md\/ru\/product\/clema-de-rigging-g210\/","title":{"rendered":"Gambet tip U G210"},"content":{"rendered":"<p><strong>Gambet tip U zincat (G210)<\/strong> este utilizat ca un accesoriu auxiliar pentru prinderea \u0219i mutarea \u00eenc\u0103rc\u0103turilor. Conexiunea cu \u0219urub permite o instalare rapid\u0103 \u0219i \u00eendep\u0103rtarea u\u0219oar\u0103 a clemei, dar nu ofer\u0103 aceea\u0219i siguran\u021b\u0103 ca \u0219i conexiunea cu \u0219urub, piuli\u021b\u0103 \u0219i clem\u0103.<\/p>\n<p>Gambet tip U (G210) respect\u0103 standardul modern \u0414\u0421\u0422\u0423 EN 13889:2014. Principala diferen\u021b\u0103 fa\u021b\u0103 de standardele sovietice este utilizarea o\u021belurilor de \u00eenalt\u0103 aliaje, care permit reducerea dimensiunilor \u0219i greut\u0103\u021bii clemei, men\u021bin\u00e2nd \u00een acela\u0219i timp aceea\u0219i capacitate de \u00eenc\u0103rcare.<\/p>\n<p>Toti gambetii sunt supusi obligatoriu test\u0103rilor pe banc \u0219i sunt \u00eenso\u021bite de un certificat de calitate \u0219i o garan\u021bie.<\/p>\n<p>&nbsp;<\/p>\n<table border=\"1\" cellspacing=\"0\" cellpadding=\"0\">\n<tbody>\n<tr>\n<td rowspan=\"2\" valign=\"top\" width=\"11%\">\n<p align=\"center\"><strong>\u0413\u0440\u0443\u0437-\u0442\u044c, \u0442\u043d<\/strong><\/p>\n<\/td>\n<td rowspan=\"2\" valign=\"top\" width=\"11%\">\n<p align=\"center\"><strong>\u041e\u0431\u043e\u0437\u043d\u0430\u0447\u0435\u043d\u0438\u0435 \u0432 \u0434\u044e\u0439\u043c\u0430\u0445<\/strong><\/p>\n<p align=\"center\">\n<\/td>\n<td colspan=\"10\" valign=\"top\">\n<p align=\"center\"><strong>\u0420\u0430\u0437\u043c\u0435\u0440\u044b, \u043c\u043c<\/strong><\/p>\n<\/td>\n<td rowspan=\"2\" valign=\"top\">\n<p align=\"center\"><strong>\u041c\u0430\u0441\u0441\u0430, \u043a\u0433<\/strong><\/p>\n<\/td>\n<\/tr>\n<tr>\n<td valign=\"top\">\n<p align=\"center\"><strong>A<\/strong><\/p>\n<\/td>\n<td valign=\"top\">\n<p align=\"center\"><strong>B<\/strong><\/p>\n<\/td>\n<td valign=\"top\">\n<p align=\"center\"><strong>C<\/strong><\/p>\n<\/td>\n<td valign=\"top\">\n<p align=\"center\"><strong>D<\/strong><\/p>\n<\/td>\n<td valign=\"top\">\n<p align=\"center\"><strong>E<\/strong><\/p>\n<\/td>\n<td valign=\"top\">\n<p align=\"center\"><strong>F<\/strong><\/p>\n<\/td>\n<td valign=\"top\">\n<p align=\"center\"><strong>G<\/strong><\/p>\n<\/td>\n<td valign=\"top\">\n<p align=\"center\"><strong>H<\/strong><\/p>\n<\/td>\n<td valign=\"top\">\n<p align=\"center\"><strong>I<\/strong><\/p>\n<\/td>\n<td valign=\"top\">\n<p align=\"center\"><strong>M<\/strong><\/p>\n<\/td>\n<\/tr>\n<tr>\n<td valign=\"top\" width=\"11%\">\n<p align=\"center\"><strong>0.50<\/strong><\/p>\n<\/td>\n<td valign=\"top\" width=\"11%\">\n<p align=\"center\">1\/4<\/p>\n<\/td>\n<td valign=\"top\">\n<p align=\"center\">11.90<\/p>\n<\/td>\n<td valign=\"top\">\n<p align=\"center\">7.85<\/p>\n<\/td>\n<td valign=\"top\">\n<p align=\"center\">6.35<\/p>\n<\/td>\n<td valign=\"top\">\n<p align=\"center\">6.35<\/p>\n<\/td>\n<td valign=\"top\">\n<p align=\"center\">24.60<\/p>\n<\/td>\n<td valign=\"top\">\n<p align=\"center\">15.50<\/p>\n<\/td>\n<td valign=\"top\">\n<p align=\"center\">22.40<\/p>\n<\/td>\n<td valign=\"top\">\n<p align=\"center\">40.40<\/p>\n<\/td>\n<td valign=\"top\">\n<p align=\"center\">4.85<\/p>\n<\/td>\n<td valign=\"top\">\n<p align=\"center\">35.10<\/p>\n<\/td>\n<td valign=\"top\">\n<p align=\"center\">0.05<\/p>\n<\/td>\n<\/tr>\n<tr>\n<td valign=\"top\" width=\"11%\">\n<p align=\"center\"><strong>0.75<\/strong><\/p>\n<\/td>\n<td valign=\"top\" width=\"11%\">\n<p align=\"center\">5\/16<\/p>\n<\/td>\n<td valign=\"top\">\n<p align=\"center\">13.50<\/p>\n<\/td>\n<td valign=\"top\">\n<p align=\"center\">9.60<\/p>\n<\/td>\n<td valign=\"top\">\n<p align=\"center\">7.85<\/p>\n<\/td>\n<td valign=\"top\">\n<p align=\"center\">7.85<\/p>\n<\/td>\n<td valign=\"top\">\n<p align=\"center\">29.50<\/p>\n<\/td>\n<td valign=\"top\">\n<p align=\"center\">19.10<\/p>\n<\/td>\n<td valign=\"top\">\n<p align=\"center\">26.20<\/p>\n<\/td>\n<td valign=\"top\">\n<p align=\"center\">48.50<\/p>\n<\/td>\n<td valign=\"top\">\n<p align=\"center\">5.60<\/p>\n<\/td>\n<td valign=\"top\">\n<p align=\"center\">42.20<\/p>\n<\/td>\n<td valign=\"top\">\n<p align=\"center\">0.08<\/p>\n<\/td>\n<\/tr>\n<tr>\n<td valign=\"top\" width=\"11%\">\n<p align=\"center\"><strong>1.00<\/strong><\/p>\n<\/td>\n<td valign=\"top\" width=\"11%\">\n<p align=\"center\">3\/8<\/p>\n<\/td>\n<td valign=\"top\">\n<p align=\"center\">16.80<\/p>\n<\/td>\n<td valign=\"top\">\n<p align=\"center\">11.20<\/p>\n<\/td>\n<td valign=\"top\">\n<p align=\"center\">9.65<\/p>\n<\/td>\n<td valign=\"top\">\n<p align=\"center\">9.65<\/p>\n<\/td>\n<td valign=\"top\">\n<p align=\"center\">35.80<\/p>\n<\/td>\n<td valign=\"top\">\n<p align=\"center\">23.10<\/p>\n<\/td>\n<td valign=\"top\">\n<p align=\"center\">31.80<\/p>\n<\/td>\n<td valign=\"top\">\n<p align=\"center\">58.50<\/p>\n<\/td>\n<td valign=\"top\">\n<p align=\"center\">6.35<\/p>\n<\/td>\n<td valign=\"top\">\n<p align=\"center\">51.50<\/p>\n<\/td>\n<td valign=\"top\">\n<p align=\"center\">0.13<\/p>\n<\/td>\n<\/tr>\n<tr>\n<td valign=\"top\" width=\"11%\">\n<p align=\"center\"><strong>1.50<\/strong><\/p>\n<\/td>\n<td valign=\"top\" width=\"11%\">\n<p align=\"center\">7\/16<\/p>\n<\/td>\n<td valign=\"top\">\n<p align=\"center\">19.10<\/p>\n<\/td>\n<td valign=\"top\">\n<p align=\"center\">12.70<\/p>\n<\/td>\n<td valign=\"top\">\n<p align=\"center\">11.20<\/p>\n<\/td>\n<td valign=\"top\">\n<p align=\"center\">11.20<\/p>\n<\/td>\n<td valign=\"top\">\n<p align=\"center\">41.40<\/p>\n<\/td>\n<td valign=\"top\">\n<p align=\"center\">26.90<\/p>\n<\/td>\n<td valign=\"top\">\n<p align=\"center\">36.60<\/p>\n<\/td>\n<td valign=\"top\">\n<p align=\"center\">67.50<\/p>\n<\/td>\n<td valign=\"top\">\n<p align=\"center\">7.85<\/p>\n<\/td>\n<td valign=\"top\">\n<p align=\"center\">60.50<\/p>\n<\/td>\n<td valign=\"top\">\n<p align=\"center\">0.20<\/p>\n<\/td>\n<\/tr>\n<tr>\n<td valign=\"top\" width=\"11%\">\n<p align=\"center\"><strong>2.00<\/strong><\/p>\n<\/td>\n<td valign=\"top\" width=\"11%\">\u00a01\/2<\/td>\n<td valign=\"top\">\n<p align=\"center\">20.60<\/p>\n<\/td>\n<td valign=\"top\">\n<p align=\"center\">16.00<\/p>\n<\/td>\n<td valign=\"top\">\n<p align=\"center\">12.70<\/p>\n<\/td>\n<td valign=\"top\">\n<p align=\"center\">12.70<\/p>\n<\/td>\n<td valign=\"top\">\n<p align=\"center\">46.00<\/p>\n<\/td>\n<td valign=\"top\">\n<p align=\"center\">30.20<\/p>\n<\/td>\n<td valign=\"top\">\n<p align=\"center\">41.40<\/p>\n<\/td>\n<td valign=\"top\">\n<p align=\"center\">77.00<\/p>\n<\/td>\n<td valign=\"top\">\n<p align=\"center\">9.65<\/p>\n<\/td>\n<td valign=\"top\">\n<p align=\"center\">68.50<\/p>\n<\/td>\n<td valign=\"top\">\n<p align=\"center\">0.27<\/p>\n<\/td>\n<\/tr>\n<tr>\n<td valign=\"top\" width=\"11%\">\n<p align=\"center\"><strong>3.25<\/strong><\/p>\n<\/td>\n<td valign=\"top\" width=\"11%\">\u00a05\/8<\/td>\n<td valign=\"top\">\n<p align=\"center\">26.90<\/p>\n<\/td>\n<td valign=\"top\">\n<p align=\"center\">19.10<\/p>\n<\/td>\n<td valign=\"top\">\n<p align=\"center\">15.70<\/p>\n<\/td>\n<td valign=\"top\">\n<p align=\"center\">16.00<\/p>\n<\/td>\n<td valign=\"top\">\n<p align=\"center\">58.50<\/p>\n<\/td>\n<td valign=\"top\">\n<p align=\"center\">38.10<\/p>\n<\/td>\n<td valign=\"top\">\n<p align=\"center\">51.00<\/p>\n<\/td>\n<td valign=\"top\">\n<p align=\"center\">95.50<\/p>\n<\/td>\n<td valign=\"top\">\n<p align=\"center\">11.20<\/p>\n<\/td>\n<td valign=\"top\">\n<p align=\"center\">85.00<\/p>\n<\/td>\n<td valign=\"top\">\n<p align=\"center\">0.57<\/p>\n<\/td>\n<\/tr>\n<tr>\n<td valign=\"top\" width=\"11%\">\n<p align=\"center\"><strong>4.75<\/strong><\/p>\n<\/td>\n<td valign=\"top\" width=\"11%\">3\/4<\/td>\n<td valign=\"top\">\n<p align=\"center\">31.80<\/p>\n<\/td>\n<td valign=\"top\">\n<p align=\"center\">22.40<\/p>\n<\/td>\n<td valign=\"top\">\n<p align=\"center\">20.60<\/p>\n<\/td>\n<td valign=\"top\">\n<p align=\"center\">19.10<\/p>\n<\/td>\n<td valign=\"top\">\n<p align=\"center\">70.00<\/p>\n<\/td>\n<td valign=\"top\">\n<p align=\"center\">46.00<\/p>\n<\/td>\n<td valign=\"top\">\n<p align=\"center\">60.50<\/p>\n<\/td>\n<td valign=\"top\">\n<p align=\"center\">115.00<\/p>\n<\/td>\n<td valign=\"top\">\n<p align=\"center\">12.70<\/p>\n<\/td>\n<td valign=\"top\">\n<p align=\"center\">101.00<\/p>\n<\/td>\n<td valign=\"top\">\n<p align=\"center\">1.20<\/p>\n<\/td>\n<\/tr>\n<tr>\n<td valign=\"top\" width=\"11%\">\n<p align=\"center\"><strong>6.50<\/strong><\/p>\n<\/td>\n<td valign=\"top\" width=\"11%\">7\/8<\/td>\n<td valign=\"top\">\n<p align=\"center\">36.60<\/p>\n<\/td>\n<td valign=\"top\">\n<p align=\"center\">25.40<\/p>\n<\/td>\n<td valign=\"top\">\n<p align=\"center\">24.60<\/p>\n<\/td>\n<td valign=\"top\">\n<p align=\"center\">22.40<\/p>\n<\/td>\n<td valign=\"top\">\n<p align=\"center\">81.00<\/p>\n<\/td>\n<td valign=\"top\">\n<p align=\"center\">53.00<\/p>\n<\/td>\n<td valign=\"top\">\n<p align=\"center\">71.50<\/p>\n<\/td>\n<td valign=\"top\">\n<p align=\"center\">135.00<\/p>\n<\/td>\n<td valign=\"top\">\n<p align=\"center\">12.70<\/p>\n<\/td>\n<td valign=\"top\">\n<p align=\"center\">114.00<\/p>\n<\/td>\n<td valign=\"top\">\n<p align=\"center\">1.43<\/p>\n<\/td>\n<\/tr>\n<tr>\n<td valign=\"top\" width=\"11%\">\n<p align=\"center\"><strong>8.50<\/strong><\/p>\n<\/td>\n<td valign=\"top\" width=\"11%\">1<\/td>\n<td valign=\"top\">\n<p align=\"center\">42.90<\/p>\n<\/td>\n<td valign=\"top\">\n<p align=\"center\">28.70<\/p>\n<\/td>\n<td valign=\"top\">\n<p align=\"center\">25.40<\/p>\n<\/td>\n<td valign=\"top\">\n<p align=\"center\">25.40<\/p>\n<\/td>\n<td valign=\"top\">\n<p align=\"center\">93.50<\/p>\n<\/td>\n<td valign=\"top\">\n<p align=\"center\">60.50<\/p>\n<\/td>\n<td valign=\"top\">\n<p align=\"center\">81.00<\/p>\n<\/td>\n<td valign=\"top\">\n<p align=\"center\">151.00<\/p>\n<\/td>\n<td valign=\"top\">\n<p align=\"center\">14.20<\/p>\n<\/td>\n<td valign=\"top\">\n<p align=\"center\">129.00<\/p>\n<\/td>\n<td valign=\"top\">\n<p align=\"center\">2.15<\/p>\n<\/td>\n<\/tr>\n<tr>\n<td valign=\"top\" width=\"11%\">\n<p align=\"center\"><strong>9.50<\/strong><\/p>\n<\/td>\n<td valign=\"top\" width=\"11%\">1 1\/8<\/td>\n<td valign=\"top\">\n<p align=\"center\">46.00<\/p>\n<\/td>\n<td valign=\"top\">\n<p align=\"center\">31.80<\/p>\n<\/td>\n<td valign=\"top\">\n<p align=\"center\">31.80<\/p>\n<\/td>\n<td valign=\"top\">\n<p align=\"center\">28.70<\/p>\n<\/td>\n<td valign=\"top\">\n<p align=\"center\">103.00<\/p>\n<\/td>\n<td valign=\"top\">\n<p align=\"center\">68.50<\/p>\n<\/td>\n<td valign=\"top\">\n<p align=\"center\">91.00<\/p>\n<\/td>\n<td valign=\"top\">\n<p align=\"center\">172.00<\/p>\n<\/td>\n<td valign=\"top\">\n<p align=\"center\">16.00<\/p>\n<\/td>\n<td valign=\"top\">\n<p align=\"center\">142.00<\/p>\n<\/td>\n<td valign=\"top\">\n<p align=\"center\">3.06<\/p>\n<\/td>\n<\/tr>\n<tr>\n<td valign=\"top\" width=\"11%\">\n<p align=\"center\"><strong>12.00<\/strong><\/p>\n<\/td>\n<td valign=\"top\" width=\"11%\">1 1\/4<\/td>\n<td valign=\"top\">\n<p align=\"center\">51.50<\/p>\n<\/td>\n<td valign=\"top\">\n<p align=\"center\">35.10<\/p>\n<\/td>\n<td valign=\"top\">\n<p align=\"center\">35.10<\/p>\n<\/td>\n<td valign=\"top\">\n<p align=\"center\">31.80<\/p>\n<\/td>\n<td valign=\"top\">\n<p align=\"center\">115.00<\/p>\n<\/td>\n<td valign=\"top\">\n<p align=\"center\">76.00<\/p>\n<\/td>\n<td valign=\"top\">\n<p align=\"center\">100.00<\/p>\n<\/td>\n<td valign=\"top\">\n<p align=\"center\">191.00<\/p>\n<\/td>\n<td valign=\"top\">\n<p align=\"center\">17.50<\/p>\n<\/td>\n<td valign=\"top\">\n<p align=\"center\">156.00<\/p>\n<\/td>\n<td valign=\"top\">\n<p align=\"center\">4.11<\/p>\n<\/td>\n<\/tr>\n<tr>\n<td valign=\"top\" width=\"11%\">\n<p align=\"center\"><strong>13.50<\/strong><\/p>\n<\/td>\n<td valign=\"top\" width=\"11%\">1 3\/8<\/td>\n<td valign=\"top\">\n<p align=\"center\">57.00<\/p>\n<\/td>\n<td valign=\"top\">\n<p align=\"center\">38.10<\/p>\n<\/td>\n<td valign=\"top\">\n<p align=\"center\">38.10<\/p>\n<\/td>\n<td valign=\"top\">\n<p align=\"center\">35.10<\/p>\n<\/td>\n<td valign=\"top\">\n<p align=\"center\">127.00<\/p>\n<\/td>\n<td valign=\"top\">\n<p align=\"center\">84.00<\/p>\n<\/td>\n<td valign=\"top\">\n<p align=\"center\">111.00<\/p>\n<\/td>\n<td valign=\"top\">\n<p align=\"center\">210.00<\/p>\n<\/td>\n<td valign=\"top\">\n<p align=\"center\">19.10<\/p>\n<\/td>\n<td valign=\"top\">\n<p align=\"center\">174.00<\/p>\n<\/td>\n<td valign=\"top\">\n<p align=\"center\">5.28<\/p>\n<\/td>\n<\/tr>\n<tr>\n<td valign=\"top\" width=\"11%\">\n<p align=\"center\"><strong>17.00<\/strong><\/p>\n<\/td>\n<td valign=\"top\" width=\"11%\">1 1\/2<\/td>\n<td valign=\"top\">\n<p align=\"center\">60.50<\/p>\n<\/td>\n<td valign=\"top\">\n<p align=\"center\">41.40<\/p>\n<\/td>\n<td valign=\"top\">\n<p align=\"center\">41.10<\/p>\n<\/td>\n<td valign=\"top\">\n<p align=\"center\">38.10<\/p>\n<\/td>\n<td valign=\"top\">\n<p align=\"center\">137.00<\/p>\n<\/td>\n<td valign=\"top\">\n<p align=\"center\">92.00<\/p>\n<\/td>\n<td valign=\"top\">\n<p align=\"center\">122.00<\/p>\n<\/td>\n<td valign=\"top\">\n<p align=\"center\">230.00<\/p>\n<\/td>\n<td valign=\"top\">\n<p align=\"center\">20.60<\/p>\n<\/td>\n<td valign=\"top\">\n<p align=\"center\">187.00<\/p>\n<\/td>\n<td valign=\"top\">\n<p align=\"center\">7.23<\/p>\n<\/td>\n<\/tr>\n<tr>\n<td valign=\"top\" width=\"11%\">\n<p align=\"center\"><strong>25.00<\/strong><\/p>\n<\/td>\n<td valign=\"top\" width=\"11%\">1 3\/4<\/td>\n<td valign=\"top\">\n<p align=\"center\">73.00<\/p>\n<\/td>\n<td valign=\"top\">\n<p align=\"center\">51.00<\/p>\n<\/td>\n<td valign=\"top\">\n<p align=\"center\">54.00<\/p>\n<\/td>\n<td valign=\"top\">\n<p align=\"center\">44.50<\/p>\n<\/td>\n<td valign=\"top\">\n<p align=\"center\">162.00<\/p>\n<\/td>\n<td valign=\"top\">\n<p align=\"center\">106.00<\/p>\n<\/td>\n<td valign=\"top\">\n<p align=\"center\">146.00<\/p>\n<\/td>\n<td valign=\"top\">\n<p align=\"center\">279.00<\/p>\n<\/td>\n<td valign=\"top\">\n<p align=\"center\">25.40<\/p>\n<\/td>\n<td valign=\"top\">\n<p align=\"center\">231.00<\/p>\n<\/td>\n<td valign=\"top\">\n<p align=\"center\">12.10<\/p>\n<\/td>\n<\/tr>\n<tr>\n<td valign=\"top\" width=\"11%\">\n<p align=\"center\"><strong>35.00<\/strong><\/p>\n<\/td>\n<td valign=\"top\" width=\"11%\">2<\/td>\n<td valign=\"top\">\n<p align=\"center\">82.50<\/p>\n<\/td>\n<td valign=\"top\">\n<p align=\"center\">57.00<\/p>\n<\/td>\n<td valign=\"top\">\n<p align=\"center\">51.00<\/p>\n<\/td>\n<td valign=\"top\">\n<p align=\"center\">51.00<\/p>\n<\/td>\n<td valign=\"top\">\n<p align=\"center\">184.00<\/p>\n<\/td>\n<td valign=\"top\">\n<p align=\"center\">122.00<\/p>\n<\/td>\n<td valign=\"top\">\n<p align=\"center\">172.00<\/p>\n<\/td>\n<td valign=\"top\">\n<p align=\"center\">312.00<\/p>\n<\/td>\n<td valign=\"top\">\n<p align=\"center\">31.00<\/p>\n<\/td>\n<td valign=\"top\">\n<p align=\"center\">263.00<\/p>\n<\/td>\n<td valign=\"top\">\n<p align=\"center\">19.20<\/p>\n<\/td>\n<\/tr>\n<tr>\n<td valign=\"top\" width=\"11%\">\n<p align=\"center\"><strong>55.00<\/strong><\/p>\n<\/td>\n<td valign=\"top\" width=\"11%\">2 1\/2<\/td>\n<td valign=\"top\">\n<p align=\"center\">105.00<\/p>\n<\/td>\n<td valign=\"top\">\n<p align=\"center\">70.00<\/p>\n<\/td>\n<td valign=\"top\">\n<p align=\"center\">66.50<\/p>\n<\/td>\n<td valign=\"top\">\n<p align=\"center\">66.50<\/p>\n<\/td>\n<td valign=\"top\">\n<p align=\"center\">238.00<\/p>\n<\/td>\n<td valign=\"top\">\n<p align=\"center\">145.00<\/p>\n<\/td>\n<td valign=\"top\">\n<p align=\"center\">203.00<\/p>\n<\/td>\n<td valign=\"top\">\n<p align=\"center\">377.00<\/p>\n<\/td>\n<td valign=\"top\">\n<p align=\"center\">35.10<\/p>\n<\/td>\n<td valign=\"top\">\n<p align=\"center\">330.00<\/p>\n<\/td>\n<td valign=\"top\">\n<p align=\"center\">32.50<\/p>\n<\/td>\n<\/tr>\n<\/tbody>\n<\/table>","protected":false},"excerpt":{"rendered":"<p><strong>\u0421\u043a\u043e\u0431\u0430 \u0442\u0430\u043a\u0435\u043b\u0430\u0436\u043d\u0430\u044f G210<\/strong><br \/>\n\u041e\u0446\u0438\u043d\u043a\u043e\u0432\u0430\u043d\u043d\u044b\u0439 \u043f\u0440\u044f\u043c\u043e\u0439 \u0442\u0430\u043a\u0435\u043b\u0430\u0436\u043d\u044b\u0439 \u0437\u0430\u0436\u0438\u043c \u0442\u0438\u043f\u0430 G210 \u0438\u0441\u043f\u043e\u043b\u044c\u0437\u0443\u0435\u0442\u0441\u044f \u043a\u0430\u043a \u0432\u0441\u043f\u043e\u043c\u043e\u0433\u0430\u0442\u0435\u043b\u044c\u043d\u043e\u0435 \u043f\u0440\u0438\u0441\u043f\u043e\u0441\u043e\u0431\u043b\u0435\u043d\u0438\u0435 \u0434\u043b\u044f \u0444\u0438\u043a\u0441\u0430\u0446\u0438\u0438 \u0438 \u043f\u0435\u0440\u0435\u043c\u0435\u0449\u0435\u043d\u0438\u044f \u0433\u0440\u0443\u0437\u043e\u0432. \u0412\u0438\u043d\u0442\u043e\u0432\u043e\u0435 \u0441\u043e\u0435\u0434\u0438\u043d\u0435\u043d\u0438\u0435 \u043e\u0431\u0435\u0441\u043f\u0435\u0447\u0438\u0432\u0430\u0435\u0442 \u0431\u044b\u0441\u0442\u0440\u044b\u0439 \u043c\u043e\u043d\u0442\u0430\u0436, \u043d\u043e \u043c\u0435\u043d\u0435\u0435 \u043d\u0430\u0434\u0435\u0436\u043d\u043e, \u0447\u0435\u043c \u0441\u043e\u0435\u0434\u0438\u043d\u0435\u043d\u0438\u0435 \u0441 \u043f\u043e\u043c\u043e\u0449\u044c\u044e \u0432\u0438\u043d\u0442\u0430, \u0433\u0430\u0439\u043a\u0438 \u0438 \u0445\u043e\u043c\u0443\u0442\u0430.<\/p>\n<p>\u0422\u0430\u043a\u0435\u043b\u0430\u0436\u043d\u044b\u0439 \u0437\u0430\u0436\u0438\u043c G210 \u0441\u043e\u043e\u0442\u0432\u0435\u0442\u0441\u0442\u0432\u0443\u0435\u0442 \u0441\u043e\u0432\u0440\u0435\u043c\u0435\u043d\u043d\u043e\u043c\u0443 \u0441\u0442\u0430\u043d\u0434\u0430\u0440\u0442\u0443 \u0414\u0421\u0422\u0423 EN 13889:2014, \u043e\u0441\u043d\u043e\u0432\u043d\u044b\u043c \u043e\u0442\u043b\u0438\u0447\u0438\u0435\u043c \u043a\u043e\u0442\u043e\u0440\u043e\u0433\u043e \u043e\u0442 \u0441\u043e\u0432\u0435\u0442\u0441\u043a\u0438\u0445 \u0441\u0442\u0430\u043d\u0434\u0430\u0440\u0442\u043e\u0432 \u044f\u0432\u043b\u044f\u0435\u0442\u0441\u044f \u0438\u0441\u043f\u043e\u043b\u044c\u0437\u043e\u0432\u0430\u043d\u0438\u0435 \u0432\u044b\u0441\u043e\u043a\u043e\u043b\u0435\u0433\u0438\u0440\u043e\u0432\u0430\u043d\u043d\u044b\u0445 \u0441\u0442\u0430\u043b\u0435\u0439, \u043f\u043e\u0437\u0432\u043e\u043b\u044f\u044e\u0449\u0438\u0445 \u0443\u043c\u0435\u043d\u044c\u0448\u0438\u0442\u044c \u0433\u0430\u0431\u0430\u0440\u0438\u0442\u044b \u0438 \u0432\u0435\u0441 \u0437\u0430\u0436\u0438\u043c\u0430 \u043f\u0440\u0438 \u0441\u043e\u0445\u0440\u0430\u043d\u0435\u043d\u0438\u0438 \u043f\u0440\u0435\u0436\u043d\u0435\u0439 \u0433\u0440\u0443\u0437\u043e\u043f\u043e\u0434\u044a\u0435\u043c\u043d\u043e\u0441\u0442\u0438.<\/p>\n<p>\u0412\u0441\u0435 \u0441\u043a\u043e\u0431\u044b \u0432 \u043e\u0431\u044f\u0437\u0430\u0442\u0435\u043b\u044c\u043d\u043e\u043c \u043f\u043e\u0440\u044f\u0434\u043a\u0435 \u043f\u0440\u043e\u0445\u043e\u0434\u044f\u0442 \u0438\u0441\u043f\u044b\u0442\u0430\u043d\u0438\u044f \u043d\u0430 \u0441\u0442\u0435\u043d\u0434\u0435, \u0441\u043e\u043f\u0440\u043e\u0432\u043e\u0436\u0434\u0430\u044e\u0442\u0441\u044f \u043f\u0430\u0441\u043f\u043e\u0440\u0442\u043e\u043c \u0438 \u0433\u0430\u0440\u0430\u043d\u0442\u0438\u0435\u0439.<\/p>","protected":false},"featured_media":6615,"comment_status":"open","ping_status":"closed","template":"","meta":[],"product_brand":[],"product_cat":[66],"product_tag":[],"class_list":{"0":"post-6614","1":"product","2":"type-product","3":"status-publish","4":"has-post-thumbnail","6":"product_cat-gambeti","8":"first","9":"instock","10":"shipping-taxable","11":"product-type-simple"},"_links":{"self":[{"href":"https:\/\/tros.md\/ru\/wp-json\/wp\/v2\/product\/6614","targetHints":{"allow":["GET"]}}],"collection":[{"href":"https:\/\/tros.md\/ru\/wp-json\/wp\/v2\/product"}],"about":[{"href":"https:\/\/tros.md\/ru\/wp-json\/wp\/v2\/types\/product"}],"replies":[{"embeddable":true,"href":"https:\/\/tros.md\/ru\/wp-json\/wp\/v2\/comments?post=6614"}],"wp:featuredmedia":[{"embeddable":true,"href":"https:\/\/tros.md\/ru\/wp-json\/wp\/v2\/media\/6615"}],"wp:attachment":[{"href":"https:\/\/tros.md\/ru\/wp-json\/wp\/v2\/media?parent=6614"}],"wp:term":[{"taxonomy":"product_brand","embeddable":true,"href":"https:\/\/tros.md\/ru\/wp-json\/wp\/v2\/product_brand?post=6614"},{"taxonomy":"product_cat","embeddable":true,"href":"https:\/\/tros.md\/ru\/wp-json\/wp\/v2\/product_cat?post=6614"},{"taxonomy":"product_tag","embeddable":true,"href":"https:\/\/tros.md\/ru\/wp-json\/wp\/v2\/product_tag?post=6614"}],"curies":[{"name":"wp","href":"https:\/\/api.w.org\/{rel}","templated":true}]}}