{"id":6612,"date":"2024-09-25T11:00:42","date_gmt":"2024-09-25T11:00:42","guid":{"rendered":"https:\/\/tros.md\/?post_type=product&#038;p=6612"},"modified":"2025-12-09T10:34:27","modified_gmt":"2025-12-09T10:34:27","slug":"clema-de-rigging-g209","status":"publish","type":"product","link":"https:\/\/tros.md\/ru\/product\/clema-de-rigging-g209\/","title":{"rendered":"Gambet tip Omega G209"},"content":{"rendered":"<p>Gambet tip Omega zincat, G209, este utilizat ca un accesoriu auxiliar de prindere pentru ridicarea \u0219i mutarea \u00eenc\u0103rc\u0103turilor. Conexiunea cu \u0219urub permite o instalare \u0219i demontare rapid\u0103 a clemei, \u00eens\u0103 nu ofer\u0103 aceea\u0219i siguran\u021b\u0103 ca conexiunea cu \u0219urub, piuli\u021b\u0103 \u0219i clem\u0103.<\/p>\n<p>Gambetii de tip Omega G209 respect\u0103 standardul modern \u0414\u0421\u0422\u0423 EN 13889:2014, diferen\u021ba principal\u0103 fa\u021b\u0103 de standardele sovietice fiind utilizarea o\u021belurilor de \u00eenalt\u0103 aliaje, ceea ce permite reducerea dimensiunilor \u0219i a greut\u0103\u021bii clemei, men\u021bin\u00e2nd \u00een acela\u0219i timp aceea\u0219i capacitate de \u00eenc\u0103rcare.<\/p>\n<p>Toti gambetii sunt supusi obligatoriu test\u0103rilor pe banc \u0219i sunt \u00eenso\u021bite de un certificat de calitate \u0219i o garan\u021bie de 6 luni.<\/p>\n<p>&nbsp;<\/p>\n<table border=\"1\" cellspacing=\"0\" cellpadding=\"0\">\n<tbody>\n<tr>\n<td rowspan=\"2\" valign=\"top\" width=\"12%\">\n<p align=\"center\"><strong>\u0413\u0440\u0443\u0437-\u0442\u044c, \u0442\u043d<\/strong><\/p>\n<\/td>\n<td rowspan=\"2\" valign=\"top\" width=\"12%\">\n<p align=\"center\"><strong>\u041e\u0431\u043e\u0437\u043d\u0430\u0447\u0435\u043d\u0438\u0435 \u0432 \u0434\u044e\u0439\u043c\u0430\u0445<\/strong><\/p>\n<p align=\"center\">\n<\/td>\n<td colspan=\"11\" valign=\"top\">\n<p align=\"center\"><strong>\u0420\u0430\u0437\u043c\u0435\u0440\u044b, \u043c\u043c<\/strong><\/p>\n<\/td>\n<td rowspan=\"2\" valign=\"top\">\n<p align=\"center\"><strong>\u041c\u0430\u0441\u0441\u0430, \u043a\u0433<\/strong><\/p>\n<\/td>\n<\/tr>\n<tr>\n<td valign=\"top\">\n<p align=\"center\"><strong>A<\/strong><\/p>\n<\/td>\n<td valign=\"top\">\n<p align=\"center\"><strong>B<\/strong><\/p>\n<\/td>\n<td valign=\"top\">\n<p align=\"center\"><strong>C<\/strong><\/p>\n<\/td>\n<td valign=\"top\">\n<p align=\"center\"><strong>D<\/strong><\/p>\n<\/td>\n<td valign=\"top\">\n<p align=\"center\"><strong>E<\/strong><\/p>\n<\/td>\n<td valign=\"top\">\n<p align=\"center\"><strong>F<\/strong><\/p>\n<\/td>\n<td valign=\"top\">\n<p align=\"center\"><strong>G<\/strong><\/p>\n<\/td>\n<td valign=\"top\">\n<p align=\"center\"><strong>H<\/strong><\/p>\n<\/td>\n<td valign=\"top\">\n<p align=\"center\"><strong>I<\/strong><\/p>\n<\/td>\n<td valign=\"top\">\n<p align=\"center\"><strong>M<\/strong><\/p>\n<\/td>\n<td valign=\"top\">\n<p align=\"center\"><strong>N<\/strong><\/p>\n<\/td>\n<\/tr>\n<tr>\n<td valign=\"top\" width=\"12%\">\n<p align=\"center\">0.50<\/p>\n<\/td>\n<td valign=\"top\" width=\"12%\">\n<p align=\"center\">1\/4<\/p>\n<\/td>\n<td valign=\"top\">\n<p align=\"center\">11.9<\/p>\n<\/td>\n<td valign=\"top\">\n<p align=\"center\">7.85<\/p>\n<\/td>\n<td valign=\"top\">\n<p align=\"center\">28.7<\/p>\n<\/td>\n<td valign=\"top\">\n<p align=\"center\">6.35<\/p>\n<\/td>\n<td valign=\"top\">\n<p align=\"center\">19.8<\/p>\n<\/td>\n<td valign=\"top\">\n<p align=\"center\">15.5<\/p>\n<\/td>\n<td valign=\"top\">\n<p align=\"center\">32.5<\/p>\n<\/td>\n<td valign=\"top\">\n<p align=\"center\">46.7<\/p>\n<\/td>\n<td valign=\"top\">\n<p align=\"center\">4.85<\/p>\n<\/td>\n<td valign=\"top\">\n<p align=\"center\">35.1<\/p>\n<\/td>\n<td valign=\"top\">\n<p align=\"center\">6.35<\/p>\n<\/td>\n<td valign=\"top\">\n<p align=\"center\">0.05<\/p>\n<\/td>\n<\/tr>\n<tr>\n<td valign=\"top\" width=\"12%\">\n<p align=\"center\">0.75<\/p>\n<\/td>\n<td valign=\"top\" width=\"12%\">\n<p align=\"center\">5\/16<\/p>\n<\/td>\n<td valign=\"top\">\n<p align=\"center\">13.5<\/p>\n<\/td>\n<td valign=\"top\">\n<p align=\"center\">9.65<\/p>\n<\/td>\n<td valign=\"top\">\n<p align=\"center\">31.0<\/p>\n<\/td>\n<td valign=\"top\">\n<p align=\"center\">7.85<\/p>\n<\/td>\n<td valign=\"top\">\n<p align=\"center\">21.3<\/p>\n<\/td>\n<td valign=\"top\">\n<p align=\"center\">19.1<\/p>\n<\/td>\n<td valign=\"top\">\n<p align=\"center\">37.3<\/p>\n<\/td>\n<td valign=\"top\">\n<p align=\"center\">53.0<\/p>\n<\/td>\n<td valign=\"top\">\n<p align=\"center\">5.60<\/p>\n<\/td>\n<td valign=\"top\">\n<p align=\"center\">42.2<\/p>\n<\/td>\n<td valign=\"top\">\n<p align=\"center\">7.85<\/p>\n<\/td>\n<td valign=\"top\">\n<p align=\"center\">0.09<\/p>\n<\/td>\n<\/tr>\n<tr>\n<td valign=\"top\" width=\"12%\">\n<p align=\"center\">1.00<\/p>\n<\/td>\n<td valign=\"top\" width=\"12%\">\n<p align=\"center\">3\/8<\/p>\n<\/td>\n<td valign=\"top\">\n<p align=\"center\">16.8<\/p>\n<\/td>\n<td valign=\"top\">\n<p align=\"center\">11.20<\/p>\n<\/td>\n<td valign=\"top\">\n<p align=\"center\">36.6<\/p>\n<\/td>\n<td valign=\"top\">\n<p align=\"center\">9.65<\/p>\n<\/td>\n<td valign=\"top\">\n<p align=\"center\">26.2<\/p>\n<\/td>\n<td valign=\"top\">\n<p align=\"center\">23.1<\/p>\n<\/td>\n<td valign=\"top\">\n<p align=\"center\">45.2<\/p>\n<\/td>\n<td valign=\"top\">\n<p align=\"center\">63.0<\/p>\n<\/td>\n<td valign=\"top\">\n<p align=\"center\">6.35<\/p>\n<\/td>\n<td valign=\"top\">\n<p align=\"center\">51.5<\/p>\n<\/td>\n<td valign=\"top\">\n<p align=\"center\">9.65<\/p>\n<\/td>\n<td valign=\"top\">\n<p align=\"center\">0.14<\/p>\n<\/td>\n<\/tr>\n<tr>\n<td valign=\"top\" width=\"12%\">\n<p align=\"center\">1.50<\/p>\n<\/td>\n<td valign=\"top\" width=\"12%\">\n<p align=\"center\">7\/16<\/p>\n<\/td>\n<td valign=\"top\">\n<p align=\"center\">19.1<\/p>\n<\/td>\n<td valign=\"top\">\n<p align=\"center\">12.70<\/p>\n<\/td>\n<td valign=\"top\">\n<p align=\"center\">42.9<\/p>\n<\/td>\n<td valign=\"top\">\n<p align=\"center\">11.20<\/p>\n<\/td>\n<td valign=\"top\">\n<p align=\"center\">29.5<\/p>\n<\/td>\n<td valign=\"top\">\n<p align=\"center\">26.9<\/p>\n<\/td>\n<td valign=\"top\">\n<p align=\"center\">51.5<\/p>\n<\/td>\n<td valign=\"top\">\n<p align=\"center\">74.0<\/p>\n<\/td>\n<td valign=\"top\">\n<p align=\"center\">7.85<\/p>\n<\/td>\n<td valign=\"top\">\n<p align=\"center\">60.5<\/p>\n<\/td>\n<td valign=\"top\">\n<p align=\"center\">11.20<\/p>\n<\/td>\n<td valign=\"top\">\n<p align=\"center\">0.17<\/p>\n<\/td>\n<\/tr>\n<tr>\n<td valign=\"top\" width=\"12%\">\n<p align=\"center\">2.00<\/p>\n<\/td>\n<td valign=\"top\" width=\"12%\">\n<p align=\"center\">1\/2<\/p>\n<\/td>\n<td valign=\"top\">\n<p align=\"center\">20.6<\/p>\n<\/td>\n<td valign=\"top\">\n<p align=\"center\">16.00<\/p>\n<\/td>\n<td valign=\"top\">\n<p align=\"center\">47.8<\/p>\n<\/td>\n<td valign=\"top\">\n<p align=\"center\">12.70<\/p>\n<\/td>\n<td valign=\"top\">\n<p align=\"center\">33.3<\/p>\n<\/td>\n<td valign=\"top\">\n<p align=\"center\">30.2<\/p>\n<\/td>\n<td valign=\"top\">\n<p align=\"center\">58.5<\/p>\n<\/td>\n<td valign=\"top\">\n<p align=\"center\">83.5<\/p>\n<\/td>\n<td valign=\"top\">\n<p align=\"center\">9.65<\/p>\n<\/td>\n<td valign=\"top\">\n<p align=\"center\">68.5<\/p>\n<\/td>\n<td valign=\"top\">\n<p align=\"center\">12.70<\/p>\n<\/td>\n<td valign=\"top\">\n<p align=\"center\">0.33<\/p>\n<\/td>\n<\/tr>\n<tr>\n<td valign=\"top\" width=\"12%\">\n<p align=\"center\">3.25<\/p>\n<\/td>\n<td valign=\"top\" width=\"12%\">\n<p align=\"center\">5\/8<\/p>\n<\/td>\n<td valign=\"top\">\n<p align=\"center\">26.9<\/p>\n<\/td>\n<td valign=\"top\">\n<p align=\"center\">19.10<\/p>\n<\/td>\n<td valign=\"top\">\n<p align=\"center\">60.5<\/p>\n<\/td>\n<td valign=\"top\">\n<p align=\"center\">16.00<\/p>\n<\/td>\n<td valign=\"top\">\n<p align=\"center\">42.9<\/p>\n<\/td>\n<td valign=\"top\">\n<p align=\"center\">38.1<\/p>\n<\/td>\n<td valign=\"top\">\n<p align=\"center\">74.5<\/p>\n<\/td>\n<td valign=\"top\">\n<p align=\"center\">106.0<\/p>\n<\/td>\n<td valign=\"top\">\n<p align=\"center\">11.20<\/p>\n<\/td>\n<td valign=\"top\">\n<p align=\"center\">85.0<\/p>\n<\/td>\n<td valign=\"top\">\n<p align=\"center\">17.50<\/p>\n<\/td>\n<td valign=\"top\">\n<p align=\"center\">0.62<\/p>\n<\/td>\n<\/tr>\n<tr>\n<td valign=\"top\" width=\"12%\">\n<p align=\"center\">4.75<\/p>\n<\/td>\n<td valign=\"top\" width=\"12%\">\n<p align=\"center\">3\/4<\/p>\n<\/td>\n<td valign=\"top\">\n<p align=\"center\">31.8<\/p>\n<\/td>\n<td valign=\"top\">\n<p align=\"center\">22.40<\/p>\n<\/td>\n<td valign=\"top\">\n<p align=\"center\">71.5<\/p>\n<\/td>\n<td valign=\"top\">\n<p align=\"center\">19.10<\/p>\n<\/td>\n<td valign=\"top\">\n<p align=\"center\">51.0<\/p>\n<\/td>\n<td valign=\"top\">\n<p align=\"center\">46.0<\/p>\n<\/td>\n<td valign=\"top\">\n<p align=\"center\">89.0<\/p>\n<\/td>\n<td valign=\"top\">\n<p align=\"center\">126.0<\/p>\n<\/td>\n<td valign=\"top\">\n<p align=\"center\">12.70<\/p>\n<\/td>\n<td valign=\"top\">\n<p align=\"center\">101.0<\/p>\n<\/td>\n<td valign=\"top\">\n<p align=\"center\">20.60<\/p>\n<\/td>\n<td valign=\"top\">\n<p align=\"center\">1.07<\/p>\n<\/td>\n<\/tr>\n<tr>\n<td valign=\"top\" width=\"12%\">\n<p align=\"center\">6.50<\/p>\n<\/td>\n<td valign=\"top\" width=\"12%\">\n<p align=\"center\">7\/8<\/p>\n<\/td>\n<td valign=\"top\">\n<p align=\"center\">36.6<\/p>\n<\/td>\n<td valign=\"top\">\n<p align=\"center\">25.40<\/p>\n<\/td>\n<td valign=\"top\">\n<p align=\"center\">84.0<\/p>\n<\/td>\n<td valign=\"top\">\n<p align=\"center\">22.40<\/p>\n<\/td>\n<td valign=\"top\">\n<p align=\"center\">58.0<\/p>\n<\/td>\n<td valign=\"top\">\n<p align=\"center\">53.0<\/p>\n<\/td>\n<td valign=\"top\">\n<p align=\"center\">102.0<\/p>\n<\/td>\n<td valign=\"top\">\n<p align=\"center\">148.0<\/p>\n<\/td>\n<td valign=\"top\">\n<p align=\"center\">12.70<\/p>\n<\/td>\n<td valign=\"top\">\n<p align=\"center\">114.0<\/p>\n<\/td>\n<td valign=\"top\">\n<p align=\"center\">24.60<\/p>\n<\/td>\n<td valign=\"top\">\n<p align=\"center\">1.64<\/p>\n<\/td>\n<\/tr>\n<tr>\n<td valign=\"top\" width=\"12%\">\n<p align=\"center\">8.50<\/p>\n<\/td>\n<td valign=\"top\" width=\"12%\">\n<p align=\"center\">1<\/p>\n<\/td>\n<td valign=\"top\">\n<p align=\"center\">42.9<\/p>\n<\/td>\n<td valign=\"top\">\n<p align=\"center\">28.70<\/p>\n<\/td>\n<td valign=\"top\">\n<p align=\"center\">95.5<\/p>\n<\/td>\n<td valign=\"top\">\n<p align=\"center\">25.40<\/p>\n<\/td>\n<td valign=\"top\">\n<p align=\"center\">68.5<\/p>\n<\/td>\n<td valign=\"top\">\n<p align=\"center\">60.5<\/p>\n<\/td>\n<td valign=\"top\">\n<p align=\"center\">119.0<\/p>\n<\/td>\n<td valign=\"top\">\n<p align=\"center\">167.0<\/p>\n<\/td>\n<td valign=\"top\">\n<p align=\"center\">14.20<\/p>\n<\/td>\n<td valign=\"top\">\n<p align=\"center\">129.0<\/p>\n<\/td>\n<td valign=\"top\">\n<p align=\"center\">26.90<\/p>\n<\/td>\n<td valign=\"top\">\n<p align=\"center\">2.28<\/p>\n<\/td>\n<\/tr>\n<tr>\n<td valign=\"top\" width=\"12%\">\n<p align=\"center\">9.50<\/p>\n<\/td>\n<td valign=\"top\" width=\"12%\">\n<p align=\"center\">1 1\/8<\/p>\n<\/td>\n<td valign=\"top\">\n<p align=\"center\">46.0<\/p>\n<\/td>\n<td valign=\"top\">\n<p align=\"center\">31.80<\/p>\n<\/td>\n<td valign=\"top\">\n<p align=\"center\">108.0<\/p>\n<\/td>\n<td valign=\"top\">\n<p align=\"center\">29.50<\/p>\n<\/td>\n<td valign=\"top\">\n<p align=\"center\">74.0<\/p>\n<\/td>\n<td valign=\"top\">\n<p align=\"center\">68.5<\/p>\n<\/td>\n<td valign=\"top\">\n<p align=\"center\">131.0<\/p>\n<\/td>\n<td valign=\"top\">\n<p align=\"center\">190.0<\/p>\n<\/td>\n<td valign=\"top\">\n<p align=\"center\">16.00<\/p>\n<\/td>\n<td valign=\"top\">\n<p align=\"center\">142.0<\/p>\n<\/td>\n<td valign=\"top\">\n<p align=\"center\">31.80<\/p>\n<\/td>\n<td valign=\"top\">\n<p align=\"center\">3.36<\/p>\n<\/td>\n<\/tr>\n<tr>\n<td valign=\"top\" width=\"12%\">\n<p align=\"center\">12.00<\/p>\n<\/td>\n<td valign=\"top\" width=\"12%\">\n<p align=\"center\">1 1\/4<\/p>\n<\/td>\n<td valign=\"top\">\n<p align=\"center\">51.5<\/p>\n<\/td>\n<td valign=\"top\">\n<p align=\"center\">35.10<\/p>\n<\/td>\n<td valign=\"top\">\n<p align=\"center\">119.0<\/p>\n<\/td>\n<td valign=\"top\">\n<p align=\"center\">32.80<\/p>\n<\/td>\n<td valign=\"top\">\n<p align=\"center\">92.5<\/p>\n<\/td>\n<td valign=\"top\">\n<p align=\"center\">76.0<\/p>\n<\/td>\n<td valign=\"top\">\n<p align=\"center\">146.0<\/p>\n<\/td>\n<td valign=\"top\">\n<p align=\"center\">210.0<\/p>\n<\/td>\n<td valign=\"top\">\n<p align=\"center\">17.50<\/p>\n<\/td>\n<td valign=\"top\">\n<p align=\"center\">156.0<\/p>\n<\/td>\n<td valign=\"top\">\n<p align=\"center\">35.10<\/p>\n<\/td>\n<td valign=\"top\">\n<p align=\"center\">4.31<\/p>\n<\/td>\n<\/tr>\n<tr>\n<td valign=\"top\" width=\"12%\">\n<p align=\"center\">13.50<\/p>\n<\/td>\n<td valign=\"top\" width=\"12%\">\n<p align=\"center\">1 3\/8<\/p>\n<\/td>\n<td valign=\"top\">\n<p align=\"center\">57.0<\/p>\n<\/td>\n<td valign=\"top\">\n<p align=\"center\">38.10<\/p>\n<\/td>\n<td valign=\"top\">\n<p align=\"center\">133.0<\/p>\n<\/td>\n<td valign=\"top\">\n<p align=\"center\">36.10<\/p>\n<\/td>\n<td valign=\"top\">\n<p align=\"center\">92.0<\/p>\n<\/td>\n<td valign=\"top\">\n<p align=\"center\">84.0<\/p>\n<\/td>\n<td valign=\"top\">\n<p align=\"center\">162.0<\/p>\n<\/td>\n<td valign=\"top\">\n<p align=\"center\">233.0<\/p>\n<\/td>\n<td valign=\"top\">\n<p align=\"center\">19.10<\/p>\n<\/td>\n<td valign=\"top\">\n<p align=\"center\">174.0<\/p>\n<\/td>\n<td valign=\"top\">\n<p align=\"center\">38.10<\/p>\n<\/td>\n<td valign=\"top\">\n<p align=\"center\">6.14<\/p>\n<\/td>\n<\/tr>\n<tr>\n<td valign=\"top\" width=\"12%\">\n<p align=\"center\">17.00<\/p>\n<\/td>\n<td valign=\"top\" width=\"12%\">\n<p align=\"center\">1 1\/2<\/p>\n<\/td>\n<td valign=\"top\">\n<p align=\"center\">60.5<\/p>\n<\/td>\n<td valign=\"top\">\n<p align=\"center\">41.40<\/p>\n<\/td>\n<td valign=\"top\">\n<p align=\"center\">146.0<\/p>\n<\/td>\n<td valign=\"top\">\n<p align=\"center\">39.10<\/p>\n<\/td>\n<td valign=\"top\">\n<p align=\"center\">98.5<\/p>\n<\/td>\n<td valign=\"top\">\n<p align=\"center\">92.0<\/p>\n<\/td>\n<td valign=\"top\">\n<p align=\"center\">175.0<\/p>\n<\/td>\n<td valign=\"top\">\n<p align=\"center\">254.0<\/p>\n<\/td>\n<td valign=\"top\">\n<p align=\"center\">20.60<\/p>\n<\/td>\n<td valign=\"top\">\n<p align=\"center\">187.0<\/p>\n<\/td>\n<td valign=\"top\">\n<p align=\"center\">41.10<\/p>\n<\/td>\n<td valign=\"top\">\n<p align=\"center\">7.80<\/p>\n<\/td>\n<\/tr>\n<tr>\n<td valign=\"top\" width=\"12%\">\n<p align=\"center\">25.00<\/p>\n<\/td>\n<td valign=\"top\" width=\"12%\">\n<p align=\"center\">1 3\/4<\/p>\n<\/td>\n<td valign=\"top\">\n<p align=\"center\">73.0<\/p>\n<\/td>\n<td valign=\"top\">\n<p align=\"center\">51.00<\/p>\n<\/td>\n<td valign=\"top\">\n<p align=\"center\">178.0<\/p>\n<\/td>\n<td valign=\"top\">\n<p align=\"center\">46.70<\/p>\n<\/td>\n<td valign=\"top\">\n<p align=\"center\">127.0<\/p>\n<\/td>\n<td valign=\"top\">\n<p align=\"center\">106.0<\/p>\n<\/td>\n<td valign=\"top\">\n<p align=\"center\">225.0<\/p>\n<\/td>\n<td valign=\"top\">\n<p align=\"center\">313.0<\/p>\n<\/td>\n<td valign=\"top\">\n<p align=\"center\">25.40<\/p>\n<\/td>\n<td valign=\"top\">\n<p align=\"center\">231.0<\/p>\n<\/td>\n<td valign=\"top\">\n<p align=\"center\">57.00<\/p>\n<\/td>\n<td valign=\"top\">\n<p align=\"center\">12.60<\/p>\n<\/td>\n<\/tr>\n<tr>\n<td valign=\"top\" width=\"12%\">\n<p align=\"center\">35.00<\/p>\n<\/td>\n<td valign=\"top\" width=\"12%\">\n<p align=\"center\">2<\/p>\n<\/td>\n<td valign=\"top\">\n<p align=\"center\">82.5<\/p>\n<\/td>\n<td valign=\"top\">\n<p align=\"center\">57.00<\/p>\n<\/td>\n<td valign=\"top\">\n<p align=\"center\">197.0<\/p>\n<\/td>\n<td valign=\"top\">\n<p align=\"center\">53.00<\/p>\n<\/td>\n<td valign=\"top\">\n<p align=\"center\">146.0<\/p>\n<\/td>\n<td valign=\"top\">\n<p align=\"center\">122.0<\/p>\n<\/td>\n<td valign=\"top\">\n<p align=\"center\">253.0<\/p>\n<\/td>\n<td valign=\"top\">\n<p align=\"center\">348.0<\/p>\n<\/td>\n<td valign=\"top\">\n<p align=\"center\">31.00<\/p>\n<\/td>\n<td valign=\"top\">\n<p align=\"center\">263.0<\/p>\n<\/td>\n<td valign=\"top\">\n<p align=\"center\">61.00<\/p>\n<\/td>\n<td valign=\"top\">\n<p align=\"center\">20.40<\/p>\n<\/td>\n<\/tr>\n<tr>\n<td valign=\"top\" width=\"12%\">\n<p align=\"center\">55.00<\/p>\n<\/td>\n<td valign=\"top\" width=\"12%\">\n<p align=\"center\">2 1\/2<\/p>\n<\/td>\n<td valign=\"top\">\n<p align=\"center\">105.0<\/p>\n<\/td>\n<td valign=\"top\">\n<p align=\"center\">70.00<\/p>\n<\/td>\n<td valign=\"top\">\n<p align=\"center\">267.0<\/p>\n<\/td>\n<td valign=\"top\">\n<p align=\"center\">69.00<\/p>\n<\/td>\n<td valign=\"top\">\n<p align=\"center\">184.0<\/p>\n<\/td>\n<td valign=\"top\">\n<p align=\"center\">145.0<\/p>\n<\/td>\n<td valign=\"top\">\n<p align=\"center\">327.0<\/p>\n<\/td>\n<td valign=\"top\">\n<p align=\"center\">453.0<\/p>\n<\/td>\n<td valign=\"top\">\n<p align=\"center\">35.10<\/p>\n<\/td>\n<td valign=\"top\">\n<p align=\"center\">330.0<\/p>\n<\/td>\n<td valign=\"top\">\n<p align=\"center\">79.50<\/p>\n<\/td>\n<td valign=\"top\">\n<p align=\"center\">38.90<\/p>\n<\/td>\n<\/tr>\n<\/tbody>\n<\/table>","protected":false},"excerpt":{"rendered":"<p><strong>Gambet tip Omega G209<\/strong><br \/>\n<strong>\u0422\u0438\u043f \u0441\u043a\u043e\u0431\u044b:<\/strong> \u043e\u043c\u0435\u0433\u0430\u043e\u0431\u0440\u0430\u0437\u043d\u0430\u044f, \u0432\u0438\u043d\u0442.<br \/>\n<strong>\u041a\u043e\u044d\u0444\u0444\u0438\u0446\u0438\u0435\u043d\u0442 \u0431\u0435\u0437\u043e\u043f\u0430\u0441\u043d\u043e\u0441\u0442\u0438:<\/strong> 6:1<br \/>\n<strong>\u041c\u0430\u0442\u0435\u0440\u0438\u0430\u043b \u0438\u0437\u0433\u043e\u0442\u043e\u0432\u043b\u0435\u043d\u0438\u044f:<\/strong> o\u021bel de \u00eenalt\u0103 rezisten\u021b\u0103<br \/>\n<strong>\u041f\u043e\u043a\u0440\u044b\u0442\u0438\u0435:<\/strong> \u043e\u0446\u0438\u043d\u043a\u043e\u0432\u0430\u043d\u043d\u043e\u0435.<br \/>\n<strong>\u0421\u0442\u0430\u043d\u0434\u0430\u0440\u0442:<\/strong> \u0414\u0421\u0422\u0423 EN 13889:2014.<br \/>\n<strong>\u0421\u0435\u0440\u0442\u0438\u0444\u0438\u043a\u0430\u0442 \u043a\u0430\u0447\u0435\u0441\u0442\u0432\u0430:<\/strong> \u0421\u043e\u043f\u0440\u043e\u0432\u043e\u0436\u0434\u0430\u0435\u0442\u0441\u044f \u0441\u0435\u0440\u0442\u0438\u0444\u0438\u043a\u0430\u0442\u043e\u043c \u043a\u0430\u0447\u0435\u0441\u0442\u0432\u0430.<br \/>\n<strong>\u0413\u0430\u0440\u0430\u043d\u0442\u0438\u044f:<\/strong> 6 \u043c\u0435\u0441\u044f\u0446\u0435\u0432.<\/p>","protected":false},"featured_media":6613,"comment_status":"open","ping_status":"closed","template":"","meta":[],"product_brand":[],"product_cat":[66],"product_tag":[],"class_list":{"0":"post-6612","1":"product","2":"type-product","3":"status-publish","4":"has-post-thumbnail","6":"product_cat-gambeti","8":"first","9":"instock","10":"shipping-taxable","11":"purchasable","12":"product-type-variable"},"_links":{"self":[{"href":"https:\/\/tros.md\/ru\/wp-json\/wp\/v2\/product\/6612","targetHints":{"allow":["GET"]}}],"collection":[{"href":"https:\/\/tros.md\/ru\/wp-json\/wp\/v2\/product"}],"about":[{"href":"https:\/\/tros.md\/ru\/wp-json\/wp\/v2\/types\/product"}],"replies":[{"embeddable":true,"href":"https:\/\/tros.md\/ru\/wp-json\/wp\/v2\/comments?post=6612"}],"wp:featuredmedia":[{"embeddable":true,"href":"https:\/\/tros.md\/ru\/wp-json\/wp\/v2\/media\/6613"}],"wp:attachment":[{"href":"https:\/\/tros.md\/ru\/wp-json\/wp\/v2\/media?parent=6612"}],"wp:term":[{"taxonomy":"product_brand","embeddable":true,"href":"https:\/\/tros.md\/ru\/wp-json\/wp\/v2\/product_brand?post=6612"},{"taxonomy":"product_cat","embeddable":true,"href":"https:\/\/tros.md\/ru\/wp-json\/wp\/v2\/product_cat?post=6612"},{"taxonomy":"product_tag","embeddable":true,"href":"https:\/\/tros.md\/ru\/wp-json\/wp\/v2\/product_tag?post=6612"}],"curies":[{"name":"wp","href":"https:\/\/api.w.org\/{rel}","templated":true}]}}