{"id":6589,"date":"2024-09-25T11:00:20","date_gmt":"2024-09-25T11:00:20","guid":{"rendered":"https:\/\/tros.md\/?post_type=product&#038;p=6589"},"modified":"2025-12-09T13:51:18","modified_gmt":"2025-12-09T13:51:18","slug":"zavor-oval-a343-sl-33","status":"publish","type":"product","link":"https:\/\/tros.md\/ru\/product\/zavor-oval-a343-sl-33\/","title":{"rendered":"\u0417\u0432\u0435\u043d\u043e \u043e\u0432\u0430\u043b\u044c\u043d\u043e\u0435 A343 (SL-33)"},"content":{"rendered":"<p>Inel simplu este utilizat ca element principal sau de leg\u0103tur\u0103 \u00een dispozitive de ridicare de diferite tipuri. Acesta este fabricat din o\u021bel de \u00eenalt\u0103 rezisten\u021b\u0103 \u0219i are un coeficient de siguran\u021b\u0103 de 4:1. Conform\u0103 cu standardul DSTU EN 1677-4:2017, asigur\u00e2nd o fiabilitate ridicat\u0103 \u00een lucrarile de ridicare \u0219i manipulare a \u00eenc\u0103rc\u0103turilor.<\/p>\n<table border=\"1\" cellspacing=\"0\" cellpadding=\"0\">\n<tbody>\n<tr>\n<td rowspan=\"2\">\n<p align=\"center\"><strong>\u041e\u0431\u043e\u0437\u043d\u0430\u0447\u0435\u043d\u0438\u0435<\/strong><\/p>\n<\/td>\n<td rowspan=\"2\">\n<p align=\"center\"><strong>\u0420\u0430\u0431\u043e\u0447\u0430\u044f \u043d\u0430\u0433\u0440\u0443\u0437\u043a\u0430, \u0442\u043d<\/strong><\/p>\n<\/td>\n<td valign=\"top\">\n<p align=\"center\"><strong>A<\/strong><\/p>\n<\/td>\n<td valign=\"top\">\n<p align=\"center\"><strong>B<\/strong><\/p>\n<\/td>\n<td valign=\"top\">\n<p align=\"center\"><strong>D<\/strong><\/p>\n<\/td>\n<td rowspan=\"2\" valign=\"top\">\n<p align=\"center\"><strong>\u041c\u0430\u0441\u0441\u0430 1 \u0448\u0442,\u00a0<\/strong><\/p>\n<p align=\"center\"><strong>\u043a\u0433<\/strong><\/p>\n<\/td>\n<\/tr>\n<tr>\n<td valign=\"top\">\n<p align=\"center\"><strong>\u043c\u043c<\/strong><\/p>\n<\/td>\n<td valign=\"top\">\n<p align=\"center\"><strong>\u043c\u043c<\/strong><\/p>\n<\/td>\n<td valign=\"top\">\n<p align=\"center\"><strong>\u043c\u043c<\/strong><\/p>\n<\/td>\n<\/tr>\n<tr>\n<td valign=\"top\">\n<p align=\"center\">6-8<\/p>\n<\/td>\n<td valign=\"top\">\n<p align=\"center\">1.60<\/p>\n<\/td>\n<td valign=\"top\">\n<p align=\"center\">110.0<\/p>\n<\/td>\n<td valign=\"top\">\n<p align=\"center\">60.0<\/p>\n<\/td>\n<td valign=\"top\">\n<p align=\"center\">14.0<\/p>\n<\/td>\n<td valign=\"top\">\n<p align=\"center\">0.34<\/p>\n<\/td>\n<\/tr>\n<tr>\n<td valign=\"top\">\n<p align=\"center\">7-8<\/p>\n<\/td>\n<td valign=\"top\">\n<p align=\"center\">2.00<\/p>\n<\/td>\n<td valign=\"top\">\n<p align=\"center\">110.0<\/p>\n<\/td>\n<td valign=\"top\">\n<p align=\"center\">60.0<\/p>\n<\/td>\n<td valign=\"top\">\n<p align=\"center\">16.0<\/p>\n<\/td>\n<td valign=\"top\">\n<p align=\"center\">0.53<\/p>\n<\/td>\n<\/tr>\n<tr>\n<td valign=\"top\">\n<p align=\"center\">8-8<\/p>\n<\/td>\n<td valign=\"top\">\n<p align=\"center\">3.15<\/p>\n<\/td>\n<td valign=\"top\">\n<p align=\"center\">135.0<\/p>\n<\/td>\n<td valign=\"top\">\n<p align=\"center\">75.0<\/p>\n<\/td>\n<td valign=\"top\">\n<p align=\"center\">18.0<\/p>\n<\/td>\n<td valign=\"top\">\n<p align=\"center\">0.83<\/p>\n<\/td>\n<\/tr>\n<tr>\n<td valign=\"top\">\n<p align=\"center\">10-8<\/p>\n<\/td>\n<td valign=\"top\">\n<p align=\"center\">5.30<\/p>\n<\/td>\n<td valign=\"top\">\n<p align=\"center\">160.0<\/p>\n<\/td>\n<td valign=\"top\">\n<p align=\"center\">90.0<\/p>\n<\/td>\n<td valign=\"top\">\n<p align=\"center\">22.0<\/p>\n<\/td>\n<td valign=\"top\">\n<p align=\"center\">1.45<\/p>\n<\/td>\n<\/tr>\n<tr>\n<td valign=\"top\">\n<p align=\"center\">13-8<\/p>\n<\/td>\n<td valign=\"top\">\n<p align=\"center\">8.00<\/p>\n<\/td>\n<td valign=\"top\">\n<p align=\"center\">180.0<\/p>\n<\/td>\n<td valign=\"top\">\n<p align=\"center\">100.0<\/p>\n<\/td>\n<td valign=\"top\">\n<p align=\"center\">26.0<\/p>\n<\/td>\n<td valign=\"top\">\n<p align=\"center\">2.33<\/p>\n<\/td>\n<\/tr>\n<tr>\n<td valign=\"top\">\n<p align=\"center\">16-8<\/p>\n<\/td>\n<td valign=\"top\">\n<p align=\"center\">11.20<\/p>\n<\/td>\n<td valign=\"top\">\n<p align=\"center\">200.0<\/p>\n<\/td>\n<td valign=\"top\">\n<p align=\"center\">110.0<\/p>\n<\/td>\n<td valign=\"top\">\n<p align=\"center\">32.0<\/p>\n<\/td>\n<td valign=\"top\">\n<p align=\"center\">3.94<\/p>\n<\/td>\n<\/tr>\n<tr>\n<td valign=\"top\">\n<p align=\"center\">18-8<\/p>\n<\/td>\n<td valign=\"top\">\n<p align=\"center\">14.00<\/p>\n<\/td>\n<td valign=\"top\">\n<p align=\"center\">260.0<\/p>\n<\/td>\n<td valign=\"top\">\n<p align=\"center\">140.0<\/p>\n<\/td>\n<td valign=\"top\">\n<p align=\"center\">36.0<\/p>\n<\/td>\n<td valign=\"top\">\n<p align=\"center\">6.16<\/p>\n<\/td>\n<\/tr>\n<tr>\n<td valign=\"top\">\n<p align=\"center\">20-8<\/p>\n<\/td>\n<td valign=\"top\">\n<p align=\"center\">17.00<\/p>\n<\/td>\n<td valign=\"top\">\n<p align=\"center\">300.0<\/p>\n<\/td>\n<td valign=\"top\">\n<p align=\"center\">160.0<\/p>\n<\/td>\n<td valign=\"top\">\n<p align=\"center\">40.0<\/p>\n<\/td>\n<td valign=\"top\">\n<p align=\"center\">9.0<\/p>\n<\/td>\n<\/tr>\n<tr>\n<td valign=\"top\">\n<p align=\"center\">22-8<\/p>\n<\/td>\n<td valign=\"top\">\n<p align=\"center\">21.20<\/p>\n<\/td>\n<td valign=\"top\">\n<p align=\"center\">340.0<\/p>\n<\/td>\n<td valign=\"top\">\n<p align=\"center\">180.0<\/p>\n<\/td>\n<td valign=\"top\">\n<p align=\"center\">45.0<\/p>\n<\/td>\n<td valign=\"top\">\n<p align=\"center\">12.8<\/p>\n<\/td>\n<\/tr>\n<tr>\n<td valign=\"top\">\n<p align=\"center\">22-8*<\/p>\n<\/td>\n<td valign=\"top\">\n<p align=\"center\">28.40<\/p>\n<\/td>\n<td valign=\"top\">\n<p align=\"center\">305.0<\/p>\n<\/td>\n<td valign=\"top\">\n<p align=\"center\">152.0<\/p>\n<\/td>\n<td valign=\"top\">\n<p align=\"center\">45.0<\/p>\n<\/td>\n<td valign=\"top\">\n<p align=\"center\">11.5<\/p>\n<\/td>\n<\/tr>\n<tr>\n<td valign=\"top\">\n<p align=\"center\">26-8<\/p>\n<\/td>\n<td valign=\"top\">\n<p align=\"center\">31.50<\/p>\n<\/td>\n<td valign=\"top\">\n<p align=\"center\">350.0<\/p>\n<\/td>\n<td valign=\"top\">\n<p align=\"center\">190.0<\/p>\n<\/td>\n<td valign=\"top\">\n<p align=\"center\">50.0<\/p>\n<\/td>\n<td valign=\"top\">\n<p align=\"center\">17.2<\/p>\n<\/td>\n<\/tr>\n<tr>\n<td valign=\"top\">\n<p align=\"center\">26-8*<\/p>\n<\/td>\n<td valign=\"top\">\n<p align=\"center\">35.50<\/p>\n<\/td>\n<td valign=\"top\">\n<p align=\"center\">350.0<\/p>\n<\/td>\n<td valign=\"top\">\n<p align=\"center\">190.0<\/p>\n<\/td>\n<td valign=\"top\">\n<p align=\"center\">51.0<\/p>\n<\/td>\n<td valign=\"top\">\n<p align=\"center\">17.2<\/p>\n<\/td>\n<\/tr>\n<tr>\n<td valign=\"top\">\n<p align=\"center\">32-8*<\/p>\n<\/td>\n<td valign=\"top\">\n<p align=\"center\">40.00<\/p>\n<\/td>\n<td valign=\"top\">\n<p align=\"center\">410.0<\/p>\n<\/td>\n<td valign=\"top\">\n<p align=\"center\">210.0<\/p>\n<\/td>\n<td valign=\"top\">\n<p align=\"center\">56.0<\/p>\n<\/td>\n<td valign=\"top\">\n<p align=\"center\">24.0<\/p>\n<\/td>\n<\/tr>\n<tr>\n<td valign=\"top\">\n<p align=\"center\">32-8**<\/p>\n<\/td>\n<td valign=\"top\">\n<p align=\"center\">44.30<\/p>\n<\/td>\n<td valign=\"top\">\n<p align=\"center\">355.0<\/p>\n<\/td>\n<td valign=\"top\">\n<p align=\"center\">178.0<\/p>\n<\/td>\n<td valign=\"top\">\n<p align=\"center\">51.0<\/p>\n<\/td>\n<td valign=\"top\">\n<p align=\"center\">16.5<\/p>\n<\/td>\n<\/tr>\n<tr>\n<td valign=\"top\">\n<p align=\"center\">32-8<\/p>\n<\/td>\n<td valign=\"top\">\n<p align=\"center\">45.00<\/p>\n<\/td>\n<td valign=\"top\">\n<p align=\"center\">400.0<\/p>\n<\/td>\n<td valign=\"top\">\n<p align=\"center\">200.0<\/p>\n<\/td>\n<td valign=\"top\">\n<p align=\"center\">56.0<\/p>\n<\/td>\n<td valign=\"top\">\n<p align=\"center\">24.0<\/p>\n<\/td>\n<\/tr>\n<tr>\n<td valign=\"top\">\n<p align=\"center\">36-8<\/p>\n<\/td>\n<td valign=\"top\">\n<p align=\"center\">65.00<\/p>\n<\/td>\n<td valign=\"top\">\n<p align=\"center\">406.0<\/p>\n<\/td>\n<td valign=\"top\">\n<p align=\"center\">263.0<\/p>\n<\/td>\n<td valign=\"top\">\n<p align=\"center\">57.0<\/p>\n<\/td>\n<td valign=\"top\">\n<p align=\"center\">24.6<\/p>\n<\/td>\n<\/tr>\n<tr>\n<td valign=\"top\">\n<p align=\"center\">36-8*<\/p>\n<\/td>\n<td valign=\"top\">\n<p align=\"center\">66.80<\/p>\n<\/td>\n<td valign=\"top\">\n<p align=\"center\">406.0<\/p>\n<\/td>\n<td valign=\"top\">\n<p align=\"center\">203.0<\/p>\n<\/td>\n<td valign=\"top\">\n<p align=\"center\">63.0<\/p>\n<\/td>\n<td valign=\"top\">\n<p align=\"center\">31.0<\/p>\n<\/td>\n<\/tr>\n<\/tbody>\n<\/table>","protected":false},"excerpt":{"rendered":"<p><strong>Tip: Inel simplu pentru toate tipurile de dispozitive de ridicare<br \/>\n<\/strong><strong>\u041a\u043e\u044d\u0444\u0444\u0438\u0446\u0438\u0435\u043d\u0442  \u043f\u0440\u043e\u0447\u043d\u043e\u0441\u0442\u0438: 4:1;<br \/>\n<\/strong><strong>\u041c\u0430\u0442\u0435\u0440\u0438\u0430\u043b \u0438\u0437\u0433\u043e\u0442\u043e\u0432\u043b\u0435\u043d\u0438\u044f: \u0432\u044b\u0441\u043e\u043a\u043e\u043f\u0440\u043e\u0447\u043d\u0430\u044f \u0441\u0442\u0430\u043b\u044c;<br \/>\n<\/strong><strong>\u0421\u0442\u0430\u043d\u0434\u0430\u0440\u0442: \u0414\u0421\u0422\u0423 EN 1677-4:2017;<br \/>\n<\/strong><strong>\u0421\u043e\u043f\u0440\u043e\u0432\u043e\u0436\u0434\u0430\u0435\u0442\u0441\u044f \u0441\u0435\u0440\u0442\u0438\u0444\u0438\u043a\u0430\u0442\u043e\u043c \u043a\u0430\u0447\u0435\u0441\u0442\u0432\u0430;<br \/>\n<\/strong><strong>\u0413\u0430\u0440\u0430\u043d\u0442\u0438\u044f: 6 \u043c\u0435\u0441\u044f\u0446\u0435\u0432.<br \/>\n<\/strong><strong>\u041f\u0440\u043e\u0438\u0437\u0432\u043e\u0434\u0438\u0442\u0435\u043b\u044c: \u041a\u0438\u0442\u0430\u0439<\/strong><\/p>","protected":false},"featured_media":6590,"comment_status":"open","ping_status":"closed","template":"","meta":[],"product_brand":[],"product_cat":[84],"product_tag":[],"class_list":{"0":"post-6589","1":"product","2":"type-product","3":"status-publish","4":"has-post-thumbnail","6":"product_cat-inele","8":"first","9":"instock","10":"shipping-taxable","11":"purchasable","12":"product-type-variable"},"_links":{"self":[{"href":"https:\/\/tros.md\/ru\/wp-json\/wp\/v2\/product\/6589","targetHints":{"allow":["GET"]}}],"collection":[{"href":"https:\/\/tros.md\/ru\/wp-json\/wp\/v2\/product"}],"about":[{"href":"https:\/\/tros.md\/ru\/wp-json\/wp\/v2\/types\/product"}],"replies":[{"embeddable":true,"href":"https:\/\/tros.md\/ru\/wp-json\/wp\/v2\/comments?post=6589"}],"wp:featuredmedia":[{"embeddable":true,"href":"https:\/\/tros.md\/ru\/wp-json\/wp\/v2\/media\/6590"}],"wp:attachment":[{"href":"https:\/\/tros.md\/ru\/wp-json\/wp\/v2\/media?parent=6589"}],"wp:term":[{"taxonomy":"product_brand","embeddable":true,"href":"https:\/\/tros.md\/ru\/wp-json\/wp\/v2\/product_brand?post=6589"},{"taxonomy":"product_cat","embeddable":true,"href":"https:\/\/tros.md\/ru\/wp-json\/wp\/v2\/product_cat?post=6589"},{"taxonomy":"product_tag","embeddable":true,"href":"https:\/\/tros.md\/ru\/wp-json\/wp\/v2\/product_tag?post=6589"}],"curies":[{"name":"wp","href":"https:\/\/api.w.org\/{rel}","templated":true}]}}