{"id":6583,"date":"2024-09-25T11:00:14","date_gmt":"2024-09-25T11:00:14","guid":{"rendered":"https:\/\/tros.md\/?post_type=product&#038;p=6583"},"modified":"2025-12-09T09:51:56","modified_gmt":"2025-12-09T09:51:56","slug":"lant-de-incarcare-clasa-8","status":"publish","type":"product","link":"https:\/\/tros.md\/ru\/product\/lant-de-incarcare-clasa-8\/","title":{"rendered":"\u0426\u0435\u043f\u044c \u0433\u0440\u0443\u0437\u043e\u0432\u0430\u044f 8 \u043a\u043b\u0430\u0441\u0441"},"content":{"rendered":"<p>Lan\u021bul de \u00eenc\u0103rcare cu ochiuri rotunde din clasa 8 de rezisten\u021b\u0103 (Grade 80) este utilizat pentru fabricarea dispozitivelor de ridicare din lan\u021b din clasa 8, a sistemelor de str\u00e2ngere a lan\u021burilor, a palanelor manuale cu lan\u021b \u0219i poate servi ca lan\u021b antifurt pentru biciclete \u0219i motociclete, precum \u0219i pentru alte scopuri gospod\u0103re\u0219ti. Datorit\u0103 utiliz\u0103rii o\u021belului aliat de \u00eenalt\u0103 rezisten\u021b\u0103 \u00een fabricarea lan\u021bului de \u00eenc\u0103rcare, acesta ofer\u0103 o rezisten\u021b\u0103 ridicat\u0103, av\u00e2nd \u00een acela\u0219i timp o greutate redus\u0103 \u0219i dimensiuni compacte. Conform standardelor DSTU EN 818-2-2017 \u0219i DIN 5687, lan\u021bul este f\u0103r\u0103 acoperire, negru, c\u0103lit \u0219i uns cu ulei.<\/p>\n<p class=\"translation-block\">\u0412\u0430\u0436\u043d\u043e! \u0415\u0441\u043b\u0438 \u0446\u0435\u043f\u044c \u044d\u043a\u0441\u043f\u043b\u0443\u0430\u0442\u0438\u0440\u0443\u0435\u0442\u0441\u044f \u043f\u0440\u0438 \u0442\u0435\u043c\u043f\u0435\u0440\u0430\u0442\u0443\u0440\u0435 \u0432\u044b\u0448\u0435 200 \u0433\u0440\u0430\u0434\u0443\u0441\u043e\u0432, \u0442\u043e \u0434\u043e\u043f\u0443\u0441\u0442\u0438\u043c\u0443\u044e \u043d\u0430\u0433\u0440\u0443\u0437\u043a\u0443 \u0441\u043b\u0435\u0434\u0443\u0435\u0442 \u0443\u043c\u0435\u043d\u044c\u0448\u0438\u0442\u044c \u043d\u0430 25%. \u0415\u0441\u043b\u0438 \u0442\u0435\u043c\u043f\u0435\u0440\u0430\u0442\u0443\u0440\u0430 \u0432\u044b\u0448\u0435 300 \u0433\u0440\u0430\u0434\u0443\u0441\u043e\u0432, \u0442\u043e\u0433\u0434\u0430 \u0441\u043b\u0435\u0434\u0443\u0435\u0442 \u0443\u043c\u0435\u043d\u044c\u0448\u0438\u0442\u044c \u043d\u0430 50%.<\/p>\n<table border=\"1\" cellspacing=\"0\" cellpadding=\"0\">\n<tbody>\n<tr>\n<td rowspan=\"2\" width=\"15%\">\n<p align=\"center\"><strong>\u041e\u0431\u043e\u0437\u043d\u0430\u0447\u0435\u043d\u0438\u0435<\/strong><\/p>\n<p align=\"center\"><strong>\u00a0<\/strong><\/p>\n<\/td>\n<td valign=\"top\" width=\"13%\">\n<p align=\"center\"><strong>\u041a\u0430\u043b\u0438\u0431\u0440 \u0446\u0435\u043f\u0438, d<\/strong><\/p>\n<\/td>\n<td valign=\"top\" width=\"10%\">\n<p align=\"center\"><strong>\u0428\u0430\u0433, p<\/strong><\/p>\n<\/td>\n<td colspan=\"2\" valign=\"top\" width=\"17%\">\n<p align=\"center\"><strong>\u0428\u0438\u0440\u0438\u043d\u0430, \u043c\u043c<\/strong><\/p>\n<\/td>\n<td valign=\"top\" width=\"11%\">\n<p align=\"center\"><strong>\u0420\u0430\u0431\u043e\u0447\u0430\u044f \u043d\u0430\u0433\u0440\u0443\u0437\u043a\u0430<\/strong><\/p>\n<\/td>\n<td valign=\"top\" width=\"17%\">\n<p align=\"center\"><strong>\u0420\u0430\u0437\u0440\u0443\u0448\u0430\u044e\u0449\u0430\u044f \u043d\u0430\u0433\u0440\u0443\u0437\u043a\u0430<\/strong><\/p>\n<\/td>\n<td valign=\"top\" width=\"13%\">\n<p align=\"center\"><strong>\u041c\u0430\u0441\u0441\u0430 1\u043c<\/strong><\/p>\n<\/td>\n<\/tr>\n<tr>\n<td valign=\"top\" width=\"13%\">\n<p align=\"center\"><strong>\u043c\u043c<\/strong><\/p>\n<\/td>\n<td valign=\"top\" width=\"10%\">\n<p align=\"center\"><strong>\u043c\u043c<\/strong><\/p>\n<\/td>\n<td valign=\"top\" width=\"8%\">\n<p align=\"center\"><strong>a<\/strong><\/p>\n<\/td>\n<td valign=\"top\" width=\"8%\">\n<p align=\"center\"><strong>b<\/strong><\/p>\n<\/td>\n<td valign=\"top\" width=\"11%\">\n<p align=\"center\"><strong>\u0442\u043d<\/strong><\/p>\n<\/td>\n<td valign=\"top\" width=\"17%\">\n<p align=\"center\"><strong>\u0442\u043d<\/strong><\/p>\n<\/td>\n<td valign=\"top\" width=\"13%\">\n<p align=\"center\"><strong>\u043a\u0433<\/strong><\/p>\n<\/td>\n<\/tr>\n<tr>\n<td valign=\"top\" width=\"15%\">\n<p align=\"center\">5&#215;15<\/p>\n<\/td>\n<td valign=\"top\" width=\"13%\">\n<p align=\"center\">5<\/p>\n<\/td>\n<td valign=\"top\" width=\"10%\">\n<p align=\"center\">15<\/p>\n<\/td>\n<td valign=\"top\" width=\"8%\">\n<p align=\"center\">6.0<\/p>\n<\/td>\n<td valign=\"top\" width=\"8%\">\n<p align=\"center\">16.0<\/p>\n<\/td>\n<td valign=\"top\" width=\"11%\">\n<p align=\"center\">0.80<\/p>\n<\/td>\n<td valign=\"top\" width=\"17%\">\n<p align=\"center\">3.26<\/p>\n<\/td>\n<td valign=\"top\" width=\"13%\">\n<p align=\"center\">0.60<\/p>\n<\/td>\n<\/tr>\n<tr>\n<td valign=\"top\" width=\"15%\">\n<p align=\"center\">6&#215;18<\/p>\n<\/td>\n<td valign=\"top\" width=\"13%\">\n<p align=\"center\">6<\/p>\n<\/td>\n<td valign=\"top\" width=\"10%\">\n<p align=\"center\">18<\/p>\n<\/td>\n<td valign=\"top\" width=\"8%\">\n<p align=\"center\">7.8<\/p>\n<\/td>\n<td valign=\"top\" width=\"8%\">\n<p align=\"center\">22.2<\/p>\n<\/td>\n<td valign=\"top\" width=\"11%\">\n<p align=\"center\">1.12<\/p>\n<\/td>\n<td valign=\"top\" width=\"17%\">\n<p align=\"center\">4,60<\/p>\n<\/td>\n<td valign=\"top\" width=\"13%\">\n<p align=\"center\">0.80<\/p>\n<\/td>\n<\/tr>\n<tr>\n<td valign=\"top\" width=\"15%\">\n<p align=\"center\">7&#215;21<\/p>\n<\/td>\n<td valign=\"top\" width=\"13%\">\n<p align=\"center\">7<\/p>\n<\/td>\n<td valign=\"top\" width=\"10%\">\n<p align=\"center\">21<\/p>\n<\/td>\n<td valign=\"top\" width=\"8%\">\n<p align=\"center\">10.4<\/p>\n<\/td>\n<td valign=\"top\" width=\"8%\">\n<p align=\"center\">24.6<\/p>\n<\/td>\n<td valign=\"top\" width=\"11%\">\n<p align=\"center\">1.50<\/p>\n<\/td>\n<td valign=\"top\" width=\"17%\">\n<p align=\"center\">6.28<\/p>\n<\/td>\n<td valign=\"top\" width=\"13%\">\n<p align=\"center\">1.10<\/p>\n<\/td>\n<\/tr>\n<tr>\n<td valign=\"top\" width=\"15%\">\n<p align=\"center\">8&#215;24<\/p>\n<\/td>\n<td valign=\"top\" width=\"13%\">\n<p align=\"center\">8<\/p>\n<\/td>\n<td valign=\"top\" width=\"10%\">\n<p align=\"center\">24<\/p>\n<\/td>\n<td valign=\"top\" width=\"8%\">\n<p align=\"center\">10.4<\/p>\n<\/td>\n<td valign=\"top\" width=\"8%\">\n<p align=\"center\">29.6<\/p>\n<\/td>\n<td valign=\"top\" width=\"11%\">\n<p align=\"center\">2.00<\/p>\n<\/td>\n<td valign=\"top\" width=\"17%\">\n<p align=\"center\">8,20<\/p>\n<\/td>\n<td valign=\"top\" width=\"13%\">\n<p align=\"center\">1.40<\/p>\n<\/td>\n<\/tr>\n<tr>\n<td valign=\"top\" width=\"15%\">\n<p align=\"center\">10&#215;30<\/p>\n<\/td>\n<td valign=\"top\" width=\"13%\">\n<p align=\"center\">10<\/p>\n<\/td>\n<td valign=\"top\" width=\"10%\">\n<p align=\"center\">30<\/p>\n<\/td>\n<td valign=\"top\" width=\"8%\">\n<p align=\"center\">13.0<\/p>\n<\/td>\n<td valign=\"top\" width=\"8%\">\n<p align=\"center\">37.0<\/p>\n<\/td>\n<td valign=\"top\" width=\"11%\">\n<p align=\"center\">3.15<\/p>\n<\/td>\n<td valign=\"top\" width=\"17%\">\n<p align=\"center\">12,90<\/p>\n<\/td>\n<td valign=\"top\" width=\"13%\">\n<p align=\"center\">2.20<\/p>\n<\/td>\n<\/tr>\n<tr>\n<td valign=\"top\" width=\"15%\">\n<p align=\"center\">13&#215;39<\/p>\n<\/td>\n<td valign=\"top\" width=\"13%\">\n<p align=\"center\">13<\/p>\n<\/td>\n<td valign=\"top\" width=\"10%\">\n<p align=\"center\">39<\/p>\n<\/td>\n<td valign=\"top\" width=\"8%\">\n<p align=\"center\">16.9<\/p>\n<\/td>\n<td valign=\"top\" width=\"8%\">\n<p align=\"center\">48.1<\/p>\n<\/td>\n<td valign=\"top\" width=\"11%\">\n<p align=\"center\">5.30<\/p>\n<\/td>\n<td valign=\"top\" width=\"17%\">\n<p align=\"center\">21,60<\/p>\n<\/td>\n<td valign=\"top\" width=\"13%\">\n<p align=\"center\">3.80<\/p>\n<\/td>\n<\/tr>\n<tr>\n<td valign=\"top\" width=\"15%\">\n<p align=\"center\">16&#215;48<\/p>\n<\/td>\n<td valign=\"top\" width=\"13%\">\n<p align=\"center\">16<\/p>\n<\/td>\n<td valign=\"top\" width=\"10%\">\n<p align=\"center\">48<\/p>\n<\/td>\n<td valign=\"top\" width=\"8%\">\n<p align=\"center\">20.8<\/p>\n<\/td>\n<td valign=\"top\" width=\"8%\">\n<p align=\"center\">59.2<\/p>\n<\/td>\n<td valign=\"top\" width=\"11%\">\n<p align=\"center\">8.00<\/p>\n<\/td>\n<td valign=\"top\" width=\"17%\">\n<p align=\"center\">32,80<\/p>\n<\/td>\n<td valign=\"top\" width=\"13%\">\n<p align=\"center\">5.70<\/p>\n<\/td>\n<\/tr>\n<tr>\n<td valign=\"top\" width=\"15%\">\n<p align=\"center\">20&#215;60<\/p>\n<\/td>\n<td valign=\"top\" width=\"13%\">\n<p align=\"center\">20<\/p>\n<\/td>\n<td valign=\"top\" width=\"10%\">\n<p align=\"center\">60<\/p>\n<\/td>\n<td valign=\"top\" width=\"8%\">\n<p align=\"center\">26.0<\/p>\n<\/td>\n<td valign=\"top\" width=\"8%\">\n<p align=\"center\">74.0<\/p>\n<\/td>\n<td valign=\"top\" width=\"11%\">\n<p align=\"center\">12.50<\/p>\n<\/td>\n<td valign=\"top\" width=\"17%\">\n<p align=\"center\">51,30<\/p>\n<\/td>\n<td valign=\"top\" width=\"13%\">\n<p align=\"center\">9.00<\/p>\n<\/td>\n<\/tr>\n<tr>\n<td valign=\"top\" width=\"15%\">\n<p align=\"center\">22&#215;66<\/p>\n<\/td>\n<td valign=\"top\" width=\"13%\">\n<p align=\"center\">22<\/p>\n<\/td>\n<td valign=\"top\" width=\"10%\">\n<p align=\"center\">66<\/p>\n<\/td>\n<td valign=\"top\" width=\"8%\">\n<p align=\"center\">28.0<\/p>\n<\/td>\n<td valign=\"top\" width=\"8%\">\n<p align=\"center\">77.0<\/p>\n<\/td>\n<td valign=\"top\" width=\"11%\">\n<p align=\"center\">15.30<\/p>\n<\/td>\n<td valign=\"top\" width=\"17%\">\n<p align=\"center\">62,20<\/p>\n<\/td>\n<td valign=\"top\" width=\"13%\">\n<p align=\"center\">10.20<\/p>\n<\/td>\n<\/tr>\n<tr>\n<td valign=\"top\" width=\"15%\">\n<p align=\"center\">26&#215;92<\/p>\n<\/td>\n<td valign=\"top\" width=\"13%\">\n<p align=\"center\">26<\/p>\n<\/td>\n<td valign=\"top\" width=\"10%\">\n<p align=\"center\">92<\/p>\n<\/td>\n<td valign=\"top\" width=\"8%\">\n<p align=\"center\">33.8<\/p>\n<\/td>\n<td valign=\"top\" width=\"8%\">\n<p align=\"center\">96.2<\/p>\n<\/td>\n<td valign=\"top\" width=\"11%\">\n<p align=\"center\">21.20<\/p>\n<\/td>\n<td valign=\"top\" width=\"17%\">\n<p align=\"center\">86,60<\/p>\n<\/td>\n<td valign=\"top\" width=\"13%\">\n<p align=\"center\">15.20<\/p>\n<\/td>\n<\/tr>\n<tr>\n<td valign=\"top\" width=\"15%\">\n<p align=\"center\">32&#215;116<\/p>\n<\/td>\n<td valign=\"top\" width=\"13%\">\n<p align=\"center\">32<\/p>\n<\/td>\n<td valign=\"top\" width=\"10%\">\n<p align=\"center\">116<\/p>\n<\/td>\n<td valign=\"top\" width=\"8%\">\n<p align=\"center\">41.6<\/p>\n<\/td>\n<td valign=\"top\" width=\"8%\">\n<p align=\"center\">118.0<\/p>\n<\/td>\n<td valign=\"top\" width=\"11%\">\n<p align=\"center\">32.10<\/p>\n<\/td>\n<td valign=\"top\" width=\"17%\">\n<p align=\"center\">131,30<\/p>\n<\/td>\n<td valign=\"top\" width=\"13%\">\n<p align=\"center\">23.20<\/p>\n<\/td>\n<\/tr>\n<\/tbody>\n<\/table>","protected":false},"excerpt":{"rendered":"<p><strong>\u0432\u0438\u0434<\/strong> \u041a\u0440\u0443\u0433\u043b\u043e\u0437\u0432\u0435\u043d\u043d\u0430\u044f \u0433\u0440\u0443\u0437\u043e\u043f\u043e\u0434\u044a\u0435\u043c\u043d\u0430\u044f \u0446\u0435\u043f\u044c 8 \u043a\u043b\u0430\u0441\u0441\u0430 (Grade 80).<br \/>\n<strong>\u041a\u043e\u044d\u0444\u0444\u0438\u0446\u0438\u0435\u043d\u0442 \u0437\u0430\u043f\u0430\u0441\u0430 \u043f\u0440\u043e\u0447\u043d\u043e\u0441\u0442\u0438:<\/strong> 4:1<br \/>\n<strong>\u0422\u0435\u043c\u043f\u0435\u0440\u0430\u0442\u0443\u0440\u043d\u044b\u0439 \u0434\u0438\u0430\u043f\u0430\u0437\u043e\u043d \u043f\u0440\u0438\u043c\u0435\u043d\u0435\u043d\u0438\u044f:<\/strong> \u043e\u0442 -40\u00b0 \u0434\u043e +400 \u00b0\u0421<br \/>\n<strong>\u041c\u0430\u0442\u0435\u0440\u0438\u0430\u043b \u0438\u0437\u0433\u043e\u0442\u043e\u0432\u043b\u0435\u043d\u0438\u044f :<\/strong> \u0442\u0435\u0440\u043c\u043e\u043e\u0431\u0440\u0430\u0431\u043e\u0442\u0430\u043d\u043d\u0430\u044f (\u0437\u0430\u043a\u0430\u043b\u0435\u043d\u043d\u0430\u044f) \u043b\u0435\u0433\u0438\u0440\u043e\u0432\u0430\u043d\u043d\u0430\u044f \u0441\u0442\u0430\u043b\u044c.<br \/>\n<strong>\u041f\u043e\u043a\u0440\u044b\u0442\u0438\u0435:<\/strong> \u0432\u043e\u0440\u043e\u043d\u0435\u043d\u043d\u0430\u044f, \u0432 \u043c\u0430\u0441\u043b\u0435<br \/>\n<strong>\u0421\u0442\u0430\u043d\u0434\u0430\u0440\u0442:<\/strong> \u0414\u0421\u0422\u0423 EN 818-2:2017, DIN 5687.<br \/>\n<strong>\u0421\u0435\u0440\u0442\u0438\u0444\u0438\u043a\u0430\u0446\u0438\u044f :<\/strong> \u0421\u043e\u043f\u0440\u043e\u0432\u043e\u0436\u0434\u0430\u0435\u0442\u0441\u044f \u0441\u0435\u0440\u0442\u0438\u0444\u0438\u043a\u0430\u0442\u043e\u043c \u043a\u0430\u0447\u0435\u0441\u0442\u0432\u0430.<br \/>\n<strong>\u0413\u0430\u0440\u0430\u043d\u0442\u0438\u044f:<\/strong> 6 \u043c\u0435\u0441\u044f\u0446\u0435\u0432.<\/p>","protected":false},"featured_media":6584,"comment_status":"open","ping_status":"closed","template":"","meta":[],"product_brand":[],"product_cat":[125],"product_tag":[],"class_list":{"0":"post-6583","1":"product","2":"type-product","3":"status-publish","4":"has-post-thumbnail","6":"product_cat-lant-de-ridicare","8":"first","9":"instock","10":"featured","11":"shipping-taxable","12":"purchasable","13":"product-type-variable"},"_links":{"self":[{"href":"https:\/\/tros.md\/ru\/wp-json\/wp\/v2\/product\/6583","targetHints":{"allow":["GET"]}}],"collection":[{"href":"https:\/\/tros.md\/ru\/wp-json\/wp\/v2\/product"}],"about":[{"href":"https:\/\/tros.md\/ru\/wp-json\/wp\/v2\/types\/product"}],"replies":[{"embeddable":true,"href":"https:\/\/tros.md\/ru\/wp-json\/wp\/v2\/comments?post=6583"}],"wp:featuredmedia":[{"embeddable":true,"href":"https:\/\/tros.md\/ru\/wp-json\/wp\/v2\/media\/6584"}],"wp:attachment":[{"href":"https:\/\/tros.md\/ru\/wp-json\/wp\/v2\/media?parent=6583"}],"wp:term":[{"taxonomy":"product_brand","embeddable":true,"href":"https:\/\/tros.md\/ru\/wp-json\/wp\/v2\/product_brand?post=6583"},{"taxonomy":"product_cat","embeddable":true,"href":"https:\/\/tros.md\/ru\/wp-json\/wp\/v2\/product_cat?post=6583"},{"taxonomy":"product_tag","embeddable":true,"href":"https:\/\/tros.md\/ru\/wp-json\/wp\/v2\/product_tag?post=6583"}],"curies":[{"name":"wp","href":"https:\/\/api.w.org\/{rel}","templated":true}]}}