{"id":6571,"date":"2024-09-25T11:00:04","date_gmt":"2024-09-25T11:00:04","guid":{"rendered":"https:\/\/tros.md\/?post_type=product&#038;p=6571"},"modified":"2025-12-09T14:04:34","modified_gmt":"2025-12-09T14:04:34","slug":"talrep-de-incarcare-tip-furca-furca","status":"publish","type":"product","link":"https:\/\/tros.md\/ru\/product\/talrep-de-incarcare-tip-furca-furca\/","title":{"rendered":"\u0422\u0430\u043b\u0440\u0435\u043f \u0433\u0440\u0443\u0437\u043e\u0432\u043e\u0439 \u0432\u0438\u043b\u043a\u0430-\u0432\u0438\u043b\u043a\u0430"},"content":{"rendered":"<p>Talrepul zincat (intinzator industrial) este utilizat pentru tensionarea \u0219i reglarea lungimii cablurilor, sforilor, lan\u021burilor \u0219i sistemelor de rigging. Reglarea lungimii se realizeaz\u0103 prin rotirea corpului talrepului \u00een jurul axei sale. Principalele domenii de utilizare ale talrepurilor includ montarea st\u00e2lpilor, \u00eentinderea pancartelor publicitare, riggingul maritim, lucr\u0103rile de suspendare \u0219i cele de \u00een\u0103l\u021bime. Talrepul respect\u0103 standardul interna\u021bional ASTM F1145-92 \u0219i are un strat de zincare.<\/p>\n<table border=\"1\" cellspacing=\"0\" cellpadding=\"0\">\n<tbody>\n<tr>\n<td colspan=\"2\" valign=\"top\" width=\"154\"><strong>\u0420\u0430\u0431\u043e\u0447\u0430\u044f \u043d\u0430\u0433\u0440\u0443\u0437\u043a\u0430, \u0442<\/strong><\/td>\n<td valign=\"top\" width=\"57\">\n<p align=\"center\"><strong>0,54<\/strong><\/p>\n<\/td>\n<td valign=\"top\" width=\"66\">\n<p align=\"center\"><strong>1,00<\/strong><\/p>\n<\/td>\n<td valign=\"top\" width=\"66\">\n<p align=\"center\"><strong>1,60<\/strong><\/p>\n<\/td>\n<td valign=\"top\" width=\"66\">\n<p align=\"center\"><strong>2,30<\/strong><\/p>\n<\/td>\n<td valign=\"top\" width=\"66\">\n<p align=\"center\"><strong>3,20<\/strong><\/p>\n<\/td>\n<td valign=\"top\" width=\"66\">\n<p align=\"center\"><strong>4,50<\/strong><\/p>\n<\/td>\n<td valign=\"top\" width=\"76\">\n<p align=\"center\"><strong>6,80<\/strong><\/p>\n<\/td>\n<td valign=\"top\" width=\"76\">\n<p align=\"center\"><strong>9,70<\/strong><\/p>\n<\/td>\n<td valign=\"top\" width=\"88\">\n<p align=\"center\"><strong>16,78<\/strong><\/p>\n<\/td>\n<\/tr>\n<tr>\n<td colspan=\"2\" align=\"center\" valign=\"middle\"><strong>\u041e\u0431\u043e\u0437\u043d\u0430\u0447\u0435\u043d\u0438\u0435 \u0432 \u0434\u044e\u0439\u043c\u0430\u0445<\/strong><\/td>\n<td valign=\"top\" width=\"57\">\n<p align=\"center\">3\/8\u04456<\/p>\n<\/td>\n<td valign=\"top\" width=\"66\">\n<p align=\"center\">1\/2\u04456<\/p>\n<\/td>\n<td valign=\"top\" width=\"66\">\n<p align=\"center\">5\/8\u04456<\/p>\n<\/td>\n<td valign=\"top\" width=\"66\">\n<p align=\"center\">3\/4\u04456<\/p>\n<\/td>\n<td valign=\"top\" width=\"66\">\n<p align=\"center\">7\/8\u044512<\/p>\n<\/td>\n<td valign=\"top\" width=\"66\">\n<p align=\"center\">1\u044518<\/p>\n<\/td>\n<td valign=\"top\" width=\"76\">\n<p align=\"center\">1 1\/4\u044512<\/p>\n<\/td>\n<td valign=\"top\" width=\"76\">\n<p align=\"center\">1 1\/2\u044512<\/p>\n<\/td>\n<td valign=\"top\" width=\"88\">\n<p align=\"center\">2\u044524<\/p>\n<\/td>\n<\/tr>\n<tr>\n<td colspan=\"2\" align=\"center\" valign=\"middle\"><strong>\u0410\u043d\u0430\u043b\u043e\u0433 \u0440\u0435\u0437\u044c\u0431\u044b, \u043c\u043c<\/strong><\/td>\n<td valign=\"top\" width=\"57\">\n<p align=\"center\">\u041c10<\/p>\n<\/td>\n<td valign=\"top\" width=\"66\">\n<p align=\"center\">\u041c12<\/p>\n<\/td>\n<td valign=\"top\" width=\"66\">\n<p align=\"center\">\u041c16<\/p>\n<\/td>\n<td valign=\"top\" width=\"66\">\n<p align=\"center\">\u041c19<\/p>\n<\/td>\n<td valign=\"top\" width=\"66\">\n<p align=\"center\">\u041c22<\/p>\n<\/td>\n<td valign=\"top\" width=\"66\">\n<p align=\"center\">\u041c25<\/p>\n<\/td>\n<td valign=\"top\" width=\"76\">\n<p align=\"center\">\u041c32<\/p>\n<\/td>\n<td valign=\"top\" width=\"76\">\n<p align=\"center\">\u041c38<\/p>\n<\/td>\n<td valign=\"top\" width=\"88\">\n<p align=\"center\">\u041c50<\/p>\n<\/td>\n<\/tr>\n<tr>\n<td rowspan=\"7\" align=\"center\" valign=\"middle\"><strong>\u0420\u0430\u0437\u043c\u0435\u0440\u044b<\/strong><\/td>\n<td valign=\"top\" width=\"51\">\n<p align=\"center\"><strong>A, \u043c\u043c<\/strong><\/p>\n<\/td>\n<td width=\"57\">\n<p align=\"center\">10<\/p>\n<\/td>\n<td width=\"66\">\n<p align=\"center\">10<\/p>\n<\/td>\n<td width=\"66\">\n<p align=\"center\">16<\/p>\n<\/td>\n<td width=\"66\">\n<p align=\"center\">19<\/p>\n<\/td>\n<td width=\"66\">\n<p align=\"center\">22<\/p>\n<\/td>\n<td width=\"66\">\n<p align=\"center\">25<\/p>\n<\/td>\n<td width=\"76\">\n<p align=\"center\">32<\/p>\n<\/td>\n<td width=\"76\">\n<p align=\"center\">38<\/p>\n<\/td>\n<td width=\"88\">\n<p align=\"center\">51<\/p>\n<\/td>\n<\/tr>\n<tr>\n<td valign=\"top\" width=\"51\">\n<p align=\"center\"><strong>B, \u043c\u043c<\/strong><\/p>\n<\/td>\n<td width=\"57\">\n<p align=\"center\">16<\/p>\n<\/td>\n<td width=\"66\">\n<p align=\"center\">18<\/p>\n<\/td>\n<td width=\"66\">\n<p align=\"center\">20<\/p>\n<\/td>\n<td width=\"66\">\n<p align=\"center\">25<\/p>\n<\/td>\n<td width=\"66\">\n<p align=\"center\">30<\/p>\n<\/td>\n<td width=\"66\">\n<p align=\"center\">31<\/p>\n<\/td>\n<td width=\"76\">\n<p align=\"center\">44<\/p>\n<\/td>\n<td width=\"76\">\n<p align=\"center\">55<\/p>\n<\/td>\n<td width=\"88\">\n<p align=\"center\">64<\/p>\n<\/td>\n<\/tr>\n<tr>\n<td valign=\"top\" width=\"51\">\n<p align=\"center\"><strong>G, \u043c\u043c<\/strong><\/p>\n<\/td>\n<td width=\"57\">\n<p align=\"center\">24<\/p>\n<\/td>\n<td width=\"66\">\n<p align=\"center\">29<\/p>\n<\/td>\n<td width=\"66\">\n<p align=\"center\">36<\/p>\n<\/td>\n<td width=\"66\">\n<p align=\"center\">38<\/p>\n<\/td>\n<td width=\"66\">\n<p align=\"center\">47<\/p>\n<\/td>\n<td width=\"66\">\n<p align=\"center\">53<\/p>\n<\/td>\n<td width=\"76\">\n<p align=\"center\">71<\/p>\n<\/td>\n<td width=\"76\">\n<p align=\"center\">74<\/p>\n<\/td>\n<td width=\"88\">\n<p align=\"center\">94<\/p>\n<\/td>\n<\/tr>\n<tr>\n<td valign=\"top\" width=\"51\">\n<p align=\"center\"><strong>J, \u043c\u043c<\/strong><\/p>\n<\/td>\n<td width=\"57\">\n<p align=\"center\">394<\/p>\n<\/td>\n<td width=\"66\">\n<p align=\"center\">467<\/p>\n<\/td>\n<td width=\"66\">\n<p align=\"center\">475<\/p>\n<\/td>\n<td width=\"66\">\n<p align=\"center\">505<\/p>\n<\/td>\n<td width=\"66\">\n<p align=\"center\">854<\/p>\n<\/td>\n<td width=\"66\">\n<p align=\"center\">1200<\/p>\n<\/td>\n<td width=\"76\">\n<p align=\"center\">936<\/p>\n<\/td>\n<td width=\"76\">\n<p align=\"center\">996<\/p>\n<\/td>\n<td width=\"88\">\n<p align=\"center\">1766<\/p>\n<\/td>\n<\/tr>\n<tr>\n<td valign=\"top\" width=\"51\">\n<p align=\"center\"><strong>K, \u043c\u043c<\/strong><\/p>\n<\/td>\n<td width=\"57\">\n<p align=\"center\">266<\/p>\n<\/td>\n<td width=\"66\">\n<p align=\"center\">317<\/p>\n<\/td>\n<td width=\"66\">\n<p align=\"center\">345<\/p>\n<\/td>\n<td width=\"66\">\n<p align=\"center\">373<\/p>\n<\/td>\n<td width=\"66\">\n<p align=\"center\">554<\/p>\n<\/td>\n<td width=\"66\">\n<p align=\"center\">748<\/p>\n<\/td>\n<td width=\"76\">\n<p align=\"center\">644<\/p>\n<\/td>\n<td width=\"76\">\n<p align=\"center\">695<\/p>\n<\/td>\n<td width=\"88\">\n<p align=\"center\">1157<\/p>\n<\/td>\n<\/tr>\n<tr>\n<td valign=\"top\" width=\"51\">\n<p align=\"center\" class=\"translation-block\"><strong>L<\/strong><strong>, \u043c\u043c<\/strong><\/p>\n<\/td>\n<td width=\"57\">\n<p align=\"center\">184<\/p>\n<\/td>\n<td width=\"66\">\n<p align=\"center\">193<\/p>\n<\/td>\n<td width=\"66\">\n<p align=\"center\">197<\/p>\n<\/td>\n<td width=\"66\">\n<p align=\"center\">210<\/p>\n<\/td>\n<td width=\"66\">\n<p align=\"center\">369<\/p>\n<\/td>\n<td width=\"66\">\n<p align=\"center\">527<\/p>\n<\/td>\n<td width=\"76\">\n<p align=\"center\">305<\/p>\n<\/td>\n<td width=\"76\">\n<p align=\"center\">395<\/p>\n<\/td>\n<td width=\"88\">\n<p align=\"center\">610<\/p>\n<\/td>\n<\/tr>\n<tr>\n<td valign=\"top\" width=\"51\">\n<p align=\"center\" class=\"translation-block\"><strong>D<\/strong><strong>, \u043c\u043c<\/strong><\/p>\n<\/td>\n<td width=\"57\">\n<p align=\"center\">8<\/p>\n<\/td>\n<td width=\"66\">\n<p align=\"center\">10<\/p>\n<\/td>\n<td width=\"66\">\n<p align=\"center\">13<\/p>\n<\/td>\n<td width=\"66\">\n<p align=\"center\">17<\/p>\n<\/td>\n<td width=\"66\">\n<p align=\"center\">19<\/p>\n<\/td>\n<td width=\"66\">\n<p align=\"center\">23<\/p>\n<\/td>\n<td width=\"76\">\n<p align=\"center\">29<\/p>\n<\/td>\n<td width=\"76\">\n<p align=\"center\">36<\/p>\n<\/td>\n<td width=\"88\">\n<p align=\"center\">51<\/p>\n<\/td>\n<\/tr>\n<tr>\n<td colspan=\"2\" align=\"center\" valign=\"middle\"><strong>\u041c\u0430\u0441\u0441\u0430, \u043a\u0433<\/strong><\/td>\n<td valign=\"top\" width=\"57\">\n<p align=\"center\">0,37<\/p>\n<\/td>\n<td valign=\"top\" width=\"66\">\n<p align=\"center\">0,71<\/p>\n<\/td>\n<td valign=\"top\" width=\"66\">\n<p align=\"center\">1,23<\/p>\n<\/td>\n<td valign=\"top\" width=\"66\">\n<p align=\"center\">1,86<\/p>\n<\/td>\n<td valign=\"top\" width=\"66\">\n<p align=\"center\">3,71<\/p>\n<\/td>\n<td valign=\"top\" width=\"66\">\n<p align=\"center\">6,87<\/p>\n<\/td>\n<td valign=\"top\" width=\"76\">\n<p align=\"center\">9,34<\/p>\n<\/td>\n<td valign=\"top\" width=\"76\">\n<p align=\"center\">13,92<\/p>\n<\/td>\n<td valign=\"top\" width=\"88\">\n<p align=\"center\">42,75<\/p>\n<\/td>\n<\/tr>\n<\/tbody>\n<\/table>","protected":false},"excerpt":{"rendered":"<p><strong>\u0422\u0438\u043f \u0442\u0430\u043b\u0440\u0435\u043f\u0430:<\/strong> \u0433\u0440\u0443\u0437\u043e\u0432\u043e\u0439;<br \/>\n<strong>\u041a\u043e\u043d\u0441\u0442\u0440\u0443\u043a\u0446\u0438\u044f:<\/strong> \u0432\u0438\u043b\u043a\u0430-\u0432\u0438\u043b\u043a\u0430;<br \/>\n<strong>\u041a\u043e\u044d\u0444\u0444\u0438\u0446\u0438\u0435\u043d\u0442 \u0437\u0430\u043f\u0430\u0441\u0430 \u043f\u0440\u043e\u0447\u043d\u043e\u0441\u0442\u0438:<\/strong> 5:1<br \/>\n<strong>\u041c\u0430\u0442\u0435\u0440\u0438\u0430\u043b \u0438\u0437\u0433\u043e\u0442\u043e\u0432\u043b\u0435\u043d\u0438\u044f :<\/strong> \u0432\u044b\u0441\u043e\u043a\u043e\u043f\u0440\u043e\u0447\u043d\u0430\u044f \u0441\u0442\u0430\u043b\u044c;<br \/>\n<strong>\u041f\u043e\u043a\u0440\u044b\u0442\u0438\u0435:<\/strong> \u043e\u0446\u0438\u043d\u043a\u043e\u0432\u0430\u043d\u043d\u043e\u0435.<br \/>\n<strong>\u0421\u0442\u0430\u043d\u0434\u0430\u0440\u0442:<\/strong> ASTM F1145-92<br \/>\n<strong>\u0421\u0435\u0440\u0442\u0438\u0444\u0438\u043a\u0430\u0446\u0438\u044f :<\/strong> \u0421\u043e\u043f\u0440\u043e\u0432\u043e\u0436\u0434\u0430\u0435\u0442\u0441\u044f \u0441\u0435\u0440\u0442\u0438\u0444\u0438\u043a\u0430\u0442\u043e\u043c \u043a\u0430\u0447\u0435\u0441\u0442\u0432\u0430.<br \/>\n<strong>\u0413\u0430\u0440\u0430\u043d\u0442\u0438\u044f:<\/strong> 6 \u043c\u0435\u0441\u044f\u0446\u0435\u0432.<\/p>","protected":false},"featured_media":6572,"comment_status":"open","ping_status":"closed","template":"","meta":[],"product_brand":[],"product_cat":[80],"product_tag":[],"class_list":{"0":"post-6571","1":"product","2":"type-product","3":"status-publish","4":"has-post-thumbnail","6":"product_cat-intinzator-industrial","8":"first","9":"instock","10":"shipping-taxable","11":"purchasable","12":"product-type-variable"},"_links":{"self":[{"href":"https:\/\/tros.md\/ru\/wp-json\/wp\/v2\/product\/6571","targetHints":{"allow":["GET"]}}],"collection":[{"href":"https:\/\/tros.md\/ru\/wp-json\/wp\/v2\/product"}],"about":[{"href":"https:\/\/tros.md\/ru\/wp-json\/wp\/v2\/types\/product"}],"replies":[{"embeddable":true,"href":"https:\/\/tros.md\/ru\/wp-json\/wp\/v2\/comments?post=6571"}],"wp:featuredmedia":[{"embeddable":true,"href":"https:\/\/tros.md\/ru\/wp-json\/wp\/v2\/media\/6572"}],"wp:attachment":[{"href":"https:\/\/tros.md\/ru\/wp-json\/wp\/v2\/media?parent=6571"}],"wp:term":[{"taxonomy":"product_brand","embeddable":true,"href":"https:\/\/tros.md\/ru\/wp-json\/wp\/v2\/product_brand?post=6571"},{"taxonomy":"product_cat","embeddable":true,"href":"https:\/\/tros.md\/ru\/wp-json\/wp\/v2\/product_cat?post=6571"},{"taxonomy":"product_tag","embeddable":true,"href":"https:\/\/tros.md\/ru\/wp-json\/wp\/v2\/product_tag?post=6571"}],"curies":[{"name":"wp","href":"https:\/\/api.w.org\/{rel}","templated":true}]}}