{"id":6550,"date":"2024-09-25T10:59:42","date_gmt":"2024-09-25T10:59:42","guid":{"rendered":"https:\/\/tros.md\/?post_type=product&#038;p=6550"},"modified":"2025-12-09T09:49:38","modified_gmt":"2025-12-09T09:49:38","slug":"cablu-de-otel-de-tip-din-3062-fe","status":"publish","type":"product","link":"https:\/\/tros.md\/ru\/product\/cablu-de-otel-de-tip-din-3062-fe\/","title":{"rendered":"Cablu de o\u021bel 8x19S de tip DIN 3062 FE"},"content":{"rendered":"<p>Sfera principal\u0103 de aplicare a cablului de o\u021bel pentru \u00eenc\u0103rc\u0103turi \u0219i persoane este \u00een domeniul ascensoarelor. De asemenea, acesta a c\u00e2\u0219tigat o popularitate larg\u0103 \u00een macaralele de ridicare \u0219i \u00een telecabine, datorit\u0103 flexibilit\u0103\u021bii \u0219i rezisten\u021bei sale sporit\u0103 la uzur\u0103.<\/p>\n<table border=\"1\" cellspacing=\"0\" cellpadding=\"0\">\n<tbody>\n<tr>\n<td rowspan=\"4\" width=\"62\">\n<p align=\"center\"><strong>\u0414\u0438\u0430\u043c\u0435\u0442\u0440 \u043a\u0430\u043d\u0430\u0442\u0430, \u043c\u043c<\/strong><\/p>\n<\/td>\n<td rowspan=\"4\" width=\"86\">\n<p align=\"center\"><strong>\u041e\u0440\u0438\u0435\u043d\u0442\u0438\u0440\u043e\u0432\u043e\u0447\u043d\u0430\u044f \u043c\u0430\u0441\u0441\u0430 \u0441\u043c\u0430\u0437\u0430\u043d\u043d\u043e\u0433\u043e \u043a\u0430\u043d\u0430\u0442\u0430, \u043a\u0433\/\u043c<\/strong><\/p>\n<\/td>\n<td colspan=\"6\" width=\"364\">\n<p align=\"center\"><strong>\u041c\u0430\u0440\u043a\u0438\u0440\u043e\u0432\u043e\u0447\u043d\u0430\u044f \u0433\u0440\u0443\u043f\u043f\u0430, \u041d\/\u043c\u043c2 1770<\/strong><\/p>\n<\/td>\n<\/tr>\n<tr>\n<td width=\"61\">\n<p align=\"center\">1370\/ 1770<\/p>\n<\/td>\n<td width=\"61\">\n<p align=\"center\">1570<\/p>\n<\/td>\n<td width=\"61\">\n<p align=\"center\">1770<\/p>\n<\/td>\n<td width=\"61\">\n<p align=\"center\">1370\/ 1770<\/p>\n<\/td>\n<td width=\"60\">\n<p align=\"center\">1570<\/p>\n<\/td>\n<td width=\"60\">\n<p align=\"center\">1770<\/p>\n<\/td>\n<\/tr>\n<tr>\n<td colspan=\"6\" width=\"364\">\n<p align=\"center\"><strong>\u0420\u0430\u0437\u0440\u044b\u0432\u043d\u043e\u0435 \u0443\u0441\u0438\u043b\u0438\u0435, \u041d, \u043d\u0435 \u043c\u0435\u043d\u0435\u0435<\/strong><\/p>\n<\/td>\n<\/tr>\n<tr>\n<td colspan=\"3\" width=\"182\">\n<p align=\"center\"><strong>\u0441\u0443\u043c\u043c\u0430\u0440\u043d\u043e\u0435 \u0432\u0441\u0435\u0445 \u043f\u0440\u043e\u0432\u043e\u043b\u043e\u043a \u0432 \u043a\u0430\u043d\u0430\u0442\u0435<\/strong><\/p>\n<\/td>\n<td colspan=\"3\" width=\"182\">\n<p align=\"center\"><strong>\u043a\u0430\u043d\u0430\u0442\u0430 \u0432 \u0446\u0435\u043b\u043e\u043c<\/strong><\/p>\n<\/td>\n<\/tr>\n<tr>\n<td width=\"62\">\n<p align=\"center\">8<\/p>\n<\/td>\n<td width=\"86\">\n<p align=\"center\">0,218<\/p>\n<\/td>\n<td width=\"61\">\n<p align=\"center\">30<\/p>\n<\/td>\n<td width=\"61\">\n<p align=\"center\">34,3<\/p>\n<\/td>\n<td width=\"61\">\n<p align=\"center\">38,7<\/p>\n<\/td>\n<td width=\"61\">\n<p align=\"center\">25,2<\/p>\n<\/td>\n<td width=\"60\">\n<p align=\"center\">28,8<\/p>\n<\/td>\n<td width=\"60\">\n<p align=\"center\">32,5<\/p>\n<\/td>\n<\/tr>\n<tr>\n<td width=\"62\">\n<p align=\"center\">9<\/p>\n<\/td>\n<td width=\"86\">\n<p align=\"center\">0,275<\/p>\n<\/td>\n<td width=\"61\">\n<p align=\"center\">37,9<\/p>\n<\/td>\n<td width=\"61\">\n<p align=\"center\">43,4<\/p>\n<\/td>\n<td width=\"61\">\n<p align=\"center\">49<\/p>\n<\/td>\n<td width=\"61\">\n<p align=\"center\">31,8<\/p>\n<\/td>\n<td width=\"60\">\n<p align=\"center\">36,5<\/p>\n<\/td>\n<td width=\"60\">\n<p align=\"center\">41,1<\/p>\n<\/td>\n<\/tr>\n<tr>\n<td width=\"62\">\n<p align=\"center\">10<\/p>\n<\/td>\n<td width=\"86\">\n<p align=\"center\">0,34<\/p>\n<\/td>\n<td width=\"61\">\n<p align=\"center\">46,8<\/p>\n<\/td>\n<td width=\"61\">\n<p align=\"center\">53,6<\/p>\n<\/td>\n<td width=\"61\">\n<p align=\"center\">60,5<\/p>\n<\/td>\n<td width=\"61\">\n<p align=\"center\">39,3<\/p>\n<\/td>\n<td width=\"60\">\n<p align=\"center\">45,1<\/p>\n<\/td>\n<td width=\"60\">\n<p align=\"center\">50,8<\/p>\n<\/td>\n<\/tr>\n<tr>\n<td width=\"62\">\n<p align=\"center\">11<\/p>\n<\/td>\n<td width=\"86\">\n<p align=\"center\">0,411<\/p>\n<\/td>\n<td width=\"61\">\n<p align=\"center\">56,6<\/p>\n<\/td>\n<td width=\"61\">\n<p align=\"center\">64,9<\/p>\n<\/td>\n<td width=\"61\">\n<p align=\"center\">73,2<\/p>\n<\/td>\n<td width=\"61\">\n<p align=\"center\">47,6<\/p>\n<\/td>\n<td width=\"60\">\n<p align=\"center\">54,5<\/p>\n<\/td>\n<td width=\"60\">\n<p align=\"center\">61,5<\/p>\n<\/td>\n<\/tr>\n<tr>\n<td width=\"62\">\n<p align=\"center\">12<\/p>\n<\/td>\n<td width=\"86\">\n<p align=\"center\">0,49<\/p>\n<\/td>\n<td width=\"61\">\n<p align=\"center\">67,4<\/p>\n<\/td>\n<td width=\"61\">\n<p align=\"center\">77,2<\/p>\n<\/td>\n<td width=\"61\">\n<p align=\"center\">87,1<\/p>\n<\/td>\n<td width=\"61\">\n<p align=\"center\">56,6<\/p>\n<\/td>\n<td width=\"60\">\n<p align=\"center\">64,9<\/p>\n<\/td>\n<td width=\"60\">\n<p align=\"center\">73,2<\/p>\n<\/td>\n<\/tr>\n<tr>\n<td width=\"62\">\n<p align=\"center\">13<\/p>\n<\/td>\n<td width=\"86\">\n<p align=\"center\">0,575<\/p>\n<\/td>\n<td width=\"61\">\n<p align=\"center\">79,1<\/p>\n<\/td>\n<td width=\"61\">\n<p align=\"center\">90,6<\/p>\n<\/td>\n<td width=\"61\">\n<p align=\"center\">102<\/p>\n<\/td>\n<td width=\"61\">\n<p align=\"center\">66,4<\/p>\n<\/td>\n<td width=\"60\">\n<p align=\"center\">76,1<\/p>\n<\/td>\n<td width=\"60\">\n<p align=\"center\">85,9<\/p>\n<\/td>\n<\/tr>\n<tr>\n<td width=\"62\">\n<p align=\"center\">14<\/p>\n<\/td>\n<td width=\"86\">\n<p align=\"center\">0,666<\/p>\n<\/td>\n<td width=\"61\">\n<p align=\"center\">91,7<\/p>\n<\/td>\n<td width=\"61\">\n<p align=\"center\">105<\/p>\n<\/td>\n<td width=\"61\">\n<p align=\"center\">119<\/p>\n<\/td>\n<td width=\"61\">\n<p align=\"center\">77,1<\/p>\n<\/td>\n<td width=\"60\">\n<p align=\"center\">88,3<\/p>\n<\/td>\n<td width=\"60\">\n<p align=\"center\">99,6<\/p>\n<\/td>\n<\/tr>\n<tr>\n<td width=\"62\">\n<p align=\"center\">15<\/p>\n<\/td>\n<td width=\"86\">\n<p align=\"center\">0,765<\/p>\n<\/td>\n<td width=\"61\">\n<p align=\"center\">105<\/p>\n<\/td>\n<td width=\"61\">\n<p align=\"center\">121<\/p>\n<\/td>\n<td width=\"61\">\n<p align=\"center\">136<\/p>\n<\/td>\n<td width=\"61\">\n<p align=\"center\">88,5<\/p>\n<\/td>\n<td width=\"60\">\n<p align=\"center\">101<\/p>\n<\/td>\n<td width=\"60\">\n<p align=\"center\">114<\/p>\n<\/td>\n<\/tr>\n<tr>\n<td width=\"62\">\n<p align=\"center\">16<\/p>\n<\/td>\n<td width=\"86\">\n<p align=\"center\">0,87<\/p>\n<\/td>\n<td width=\"61\">\n<p align=\"center\">120<\/p>\n<\/td>\n<td width=\"61\">\n<p align=\"center\">137<\/p>\n<\/td>\n<td width=\"61\">\n<p align=\"center\">155<\/p>\n<\/td>\n<td width=\"61\">\n<p align=\"center\">101<\/p>\n<\/td>\n<td width=\"60\">\n<p align=\"center\">115<\/p>\n<\/td>\n<td width=\"60\">\n<p align=\"center\">130<\/p>\n<\/td>\n<\/tr>\n<\/tbody>\n<\/table>","protected":false},"excerpt":{"rendered":"<p>\u041a\u0430\u043d\u0430\u0442 \u0441\u0442\u0430\u043b\u044c\u043d\u043e\u0439 \u0433\u0440\u0443\u0437\u043e\u043b\u044e\u0434\u0441\u043a\u043e\u0439 DIN 3062 FE.<\/p>\n<p><strong>\u041a\u043e\u043d\u0441\u0442\u0440\u0443\u043a\u0446\u0438\u044f:<\/strong> 8\u042519 (1+9+9) 1 \u043e.\u0441., (8x19S-FC).<br \/>\n<strong>\u041f\u043e\u043a\u0440\u044b\u0442\u0438\u0435:<\/strong> \u0431\u0435\u0437 \u043f\u043e\u043a\u0440\u044b\u0442\u0438\u044f, \u0441\u0432\u0435\u0442\u043b\u044b\u0439.<br \/>\n<strong>\u0421\u0435\u0440\u0434\u0435\u0447\u043d\u0438\u043a:<\/strong> \u041e\u0440\u0433\u0430\u043d\u0438\u0447\u0435\u0441\u043a\u0438\u0439<br \/>\n<strong>\u0421\u0442\u0430\u043d\u0434\u0430\u0440\u0442:<\/strong> DIN 3062 FE, EN 12385-5 8X19S-FC, ISO 2408.<br \/>\n<strong>\u0421\u0435\u0440\u0442\u0438\u0444\u0438\u043a\u0430\u0446\u0438\u044f :<\/strong> \u0421\u043e\u043f\u0440\u043e\u0432\u043e\u0436\u0434\u0430\u0435\u0442\u0441\u044f \u0441\u0435\u0440\u0442\u0438\u0444\u0438\u043a\u0430\u0442\u043e\u043c \u043a\u0430\u0447\u0435\u0441\u0442\u0432\u0430.<br \/>\n<strong>\u041f\u0440\u043e\u0438\u0437\u0432\u043e\u0434\u0438\u0442\u0435\u043b\u044c:<\/strong> China.<\/p>","protected":false},"featured_media":6551,"comment_status":"open","ping_status":"closed","template":"","meta":[],"product_brand":[],"product_cat":[121],"product_tag":[],"class_list":{"0":"post-6550","1":"product","2":"type-product","3":"status-publish","4":"has-post-thumbnail","6":"product_cat-cablu-din-otel","8":"first","9":"instock","10":"shipping-taxable","11":"purchasable","12":"product-type-variable"},"_links":{"self":[{"href":"https:\/\/tros.md\/ru\/wp-json\/wp\/v2\/product\/6550","targetHints":{"allow":["GET"]}}],"collection":[{"href":"https:\/\/tros.md\/ru\/wp-json\/wp\/v2\/product"}],"about":[{"href":"https:\/\/tros.md\/ru\/wp-json\/wp\/v2\/types\/product"}],"replies":[{"embeddable":true,"href":"https:\/\/tros.md\/ru\/wp-json\/wp\/v2\/comments?post=6550"}],"wp:featuredmedia":[{"embeddable":true,"href":"https:\/\/tros.md\/ru\/wp-json\/wp\/v2\/media\/6551"}],"wp:attachment":[{"href":"https:\/\/tros.md\/ru\/wp-json\/wp\/v2\/media?parent=6550"}],"wp:term":[{"taxonomy":"product_brand","embeddable":true,"href":"https:\/\/tros.md\/ru\/wp-json\/wp\/v2\/product_brand?post=6550"},{"taxonomy":"product_cat","embeddable":true,"href":"https:\/\/tros.md\/ru\/wp-json\/wp\/v2\/product_cat?post=6550"},{"taxonomy":"product_tag","embeddable":true,"href":"https:\/\/tros.md\/ru\/wp-json\/wp\/v2\/product_tag?post=6550"}],"curies":[{"name":"wp","href":"https:\/\/api.w.org\/{rel}","templated":true}]}}