{"id":6541,"date":"2024-09-25T10:59:33","date_gmt":"2024-09-25T10:59:33","guid":{"rendered":"https:\/\/tros.md\/?post_type=product&#038;p=6541"},"modified":"2025-12-09T09:46:09","modified_gmt":"2025-12-09T09:46:09","slug":"cablu-de-otel-conform-gost-7668-80","status":"publish","type":"product","link":"https:\/\/tros.md\/ru\/product\/cablu-de-otel-conform-gost-7668-80\/","title":{"rendered":"Cablu de o\u021bel 6&#215;37+FC conform GOST 3071-74"},"content":{"rendered":"<div class=\"flex max-w-full flex-col flex-grow\">\n<div class=\"min-h-[20px] text-message flex w-full flex-col items-end gap-2 whitespace-normal break-words [.text-message+&amp;]:mt-5\" dir=\"auto\" data-message-author-role=\"assistant\" data-message-id=\"3ea0443d-d57e-4946-b626-c32a9d0a577f\">\n<div class=\"flex w-full flex-col gap-1 empty:hidden first:pt-[3px]\">\n<div class=\"markdown prose w-full break-words dark:prose-invert light\">\n<p>Cablu de o\u021bel conform GOST 3071-74 este unul dintre cele mai r\u0103sp\u00e2ndite tipuri de cabluri. Spre deosebire de cablul conform GOST 2688-80, acest cablu are 36 de fire \u00een fiecare dintre cele \u0219ase \u0219uvi\u021be, ceea ce confer\u0103 o mai mare flexibilitate, elasticitate \u0219i durabilitate. Cablul se caracterizeaz\u0103 printr-o suprafa\u021b\u0103 mare de sus\u021binere, rezisten\u021b\u0103 sporit\u0103 la uzur\u0103 \u0219i un coeficient ridicat de umplere. Este utilizat \u00een mecanismele de ridicare \u0219i ma\u0219inile de transport (macarale, trolii, pun\u021bi de macara, excavatoare, instala\u021bii de ridicare, traulere, ma\u0219ini de excavare, lifturi miniere), precum \u0219i pentru fabricarea stropurilor. Utilizarea cablului de o\u021bel conform GOST 3071-74 este recomandat\u0103 \u00een condi\u021bii de uzur\u0103 abraziv\u0103 intens\u0103, medii agresive, sarcini mari \u0219i cerin\u021be ridicate de flexibilitate.<\/p>\n<\/div>\n<\/div>\n<\/div>\n<\/div>\n<div class=\"mt-1 flex gap-3 empty:hidden -ml-2\">\n<div class=\"items-center justify-start rounded-xl p-1 flex\">\n<div class=\"flex items-center\">\n<table style=\"font-size: 16px; font-style: normal;\" border=\"1\" cellspacing=\"0\" cellpadding=\"0\">\n<tbody>\n<tr>\n<td rowspan=\"3\" width=\"121\">\n<p align=\"center\"><strong>\u0414\u0438\u0430\u043c\u0435\u0442\u0440 \u043a\u0430\u043d\u0430\u0442\u0430, \u043c\u043c<\/strong><\/p>\n<\/td>\n<td rowspan=\"3\" width=\"123\">\n<p align=\"center\"><strong>\u041c\u0430\u0441\u0441\u0430 1\u043c \u043a\u0430\u043d\u0430\u0442\u0430, \u043a\u0433<\/strong><\/p>\n<\/td>\n<td colspan=\"2\" width=\"378\">\n<p align=\"center\"><strong>\u041c\u0430\u0440\u043a\u0438\u0440\u043e\u0432\u043e\u0447\u043d\u0430\u044f \u0433\u0440\u0443\u043f\u043f\u0430, \u041d\/\u043c\u043c2 1770<\/strong><\/p>\n<\/td>\n<\/tr>\n<tr>\n<td colspan=\"2\" width=\"378\">\n<p align=\"center\"><strong>\u0420\u0430\u0437\u0440\u044b\u0432\u043d\u043e\u0435 \u0443\u0441\u0438\u043b\u0438\u0435, \u041d, \u043d\u0435 \u043c\u0435\u043d\u0435\u0435<\/strong><\/p>\n<\/td>\n<\/tr>\n<tr>\n<td width=\"189\">\n<p align=\"center\"><strong>\u0441\u0443\u043c\u043c\u0430\u0440\u043d\u043e\u0435 \u0432\u0441\u0435\u0445 \u043f\u0440\u043e\u0432\u043e\u043b\u043e\u043a \u0432 \u043a\u0430\u043d\u0430\u0442\u0435<\/strong><\/p>\n<\/td>\n<td width=\"189\">\n<p align=\"center\"><strong>\u043a\u0430\u043d\u0430\u0442\u0430 \u0432 \u0446\u0435\u043b\u043e\u043c<\/strong><\/p>\n<\/td>\n<\/tr>\n<tr>\n<td width=\"121\">\n<p align=\"center\">8,1<\/p>\n<\/td>\n<td width=\"123\">\n<p align=\"center\">0,25<\/p>\n<\/td>\n<td width=\"189\">\n<p align=\"center\">45250<\/p>\n<\/td>\n<td width=\"189\">\n<p align=\"center\">37050<\/p>\n<\/td>\n<\/tr>\n<tr>\n<td width=\"121\">\n<p align=\"center\">9,7<\/p>\n<\/td>\n<td width=\"123\">\n<p align=\"center\">0,38<\/p>\n<\/td>\n<td width=\"189\">\n<p align=\"center\">68450<\/p>\n<\/td>\n<td width=\"189\">\n<p align=\"center\">56100<\/p>\n<\/td>\n<\/tr>\n<tr>\n<td width=\"121\">\n<p align=\"center\">11,5<\/p>\n<\/td>\n<td width=\"123\">\n<p align=\"center\">0,51<\/p>\n<\/td>\n<td width=\"189\">\n<p align=\"center\">91650<\/p>\n<\/td>\n<td width=\"189\">\n<p align=\"center\">75100<\/p>\n<\/td>\n<\/tr>\n<tr>\n<td width=\"121\">\n<p align=\"center\">13,5<\/p>\n<\/td>\n<td width=\"123\">\n<p align=\"center\">0,70<\/p>\n<\/td>\n<td width=\"189\">\n<p align=\"center\">124000<\/p>\n<\/td>\n<td width=\"189\">\n<p align=\"center\">101500<\/p>\n<\/td>\n<\/tr>\n<tr>\n<td width=\"121\">\n<p align=\"center\">15,0<\/p>\n<\/td>\n<td width=\"123\">\n<p align=\"center\">0,81<\/p>\n<\/td>\n<td width=\"189\">\n<p align=\"center\">144500<\/p>\n<\/td>\n<td width=\"189\">\n<p align=\"center\">116500<\/p>\n<\/td>\n<\/tr>\n<tr>\n<td width=\"121\">\n<p align=\"center\">16,5<\/p>\n<\/td>\n<td width=\"123\">\n<p align=\"center\">1,05<\/p>\n<\/td>\n<td width=\"189\">\n<p align=\"center\">186500<\/p>\n<\/td>\n<td width=\"189\">\n<p align=\"center\">150000<\/p>\n<\/td>\n<\/tr>\n<tr>\n<td width=\"121\">\n<p align=\"center\">18,0<\/p>\n<\/td>\n<td width=\"123\">\n<p align=\"center\">1,25<\/p>\n<\/td>\n<td width=\"189\">\n<p align=\"center\">221500<\/p>\n<\/td>\n<td width=\"189\">\n<p align=\"center\">175500<\/p>\n<\/td>\n<\/tr>\n<tr>\n<td width=\"121\">\n<p align=\"center\">20,0<\/p>\n<\/td>\n<td width=\"123\">\n<p align=\"center\">1,52<\/p>\n<\/td>\n<td width=\"189\">\n<p align=\"center\">271500<\/p>\n<\/td>\n<td width=\"189\">\n<p align=\"center\">215000<\/p>\n<\/td>\n<\/tr>\n<tr>\n<td width=\"121\">\n<p align=\"center\">22,0<\/p>\n<\/td>\n<td width=\"123\">\n<p align=\"center\">1,83<\/p>\n<\/td>\n<td width=\"189\">\n<p align=\"center\">326500<\/p>\n<\/td>\n<td width=\"189\">\n<p align=\"center\">258500<\/p>\n<\/td>\n<\/tr>\n<tr>\n<td width=\"121\">\n<p align=\"center\">23,5<\/p>\n<\/td>\n<td width=\"123\">\n<p align=\"center\">2,13<\/p>\n<\/td>\n<td width=\"189\">\n<p align=\"center\">380500<\/p>\n<\/td>\n<td width=\"189\">\n<p align=\"center\">304000<\/p>\n<\/td>\n<\/tr>\n<tr>\n<td width=\"121\">\n<p align=\"center\">25,5<\/p>\n<\/td>\n<td width=\"123\">\n<p align=\"center\">2,50<\/p>\n<\/td>\n<td width=\"189\">\n<p align=\"center\">445000<\/p>\n<\/td>\n<td width=\"189\">\n<p align=\"center\">352500<\/p>\n<\/td>\n<\/tr>\n<tr>\n<td width=\"121\">\n<p align=\"center\">27,0<\/p>\n<\/td>\n<td width=\"123\">\n<p align=\"center\">2,80<\/p>\n<\/td>\n<td width=\"189\">\n<p align=\"center\">500500<\/p>\n<\/td>\n<td width=\"189\">\n<p align=\"center\">396500<\/p>\n<\/td>\n<\/tr>\n<tr>\n<td width=\"121\">\n<p align=\"center\">29,0<\/p>\n<\/td>\n<td width=\"123\">\n<p align=\"center\">3,22<\/p>\n<\/td>\n<td width=\"189\">\n<p align=\"center\">574000<\/p>\n<\/td>\n<td width=\"189\">\n<p align=\"center\">454500<\/p>\n<\/td>\n<\/tr>\n<tr>\n<td width=\"121\">\n<p align=\"center\">31,0<\/p>\n<\/td>\n<td width=\"123\">\n<p align=\"center\">3,66<\/p>\n<\/td>\n<td width=\"189\">\n<p align=\"center\">652500<\/p>\n<\/td>\n<td width=\"189\">\n<p align=\"center\">517000<\/p>\n<\/td>\n<\/tr>\n<tr>\n<td width=\"121\">\n<p align=\"center\">33,0<\/p>\n<\/td>\n<td width=\"123\">\n<p align=\"center\">4,16<\/p>\n<\/td>\n<td width=\"189\">\n<p align=\"center\">742500<\/p>\n<\/td>\n<td width=\"189\">\n<p align=\"center\">588000<\/p>\n<\/td>\n<\/tr>\n<tr>\n<td width=\"121\">\n<p align=\"center\">36,5<\/p>\n<\/td>\n<td width=\"123\">\n<p align=\"center\">4,97<\/p>\n<\/td>\n<td width=\"189\">\n<p align=\"center\">887000<\/p>\n<\/td>\n<td width=\"189\">\n<p align=\"center\">703500<\/p>\n<\/td>\n<\/tr>\n<tr>\n<td width=\"121\">\n<p align=\"center\">39,5<\/p>\n<\/td>\n<td width=\"123\">\n<p align=\"center\">6,08<\/p>\n<\/td>\n<td width=\"189\">\n<p align=\"center\">1085000<\/p>\n<\/td>\n<td width=\"189\">\n<p align=\"center\">861000<\/p>\n<\/td>\n<\/tr>\n<\/tbody>\n<\/table>\n<\/div>\n<\/div>\n<\/div>","protected":false},"excerpt":{"rendered":"<p>\u041a\u0430\u043d\u0430\u0442 \u0441\u0442\u0430\u043b\u044c\u043d\u043e\u0439 \u0434\u0432\u043e\u0439\u043d\u043e\u0439 \u0441\u0432\u0438\u0432\u043a\u0438 \u0442\u0438\u043f\u0430 \u041b\u041a-\u0420\u041e.<br \/>\n<strong>\u041a\u043e\u043d\u0441\u0442\u0440\u0443\u043a\u0446\u0438\u044f:<\/strong> 6\u044536 (1+7+7\/7+14)+1\u043e.\u0441., (6\u044536WS-FC)<br \/>\n<strong>\u041f\u043e\u043a\u0440\u044b\u0442\u0438\u0435:<\/strong> \u0431\u0435\u0437 \u043f\u043e\u043a\u0440\u044b\u0442\u0438\u044f, \u0441\u0432\u0435\u0442\u043b\u044b\u0439.<br \/>\n<strong>\u0421\u0435\u0440\u0434\u0435\u0447\u043d\u0438\u043a:<\/strong> \u043e\u0440\u0433\u0430\u043d\u0438\u0447\u0435\u0441\u043a\u0438\u0439, \u043c\u044f\u0433\u043a\u0438\u0439.<br \/>\n<strong>\u0421\u0442\u0430\u043d\u0434\u0430\u0440\u0442:<\/strong> GOST 3071-74 (echivalent cu DIN 3064 (FE), DIN EN 12385-4, ISO 2408).<br \/>\n<strong>\u0421\u0435\u0440\u0442\u0438\u0444\u0438\u043a\u0430\u0446\u0438\u044f :<\/strong> \u0421\u043e\u043f\u0440\u043e\u0432\u043e\u0436\u0434\u0430\u0435\u0442\u0441\u044f \u0441\u0435\u0440\u0442\u0438\u0444\u0438\u043a\u0430\u0442\u043e\u043c \u043a\u0430\u0447\u0435\u0441\u0442\u0432\u0430.<br \/>\n<strong>\u041f\u0440\u043e\u0438\u0437\u0432\u043e\u0434\u0438\u0442\u0435\u043b\u044c:<\/strong> China.<\/p>","protected":false},"featured_media":6542,"comment_status":"open","ping_status":"closed","template":"","meta":[],"product_brand":[],"product_cat":[121],"product_tag":[],"class_list":{"0":"post-6541","1":"product","2":"type-product","3":"status-publish","4":"has-post-thumbnail","6":"product_cat-cablu-din-otel","8":"first","9":"instock","10":"shipping-taxable","11":"purchasable","12":"product-type-variable"},"_links":{"self":[{"href":"https:\/\/tros.md\/ru\/wp-json\/wp\/v2\/product\/6541","targetHints":{"allow":["GET"]}}],"collection":[{"href":"https:\/\/tros.md\/ru\/wp-json\/wp\/v2\/product"}],"about":[{"href":"https:\/\/tros.md\/ru\/wp-json\/wp\/v2\/types\/product"}],"replies":[{"embeddable":true,"href":"https:\/\/tros.md\/ru\/wp-json\/wp\/v2\/comments?post=6541"}],"wp:featuredmedia":[{"embeddable":true,"href":"https:\/\/tros.md\/ru\/wp-json\/wp\/v2\/media\/6542"}],"wp:attachment":[{"href":"https:\/\/tros.md\/ru\/wp-json\/wp\/v2\/media?parent=6541"}],"wp:term":[{"taxonomy":"product_brand","embeddable":true,"href":"https:\/\/tros.md\/ru\/wp-json\/wp\/v2\/product_brand?post=6541"},{"taxonomy":"product_cat","embeddable":true,"href":"https:\/\/tros.md\/ru\/wp-json\/wp\/v2\/product_cat?post=6541"},{"taxonomy":"product_tag","embeddable":true,"href":"https:\/\/tros.md\/ru\/wp-json\/wp\/v2\/product_tag?post=6541"}],"curies":[{"name":"wp","href":"https:\/\/api.w.org\/{rel}","templated":true}]}}