{"id":6529,"date":"2024-09-25T10:59:21","date_gmt":"2024-09-25T10:59:21","guid":{"rendered":"https:\/\/tros.md\/?post_type=product&#038;p=6529"},"modified":"2026-01-12T07:20:54","modified_gmt":"2026-01-12T07:20:54","slug":"cablul-de-otel-conform-gost-2688-80-2","status":"publish","type":"product","link":"https:\/\/tros.md\/ru\/product\/cablul-de-otel-conform-gost-2688-80-2\/","title":{"rendered":"Cablu de o\u021bel Zincat 6&#215;19+FC conform GOST 2688-80"},"content":{"rendered":"<p>Cablu de o\u021bel Zincat conform GOST 2688-80 este unul dintre cele mai r\u0103sp\u00e2ndite tipuri de cabluri. Cablul se caracterizeaz\u0103 printr-o suprafa\u021b\u0103 de sus\u021binere mare, rezisten\u021b\u0103 sporit\u0103 la uzur\u0103 \u0219i un coeficient ridicat de umplere. Este utilizat \u00een mecanismele de ridicare \u0219i ma\u0219inile de transport (macarale, trolii, pun\u021bi de macara, excavatoare, instala\u021bii de ridicare), precum \u0219i pentru fabricarea stropurilor. Este recomandat s\u0103 se foloseasc\u0103 cablul de o\u021bel conform GOST 2688-80 \u00een condi\u021bii de uzur\u0103 abraziv\u0103 puternic\u0103 \u0219i sarcini mari.<\/p>\n<table border=\"1\" cellspacing=\"0\" cellpadding=\"0\">\n<tbody>\n<tr>\n<td rowspan=\"3\" width=\"121\">\n<p align=\"center\"><strong>\u0414\u0438\u0430\u043c\u0435\u0442\u0440 \u043a\u0430\u043d\u0430\u0442\u0430, \u043c\u043c<\/strong><\/p>\n<\/td>\n<td rowspan=\"3\" width=\"123\">\n<p align=\"center\"><strong>\u041c\u0430\u0441\u0441\u0430 1\u043c \u043a\u0430\u043d\u0430\u0442\u0430, \u043a\u0433<\/strong><\/p>\n<\/td>\n<td colspan=\"2\" width=\"378\">\n<p align=\"center\"><strong>\u041c\u0430\u0440\u043a\u0438\u0440\u043e\u0432\u043e\u0447\u043d\u0430\u044f \u0433\u0440\u0443\u043f\u043f\u0430, \u041d\/\u043c\u043c2 1770<\/strong><\/p>\n<\/td>\n<\/tr>\n<tr>\n<td colspan=\"2\" width=\"378\">\n<p align=\"center\"><strong>\u0420\u0430\u0437\u0440\u044b\u0432\u043d\u043e\u0435 \u0443\u0441\u0438\u043b\u0438\u0435, \u041d, \u043d\u0435 \u043c\u0435\u043d\u0435\u0435<\/strong><\/p>\n<\/td>\n<\/tr>\n<tr>\n<td width=\"189\">\n<p align=\"center\"><strong>\u0441\u0443\u043c\u043c\u0430\u0440\u043d\u043e\u0435 \u0432\u0441\u0435\u0445 \u043f\u0440\u043e\u0432\u043e\u043b\u043e\u043a \u0432 \u043a\u0430\u043d\u0430\u0442\u0435<\/strong><\/p>\n<\/td>\n<td width=\"189\">\n<p align=\"center\"><strong>\u043a\u0430\u043d\u0430\u0442\u0430 \u0432 \u0446\u0435\u043b\u043e\u043c<\/strong><\/p>\n<\/td>\n<\/tr>\n<tr>\n<td valign=\"top\" width=\"121\">\n<p align=\"center\">4,1<\/p>\n<\/td>\n<td width=\"123\">\n<p align=\"center\">0,06<\/p>\n<\/td>\n<td valign=\"top\" width=\"189\">\n<p align=\"center\">11550<\/p>\n<\/td>\n<td valign=\"top\" width=\"189\">\n<p align=\"center\">9750<\/p>\n<\/td>\n<\/tr>\n<tr>\n<td valign=\"top\" width=\"121\">\n<p align=\"center\">4,8<\/p>\n<\/td>\n<td width=\"123\">\n<p align=\"center\">0,08<\/p>\n<\/td>\n<td valign=\"top\" width=\"189\">\n<p align=\"center\">15200<\/p>\n<\/td>\n<td valign=\"top\" width=\"189\">\n<p align=\"center\">12850<\/p>\n<\/td>\n<\/tr>\n<tr>\n<td valign=\"top\" width=\"121\">\n<p align=\"center\">5,1<\/p>\n<\/td>\n<td width=\"123\">\n<p align=\"center\">0,10<\/p>\n<\/td>\n<td valign=\"top\" width=\"189\">\n<p align=\"center\">17200<\/p>\n<\/td>\n<td valign=\"top\" width=\"189\">\n<p align=\"center\">14600<\/p>\n<\/td>\n<\/tr>\n<tr>\n<td valign=\"top\" width=\"121\">\n<p align=\"center\">5,6<\/p>\n<\/td>\n<td width=\"123\">\n<p align=\"center\">0,12<\/p>\n<\/td>\n<td valign=\"top\" width=\"189\">\n<p align=\"center\">20950<\/p>\n<\/td>\n<td valign=\"top\" width=\"189\">\n<p align=\"center\">17800<\/p>\n<\/td>\n<\/tr>\n<tr>\n<td valign=\"top\" width=\"121\">\n<p align=\"center\">6,2<\/p>\n<\/td>\n<td width=\"123\">\n<p align=\"center\">0,14<\/p>\n<\/td>\n<td valign=\"top\" width=\"189\">\n<p align=\"center\">25500<\/p>\n<\/td>\n<td valign=\"top\" width=\"189\">\n<p align=\"center\">21100<\/p>\n<\/td>\n<\/tr>\n<tr>\n<td valign=\"top\" width=\"121\">\n<p align=\"center\">6,9<\/p>\n<\/td>\n<td width=\"123\">\n<p align=\"center\">0,18<\/p>\n<\/td>\n<td valign=\"top\" width=\"189\">\n<p align=\"center\">31800<\/p>\n<\/td>\n<td valign=\"top\" width=\"189\">\n<p align=\"center\">26300<\/p>\n<\/td>\n<\/tr>\n<tr>\n<td valign=\"top\" width=\"121\">\n<p align=\"center\">8,3<\/p>\n<\/td>\n<td width=\"123\">\n<p align=\"center\">0,26<\/p>\n<\/td>\n<td valign=\"top\" width=\"189\">\n<p align=\"center\">46100<\/p>\n<\/td>\n<td valign=\"top\" width=\"189\">\n<p align=\"center\">38150<\/p>\n<\/td>\n<\/tr>\n<tr>\n<td valign=\"top\" width=\"121\">\n<p align=\"center\">9,1<\/p>\n<\/td>\n<td width=\"123\">\n<p align=\"center\">0,31<\/p>\n<\/td>\n<td valign=\"top\" width=\"189\">\n<p align=\"center\">55000<\/p>\n<\/td>\n<td valign=\"top\" width=\"189\">\n<p align=\"center\">45450<\/p>\n<\/td>\n<\/tr>\n<tr>\n<td valign=\"top\" width=\"121\">\n<p align=\"center\">9,6<\/p>\n<\/td>\n<td width=\"123\">\n<p align=\"center\">0,36<\/p>\n<\/td>\n<td valign=\"top\" width=\"189\">\n<p align=\"center\">64650<\/p>\n<\/td>\n<td valign=\"top\" width=\"189\">\n<p align=\"center\">53450<\/p>\n<\/td>\n<\/tr>\n<tr>\n<td valign=\"top\" width=\"121\">\n<p align=\"center\">11,0<\/p>\n<\/td>\n<td width=\"123\">\n<p align=\"center\">0,46<\/p>\n<\/td>\n<td valign=\"top\" width=\"189\">\n<p align=\"center\">83200<\/p>\n<\/td>\n<td valign=\"top\" width=\"189\">\n<p align=\"center\">68800<\/p>\n<\/td>\n<\/tr>\n<tr>\n<td valign=\"top\" width=\"121\">\n<p align=\"center\">12,0<\/p>\n<\/td>\n<td width=\"123\">\n<p align=\"center\">0,53<\/p>\n<\/td>\n<td valign=\"top\" width=\"189\">\n<p align=\"center\">95000<\/p>\n<\/td>\n<td valign=\"top\" width=\"189\">\n<p align=\"center\">78550<\/p>\n<\/td>\n<\/tr>\n<tr>\n<td valign=\"top\" width=\"121\">\n<p align=\"center\">13,0<\/p>\n<\/td>\n<td width=\"123\">\n<p align=\"center\">0,60<\/p>\n<\/td>\n<td valign=\"top\" width=\"189\">\n<p align=\"center\">107500<\/p>\n<\/td>\n<td valign=\"top\" width=\"189\">\n<p align=\"center\">89000<\/p>\n<\/td>\n<\/tr>\n<tr>\n<td valign=\"top\" width=\"121\">\n<p align=\"center\">14,0<\/p>\n<\/td>\n<td width=\"123\">\n<p align=\"center\">0,73<\/p>\n<\/td>\n<td valign=\"top\" width=\"189\">\n<p align=\"center\">131000<\/p>\n<\/td>\n<td valign=\"top\" width=\"189\">\n<p align=\"center\">108000<\/p>\n<\/td>\n<\/tr>\n<tr>\n<td valign=\"top\" width=\"121\">\n<p align=\"center\">15,0<\/p>\n<\/td>\n<td width=\"123\">\n<p align=\"center\">0,84<\/p>\n<\/td>\n<td valign=\"top\" width=\"189\">\n<p align=\"center\">152000<\/p>\n<\/td>\n<td valign=\"top\" width=\"189\">\n<p align=\"center\">125500<\/p>\n<\/td>\n<\/tr>\n<tr>\n<td valign=\"top\" width=\"121\">\n<p align=\"center\">16,5<\/p>\n<\/td>\n<td width=\"123\">\n<p align=\"center\">1,03<\/p>\n<\/td>\n<td valign=\"top\" width=\"189\">\n<p align=\"center\">184500<\/p>\n<\/td>\n<td valign=\"top\" width=\"189\">\n<p align=\"center\">152000<\/p>\n<\/td>\n<\/tr>\n<tr>\n<td valign=\"top\" width=\"121\">\n<p align=\"center\">18,0<\/p>\n<\/td>\n<td width=\"123\">\n<p align=\"center\">1,22<\/p>\n<\/td>\n<td valign=\"top\" width=\"189\">\n<p align=\"center\">220000<\/p>\n<\/td>\n<td valign=\"top\" width=\"189\">\n<p align=\"center\">181500<\/p>\n<\/td>\n<\/tr>\n<tr>\n<td valign=\"top\" width=\"121\">\n<p align=\"center\">19,5<\/p>\n<\/td>\n<td width=\"123\">\n<p align=\"center\">1,41<\/p>\n<\/td>\n<td valign=\"top\" width=\"189\">\n<p align=\"center\">253000<\/p>\n<\/td>\n<td valign=\"top\" width=\"189\">\n<p align=\"center\">209000<\/p>\n<\/td>\n<\/tr>\n<tr>\n<td valign=\"top\" width=\"121\">\n<p align=\"center\">21,0<\/p>\n<\/td>\n<td width=\"123\">\n<p align=\"center\">1,64<\/p>\n<\/td>\n<td valign=\"top\" width=\"189\">\n<p align=\"center\">294500<\/p>\n<\/td>\n<td valign=\"top\" width=\"189\">\n<p align=\"center\">243500<\/p>\n<\/td>\n<\/tr>\n<tr>\n<td valign=\"top\" width=\"121\">\n<p align=\"center\">22,5<\/p>\n<\/td>\n<td width=\"123\">\n<p align=\"center\">1,85<\/p>\n<\/td>\n<td valign=\"top\" width=\"189\">\n<p align=\"center\">333000<\/p>\n<\/td>\n<td valign=\"top\" width=\"189\">\n<p align=\"center\">275000<\/p>\n<\/td>\n<\/tr>\n<tr>\n<td valign=\"top\" width=\"121\">\n<p align=\"center\">24,0<\/p>\n<\/td>\n<td width=\"123\">\n<p align=\"center\">2,11<\/p>\n<\/td>\n<td valign=\"top\" width=\"189\">\n<p align=\"center\">380000<\/p>\n<\/td>\n<td valign=\"top\" width=\"189\">\n<p align=\"center\">314000<\/p>\n<\/td>\n<\/tr>\n<tr>\n<td valign=\"top\" width=\"121\">\n<p align=\"center\">25,5<\/p>\n<\/td>\n<td width=\"123\">\n<p align=\"center\">2,39<\/p>\n<\/td>\n<td valign=\"top\" width=\"189\">\n<p align=\"center\">430000<\/p>\n<\/td>\n<td valign=\"top\" width=\"189\">\n<p align=\"center\">356000<\/p>\n<\/td>\n<\/tr>\n<tr>\n<td valign=\"top\" width=\"121\">\n<p align=\"center\">27,0<\/p>\n<\/td>\n<td width=\"123\">\n<p align=\"center\">2,69<\/p>\n<\/td>\n<td valign=\"top\" width=\"189\">\n<p align=\"center\">483500<\/p>\n<\/td>\n<td valign=\"top\" width=\"189\">\n<p align=\"center\">399500<\/p>\n<\/td>\n<\/tr>\n<tr>\n<td valign=\"top\" width=\"121\">\n<p align=\"center\">28,0<\/p>\n<\/td>\n<td width=\"123\">\n<p align=\"center\">2,91<\/p>\n<\/td>\n<td valign=\"top\" width=\"189\">\n<p align=\"center\">525000<\/p>\n<\/td>\n<td valign=\"top\" width=\"189\">\n<p align=\"center\">434000<\/p>\n<\/td>\n<\/tr>\n<tr>\n<td valign=\"top\" width=\"121\">\n<p align=\"center\">30,5<\/p>\n<\/td>\n<td width=\"123\">\n<p align=\"center\">3,49<\/p>\n<\/td>\n<td valign=\"top\" width=\"189\">\n<p align=\"center\">629000<\/p>\n<\/td>\n<td valign=\"top\" width=\"189\">\n<p align=\"center\">520000<\/p>\n<\/td>\n<\/tr>\n<tr>\n<td valign=\"top\" width=\"121\">\n<p align=\"center\">32,0<\/p>\n<\/td>\n<td width=\"123\">\n<p align=\"center\">3,85<\/p>\n<\/td>\n<td valign=\"top\" width=\"189\">\n<p align=\"center\">693000<\/p>\n<\/td>\n<td valign=\"top\" width=\"189\">\n<p align=\"center\">573000<\/p>\n<\/td>\n<\/tr>\n<\/tbody>\n<\/table>","protected":false},"excerpt":{"rendered":"<p>Cablu de o\u021bel Zincat cu torsionare dubl\u0103 de tip LK-R.<br \/>\n<strong>\u041a\u043e\u043d\u0441\u0442\u0440\u0443\u043a\u0446\u0438\u044f:<\/strong> 6\u044519 (1+6+6\/6)+1\u043e.\u0441., (6\u044519W-FC).<br \/>\n<strong>\u041f\u043e\u043a\u0440\u044b\u0442\u0438\u0435:<\/strong> \u043e\u0446\u0438\u043d\u043a\u043e\u0432\u0430\u043d\u043d\u044b\u0439 (\u0421).<br \/>\n<strong>\u0421\u0435\u0440\u0434\u0435\u0447\u043d\u0438\u043a:<\/strong> \u043e\u0440\u0433\u0430\u043d\u0438\u0447\u0435\u0441\u043a\u0438\u0439, \u043c\u044f\u0433\u043a\u0438\u0439.<br \/>\n<strong>\u0421\u0442\u0430\u043d\u0434\u0430\u0440\u0442:<\/strong> \u0413\u041e\u0421\u0422 2688-80 (EN 12385-4, DIN 3059 (FE)).<br \/>\n<strong>\u0421\u0435\u0440\u0442\u0438\u0444\u0438\u043a\u0430\u0446\u0438\u044f :<\/strong> \u0421\u043e\u043f\u0440\u043e\u0432\u043e\u0436\u0434\u0430\u0435\u0442\u0441\u044f \u0441\u0435\u0440\u0442\u0438\u0444\u0438\u043a\u0430\u0442\u043e\u043c \u043a\u0430\u0447\u0435\u0441\u0442\u0432\u0430.<br \/>\n<strong>\u041f\u0440\u043e\u0438\u0437\u0432\u043e\u0434\u0438\u0442\u0435\u043b\u044c:<\/strong> China.<\/p>","protected":false},"featured_media":6530,"comment_status":"open","ping_status":"closed","template":"","meta":[],"product_brand":[],"product_cat":[122],"product_tag":[],"class_list":{"0":"post-6529","1":"product","2":"type-product","3":"status-publish","4":"has-post-thumbnail","6":"product_cat-cablu-galvanizat-si-din-inox","8":"first","9":"instock","10":"shipping-taxable","11":"purchasable","12":"product-type-variable"},"_links":{"self":[{"href":"https:\/\/tros.md\/ru\/wp-json\/wp\/v2\/product\/6529","targetHints":{"allow":["GET"]}}],"collection":[{"href":"https:\/\/tros.md\/ru\/wp-json\/wp\/v2\/product"}],"about":[{"href":"https:\/\/tros.md\/ru\/wp-json\/wp\/v2\/types\/product"}],"replies":[{"embeddable":true,"href":"https:\/\/tros.md\/ru\/wp-json\/wp\/v2\/comments?post=6529"}],"wp:featuredmedia":[{"embeddable":true,"href":"https:\/\/tros.md\/ru\/wp-json\/wp\/v2\/media\/6530"}],"wp:attachment":[{"href":"https:\/\/tros.md\/ru\/wp-json\/wp\/v2\/media?parent=6529"}],"wp:term":[{"taxonomy":"product_brand","embeddable":true,"href":"https:\/\/tros.md\/ru\/wp-json\/wp\/v2\/product_brand?post=6529"},{"taxonomy":"product_cat","embeddable":true,"href":"https:\/\/tros.md\/ru\/wp-json\/wp\/v2\/product_cat?post=6529"},{"taxonomy":"product_tag","embeddable":true,"href":"https:\/\/tros.md\/ru\/wp-json\/wp\/v2\/product_tag?post=6529"}],"curies":[{"name":"wp","href":"https:\/\/api.w.org\/{rel}","templated":true}]}}